{"id":9690295,"date":"2026-04-22T20:27:13","date_gmt":"2026-04-22T18:27:13","guid":{"rendered":"https:\/\/www.eosbooks.ch\/produkt\/luther-martin-ein-brieff-d-mart-luth-von-seinem-buch-der-winckel-messen-an-einen-guten-freund\/"},"modified":"2026-04-22T20:27:13","modified_gmt":"2026-04-22T18:27:13","slug":"luther-martin-ein-brieff-d-mart-luth-von-seinem-buch-der-winckel-messen-an-einen-guten-freund","status":"publish","type":"product","link":"https:\/\/www.eosbooks.ch\/en\/produkt\/luther-martin-ein-brieff-d-mart-luth-von-seinem-buch-der-winckel-messen-an-einen-guten-freund\/","title":{"rendered":"Luther, Martin:  Ein brieff D. Mart. Luth. Von seinem Buch der Winckel messen \/ an einen guten freund."},"content":{"rendered":"<p><span class=\"autor\"> Luther, Martin: <\/span>\u00a0<span class=\"titel\" style=\"font-size: 1em\">Ein brieff D. Mart. Luth. Von seinem Buch der Winckel messen \/ an einen guten freund.<\/span><span style=\"font-size: 1em\">  Wittemberg, Hans Lufft, 1534. Kl.-4\u00b0. (12) Bl. inkl. fig\u00fcrlichem Holzschnitt-Titel, grosse florale Holzschnitt-Initiale. Brauner Maroquineinband, dreifache Goldfileten, verg. R\u00fcckenbeschriftung, Steh- und Innenkantenvergoldung, Goldschnitt.<\/span><\/p>\n<p class=\"kommentar1\">VD 16 L 4178 mit den Erkennungsmerkmalen auf Blatt AIIa, Zeile 19 \u00abdurch lesen\/\u00bb  und im Kolophon \u00abGedruck &#8230;\u00bb . \u2013 Benzing 3093 (Variante B1). \u2013 Claus\/Clegg, Erg\u00e4nzungen, 3093. \u2013 Henning, Verzeichnis der Luther-Drucke, 846. \u2013 Cf. Stuttgarter Antiquariat Kocher-Benzing, Gilhofer und Hans Horst Koch, Kat. Martin Luther (1972), Nr. 292. \u2013 Das Werk tr\u00e4gt die Widmung \u00abDem gestrengen und Vesten N. meinem besondern herrn und gunstigen freunde\u00bb. Die Schrift beieht sich auf Reaktionen, welche Luthers 1533 erschienenes Werk \u00abVon der Winkelmesse &#8230;\u00bb ausgel\u00f6st hatte. \u00abDie Gegner Luthers, insbesondere F\u00fcrst Johann von Anhalt, hatten Luther &#8230; verd\u00e4chtigt, sich den Sakramentieren und Schw\u00e4rmern um Zwingli zu n\u00e4hern. (Er) bezieht &#8230; hier eindeutig Stellung und legt nochmals den Unterschied zwischen der \u2039Messe\u203a und dem \u2039Sakrament\u203a dar.\u00bb (Kocher-Benzing).  &#8211; Die sch\u00f6ne Titeleinfassung zeigt den guten Hirten und weist in Medaillons die Initialen von Martin Luther, Philipp Melanchthon, Justus Jonas, Caspar Cruciger und Johannes Bugenhagen auf. Sie wurde einst als ein Werk Cranachs angesehen, dann auch Georg Lemberger (um 1495 \u2013 um 1540), der f\u00fcr Lufft arbeitete, zugeschrieben, wie ein hs. Eintrag eines Vorbesitzers nahe legt. Kocher-Benzing nennt H. Zimmermann (Buchillustr. S. 72), der ihn dem Monogrammisten MS, dem Illustrator der ersten Lutherbibel von 1524, zuschreibt. \u2013 Oberer Rand etwas knapp beschnitten, sonst sehr gutes Exemplar.  (Sprache: Deutsch \/ German)<\/p>\n<p>+ Wichtig: F\u00fcr unsere Kunden in der EU erfolgt der Versand alle 14 Tage verzollt ab Deutschland \/ Postbank-Konto in Deutschland vorhanden +<\/p>\n<p>Frage zu diesem Artikel\/der Abbildung &#8211; <a href=\"mailto:orders@eosbooks.ch?subject=Eine Frage zu dem Artikel\/der Abbildung 7629BB\">Kontakt<\/a>?<br \/>\n<span class=\"schlagwort\">Theologie \u2013 Religionen \/ Theology \u2013 Religions, Reformation, Theologie + andere Religionen \/ Theology and other religions<\/span><\/p>\n<div class=\"shariff shariff-align-left shariff-widget-align-left\"><div class=\"ShariffHeadline\"><hr><\/div><ul class=\"shariff-buttons theme-round orientation-horizontal buttonsize-medium\"><li class=\"shariff-button facebook shariff-nocustomcolor\" style=\"background-color:#4273c8\"><a href=\"https:\/\/www.facebook.com\/sharer\/sharer.php?u=https%3A%2F%2Fwww.eosbooks.ch%2Fen%2Fprodukt%2Fluther-martin-ein-brieff-d-mart-luth-von-seinem-buch-der-winckel-messen-an-einen-guten-freund%2F\" title=\"Bei Facebook teilen\" aria-label=\"Bei Facebook teilen\" role=\"button\" rel=\"nofollow\" class=\"shariff-link\" style=\"; background-color:#3b5998; color:#fff\" target=\"_blank\"><span class=\"shariff-icon\" style=\"\"><svg width=\"32px\" height=\"20px\" xmlns=\"http:\/\/www.w3.org\/2000\/svg\" viewBox=\"0 0 18 32\"><path fill=\"#3b5998\" d=\"M17.1 0.2v4.7h-2.8q-1.5 0-2.1 0.6t-0.5 1.9v3.4h5.2l-0.7 5.3h-4.5v13.6h-5.5v-13.6h-4.5v-5.3h4.5v-3.9q0-3.3 1.9-5.2t5-1.8q2.6 0 4.1 0.2z\"\/><\/svg><\/span><\/a><\/li><li class=\"shariff-button twitter shariff-nocustomcolor\" style=\"background-color:#595959\"><a href=\"https:\/\/twitter.com\/share?url=https%3A%2F%2Fwww.eosbooks.ch%2Fen%2Fprodukt%2Fluther-martin-ein-brieff-d-mart-luth-von-seinem-buch-der-winckel-messen-an-einen-guten-freund%2F&text=Luther%2C%20Martin%3A%20%20Ein%20brieff%20D.%20Mart.%20Luth.%20Von%20seinem%20Buch%20der%20Winckel%20messen%20%2F%20an%20einen%20guten%20freund.\" title=\"Bei X teilen\" aria-label=\"Bei X teilen\" role=\"button\" rel=\"noopener nofollow\" class=\"shariff-link\" style=\"; background-color:#000; color:#fff\" target=\"_blank\"><span class=\"shariff-icon\" style=\"\"><svg width=\"32px\" height=\"20px\" xmlns=\"http:\/\/www.w3.org\/2000\/svg\" viewBox=\"0 0 24 24\"><path fill=\"#000\" d=\"M14.258 10.152L23.176 0h-2.113l-7.747 8.813L7.133 0H0l9.352 13.328L0 23.973h2.113l8.176-9.309 6.531 9.309h7.133zm-2.895 3.293l-.949-1.328L2.875 1.56h3.246l6.086 8.523.945 1.328 7.91 11.078h-3.246zm0 0\"\/><\/svg><\/span><\/a><\/li><li class=\"shariff-button linkedin shariff-nocustomcolor\" style=\"background-color:#1488bf\"><a href=\"https:\/\/www.linkedin.com\/sharing\/share-offsite\/?url=https%3A%2F%2Fwww.eosbooks.ch%2Fen%2Fprodukt%2Fluther-martin-ein-brieff-d-mart-luth-von-seinem-buch-der-winckel-messen-an-einen-guten-freund%2F\" title=\"Bei LinkedIn teilen\" aria-label=\"Bei LinkedIn teilen\" role=\"button\" rel=\"noopener nofollow\" class=\"shariff-link\" style=\"; background-color:#0077b5; color:#fff\" target=\"_blank\"><span class=\"shariff-icon\" style=\"\"><svg width=\"32px\" height=\"20px\" xmlns=\"http:\/\/www.w3.org\/2000\/svg\" viewBox=\"0 0 27 32\"><path fill=\"#0077b5\" d=\"M6.2 11.2v17.7h-5.9v-17.7h5.9zM6.6 5.7q0 1.3-0.9 2.2t-2.4 0.9h0q-1.5 0-2.4-0.9t-0.9-2.2 0.9-2.2 2.4-0.9 2.4 0.9 0.9 2.2zM27.4 18.7v10.1h-5.9v-9.5q0-1.9-0.7-2.9t-2.3-1.1q-1.1 0-1.9 0.6t-1.2 1.5q-0.2 0.5-0.2 1.4v9.9h-5.9q0-7.1 0-11.6t0-5.3l0-0.9h5.9v2.6h0q0.4-0.6 0.7-1t1-0.9 1.6-0.8 2-0.3q3 0 4.9 2t1.9 6z\"\/><\/svg><\/span><\/a><\/li><\/ul><\/div>","protected":false},"excerpt":{"rendered":"<p>Luther, Martin: \u00a0Ein brieff D. Mart. Luth. Von seinem Buch der Winckel messen \/ an einen guten freund. Wittemberg, Hans Lufft, 1534. Kl.-4\u00b0. (12) Bl. inkl. fig\u00fcrlichem Holzschnitt-Titel, grosse florale Holzschnitt-Initiale. Brauner Maroquineinband, dreifache Goldfileten, verg. R\u00fcckenbeschriftung, Steh- und Innenkantenvergoldung, Goldschnitt. VD 16 L 4178 mit den Erkennungsmerkmalen auf Blatt AIIa, Zeile 19 \u00abdurch lesen\/\u00bb [&hellip;]<\/p>\n","protected":false},"featured_media":9736271,"comment_status":"closed","ping_status":"closed","template":"","meta":[],"product_brand":[],"product_cat":[791],"product_tag":[],"class_list":{"0":"post-9690295","1":"product","2":"type-product","3":"status-publish","4":"has-post-thumbnail","6":"product_cat-theologie-religionen-theology-religions","8":"first","9":"instock","10":"taxable","11":"shipping-taxable","12":"purchasable","13":"product-type-simple"},"aioseo_notices":[],"_links":{"self":[{"href":"https:\/\/www.eosbooks.ch\/en\/wp-json\/wp\/v2\/product\/9690295","targetHints":{"allow":["GET"]}}],"collection":[{"href":"https:\/\/www.eosbooks.ch\/en\/wp-json\/wp\/v2\/product"}],"about":[{"href":"https:\/\/www.eosbooks.ch\/en\/wp-json\/wp\/v2\/types\/product"}],"replies":[{"embeddable":true,"href":"https:\/\/www.eosbooks.ch\/en\/wp-json\/wp\/v2\/comments?post=9690295"}],"wp:featuredmedia":[{"embeddable":true,"href":"https:\/\/www.eosbooks.ch\/en\/wp-json\/wp\/v2\/media\/9736271"}],"wp:attachment":[{"href":"https:\/\/www.eosbooks.ch\/en\/wp-json\/wp\/v2\/media?parent=9690295"}],"wp:term":[{"taxonomy":"product_brand","embeddable":true,"href":"https:\/\/www.eosbooks.ch\/en\/wp-json\/wp\/v2\/product_brand?post=9690295"},{"taxonomy":"product_cat","embeddable":true,"href":"https:\/\/www.eosbooks.ch\/en\/wp-json\/wp\/v2\/product_cat?post=9690295"},{"taxonomy":"product_tag","embeddable":true,"href":"https:\/\/www.eosbooks.ch\/en\/wp-json\/wp\/v2\/product_tag?post=9690295"}],"curies":[{"name":"wp","href":"https:\/\/api.w.org\/{rel}","templated":true}]}}