{"id":9687948,"date":"2026-05-12T16:28:29","date_gmt":"2026-05-12T14:28:29","guid":{"rendered":"https:\/\/www.eosbooks.ch\/produkt\/hermes-trismegistos-mercurii-trismegisti-pymander-de-potestate-et-sapientia-dei\/"},"modified":"2026-05-12T16:28:29","modified_gmt":"2026-05-12T14:28:29","slug":"hermes-trismegistos-mercurii-trismegisti-pymander-de-potestate-et-sapientia-dei","status":"publish","type":"product","link":"https:\/\/www.eosbooks.ch\/en\/produkt\/hermes-trismegistos-mercurii-trismegisti-pymander-de-potestate-et-sapientia-dei\/","title":{"rendered":"Hermes Trismegistos:  Mercurii Trismegisti Pymander, de potestate et sapientia dei."},"content":{"rendered":"<p><span class=\"autor\"> Hermes Trismegistos: <\/span>\u00a0<span class=\"titel\" style=\"font-size: 1em\">Mercurii Trismegisti Pymander, de potestate et sapientia dei.<\/span><span style=\"font-size: 1em\"> Eiusdem Asclepius, de uoluntate dei&#8230; lamblichus de anima &#038; daemone. Idem de sacrificio &#038; magia&#8230; Basileae, Isengrin, 1532. 8\u00b0. 480 (recte 460) S., (2) Bl. Mit 22 Holzschnittinitialen (davon 4 gr\u00f6ssere, h\u00fcbsch illustriert), am Schluss mit Druckermarke. Lederband des 17. Jahrh. mit R\u00fccken- und Deckelvergoldung sowie mit dreiseitigem Goldschnitt (mit Blindpr\u00e4gung).<\/span><\/p>\n<p class=\"kommentar1\">VD16 H 2462. \u2013 Adams H 345. \u2013 Seltene Basler \u00dcbersetzung, aus dem Griechischen \u00fcbertragen von Marsilio Ficinos, erschien erstmals 1471. Sammlung anonymer griechischer Prosaschriften aus em 2. und 3. Jahrhundert n.Ch. Die G\u00f6ttergestalt des Hermes Trismegistos ist eine synkretistische Verschmelzung des griechischen Gottes Hermes mit dem \u00e4gyptischen Gott Thot (vgl. Wikipedia). \u2013 Das Papier durchgehend leicht gebr\u00e4unt und stockfleckig. Mit handschr. Besitzereintr\u00e4gen verso fliegendem Vorsatz. Am Schluss mit einigen Wurmg\u00e4ngen. Der Einband berieben, der R\u00fccken teilweise erneuert. (Sprache: Lateinisch \/ Latin)<\/p>\n<p><b>Links:<\/b> <a href=\"https:\/\/de.wikipedia.org\/wiki\/Hermes_Trismegistos\" target=\"_blank\">Wikipedia<\/a><\/p>\n<p>+ Wichtig: F\u00fcr unsere Kunden in der EU erfolgt der Versand alle 14 Tage verzollt ab Deutschland \/ Postbank-Konto in Deutschland vorhanden +<\/p>\n<p>Frage zu diesem Artikel\/der Abbildung &#8211; <a href=\"mailto:orders@eosbooks.ch?subject=Eine Frage zu dem Artikel\/der Abbildung 7677CB\">Kontakt<\/a>?<br \/>\n<span class=\"schlagwort\">Literatur \/ Literature, Griechische Literatur \/ Greek literature, \u00dcbersetzung \/ Translation<\/span><\/p>\n<div class=\"shariff shariff-align-left shariff-widget-align-left\"><div class=\"ShariffHeadline\"><hr><\/div><ul class=\"shariff-buttons theme-round orientation-horizontal buttonsize-medium\"><li class=\"shariff-button facebook shariff-nocustomcolor\" style=\"background-color:#4273c8\"><a href=\"https:\/\/www.facebook.com\/sharer\/sharer.php?u=https%3A%2F%2Fwww.eosbooks.ch%2Fen%2Fprodukt%2Fhermes-trismegistos-mercurii-trismegisti-pymander-de-potestate-et-sapientia-dei%2F\" title=\"Bei Facebook teilen\" aria-label=\"Bei Facebook teilen\" role=\"button\" rel=\"nofollow\" class=\"shariff-link\" style=\"; background-color:#3b5998; color:#fff\" target=\"_blank\"><span class=\"shariff-icon\" style=\"\"><svg width=\"32px\" height=\"20px\" xmlns=\"http:\/\/www.w3.org\/2000\/svg\" viewBox=\"0 0 18 32\"><path fill=\"#3b5998\" d=\"M17.1 0.2v4.7h-2.8q-1.5 0-2.1 0.6t-0.5 1.9v3.4h5.2l-0.7 5.3h-4.5v13.6h-5.5v-13.6h-4.5v-5.3h4.5v-3.9q0-3.3 1.9-5.2t5-1.8q2.6 0 4.1 0.2z\"\/><\/svg><\/span><\/a><\/li><li class=\"shariff-button twitter shariff-nocustomcolor\" style=\"background-color:#595959\"><a href=\"https:\/\/twitter.com\/share?url=https%3A%2F%2Fwww.eosbooks.ch%2Fen%2Fprodukt%2Fhermes-trismegistos-mercurii-trismegisti-pymander-de-potestate-et-sapientia-dei%2F&text=Hermes%20Trismegistos%3A%20%20Mercurii%20Trismegisti%20Pymander%2C%20de%20potestate%20et%20sapientia%20dei.\" title=\"Bei X teilen\" aria-label=\"Bei X teilen\" role=\"button\" rel=\"noopener nofollow\" class=\"shariff-link\" style=\"; background-color:#000; color:#fff\" target=\"_blank\"><span class=\"shariff-icon\" style=\"\"><svg width=\"32px\" height=\"20px\" xmlns=\"http:\/\/www.w3.org\/2000\/svg\" viewBox=\"0 0 24 24\"><path fill=\"#000\" d=\"M14.258 10.152L23.176 0h-2.113l-7.747 8.813L7.133 0H0l9.352 13.328L0 23.973h2.113l8.176-9.309 6.531 9.309h7.133zm-2.895 3.293l-.949-1.328L2.875 1.56h3.246l6.086 8.523.945 1.328 7.91 11.078h-3.246zm0 0\"\/><\/svg><\/span><\/a><\/li><li class=\"shariff-button linkedin shariff-nocustomcolor\" style=\"background-color:#1488bf\"><a href=\"https:\/\/www.linkedin.com\/sharing\/share-offsite\/?url=https%3A%2F%2Fwww.eosbooks.ch%2Fen%2Fprodukt%2Fhermes-trismegistos-mercurii-trismegisti-pymander-de-potestate-et-sapientia-dei%2F\" title=\"Bei LinkedIn teilen\" aria-label=\"Bei LinkedIn teilen\" role=\"button\" rel=\"noopener nofollow\" class=\"shariff-link\" style=\"; background-color:#0077b5; color:#fff\" target=\"_blank\"><span class=\"shariff-icon\" style=\"\"><svg width=\"32px\" height=\"20px\" xmlns=\"http:\/\/www.w3.org\/2000\/svg\" viewBox=\"0 0 27 32\"><path fill=\"#0077b5\" d=\"M6.2 11.2v17.7h-5.9v-17.7h5.9zM6.6 5.7q0 1.3-0.9 2.2t-2.4 0.9h0q-1.5 0-2.4-0.9t-0.9-2.2 0.9-2.2 2.4-0.9 2.4 0.9 0.9 2.2zM27.4 18.7v10.1h-5.9v-9.5q0-1.9-0.7-2.9t-2.3-1.1q-1.1 0-1.9 0.6t-1.2 1.5q-0.2 0.5-0.2 1.4v9.9h-5.9q0-7.1 0-11.6t0-5.3l0-0.9h5.9v2.6h0q0.4-0.6 0.7-1t1-0.9 1.6-0.8 2-0.3q3 0 4.9 2t1.9 6z\"\/><\/svg><\/span><\/a><\/li><\/ul><\/div>","protected":false},"excerpt":{"rendered":"<p>Hermes Trismegistos: \u00a0Mercurii Trismegisti Pymander, de potestate et sapientia dei. Eiusdem Asclepius, de uoluntate dei&#8230; lamblichus de anima &#038; daemone. Idem de sacrificio &#038; magia&#8230; Basileae, Isengrin, 1532. 8\u00b0. 480 (recte 460) S., (2) Bl. Mit 22 Holzschnittinitialen (davon 4 gr\u00f6ssere, h\u00fcbsch illustriert), am Schluss mit Druckermarke. Lederband des 17. Jahrh. mit R\u00fccken- und Deckelvergoldung [&hellip;]<\/p>\n","protected":false},"featured_media":9745497,"comment_status":"closed","ping_status":"closed","template":"","meta":[],"product_brand":[],"product_cat":[786],"product_tag":[],"class_list":{"0":"post-9687948","1":"product","2":"type-product","3":"status-publish","4":"has-post-thumbnail","6":"product_cat-literatur-literature","8":"first","9":"instock","10":"taxable","11":"shipping-taxable","12":"purchasable","13":"product-type-simple"},"aioseo_notices":[],"_links":{"self":[{"href":"https:\/\/www.eosbooks.ch\/en\/wp-json\/wp\/v2\/product\/9687948","targetHints":{"allow":["GET"]}}],"collection":[{"href":"https:\/\/www.eosbooks.ch\/en\/wp-json\/wp\/v2\/product"}],"about":[{"href":"https:\/\/www.eosbooks.ch\/en\/wp-json\/wp\/v2\/types\/product"}],"replies":[{"embeddable":true,"href":"https:\/\/www.eosbooks.ch\/en\/wp-json\/wp\/v2\/comments?post=9687948"}],"wp:featuredmedia":[{"embeddable":true,"href":"https:\/\/www.eosbooks.ch\/en\/wp-json\/wp\/v2\/media\/9745497"}],"wp:attachment":[{"href":"https:\/\/www.eosbooks.ch\/en\/wp-json\/wp\/v2\/media?parent=9687948"}],"wp:term":[{"taxonomy":"product_brand","embeddable":true,"href":"https:\/\/www.eosbooks.ch\/en\/wp-json\/wp\/v2\/product_brand?post=9687948"},{"taxonomy":"product_cat","embeddable":true,"href":"https:\/\/www.eosbooks.ch\/en\/wp-json\/wp\/v2\/product_cat?post=9687948"},{"taxonomy":"product_tag","embeddable":true,"href":"https:\/\/www.eosbooks.ch\/en\/wp-json\/wp\/v2\/product_tag?post=9687948"}],"curies":[{"name":"wp","href":"https:\/\/api.w.org\/{rel}","templated":true}]}}