{"id":9619964,"date":"2026-04-29T14:28:14","date_gmt":"2026-04-29T12:28:14","guid":{"rendered":"https:\/\/www.eosbooks.ch\/produkt\/huber-michael-handbuch-fuer-kunstliebhaber-und-sammler-ueber-die-vornehmsten-kupferstecher-und-ihre-werke\/"},"modified":"2026-04-29T14:28:15","modified_gmt":"2026-04-29T12:28:15","slug":"huber-michael-handbuch-fuer-kunstliebhaber-und-sammler-ueber-die-vornehmsten-kupferstecher-und-ihre-werke","status":"publish","type":"product","link":"https:\/\/www.eosbooks.ch\/en\/produkt\/huber-michael-handbuch-fuer-kunstliebhaber-und-sammler-ueber-die-vornehmsten-kupferstecher-und-ihre-werke\/","title":{"rendered":"Huber, Michael:  Handbuch f\u00fcr Kunstliebhaber und Sammler \u00fcber die vornehmsten Kupferstecher und ihre Werke."},"content":{"rendered":"<p><span class=\"autor\"> Huber, Michael: <\/span>\u00a0<span class=\"titel\" style=\"font-size: 1em\">Handbuch f\u00fcr Kunstliebhaber und Sammler \u00fcber die vornehmsten Kupferstecher und ihre Werke.<\/span><span style=\"font-size: 1em\"> Vom Anfange dieser Kunst bis auf gegenw\u00e4rtige Zeit. Chronologisch und in Schulen geordnet, nach der franz\u00f6sischen Handschrift des Herrn M. Huber bearbeitet von C. C. H. Rost (ab Band 6 von C. G. Martini) Z\u00fcrich, Orell, Gessner, F\u00fcssli und Compagnie, 1796\u20131808. 9 B\u00e4nde. Halblederb\u00e4nde mit R\u00fcckenvergoldung und je zwei R\u00fcckenschildern.<\/span><\/p>\n<p class=\"kommentar1\">Erste Ausgabe. \u2013 Das Manuskript \u00fcbersetzt von Carl Christian Heinrich Rost (1742\u20131798) und ab Band sechs von C. G. Martini. Die Kupferstecher und ihre Werke sind chronologisch geordnet und nach verschiedenen Schulen unterteilt: Die deutsche Schule umfasst die B\u00e4nde 1 und 2, die italienische Schule die B\u00e4nde 3 und 4, die niederl\u00e4ndische Schule die B\u00e4nde 5 und 6, die franz\u00f6sische Schule die B\u00e4nde 7 und 8, und die englische Schule ist im Band 9 enthalten. \u2013 Das Papier durchgehend stockfleckig. Die Vors\u00e4tze leimschattig. Die Einb\u00e4nde berieben. (Sprache: Deutsch \/ German)<\/p>\n<p>+ Wichtig: F\u00fcr unsere Kunden in der EU erfolgt der Versand alle 14 Tage verzollt ab Deutschland \/ Postbank-Konto in Deutschland vorhanden +<\/p>\n<p>Frage zu diesem Artikel\/der Abbildung &#8211; <a href=\"mailto:orders@eosbooks.ch?subject=Eine Frage zu dem Artikel\/der Abbildung 7887CB\">Kontakt<\/a>?<br \/>\n<span class=\"schlagwort\">Kunst \u2013 Architektur \/ Art \u2013 Architecture, Helvetica \u2013 Schweiz \/ Books and prints pertaining Switzerland, Lexika &#8211; W\u00f6rterb\u00fccher \/ Encyclopaedias, Nachschlagewerke \/ Reference books<\/span><\/p>\n<div class=\"shariff shariff-align-left shariff-widget-align-left\"><div class=\"ShariffHeadline\"><hr><\/div><ul class=\"shariff-buttons theme-round orientation-horizontal buttonsize-medium\"><li class=\"shariff-button facebook shariff-nocustomcolor\" style=\"background-color:#4273c8\"><a href=\"https:\/\/www.facebook.com\/sharer\/sharer.php?u=https%3A%2F%2Fwww.eosbooks.ch%2Fen%2Fprodukt%2Fhuber-michael-handbuch-fuer-kunstliebhaber-und-sammler-ueber-die-vornehmsten-kupferstecher-und-ihre-werke%2F\" title=\"Bei Facebook teilen\" aria-label=\"Bei Facebook teilen\" role=\"button\" rel=\"nofollow\" class=\"shariff-link\" style=\"; background-color:#3b5998; color:#fff\" target=\"_blank\"><span class=\"shariff-icon\" style=\"\"><svg width=\"32px\" height=\"20px\" xmlns=\"http:\/\/www.w3.org\/2000\/svg\" viewBox=\"0 0 18 32\"><path fill=\"#3b5998\" d=\"M17.1 0.2v4.7h-2.8q-1.5 0-2.1 0.6t-0.5 1.9v3.4h5.2l-0.7 5.3h-4.5v13.6h-5.5v-13.6h-4.5v-5.3h4.5v-3.9q0-3.3 1.9-5.2t5-1.8q2.6 0 4.1 0.2z\"\/><\/svg><\/span><\/a><\/li><li class=\"shariff-button twitter shariff-nocustomcolor\" style=\"background-color:#595959\"><a href=\"https:\/\/twitter.com\/share?url=https%3A%2F%2Fwww.eosbooks.ch%2Fen%2Fprodukt%2Fhuber-michael-handbuch-fuer-kunstliebhaber-und-sammler-ueber-die-vornehmsten-kupferstecher-und-ihre-werke%2F&text=Huber%2C%20Michael%3A%20%20Handbuch%20f%C3%BCr%20Kunstliebhaber%20und%20Sammler%20%C3%BCber%20die%20vornehmsten%20Kupferstecher%20und%20ihre%20Werke.\" title=\"Bei X teilen\" aria-label=\"Bei X teilen\" role=\"button\" rel=\"noopener nofollow\" class=\"shariff-link\" style=\"; background-color:#000; color:#fff\" target=\"_blank\"><span class=\"shariff-icon\" style=\"\"><svg width=\"32px\" height=\"20px\" xmlns=\"http:\/\/www.w3.org\/2000\/svg\" viewBox=\"0 0 24 24\"><path fill=\"#000\" d=\"M14.258 10.152L23.176 0h-2.113l-7.747 8.813L7.133 0H0l9.352 13.328L0 23.973h2.113l8.176-9.309 6.531 9.309h7.133zm-2.895 3.293l-.949-1.328L2.875 1.56h3.246l6.086 8.523.945 1.328 7.91 11.078h-3.246zm0 0\"\/><\/svg><\/span><\/a><\/li><li class=\"shariff-button linkedin shariff-nocustomcolor\" style=\"background-color:#1488bf\"><a href=\"https:\/\/www.linkedin.com\/sharing\/share-offsite\/?url=https%3A%2F%2Fwww.eosbooks.ch%2Fen%2Fprodukt%2Fhuber-michael-handbuch-fuer-kunstliebhaber-und-sammler-ueber-die-vornehmsten-kupferstecher-und-ihre-werke%2F\" title=\"Bei LinkedIn teilen\" aria-label=\"Bei LinkedIn teilen\" role=\"button\" rel=\"noopener nofollow\" class=\"shariff-link\" style=\"; background-color:#0077b5; color:#fff\" target=\"_blank\"><span class=\"shariff-icon\" style=\"\"><svg width=\"32px\" height=\"20px\" xmlns=\"http:\/\/www.w3.org\/2000\/svg\" viewBox=\"0 0 27 32\"><path fill=\"#0077b5\" d=\"M6.2 11.2v17.7h-5.9v-17.7h5.9zM6.6 5.7q0 1.3-0.9 2.2t-2.4 0.9h0q-1.5 0-2.4-0.9t-0.9-2.2 0.9-2.2 2.4-0.9 2.4 0.9 0.9 2.2zM27.4 18.7v10.1h-5.9v-9.5q0-1.9-0.7-2.9t-2.3-1.1q-1.1 0-1.9 0.6t-1.2 1.5q-0.2 0.5-0.2 1.4v9.9h-5.9q0-7.1 0-11.6t0-5.3l0-0.9h5.9v2.6h0q0.4-0.6 0.7-1t1-0.9 1.6-0.8 2-0.3q3 0 4.9 2t1.9 6z\"\/><\/svg><\/span><\/a><\/li><\/ul><\/div>","protected":false},"excerpt":{"rendered":"<p>Huber, Michael: \u00a0Handbuch f\u00fcr Kunstliebhaber und Sammler \u00fcber die vornehmsten Kupferstecher und ihre Werke. Vom Anfange dieser Kunst bis auf gegenw\u00e4rtige Zeit. Chronologisch und in Schulen geordnet, nach der franz\u00f6sischen Handschrift des Herrn M. Huber bearbeitet von C. C. H. Rost (ab Band 6 von C. G. Martini) Z\u00fcrich, Orell, Gessner, F\u00fcssli und Compagnie, 1796\u20131808. [&hellip;]<\/p>\n","protected":false},"featured_media":9739532,"comment_status":"closed","ping_status":"closed","template":"","meta":[],"product_brand":[],"product_cat":[794],"product_tag":[],"class_list":{"0":"post-9619964","1":"product","2":"type-product","3":"status-publish","4":"has-post-thumbnail","6":"product_cat-kunst-architektur-art-architecture","8":"first","9":"instock","10":"taxable","11":"shipping-taxable","12":"purchasable","13":"product-type-simple"},"aioseo_notices":[],"_links":{"self":[{"href":"https:\/\/www.eosbooks.ch\/en\/wp-json\/wp\/v2\/product\/9619964","targetHints":{"allow":["GET"]}}],"collection":[{"href":"https:\/\/www.eosbooks.ch\/en\/wp-json\/wp\/v2\/product"}],"about":[{"href":"https:\/\/www.eosbooks.ch\/en\/wp-json\/wp\/v2\/types\/product"}],"replies":[{"embeddable":true,"href":"https:\/\/www.eosbooks.ch\/en\/wp-json\/wp\/v2\/comments?post=9619964"}],"wp:featuredmedia":[{"embeddable":true,"href":"https:\/\/www.eosbooks.ch\/en\/wp-json\/wp\/v2\/media\/9739532"}],"wp:attachment":[{"href":"https:\/\/www.eosbooks.ch\/en\/wp-json\/wp\/v2\/media?parent=9619964"}],"wp:term":[{"taxonomy":"product_brand","embeddable":true,"href":"https:\/\/www.eosbooks.ch\/en\/wp-json\/wp\/v2\/product_brand?post=9619964"},{"taxonomy":"product_cat","embeddable":true,"href":"https:\/\/www.eosbooks.ch\/en\/wp-json\/wp\/v2\/product_cat?post=9619964"},{"taxonomy":"product_tag","embeddable":true,"href":"https:\/\/www.eosbooks.ch\/en\/wp-json\/wp\/v2\/product_tag?post=9619964"}],"curies":[{"name":"wp","href":"https:\/\/api.w.org\/{rel}","templated":true}]}}