{"id":9619055,"date":"2026-05-05T20:28:02","date_gmt":"2026-05-05T18:28:02","guid":{"rendered":"https:\/\/www.eosbooks.ch\/produkt\/simler-josias-la-republique-des-suisse\/"},"modified":"2026-05-05T20:28:02","modified_gmt":"2026-05-05T18:28:02","slug":"simler-josias-la-republique-des-suisse","status":"publish","type":"product","link":"https:\/\/www.eosbooks.ch\/en\/produkt\/simler-josias-la-republique-des-suisse\/","title":{"rendered":"Simler, Josias:  La Republique des Suisse."},"content":{"rendered":"<p><span class=\"autor\"> Simler, Josias: <\/span>\u00a0<span class=\"titel\" style=\"font-size: 1em\">La Republique des Suisse.<\/span><span style=\"font-size: 1em\"> Comprinse deux livers, contenans le gouvernement des Suisse, l&#8217;estat public des treize Cantons &#038; de leurs Confederez, en general &#038; en particulier, Leurs bailliages &#038; iurisdictions, l&#8217;origine &#038; les conditions de toutes leurs alliances, leurs batailles, victoires, conquestes &#038; autres gestes memorables, depuis l&#8217;Empereur Raoul d Habspourg insques \u00e0 Charles le Quint&#8230; Genf, Gabriel Cartier, 1598. Quatri\u00e8me edition, reveve et augment\u00e9e \u00e0 la fin de quelques particularitez. 8\u00b0. (16), 301, (17) S. Pergamentband der Zeit.<\/span><\/p>\n<p class=\"kommentar1\">Barth 23684. \u2013 Feller-Bonjour I, 197f. \u2013 Vgl. Rudolphi 730 u. 731. \u2013 Vgl. Vischer C-909 u. Lonchamp 2712 (f\u00fcr die erste Ausgabe). \u2013 Vierte Ausgabe von Simlers Lehrbuch \u00fcber das eidgn\u00f6ssische Staatsrecht, erschien erstmals kurz vor seinem Tode 1576. Der Abriss der staatlichen, politischen und gesellschaftlichen Verh\u00e4ltnisse ist ein Auszug aus seinen umfangreicheren \u00abCollectaneen\u00bb. \u00abKein Werk aus schweizerischer Feder ist so oft aufgelegt worden; es schwang sich \u00fcber den Glaubenshass der Zeit hinweg. Bis zum Untergang der alten Schweiz blieb Simlers Werk das beliebteste Handbuch des eidgen\u00f6ssischen Staatsrechtes &#8230; Durch ihn ist die Geschichtsschreibung Tschudis und Stumpfs Allgemeingut geworden\u00bb (Feller-Bonjour). Franz\u00f6sische \u00dcbersetzung von Gentillet. \u2013 Das Titelblatt mit durchgestrichenen handschr. Besitzereintr\u00e4gen. Das Papier vereinzelt stockfleckig und mit Wurmg\u00e4ngen. Die Einbanddeckel etwas verzogen und fleckig. (Sprache: Franz\u00f6sisch \/ Fran\u00e7ais \/ French)<\/p>\n<p>+ Wichtig: F\u00fcr unsere Kunden in der EU erfolgt der Versand alle 14 Tage verzollt ab Deutschland \/ Postbank-Konto in Deutschland vorhanden +<\/p>\n<p>Frage zu diesem Artikel\/der Abbildung &#8211; <a href=\"mailto:orders@eosbooks.ch?subject=Eine Frage zu dem Artikel\/der Abbildung 6064CB\">Kontakt<\/a>?<br \/>\n<span class=\"schlagwort\">Helvetica \u2013 Schweiz \/ Books and prints pertaining Switzerland, Politik &#8211; Staat \/ Politics &#8211; Government<\/span><\/p>\n<div class=\"shariff shariff-align-left shariff-widget-align-left\"><div class=\"ShariffHeadline\"><hr><\/div><ul class=\"shariff-buttons theme-round orientation-horizontal buttonsize-medium\"><li class=\"shariff-button facebook shariff-nocustomcolor\" style=\"background-color:#4273c8\"><a href=\"https:\/\/www.facebook.com\/sharer\/sharer.php?u=https%3A%2F%2Fwww.eosbooks.ch%2Fen%2Fprodukt%2Fsimler-josias-la-republique-des-suisse%2F\" title=\"Bei Facebook teilen\" aria-label=\"Bei Facebook teilen\" role=\"button\" rel=\"nofollow\" class=\"shariff-link\" style=\"; background-color:#3b5998; color:#fff\" target=\"_blank\"><span class=\"shariff-icon\" style=\"\"><svg width=\"32px\" height=\"20px\" xmlns=\"http:\/\/www.w3.org\/2000\/svg\" viewBox=\"0 0 18 32\"><path fill=\"#3b5998\" d=\"M17.1 0.2v4.7h-2.8q-1.5 0-2.1 0.6t-0.5 1.9v3.4h5.2l-0.7 5.3h-4.5v13.6h-5.5v-13.6h-4.5v-5.3h4.5v-3.9q0-3.3 1.9-5.2t5-1.8q2.6 0 4.1 0.2z\"\/><\/svg><\/span><\/a><\/li><li class=\"shariff-button twitter shariff-nocustomcolor\" style=\"background-color:#595959\"><a href=\"https:\/\/twitter.com\/share?url=https%3A%2F%2Fwww.eosbooks.ch%2Fen%2Fprodukt%2Fsimler-josias-la-republique-des-suisse%2F&text=Simler%2C%20Josias%3A%20%20La%20Republique%20des%20Suisse.\" title=\"Bei X teilen\" aria-label=\"Bei X teilen\" role=\"button\" rel=\"noopener nofollow\" class=\"shariff-link\" style=\"; background-color:#000; color:#fff\" target=\"_blank\"><span class=\"shariff-icon\" style=\"\"><svg width=\"32px\" height=\"20px\" xmlns=\"http:\/\/www.w3.org\/2000\/svg\" viewBox=\"0 0 24 24\"><path fill=\"#000\" d=\"M14.258 10.152L23.176 0h-2.113l-7.747 8.813L7.133 0H0l9.352 13.328L0 23.973h2.113l8.176-9.309 6.531 9.309h7.133zm-2.895 3.293l-.949-1.328L2.875 1.56h3.246l6.086 8.523.945 1.328 7.91 11.078h-3.246zm0 0\"\/><\/svg><\/span><\/a><\/li><li class=\"shariff-button linkedin shariff-nocustomcolor\" style=\"background-color:#1488bf\"><a href=\"https:\/\/www.linkedin.com\/sharing\/share-offsite\/?url=https%3A%2F%2Fwww.eosbooks.ch%2Fen%2Fprodukt%2Fsimler-josias-la-republique-des-suisse%2F\" title=\"Bei LinkedIn teilen\" aria-label=\"Bei LinkedIn teilen\" role=\"button\" rel=\"noopener nofollow\" class=\"shariff-link\" style=\"; background-color:#0077b5; color:#fff\" target=\"_blank\"><span class=\"shariff-icon\" style=\"\"><svg width=\"32px\" height=\"20px\" xmlns=\"http:\/\/www.w3.org\/2000\/svg\" viewBox=\"0 0 27 32\"><path fill=\"#0077b5\" d=\"M6.2 11.2v17.7h-5.9v-17.7h5.9zM6.6 5.7q0 1.3-0.9 2.2t-2.4 0.9h0q-1.5 0-2.4-0.9t-0.9-2.2 0.9-2.2 2.4-0.9 2.4 0.9 0.9 2.2zM27.4 18.7v10.1h-5.9v-9.5q0-1.9-0.7-2.9t-2.3-1.1q-1.1 0-1.9 0.6t-1.2 1.5q-0.2 0.5-0.2 1.4v9.9h-5.9q0-7.1 0-11.6t0-5.3l0-0.9h5.9v2.6h0q0.4-0.6 0.7-1t1-0.9 1.6-0.8 2-0.3q3 0 4.9 2t1.9 6z\"\/><\/svg><\/span><\/a><\/li><\/ul><\/div>","protected":false},"excerpt":{"rendered":"<p>Simler, Josias: \u00a0La Republique des Suisse. Comprinse deux livers, contenans le gouvernement des Suisse, l&#8217;estat public des treize Cantons &#038; de leurs Confederez, en general &#038; en particulier, Leurs bailliages &#038; iurisdictions, l&#8217;origine &#038; les conditions de toutes leurs alliances, leurs batailles, victoires, conquestes &#038; autres gestes memorables, depuis l&#8217;Empereur Raoul d Habspourg insques \u00e0 [&hellip;]<\/p>\n","protected":false},"featured_media":9742455,"comment_status":"closed","ping_status":"closed","template":"","meta":[],"product_brand":[],"product_cat":[795],"product_tag":[],"class_list":{"0":"post-9619055","1":"product","2":"type-product","3":"status-publish","4":"has-post-thumbnail","6":"product_cat-helvetica-schweiz-books-and-prints-pertaining-switzerland","8":"first","9":"instock","10":"taxable","11":"shipping-taxable","12":"purchasable","13":"product-type-simple"},"aioseo_notices":[],"_links":{"self":[{"href":"https:\/\/www.eosbooks.ch\/en\/wp-json\/wp\/v2\/product\/9619055","targetHints":{"allow":["GET"]}}],"collection":[{"href":"https:\/\/www.eosbooks.ch\/en\/wp-json\/wp\/v2\/product"}],"about":[{"href":"https:\/\/www.eosbooks.ch\/en\/wp-json\/wp\/v2\/types\/product"}],"replies":[{"embeddable":true,"href":"https:\/\/www.eosbooks.ch\/en\/wp-json\/wp\/v2\/comments?post=9619055"}],"wp:featuredmedia":[{"embeddable":true,"href":"https:\/\/www.eosbooks.ch\/en\/wp-json\/wp\/v2\/media\/9742455"}],"wp:attachment":[{"href":"https:\/\/www.eosbooks.ch\/en\/wp-json\/wp\/v2\/media?parent=9619055"}],"wp:term":[{"taxonomy":"product_brand","embeddable":true,"href":"https:\/\/www.eosbooks.ch\/en\/wp-json\/wp\/v2\/product_brand?post=9619055"},{"taxonomy":"product_cat","embeddable":true,"href":"https:\/\/www.eosbooks.ch\/en\/wp-json\/wp\/v2\/product_cat?post=9619055"},{"taxonomy":"product_tag","embeddable":true,"href":"https:\/\/www.eosbooks.ch\/en\/wp-json\/wp\/v2\/product_tag?post=9619055"}],"curies":[{"name":"wp","href":"https:\/\/api.w.org\/{rel}","templated":true}]}}