{"id":9176875,"date":"2026-04-29T20:27:21","date_gmt":"2026-04-29T18:27:21","guid":{"rendered":"https:\/\/www.eosbooks.ch\/produkt\/gobler-justinus-der-gerichtlich-process-auss-geschribenen-rechten-und-nach-gemeynem-im-heyligen-reich-teutscher-nation-gebrauch-und-uebung-erstlich-die-practic-gerichtlicher-terminen-zum\/"},"modified":"2026-04-29T20:27:21","modified_gmt":"2026-04-29T18:27:21","slug":"gobler-justinus-der-gerichtlich-process-auss-geschribenen-rechten-und-nach-gemeynem-im-heyligen-reich-teutscher-nation-gebrauch-und-uebung-erstlich-die-practic-gerichtlicher-terminen-zum","status":"publish","type":"product","link":"https:\/\/www.eosbooks.ch\/en\/produkt\/gobler-justinus-der-gerichtlich-process-auss-geschribenen-rechten-und-nach-gemeynem-im-heyligen-reich-teutscher-nation-gebrauch-und-uebung-erstlich-die-practic-gerichtlicher-terminen-zum\/","title":{"rendered":"Gobler, Justinus:  Der Gerichtlich Process\/ Auss geschribenen Rechten\/ und nach Gemeynem\/ im Heyligen Reich Teutscher Nation\/ gebrauch\/ und \u00fcbung. Erstlich die Practic Gerichtlicher Terminen &#8230; Zum anderen die Theorica\/ mit Erkl\u00e4rung viler guoten Doctrinen &#8230;"},"content":{"rendered":"<p><span class=\"autor\"> Gobler, Justinus: <\/span>\u00a0<span class=\"titel\" style=\"font-size: 1em\">Der Gerichtlich Process\/ Auss geschribenen Rechten\/ und nach Gemeynem\/ im Heyligen Reich Teutscher Nation\/ gebrauch\/ und \u00fcbung. Erstlich die Practic Gerichtlicher Terminen &#8230; Zum anderen die Theorica\/ mit Erkl\u00e4rung viler guoten Doctrinen &#8230;<\/span><span style=\"font-size: 1em\"> Jetzt vffs newe ersehen vund gebesseert Durch &#8230; Justinum Goblerum\/ der Rechten Doctorn. Frankfurt am Main,  Christian Egenolff Erben,  1562. Folio. (6) Bl., 157 Bl. Titel in rot und schwarz, mit reicher fig\u00fcrlicher Holzschnitt-Einfassung. Auf Verso Portr\u00e4t-Medaillons mit den Bildnissenvon Gobler und Egenolff.  Kalbldr. d. 18. Jh., R\u00fccken mit Blindpr\u00e4gung.<\/span><\/p>\n<p class=\"kommentar1\">(Angebunden:) Ders. Der Rechten Spiegel\/ Auss Nat\u00fcrlichem\/ den Beschribnen\/ Gaistlichen\/ Weltlichen\/ vnd andern gebreuchlichen Rechten &#8230; (4) Bl., 275 Bl., 42 leere Blatt am Schluss. Mit grossem Holzschnitt-Reichswappen auf Titel, 3\/4 seitigem Portr\u00e4t Goblers nach links datiert 1550, und 44 Textholzschnitten u.a. vom Petrarca-Meister. Auf Bl. 275 verso ganzseitiges Portr\u00e4t Goblers nach rechts, datiert 1550. Frankfurt am Main, Christian Egenolffs Erben, 1558.  VD 16 G 2301 und VD 16 2315. \u2013 Zu den Holzschnitten siehe Musper, L 195 (Ausgabe 1550) und L 206 (Ausgabe 1564). Gem\u00e4ss Musper waren die St\u00f6cke des Petrarca-Meisters ab ca. 1546 in Egenolffs Besitz. &#8211; R\u00f6ttinger, Der Frankfurter Buchholzschnitt 1530-1550, S. 146.  &#8211; Im &#8220;Rechten-Spiegel&#8221; ist der Holzschnitt auf Blatt XVI verso mit den Initialen H.B. signiert (ev. Hans Burgkmair?). Blatt XLV verso zeigt den blattgrossen schematischen Stammbaum. &#8211; Justin G\u00f6bler (auch Goebler oder Gobler (Sankt Goar 1504 -1567 Frankfurt am Main) war Professor f\u00fcr Moralphilosophie in Trier, ab 1539 Rat in Braunschweig-L\u00fcneburg. Ab 1544 war er Hofrichter in M\u00fcnden, wo er Elisabeth von Brandenburg bei der Einf\u00fchrung der Reformation unterst\u00fctzte. 1559 wurde er Syndikus in Frankfurt. Sein bedeutendstes Werk ist die lateinische \u00dcbersetzung der deutschen &#8220;Constitutio Criminalis Carolina&#8221;, von 1543. &#8211; Sch\u00f6nes Exemplar dieser beiden wichtigen iuristischen Texte in deutscher Sprache. \u2013 Teilweise mit alten hs. Randnotizen und Unterstreichungen. Vorderrand des ersten Titelblattes hinterlegt, dieser leicht gebr\u00e4unt mit \u00fcberkritzeltem altem Eintrag im unteren Rand. \u2013 Einband etwas berieben, R\u00fccken an Kopf und Fuss leicht besch\u00e4digt.    (Sprache: Deutsch \/ German)<\/p>\n<p><b>Links:<\/b> <a href=\"https:\/\/de.wikipedia.org\/wiki\/Justin_G%C3%B6bler\" target=\"_blank\">Wikipedia<\/a> \u2013 <a href=\"https:\/\/www.deutsche-biographie.de\/pnd122200489.html#adbcontent\" target=\"_blank\">Neue deutsche Biographie<\/a> \u2013 <a href=\"http:\/\/gateway-bayern.de\/VD16+G+2301\" target=\"_blank\">Verzeichnis deutscher Drucke 16. Jh.<\/a> \u2013 <a href=\"http:\/\/gateway-bayern.de\/VD16+G+2315\" target=\"_blank\">Verzeichnis deutscher Drucke 16. Jh.<\/a> \u2013 <a href=\"https:\/\/www.deutsche-digitale-bibliothek.de\/person\/gnd\/122200489\" target=\"_blank\">Deutsche digitale Bibliothek<\/a><\/p>\n<p>+ Wichtig: F\u00fcr unsere Kunden in der EU erfolgt der Versand alle 14 Tage verzollt ab Deutschland \/ Postbank-Konto in Deutschland vorhanden +<\/p>\n<p>Frage zu diesem Artikel\/der Abbildung &#8211; <a href=\"mailto:orders@eosbooks.ch?subject=Eine Frage zu dem Artikel\/der Abbildung 7634BB\">Kontakt<\/a>?<br \/>\n<span class=\"schlagwort\">Geschichte \/ History, Rechtswissenschaft &#8211; Jurisprudenz \/ Law &#8211; Jurisprudence<\/span><\/p>\n<div class=\"shariff shariff-align-left shariff-widget-align-left\"><div class=\"ShariffHeadline\"><hr><\/div><ul class=\"shariff-buttons theme-round orientation-horizontal buttonsize-medium\"><li class=\"shariff-button facebook shariff-nocustomcolor\" style=\"background-color:#4273c8\"><a href=\"https:\/\/www.facebook.com\/sharer\/sharer.php?u=https%3A%2F%2Fwww.eosbooks.ch%2Fen%2Fprodukt%2Fgobler-justinus-der-gerichtlich-process-auss-geschribenen-rechten-und-nach-gemeynem-im-heyligen-reich-teutscher-nation-gebrauch-und-uebung-erstlich-die-practic-gerichtlicher-terminen-zum%2F\" title=\"Bei Facebook teilen\" aria-label=\"Bei Facebook teilen\" role=\"button\" rel=\"nofollow\" class=\"shariff-link\" style=\"; background-color:#3b5998; color:#fff\" target=\"_blank\"><span class=\"shariff-icon\" style=\"\"><svg width=\"32px\" height=\"20px\" xmlns=\"http:\/\/www.w3.org\/2000\/svg\" viewBox=\"0 0 18 32\"><path fill=\"#3b5998\" d=\"M17.1 0.2v4.7h-2.8q-1.5 0-2.1 0.6t-0.5 1.9v3.4h5.2l-0.7 5.3h-4.5v13.6h-5.5v-13.6h-4.5v-5.3h4.5v-3.9q0-3.3 1.9-5.2t5-1.8q2.6 0 4.1 0.2z\"\/><\/svg><\/span><\/a><\/li><li class=\"shariff-button twitter shariff-nocustomcolor\" style=\"background-color:#595959\"><a href=\"https:\/\/twitter.com\/share?url=https%3A%2F%2Fwww.eosbooks.ch%2Fen%2Fprodukt%2Fgobler-justinus-der-gerichtlich-process-auss-geschribenen-rechten-und-nach-gemeynem-im-heyligen-reich-teutscher-nation-gebrauch-und-uebung-erstlich-die-practic-gerichtlicher-terminen-zum%2F&text=Gobler%2C%20Justinus%3A%20%20Der%20Gerichtlich%20Process%2F%20Auss%20geschribenen%20Rechten%2F%20und%20nach%20Gemeynem%2F%20im%20Heyligen%20Reich%20Teutscher%20Nation%2F%20gebrauch%2F%20und%20%C3%BCbung.%20Erstlich%20die%20Practic%20Gerichtlicher%20Terminen%20%E2%80%A6%20Zum%20anderen%20die%20Theorica%2F%20mit%20Erkl%C3%A4rung%20viler%20guoten%20Doctrinen%20%E2%80%A6\" title=\"Bei X teilen\" aria-label=\"Bei X teilen\" role=\"button\" rel=\"noopener nofollow\" class=\"shariff-link\" style=\"; background-color:#000; color:#fff\" target=\"_blank\"><span class=\"shariff-icon\" style=\"\"><svg width=\"32px\" height=\"20px\" xmlns=\"http:\/\/www.w3.org\/2000\/svg\" viewBox=\"0 0 24 24\"><path fill=\"#000\" d=\"M14.258 10.152L23.176 0h-2.113l-7.747 8.813L7.133 0H0l9.352 13.328L0 23.973h2.113l8.176-9.309 6.531 9.309h7.133zm-2.895 3.293l-.949-1.328L2.875 1.56h3.246l6.086 8.523.945 1.328 7.91 11.078h-3.246zm0 0\"\/><\/svg><\/span><\/a><\/li><li class=\"shariff-button linkedin shariff-nocustomcolor\" style=\"background-color:#1488bf\"><a href=\"https:\/\/www.linkedin.com\/sharing\/share-offsite\/?url=https%3A%2F%2Fwww.eosbooks.ch%2Fen%2Fprodukt%2Fgobler-justinus-der-gerichtlich-process-auss-geschribenen-rechten-und-nach-gemeynem-im-heyligen-reich-teutscher-nation-gebrauch-und-uebung-erstlich-die-practic-gerichtlicher-terminen-zum%2F\" title=\"Bei LinkedIn teilen\" aria-label=\"Bei LinkedIn teilen\" role=\"button\" rel=\"noopener nofollow\" class=\"shariff-link\" style=\"; background-color:#0077b5; color:#fff\" target=\"_blank\"><span class=\"shariff-icon\" style=\"\"><svg width=\"32px\" height=\"20px\" xmlns=\"http:\/\/www.w3.org\/2000\/svg\" viewBox=\"0 0 27 32\"><path fill=\"#0077b5\" d=\"M6.2 11.2v17.7h-5.9v-17.7h5.9zM6.6 5.7q0 1.3-0.9 2.2t-2.4 0.9h0q-1.5 0-2.4-0.9t-0.9-2.2 0.9-2.2 2.4-0.9 2.4 0.9 0.9 2.2zM27.4 18.7v10.1h-5.9v-9.5q0-1.9-0.7-2.9t-2.3-1.1q-1.1 0-1.9 0.6t-1.2 1.5q-0.2 0.5-0.2 1.4v9.9h-5.9q0-7.1 0-11.6t0-5.3l0-0.9h5.9v2.6h0q0.4-0.6 0.7-1t1-0.9 1.6-0.8 2-0.3q3 0 4.9 2t1.9 6z\"\/><\/svg><\/span><\/a><\/li><\/ul><\/div>","protected":false},"excerpt":{"rendered":"<p>Gobler, Justinus: \u00a0Der Gerichtlich Process\/ Auss geschribenen Rechten\/ und nach Gemeynem\/ im Heyligen Reich Teutscher Nation\/ gebrauch\/ und \u00fcbung. Erstlich die Practic Gerichtlicher Terminen &#8230; Zum anderen die Theorica\/ mit Erkl\u00e4rung viler guoten Doctrinen &#8230; Jetzt vffs newe ersehen vund gebesseert Durch &#8230; Justinum Goblerum\/ der Rechten Doctorn. Frankfurt am Main, Christian Egenolff Erben, 1562. [&hellip;]<\/p>\n","protected":false},"featured_media":9739975,"comment_status":"closed","ping_status":"closed","template":"","meta":[],"product_brand":[],"product_cat":[793],"product_tag":[],"class_list":{"0":"post-9176875","1":"product","2":"type-product","3":"status-publish","4":"has-post-thumbnail","6":"product_cat-geschichte-history","8":"first","9":"instock","10":"taxable","11":"shipping-taxable","12":"purchasable","13":"product-type-simple"},"aioseo_notices":[],"_links":{"self":[{"href":"https:\/\/www.eosbooks.ch\/en\/wp-json\/wp\/v2\/product\/9176875","targetHints":{"allow":["GET"]}}],"collection":[{"href":"https:\/\/www.eosbooks.ch\/en\/wp-json\/wp\/v2\/product"}],"about":[{"href":"https:\/\/www.eosbooks.ch\/en\/wp-json\/wp\/v2\/types\/product"}],"replies":[{"embeddable":true,"href":"https:\/\/www.eosbooks.ch\/en\/wp-json\/wp\/v2\/comments?post=9176875"}],"wp:featuredmedia":[{"embeddable":true,"href":"https:\/\/www.eosbooks.ch\/en\/wp-json\/wp\/v2\/media\/9739975"}],"wp:attachment":[{"href":"https:\/\/www.eosbooks.ch\/en\/wp-json\/wp\/v2\/media?parent=9176875"}],"wp:term":[{"taxonomy":"product_brand","embeddable":true,"href":"https:\/\/www.eosbooks.ch\/en\/wp-json\/wp\/v2\/product_brand?post=9176875"},{"taxonomy":"product_cat","embeddable":true,"href":"https:\/\/www.eosbooks.ch\/en\/wp-json\/wp\/v2\/product_cat?post=9176875"},{"taxonomy":"product_tag","embeddable":true,"href":"https:\/\/www.eosbooks.ch\/en\/wp-json\/wp\/v2\/product_tag?post=9176875"}],"curies":[{"name":"wp","href":"https:\/\/api.w.org\/{rel}","templated":true}]}}