{"id":9170014,"date":"2026-04-07T00:28:37","date_gmt":"2026-04-06T22:28:37","guid":{"rendered":"https:\/\/www.eosbooks.ch\/produkt\/hessem-louis-de-chinoiseries\/"},"modified":"2026-04-07T00:28:37","modified_gmt":"2026-04-06T22:28:37","slug":"hessem-louis-de-chinoiseries","status":"publish","type":"product","link":"https:\/\/www.eosbooks.ch\/en\/produkt\/hessem-louis-de-chinoiseries\/","title":{"rendered":"Hessem, Louis de:  Chinoiseries."},"content":{"rendered":"<p><span class=\"autor\"> Hessem, Louis de: <\/span>\u00a0<span class=\"titel\" style=\"font-size: 1em\">Chinoiseries.<\/span><span style=\"font-size: 1em\"> Racont\u00e9es par Louis de Hessem. Paris, Maison Quantin, 1890. 4\u00b0. (16) Bl. Mit zahlr. farb. Illustrationen von Rudolf Alfred Jaumann. Mit farb. illustr. Halbleinenband.<\/span><\/p>\n<p class=\"kommentar1\">Vgl. Wegehaupt II, 222. \u2013 Seebass II, 222. \u2013 Ries 620, Nr. 3 (f\u00fcr die deutsche Erstausgabe von 1889. \u00ab&#8230; war so beliebt, dass sich fast nur noch unvollst\u00e4ndige und arg zerlesene Exemplare finden\u00bb (Seebass). \u2013 Mit zwei handschr. Namensz\u00fcgen auf dem Halbtitelblatt. Das Papier durchgehend etwas gebr\u00e4unt. Der Einband berieben und bestossen.  (Sprache: Franz\u00f6sisch \/ Fran\u00e7ais \/ French)<\/p>\n<p>+ Wichtig: F\u00fcr unsere Kunden in der EU erfolgt der Versand alle 14 Tage verzollt ab Deutschland \/ Postbank-Konto in Deutschland vorhanden +<\/p>\n<p>Frage zu diesem Artikel\/der Abbildung &#8211; <a href=\"mailto:orders@eosbooks.ch?subject=Eine Frage zu dem Artikel\/der Abbildung 30896AB\">Kontakt<\/a>?<br \/>\n<span class=\"schlagwort\">Kinderb\u00fccher \/ Children books, China, Kinderbilderb\u00fccher \/ Children&#8217;s picture books, Reisen &#8211; Geographie \/  Travel books &#8211; Geography<\/span><\/p>\n<div class=\"shariff shariff-align-flex-start shariff-widget-align-flex-start\"><div class=\"ShariffHeadline\"><hr><\/div><ul class=\"shariff-buttons theme-round orientation-horizontal buttonsize-medium\"><li class=\"shariff-button facebook shariff-nocustomcolor\" style=\"background-color:#4273c8\"><a href=\"https:\/\/www.facebook.com\/sharer\/sharer.php?u=https%3A%2F%2Fwww.eosbooks.ch%2Fen%2Fprodukt%2Fhessem-louis-de-chinoiseries%2F\" title=\"Bei Facebook teilen\" aria-label=\"Bei Facebook teilen\" role=\"button\" rel=\"nofollow\" class=\"shariff-link\" style=\"; background-color:#3b5998; color:#fff\" target=\"_blank\"><span class=\"shariff-icon\" style=\"\"><svg width=\"32px\" height=\"20px\" xmlns=\"http:\/\/www.w3.org\/2000\/svg\" viewBox=\"0 0 18 32\"><path fill=\"#3b5998\" d=\"M17.1 0.2v4.7h-2.8q-1.5 0-2.1 0.6t-0.5 1.9v3.4h5.2l-0.7 5.3h-4.5v13.6h-5.5v-13.6h-4.5v-5.3h4.5v-3.9q0-3.3 1.9-5.2t5-1.8q2.6 0 4.1 0.2z\"\/><\/svg><\/span><\/a><\/li><li class=\"shariff-button twitter shariff-nocustomcolor\" style=\"background-color:#595959\"><a href=\"https:\/\/twitter.com\/share?url=https%3A%2F%2Fwww.eosbooks.ch%2Fen%2Fprodukt%2Fhessem-louis-de-chinoiseries%2F&text=Hessem%2C%20Louis%20de%3A%20%20Chinoiseries.\" title=\"Bei X teilen\" aria-label=\"Bei X teilen\" role=\"button\" rel=\"noopener nofollow\" class=\"shariff-link\" style=\"; background-color:#000; color:#fff\" target=\"_blank\"><span class=\"shariff-icon\" style=\"\"><svg width=\"32px\" height=\"20px\" xmlns=\"http:\/\/www.w3.org\/2000\/svg\" viewBox=\"0 0 24 24\"><path fill=\"#000\" d=\"M14.258 10.152L23.176 0h-2.113l-7.747 8.813L7.133 0H0l9.352 13.328L0 23.973h2.113l8.176-9.309 6.531 9.309h7.133zm-2.895 3.293l-.949-1.328L2.875 1.56h3.246l6.086 8.523.945 1.328 7.91 11.078h-3.246zm0 0\"\/><\/svg><\/span><\/a><\/li><li class=\"shariff-button linkedin shariff-nocustomcolor\" style=\"background-color:#1488bf\"><a href=\"https:\/\/www.linkedin.com\/sharing\/share-offsite\/?url=https%3A%2F%2Fwww.eosbooks.ch%2Fen%2Fprodukt%2Fhessem-louis-de-chinoiseries%2F\" title=\"Bei LinkedIn teilen\" aria-label=\"Bei LinkedIn teilen\" role=\"button\" rel=\"noopener nofollow\" class=\"shariff-link\" style=\"; background-color:#0077b5; color:#fff\" target=\"_blank\"><span class=\"shariff-icon\" style=\"\"><svg width=\"32px\" height=\"20px\" xmlns=\"http:\/\/www.w3.org\/2000\/svg\" viewBox=\"0 0 27 32\"><path fill=\"#0077b5\" d=\"M6.2 11.2v17.7h-5.9v-17.7h5.9zM6.6 5.7q0 1.3-0.9 2.2t-2.4 0.9h0q-1.5 0-2.4-0.9t-0.9-2.2 0.9-2.2 2.4-0.9 2.4 0.9 0.9 2.2zM27.4 18.7v10.1h-5.9v-9.5q0-1.9-0.7-2.9t-2.3-1.1q-1.1 0-1.9 0.6t-1.2 1.5q-0.2 0.5-0.2 1.4v9.9h-5.9q0-7.1 0-11.6t0-5.3l0-0.9h5.9v2.6h0q0.4-0.6 0.7-1t1-0.9 1.6-0.8 2-0.3q3 0 4.9 2t1.9 6z\"\/><\/svg><\/span><\/a><\/li><\/ul><\/div>","protected":false},"excerpt":{"rendered":"<p>Hessem, Louis de: \u00a0Chinoiseries. Racont\u00e9es par Louis de Hessem. Paris, Maison Quantin, 1890. 4\u00b0. (16) Bl. Mit zahlr. farb. Illustrationen von Rudolf Alfred Jaumann. Mit farb. illustr. Halbleinenband. Vgl. Wegehaupt II, 222. \u2013 Seebass II, 222. \u2013 Ries 620, Nr. 3 (f\u00fcr die deutsche Erstausgabe von 1889. \u00ab&#8230; war so beliebt, dass sich fast nur [&hellip;]<\/p>\n","protected":false},"featured_media":9725058,"comment_status":"closed","ping_status":"closed","template":"","meta":[],"product_brand":[],"product_cat":[1055],"product_tag":[],"class_list":{"0":"post-9170014","1":"product","2":"type-product","3":"status-publish","4":"has-post-thumbnail","6":"product_cat-kinderbuecher-children-books","8":"first","9":"instock","10":"taxable","11":"shipping-taxable","12":"purchasable","13":"product-type-simple"},"aioseo_notices":[],"aioseo_head":"\n\t\t<!-- All in One SEO Pro 4.8.9 - aioseo.com -->\n\t<meta name=\"description\" content=\"Hessem, Louis de: Chinoiseries. Racont\u00e9es par Louis de Hessem. Paris, Maison Quantin, 1890. 4\u00b0. (16) Bl. Mit zahlr. farb. Illustrationen von Rudolf Alfred Jaumann. Mit farb. illustr. Halbleinenband. Vgl. Wegehaupt II, 222. \u2013 Seebass II, 222. \u2013 Ries 620, Nr. 3 (f\u00fcr die deutsche Erstausgabe von 1889. \u00ab... war so beliebt, dass sich fast nur\" \/>\n\t<meta name=\"robots\" content=\"max-image-preview:large\" \/>\n\t<meta name=\"google-site-verification\" content=\"PCk8OeKBqQd6e-_PfoQFKNo77skySIZQg4CjJ2YBj2Y\" \/>\n\t<link rel=\"canonical\" href=\"https:\/\/www.eosbooks.ch\/en\/produkt\/hessem-louis-de-chinoiseries\/\" \/>\n\t<meta name=\"generator\" content=\"All in One SEO Pro (AIOSEO) 4.8.9\" \/>\n\t\t<meta property=\"og:locale\" content=\"en_US\" \/>\n\t\t<meta property=\"og:site_name\" content=\"EOS BUCHANTIQUARIAT BENZ EOS BUCHANTIQUARIAT BENZ -\" \/>\n\t\t<meta property=\"og:type\" content=\"article\" \/>\n\t\t<meta property=\"og:title\" content=\"Hessem, Louis de: Chinoiseries. - EOS BUCHANTIQUARIAT BENZ\" \/>\n\t\t<meta property=\"og:description\" content=\"Hessem, Louis de: Chinoiseries. Racont\u00e9es par Louis de Hessem. Paris, Maison Quantin, 1890. 4\u00b0. (16) Bl. Mit zahlr. farb. Illustrationen von Rudolf Alfred Jaumann. Mit farb. illustr. Halbleinenband. Vgl. Wegehaupt II, 222. \u2013 Seebass II, 222. \u2013 Ries 620, Nr. 3 (f\u00fcr die deutsche Erstausgabe von 1889. \u00ab... war so beliebt, dass sich fast nur\" \/>\n\t\t<meta property=\"og:url\" content=\"https:\/\/www.eosbooks.ch\/en\/produkt\/hessem-louis-de-chinoiseries\/\" \/>\n\t\t<meta property=\"article:published_time\" content=\"2026-04-06T22:28:37+00:00\" \/>\n\t\t<meta property=\"article:modified_time\" content=\"2026-04-06T22:28:37+00:00\" \/>\n\t\t<meta property=\"article:publisher\" content=\"https:\/\/www.facebook.com\/eos.buchantiquariatbenz\" \/>\n\t\t<meta name=\"twitter:card\" content=\"summary_large_image\" \/>\n\t\t<meta name=\"twitter:site\" content=\"@BenzEos\" \/>\n\t\t<meta name=\"twitter:title\" content=\"Hessem, Louis de: Chinoiseries. - EOS BUCHANTIQUARIAT BENZ\" \/>\n\t\t<meta name=\"twitter:description\" content=\"Hessem, Louis de: Chinoiseries. Racont\u00e9es par Louis de Hessem. Paris, Maison Quantin, 1890. 4\u00b0. (16) Bl. Mit zahlr. farb. Illustrationen von Rudolf Alfred Jaumann. Mit farb. illustr. Halbleinenband. Vgl. Wegehaupt II, 222. \u2013 Seebass II, 222. \u2013 Ries 620, Nr. 3 (f\u00fcr die deutsche Erstausgabe von 1889. \u00ab... war so beliebt, dass sich fast nur\" \/>\n\t\t<script type=\"application\/ld+json\" class=\"aioseo-schema\">\n\t\t\t{\"@context\":\"https:\\\/\\\/schema.org\",\"@graph\":[{\"@type\":\"BreadcrumbList\",\"@id\":\"https:\\\/\\\/www.eosbooks.ch\\\/en\\\/produkt\\\/hessem-louis-de-chinoiseries\\\/#breadcrumblist\",\"itemListElement\":[{\"@type\":\"ListItem\",\"@id\":\"https:\\\/\\\/www.eosbooks.ch\\\/en\\\/#listItem\",\"position\":1,\"name\":\"Home\",\"item\":\"https:\\\/\\\/www.eosbooks.ch\\\/en\\\/\",\"nextItem\":{\"@type\":\"ListItem\",\"@id\":\"https:\\\/\\\/www.eosbooks.ch\\\/en\\\/store-2\\\/#listItem\",\"name\":\"Store\"}},{\"@type\":\"ListItem\",\"@id\":\"https:\\\/\\\/www.eosbooks.ch\\\/en\\\/store-2\\\/#listItem\",\"position\":2,\"name\":\"Store\",\"item\":\"https:\\\/\\\/www.eosbooks.ch\\\/en\\\/store-2\\\/\",\"nextItem\":{\"@type\":\"ListItem\",\"@id\":\"https:\\\/\\\/www.eosbooks.ch\\\/en\\\/produkt-kategorie\\\/kinderbuecher-children-books\\\/#listItem\",\"name\":\"Kinderb\\u00fccher \\\/ Children books\"},\"previousItem\":{\"@type\":\"ListItem\",\"@id\":\"https:\\\/\\\/www.eosbooks.ch\\\/en\\\/#listItem\",\"name\":\"Home\"}},{\"@type\":\"ListItem\",\"@id\":\"https:\\\/\\\/www.eosbooks.ch\\\/en\\\/produkt-kategorie\\\/kinderbuecher-children-books\\\/#listItem\",\"position\":3,\"name\":\"Kinderb\\u00fccher \\\/ Children books\",\"item\":\"https:\\\/\\\/www.eosbooks.ch\\\/en\\\/produkt-kategorie\\\/kinderbuecher-children-books\\\/\",\"nextItem\":{\"@type\":\"ListItem\",\"@id\":\"https:\\\/\\\/www.eosbooks.ch\\\/en\\\/produkt\\\/hessem-louis-de-chinoiseries\\\/#listItem\",\"name\":\"Hessem, Louis de:  Chinoiseries.\"},\"previousItem\":{\"@type\":\"ListItem\",\"@id\":\"https:\\\/\\\/www.eosbooks.ch\\\/en\\\/store-2\\\/#listItem\",\"name\":\"Store\"}},{\"@type\":\"ListItem\",\"@id\":\"https:\\\/\\\/www.eosbooks.ch\\\/en\\\/produkt\\\/hessem-louis-de-chinoiseries\\\/#listItem\",\"position\":4,\"name\":\"Hessem, Louis de:  Chinoiseries.\",\"previousItem\":{\"@type\":\"ListItem\",\"@id\":\"https:\\\/\\\/www.eosbooks.ch\\\/en\\\/produkt-kategorie\\\/kinderbuecher-children-books\\\/#listItem\",\"name\":\"Kinderb\\u00fccher \\\/ Children books\"}}]},{\"@type\":\"ItemPage\",\"@id\":\"https:\\\/\\\/www.eosbooks.ch\\\/en\\\/produkt\\\/hessem-louis-de-chinoiseries\\\/#itempage\",\"url\":\"https:\\\/\\\/www.eosbooks.ch\\\/en\\\/produkt\\\/hessem-louis-de-chinoiseries\\\/\",\"name\":\"Hessem, Louis de: Chinoiseries. - EOS BUCHANTIQUARIAT BENZ\",\"description\":\"Hessem, Louis de: Chinoiseries. Racont\\u00e9es par Louis de Hessem. Paris, Maison Quantin, 1890. 4\\u00b0. (16) Bl. Mit zahlr. farb. Illustrationen von Rudolf Alfred Jaumann. Mit farb. illustr. Halbleinenband. Vgl. Wegehaupt II, 222. \\u2013 Seebass II, 222. \\u2013 Ries 620, Nr. 3 (f\\u00fcr die deutsche Erstausgabe von 1889. \\u00ab... war so beliebt, dass sich fast nur\",\"inLanguage\":\"en-US\",\"isPartOf\":{\"@id\":\"https:\\\/\\\/www.eosbooks.ch\\\/en\\\/#website\"},\"breadcrumb\":{\"@id\":\"https:\\\/\\\/www.eosbooks.ch\\\/en\\\/produkt\\\/hessem-louis-de-chinoiseries\\\/#breadcrumblist\"},\"image\":{\"@type\":\"ImageObject\",\"url\":\"https:\\\/\\\/www.eosbooks.ch\\\/wp-content\\\/uploads\\\/2026\\\/04\\\/30896AB.jpg\",\"@id\":\"https:\\\/\\\/www.eosbooks.ch\\\/en\\\/produkt\\\/hessem-louis-de-chinoiseries\\\/#mainImage\",\"width\":763,\"height\":1000,\"caption\":\"Hessem, Louis de: -Chinoiseries.\"},\"primaryImageOfPage\":{\"@id\":\"https:\\\/\\\/www.eosbooks.ch\\\/en\\\/produkt\\\/hessem-louis-de-chinoiseries\\\/#mainImage\"},\"datePublished\":\"2026-04-07T00:28:37+02:00\",\"dateModified\":\"2026-04-07T00:28:37+02:00\"},{\"@type\":\"Organization\",\"@id\":\"https:\\\/\\\/www.eosbooks.ch\\\/en\\\/#organization\",\"name\":\"EOS BUCHANTIQUARIAT BENZ\",\"description\":\"Antiquariat in Z\\u00fcrich\",\"url\":\"https:\\\/\\\/www.eosbooks.ch\\\/en\\\/\",\"email\":\"gertrud@eosbooks.ch\",\"telephone\":\"+41442615750\",\"foundingDate\":\"1985-10-01\",\"numberOfEmployees\":{\"@type\":\"QuantitativeValue\",\"value\":3},\"logo\":{\"@type\":\"ImageObject\",\"url\":\"https:\\\/\\\/www.eosbooks.ch\\\/wp-content\\\/uploads\\\/2024\\\/12\\\/logo.jpg\",\"@id\":\"https:\\\/\\\/www.eosbooks.ch\\\/en\\\/produkt\\\/hessem-louis-de-chinoiseries\\\/#organizationLogo\",\"width\":318,\"height\":325,\"caption\":\"EOS Buchantquariat Benz \\u2013 Antiquariat Z\\u00fcrich\"},\"image\":{\"@id\":\"https:\\\/\\\/www.eosbooks.ch\\\/en\\\/produkt\\\/hessem-louis-de-chinoiseries\\\/#organizationLogo\"},\"sameAs\":[\"https:\\\/\\\/www.facebook.com\\\/eos.buchantiquariatbenz\",\"https:\\\/\\\/x.com\\\/BenzEos\",\"https:\\\/\\\/www.instagram.com\\\/eosbuchantiquariatbenz\\\/\",\"https:\\\/\\\/www.linkedin.com\\\/company\\\/eos-buchantiquariat-benz\\\/\"]},{\"@type\":\"WebPage\",\"@id\":\"https:\\\/\\\/www.eosbooks.ch\\\/en\\\/produkt\\\/hessem-louis-de-chinoiseries\\\/#webpage\",\"url\":\"https:\\\/\\\/www.eosbooks.ch\\\/en\\\/produkt\\\/hessem-louis-de-chinoiseries\\\/\",\"name\":\"Hessem, Louis de: Chinoiseries. - EOS BUCHANTIQUARIAT BENZ\",\"description\":\"Hessem, Louis de: Chinoiseries. Racont\\u00e9es par Louis de Hessem. Paris, Maison Quantin, 1890. 4\\u00b0. (16) Bl. Mit zahlr. farb. Illustrationen von Rudolf Alfred Jaumann. Mit farb. illustr. Halbleinenband. Vgl. Wegehaupt II, 222. \\u2013 Seebass II, 222. \\u2013 Ries 620, Nr. 3 (f\\u00fcr die deutsche Erstausgabe von 1889. \\u00ab... war so beliebt, dass sich fast nur\",\"inLanguage\":\"en-US\",\"isPartOf\":{\"@id\":\"https:\\\/\\\/www.eosbooks.ch\\\/en\\\/#website\"},\"breadcrumb\":{\"@id\":\"https:\\\/\\\/www.eosbooks.ch\\\/en\\\/produkt\\\/hessem-louis-de-chinoiseries\\\/#breadcrumblist\"},\"image\":{\"@type\":\"ImageObject\",\"url\":\"https:\\\/\\\/www.eosbooks.ch\\\/wp-content\\\/uploads\\\/2026\\\/04\\\/30896AB.jpg\",\"@id\":\"https:\\\/\\\/www.eosbooks.ch\\\/en\\\/produkt\\\/hessem-louis-de-chinoiseries\\\/#mainImage\",\"width\":763,\"height\":1000,\"caption\":\"Hessem, Louis de: -Chinoiseries.\"},\"primaryImageOfPage\":{\"@id\":\"https:\\\/\\\/www.eosbooks.ch\\\/en\\\/produkt\\\/hessem-louis-de-chinoiseries\\\/#mainImage\"},\"datePublished\":\"2026-04-07T00:28:37+02:00\",\"dateModified\":\"2026-04-07T00:28:37+02:00\"},{\"@type\":\"WebSite\",\"@id\":\"https:\\\/\\\/www.eosbooks.ch\\\/en\\\/#website\",\"url\":\"https:\\\/\\\/www.eosbooks.ch\\\/en\\\/\",\"name\":\"EOS BUCHANTIQUARIAT BENZ\",\"alternateName\":\"Antiquariat in Z\\u00fcrich\",\"inLanguage\":\"en-US\",\"publisher\":{\"@id\":\"https:\\\/\\\/www.eosbooks.ch\\\/en\\\/#organization\"}}]}\n\t\t<\/script>\n\t\t<!-- All in One SEO Pro -->\r\n\t\t<title>Hessem, Louis de: Chinoiseries. - EOS BUCHANTIQUARIAT BENZ<\/title>\n\n","aioseo_head_json":{"title":"Hessem, Louis de: Chinoiseries. - EOS BUCHANTIQUARIAT BENZ","description":"Hessem, Louis de: Chinoiseries. Racont\u00e9es par Louis de Hessem. Paris, Maison Quantin, 1890. 4\u00b0. (16) Bl. Mit zahlr. farb. Illustrationen von Rudolf Alfred Jaumann. Mit farb. illustr. Halbleinenband. Vgl. Wegehaupt II, 222. \u2013 Seebass II, 222. \u2013 Ries 620, Nr. 3 (f\u00fcr die deutsche Erstausgabe von 1889. \u00ab... war so beliebt, dass sich fast nur","canonical_url":"https:\/\/www.eosbooks.ch\/en\/produkt\/hessem-louis-de-chinoiseries\/","robots":"max-image-preview:large","keywords":"","webmasterTools":{"google-site-verification":"PCk8OeKBqQd6e-_PfoQFKNo77skySIZQg4CjJ2YBj2Y","miscellaneous":""},"schema":{"@context":"https:\/\/schema.org","@graph":[{"@type":"BreadcrumbList","@id":"https:\/\/www.eosbooks.ch\/en\/produkt\/hessem-louis-de-chinoiseries\/#breadcrumblist","itemListElement":[{"@type":"ListItem","@id":"https:\/\/www.eosbooks.ch\/en\/#listItem","position":1,"name":"Home","item":"https:\/\/www.eosbooks.ch\/en\/","nextItem":{"@type":"ListItem","@id":"https:\/\/www.eosbooks.ch\/en\/store-2\/#listItem","name":"Store"}},{"@type":"ListItem","@id":"https:\/\/www.eosbooks.ch\/en\/store-2\/#listItem","position":2,"name":"Store","item":"https:\/\/www.eosbooks.ch\/en\/store-2\/","nextItem":{"@type":"ListItem","@id":"https:\/\/www.eosbooks.ch\/en\/produkt-kategorie\/kinderbuecher-children-books\/#listItem","name":"Kinderb\u00fccher \/ Children books"},"previousItem":{"@type":"ListItem","@id":"https:\/\/www.eosbooks.ch\/en\/#listItem","name":"Home"}},{"@type":"ListItem","@id":"https:\/\/www.eosbooks.ch\/en\/produkt-kategorie\/kinderbuecher-children-books\/#listItem","position":3,"name":"Kinderb\u00fccher \/ Children books","item":"https:\/\/www.eosbooks.ch\/en\/produkt-kategorie\/kinderbuecher-children-books\/","nextItem":{"@type":"ListItem","@id":"https:\/\/www.eosbooks.ch\/en\/produkt\/hessem-louis-de-chinoiseries\/#listItem","name":"Hessem, Louis de:  Chinoiseries."},"previousItem":{"@type":"ListItem","@id":"https:\/\/www.eosbooks.ch\/en\/store-2\/#listItem","name":"Store"}},{"@type":"ListItem","@id":"https:\/\/www.eosbooks.ch\/en\/produkt\/hessem-louis-de-chinoiseries\/#listItem","position":4,"name":"Hessem, Louis de:  Chinoiseries.","previousItem":{"@type":"ListItem","@id":"https:\/\/www.eosbooks.ch\/en\/produkt-kategorie\/kinderbuecher-children-books\/#listItem","name":"Kinderb\u00fccher \/ Children books"}}]},{"@type":"ItemPage","@id":"https:\/\/www.eosbooks.ch\/en\/produkt\/hessem-louis-de-chinoiseries\/#itempage","url":"https:\/\/www.eosbooks.ch\/en\/produkt\/hessem-louis-de-chinoiseries\/","name":"Hessem, Louis de: Chinoiseries. - EOS BUCHANTIQUARIAT BENZ","description":"Hessem, Louis de: Chinoiseries. Racont\u00e9es par Louis de Hessem. Paris, Maison Quantin, 1890. 4\u00b0. (16) Bl. Mit zahlr. farb. Illustrationen von Rudolf Alfred Jaumann. Mit farb. illustr. Halbleinenband. Vgl. Wegehaupt II, 222. \u2013 Seebass II, 222. \u2013 Ries 620, Nr. 3 (f\u00fcr die deutsche Erstausgabe von 1889. \u00ab... war so beliebt, dass sich fast nur","inLanguage":"en-US","isPartOf":{"@id":"https:\/\/www.eosbooks.ch\/en\/#website"},"breadcrumb":{"@id":"https:\/\/www.eosbooks.ch\/en\/produkt\/hessem-louis-de-chinoiseries\/#breadcrumblist"},"image":{"@type":"ImageObject","url":"https:\/\/www.eosbooks.ch\/wp-content\/uploads\/2026\/04\/30896AB.jpg","@id":"https:\/\/www.eosbooks.ch\/en\/produkt\/hessem-louis-de-chinoiseries\/#mainImage","width":763,"height":1000,"caption":"Hessem, Louis de: -Chinoiseries."},"primaryImageOfPage":{"@id":"https:\/\/www.eosbooks.ch\/en\/produkt\/hessem-louis-de-chinoiseries\/#mainImage"},"datePublished":"2026-04-07T00:28:37+02:00","dateModified":"2026-04-07T00:28:37+02:00"},{"@type":"Organization","@id":"https:\/\/www.eosbooks.ch\/en\/#organization","name":"EOS BUCHANTIQUARIAT BENZ","description":"Antiquariat in Z\u00fcrich","url":"https:\/\/www.eosbooks.ch\/en\/","email":"gertrud@eosbooks.ch","telephone":"+41442615750","foundingDate":"1985-10-01","numberOfEmployees":{"@type":"QuantitativeValue","value":3},"logo":{"@type":"ImageObject","url":"https:\/\/www.eosbooks.ch\/wp-content\/uploads\/2024\/12\/logo.jpg","@id":"https:\/\/www.eosbooks.ch\/en\/produkt\/hessem-louis-de-chinoiseries\/#organizationLogo","width":318,"height":325,"caption":"EOS Buchantquariat Benz \u2013 Antiquariat Z\u00fcrich"},"image":{"@id":"https:\/\/www.eosbooks.ch\/en\/produkt\/hessem-louis-de-chinoiseries\/#organizationLogo"},"sameAs":["https:\/\/www.facebook.com\/eos.buchantiquariatbenz","https:\/\/x.com\/BenzEos","https:\/\/www.instagram.com\/eosbuchantiquariatbenz\/","https:\/\/www.linkedin.com\/company\/eos-buchantiquariat-benz\/"]},{"@type":"WebPage","@id":"https:\/\/www.eosbooks.ch\/en\/produkt\/hessem-louis-de-chinoiseries\/#webpage","url":"https:\/\/www.eosbooks.ch\/en\/produkt\/hessem-louis-de-chinoiseries\/","name":"Hessem, Louis de: Chinoiseries. - EOS BUCHANTIQUARIAT BENZ","description":"Hessem, Louis de: Chinoiseries. Racont\u00e9es par Louis de Hessem. Paris, Maison Quantin, 1890. 4\u00b0. (16) Bl. Mit zahlr. farb. Illustrationen von Rudolf Alfred Jaumann. Mit farb. illustr. Halbleinenband. Vgl. Wegehaupt II, 222. \u2013 Seebass II, 222. \u2013 Ries 620, Nr. 3 (f\u00fcr die deutsche Erstausgabe von 1889. \u00ab... war so beliebt, dass sich fast nur","inLanguage":"en-US","isPartOf":{"@id":"https:\/\/www.eosbooks.ch\/en\/#website"},"breadcrumb":{"@id":"https:\/\/www.eosbooks.ch\/en\/produkt\/hessem-louis-de-chinoiseries\/#breadcrumblist"},"image":{"@type":"ImageObject","url":"https:\/\/www.eosbooks.ch\/wp-content\/uploads\/2026\/04\/30896AB.jpg","@id":"https:\/\/www.eosbooks.ch\/en\/produkt\/hessem-louis-de-chinoiseries\/#mainImage","width":763,"height":1000,"caption":"Hessem, Louis de: -Chinoiseries."},"primaryImageOfPage":{"@id":"https:\/\/www.eosbooks.ch\/en\/produkt\/hessem-louis-de-chinoiseries\/#mainImage"},"datePublished":"2026-04-07T00:28:37+02:00","dateModified":"2026-04-07T00:28:37+02:00"},{"@type":"WebSite","@id":"https:\/\/www.eosbooks.ch\/en\/#website","url":"https:\/\/www.eosbooks.ch\/en\/","name":"EOS BUCHANTIQUARIAT BENZ","alternateName":"Antiquariat in Z\u00fcrich","inLanguage":"en-US","publisher":{"@id":"https:\/\/www.eosbooks.ch\/en\/#organization"}}]},"og:locale":"en_US","og:site_name":"EOS BUCHANTIQUARIAT BENZ EOS BUCHANTIQUARIAT BENZ -","og:type":"article","og:title":"Hessem, Louis de: Chinoiseries. - EOS BUCHANTIQUARIAT BENZ","og:description":"Hessem, Louis de: Chinoiseries. Racont\u00e9es par Louis de Hessem. Paris, Maison Quantin, 1890. 4\u00b0. (16) Bl. Mit zahlr. farb. Illustrationen von Rudolf Alfred Jaumann. Mit farb. illustr. Halbleinenband. Vgl. Wegehaupt II, 222. \u2013 Seebass II, 222. \u2013 Ries 620, Nr. 3 (f\u00fcr die deutsche Erstausgabe von 1889. \u00ab... war so beliebt, dass sich fast nur","og:url":"https:\/\/www.eosbooks.ch\/en\/produkt\/hessem-louis-de-chinoiseries\/","article:published_time":"2026-04-06T22:28:37+00:00","article:modified_time":"2026-04-06T22:28:37+00:00","article:publisher":"https:\/\/www.facebook.com\/eos.buchantiquariatbenz","twitter:card":"summary_large_image","twitter:site":"@BenzEos","twitter:title":"Hessem, Louis de: Chinoiseries. - EOS BUCHANTIQUARIAT BENZ","twitter:description":"Hessem, Louis de: Chinoiseries. Racont\u00e9es par Louis de Hessem. Paris, Maison Quantin, 1890. 4\u00b0. (16) Bl. Mit zahlr. farb. Illustrationen von Rudolf Alfred Jaumann. Mit farb. illustr. Halbleinenband. Vgl. Wegehaupt II, 222. \u2013 Seebass II, 222. \u2013 Ries 620, Nr. 3 (f\u00fcr die deutsche Erstausgabe von 1889. \u00ab... war so beliebt, dass sich fast nur"},"aioseo_meta_data":{"post_id":"9170014","title":null,"description":null,"keywords":null,"keyphrases":null,"primary_term":null,"canonical_url":null,"og_title":null,"og_description":null,"og_object_type":"default","og_image_type":"default","og_image_url":null,"og_image_width":null,"og_image_height":null,"og_image_custom_url":null,"og_image_custom_fields":null,"og_video":null,"og_custom_url":null,"og_article_section":null,"og_article_tags":null,"twitter_use_og":false,"twitter_card":"default","twitter_image_type":"default","twitter_image_url":null,"twitter_image_custom_url":null,"twitter_image_custom_fields":null,"twitter_title":null,"twitter_description":null,"schema":{"blockGraphs":[],"customGraphs":[],"default":{"data":{"Article":[],"Course":[],"Dataset":[],"FAQPage":[],"Movie":[],"Person":[],"Product":[],"ProductReview":[],"Car":[],"Recipe":[],"Service":[],"SoftwareApplication":[],"WebPage":[]},"graphName":"","isEnabled":true},"graphs":[]},"schema_type":"default","schema_type_options":null,"pillar_content":false,"robots_default":true,"robots_noindex":false,"robots_noarchive":false,"robots_nosnippet":false,"robots_nofollow":false,"robots_noimageindex":false,"robots_noodp":false,"robots_notranslate":false,"robots_max_snippet":null,"robots_max_videopreview":null,"robots_max_imagepreview":"large","priority":null,"frequency":null,"local_seo":null,"seo_analyzer_scan_date":null,"breadcrumb_settings":null,"limit_modified_date":false,"reviewed_by":null,"open_ai":null,"ai":null,"created":"2025-02-04 06:42:11","updated":"2026-04-06 22:28:39"},"aioseo_breadcrumb":"<div class=\"aioseo-breadcrumbs\"><span class=\"aioseo-breadcrumb\">\n\t<a href=\"https:\/\/www.eosbooks.ch\/en\/\" title=\"Home\">Home<\/a>\n<\/span><span class=\"aioseo-breadcrumb-separator\">&raquo;<\/span><span class=\"aioseo-breadcrumb\">\n\t<a href=\"https:\/\/www.eosbooks.ch\/en\/store-2\/\" title=\"Store\">Store<\/a>\n<\/span><span class=\"aioseo-breadcrumb-separator\">&raquo;<\/span><span class=\"aioseo-breadcrumb\">\n\t<a href=\"https:\/\/www.eosbooks.ch\/en\/produkt-kategorie\/kinderbuecher-children-books\/\" title=\"Kinderb\u00fccher \/ Children books\">Kinderb\u00fccher \/ Children books<\/a>\n<\/span><span class=\"aioseo-breadcrumb-separator\">&raquo;<\/span><span class=\"aioseo-breadcrumb\">\n\tHessem, Louis de:  Chinoiseries.\n<\/span><\/div>","aioseo_breadcrumb_json":[{"label":"Home","link":"https:\/\/www.eosbooks.ch\/en\/"},{"label":"Store","link":"https:\/\/www.eosbooks.ch\/en\/store-2\/"},{"label":"Kinderb\u00fccher \/ Children books","link":"https:\/\/www.eosbooks.ch\/en\/produkt-kategorie\/kinderbuecher-children-books\/"},{"label":"Hessem, Louis de:  Chinoiseries.","link":"https:\/\/www.eosbooks.ch\/en\/produkt\/hessem-louis-de-chinoiseries\/"}],"_links":{"self":[{"href":"https:\/\/www.eosbooks.ch\/en\/wp-json\/wp\/v2\/product\/9170014","targetHints":{"allow":["GET"]}}],"collection":[{"href":"https:\/\/www.eosbooks.ch\/en\/wp-json\/wp\/v2\/product"}],"about":[{"href":"https:\/\/www.eosbooks.ch\/en\/wp-json\/wp\/v2\/types\/product"}],"replies":[{"embeddable":true,"href":"https:\/\/www.eosbooks.ch\/en\/wp-json\/wp\/v2\/comments?post=9170014"}],"wp:featuredmedia":[{"embeddable":true,"href":"https:\/\/www.eosbooks.ch\/en\/wp-json\/wp\/v2\/media\/9725058"}],"wp:attachment":[{"href":"https:\/\/www.eosbooks.ch\/en\/wp-json\/wp\/v2\/media?parent=9170014"}],"wp:term":[{"taxonomy":"product_brand","embeddable":true,"href":"https:\/\/www.eosbooks.ch\/en\/wp-json\/wp\/v2\/product_brand?post=9170014"},{"taxonomy":"product_cat","embeddable":true,"href":"https:\/\/www.eosbooks.ch\/en\/wp-json\/wp\/v2\/product_cat?post=9170014"},{"taxonomy":"product_tag","embeddable":true,"href":"https:\/\/www.eosbooks.ch\/en\/wp-json\/wp\/v2\/product_tag?post=9170014"}],"curies":[{"name":"wp","href":"https:\/\/api.w.org\/{rel}","templated":true}]}}