{"id":8882551,"date":"2026-04-28T08:27:23","date_gmt":"2026-04-28T06:27:23","guid":{"rendered":"https:\/\/www.eosbooks.ch\/produkt\/mattioli-pietro-andrea-1501-1577-kreutterbuch\/"},"modified":"2026-04-28T08:27:23","modified_gmt":"2026-04-28T06:27:23","slug":"mattioli-pietro-andrea-1501-1577-kreutterbuch","status":"publish","type":"product","link":"https:\/\/www.eosbooks.ch\/en\/produkt\/mattioli-pietro-andrea-1501-1577-kreutterbuch\/","title":{"rendered":"Mattioli, Pietro Andrea (1501-1577);  Kreutterbuch&#8230;"},"content":{"rendered":"<p><span class=\"autor\"> Mattioli, Pietro Andrea (1501-1577); <\/span>\u00a0<span class=\"titel\" style=\"font-size: 1em\">Kreutterbuch&#8230;<\/span><span style=\"font-size: 1em\"> \u2026 jetzt widerumb mit viel sch\u00f6nen neuwen Figuren auch n\u00fctzlichen Artzeneyen und andern guten st\u00fccken zum andern mal au\u00df sonderm flei\u00df gemehret und verfertigt durch Ioachimum Camerarium &#8230; Frankfurt am Main, Feyerabend, Fischer &#038; Dack, 1590. Folio (1) leaf, colored title, (8) leaves, 458 of 460 leaves, (36) leaves of Register. Contemporary full calf binding.<\/span><\/p>\n<p class=\"kommentar1\">Pietro Andrea Mattioli (1501-1577), a physician born in Siena and initially active in Italy, later at the Habsburg court in Prague, made a name for himself through the Italian and Latin translation and commentary of the most influential ancient pharmacology &#8220;H\u00fdle iatrike&#8221; (lat. &#8220;Materia medica&#8221;) of the military doctor Pedanios Dioskurides from Anazarbos in Asia Minor (1st century AD), whose oldest manuscript from 512 AD is also the first illustrated herbal book to have survived (now in the Austrian National Library in Vienna). The edition of Mattioli&#8217;s Dioscurides Commentary, which was translated into German by the Nuremberg city physician Joachim Camerarius the Younger and newly edited, and dedicated to the Saxon elector Christian I, is illustrated with more than 1,000 woodcuts, which were made, among other things, after drawings by the Swiss naturalist Conrad Gessner (1516-1565) and which, in addition to the entire plant, often also show its leaves, seeds or fruits in enlarged form. &#8211; Nice copy of this early herbal book in contemporary coloring. &#8211; Previous owners stamp on the title sheet. Some waterstains on the beginning of the books. 4 leaves with owners stamp. Leaves 115, 116, 117 with spots (probably coffee). Leaves 382 and 383 are missing (added as a photo copy).    (Sprache: Deutsch \/ German)<\/p>\n<p>+ Wichtig: F\u00fcr unsere Kunden in der EU erfolgt der Versand alle 14 Tage verzollt ab Deutschland \/ Postbank-Konto in Deutschland vorhanden +<\/p>\n<p>Frage zu diesem Artikel\/der Abbildung &#8211; <a href=\"mailto:orders@eosbooks.ch?subject=Eine Frage zu dem Artikel\/der Abbildung 31379AB\">Kontakt<\/a>?<br \/>\n<span class=\"schlagwort\">Naturwissenschaften \/ Natural History, Botanik \/ Botany, Kr\u00e4uterb\u00fccher &#8211; Phytotherapie &#8211; Phytopharmaka \/ Herbal books<\/span><\/p>\n<div class=\"shariff shariff-align-left shariff-widget-align-left\"><div class=\"ShariffHeadline\"><hr><\/div><ul class=\"shariff-buttons theme-round orientation-horizontal buttonsize-medium\"><li class=\"shariff-button facebook shariff-nocustomcolor\" style=\"background-color:#4273c8\"><a href=\"https:\/\/www.facebook.com\/sharer\/sharer.php?u=https%3A%2F%2Fwww.eosbooks.ch%2Fen%2Fprodukt%2Fmattioli-pietro-andrea-1501-1577-kreutterbuch%2F\" title=\"Bei Facebook teilen\" aria-label=\"Bei Facebook teilen\" role=\"button\" rel=\"nofollow\" class=\"shariff-link\" style=\"; background-color:#3b5998; color:#fff\" target=\"_blank\"><span class=\"shariff-icon\" style=\"\"><svg width=\"32px\" height=\"20px\" xmlns=\"http:\/\/www.w3.org\/2000\/svg\" viewBox=\"0 0 18 32\"><path fill=\"#3b5998\" d=\"M17.1 0.2v4.7h-2.8q-1.5 0-2.1 0.6t-0.5 1.9v3.4h5.2l-0.7 5.3h-4.5v13.6h-5.5v-13.6h-4.5v-5.3h4.5v-3.9q0-3.3 1.9-5.2t5-1.8q2.6 0 4.1 0.2z\"\/><\/svg><\/span><\/a><\/li><li class=\"shariff-button twitter shariff-nocustomcolor\" style=\"background-color:#595959\"><a href=\"https:\/\/twitter.com\/share?url=https%3A%2F%2Fwww.eosbooks.ch%2Fen%2Fprodukt%2Fmattioli-pietro-andrea-1501-1577-kreutterbuch%2F&text=Mattioli%2C%20Pietro%20Andrea%20%281501-1577%29%3B%20%20Kreutterbuch%E2%80%A6\" title=\"Bei X teilen\" aria-label=\"Bei X teilen\" role=\"button\" rel=\"noopener nofollow\" class=\"shariff-link\" style=\"; background-color:#000; color:#fff\" target=\"_blank\"><span class=\"shariff-icon\" style=\"\"><svg width=\"32px\" height=\"20px\" xmlns=\"http:\/\/www.w3.org\/2000\/svg\" viewBox=\"0 0 24 24\"><path fill=\"#000\" d=\"M14.258 10.152L23.176 0h-2.113l-7.747 8.813L7.133 0H0l9.352 13.328L0 23.973h2.113l8.176-9.309 6.531 9.309h7.133zm-2.895 3.293l-.949-1.328L2.875 1.56h3.246l6.086 8.523.945 1.328 7.91 11.078h-3.246zm0 0\"\/><\/svg><\/span><\/a><\/li><li class=\"shariff-button linkedin shariff-nocustomcolor\" style=\"background-color:#1488bf\"><a href=\"https:\/\/www.linkedin.com\/sharing\/share-offsite\/?url=https%3A%2F%2Fwww.eosbooks.ch%2Fen%2Fprodukt%2Fmattioli-pietro-andrea-1501-1577-kreutterbuch%2F\" title=\"Bei LinkedIn teilen\" aria-label=\"Bei LinkedIn teilen\" role=\"button\" rel=\"noopener nofollow\" class=\"shariff-link\" style=\"; background-color:#0077b5; color:#fff\" target=\"_blank\"><span class=\"shariff-icon\" style=\"\"><svg width=\"32px\" height=\"20px\" xmlns=\"http:\/\/www.w3.org\/2000\/svg\" viewBox=\"0 0 27 32\"><path fill=\"#0077b5\" d=\"M6.2 11.2v17.7h-5.9v-17.7h5.9zM6.6 5.7q0 1.3-0.9 2.2t-2.4 0.9h0q-1.5 0-2.4-0.9t-0.9-2.2 0.9-2.2 2.4-0.9 2.4 0.9 0.9 2.2zM27.4 18.7v10.1h-5.9v-9.5q0-1.9-0.7-2.9t-2.3-1.1q-1.1 0-1.9 0.6t-1.2 1.5q-0.2 0.5-0.2 1.4v9.9h-5.9q0-7.1 0-11.6t0-5.3l0-0.9h5.9v2.6h0q0.4-0.6 0.7-1t1-0.9 1.6-0.8 2-0.3q3 0 4.9 2t1.9 6z\"\/><\/svg><\/span><\/a><\/li><\/ul><\/div>","protected":false},"excerpt":{"rendered":"<p>Mattioli, Pietro Andrea (1501-1577); \u00a0Kreutterbuch&#8230; \u2026 jetzt widerumb mit viel sch\u00f6nen neuwen Figuren auch n\u00fctzlichen Artzeneyen und andern guten st\u00fccken zum andern mal au\u00df sonderm flei\u00df gemehret und verfertigt durch Ioachimum Camerarium &#8230; Frankfurt am Main, Feyerabend, Fischer &#038; Dack, 1590. Folio (1) leaf, colored title, (8) leaves, 458 of 460 leaves, (36) leaves of [&hellip;]<\/p>\n","protected":false},"featured_media":0,"comment_status":"closed","ping_status":"closed","template":"","meta":[],"product_brand":[],"product_cat":[790],"product_tag":[],"class_list":{"0":"post-8882551","1":"product","2":"type-product","3":"status-publish","5":"product_cat-naturwissenschaften-natural-history","7":"first","8":"instock","9":"taxable","10":"shipping-taxable","11":"purchasable","12":"product-type-simple"},"aioseo_notices":[],"_links":{"self":[{"href":"https:\/\/www.eosbooks.ch\/en\/wp-json\/wp\/v2\/product\/8882551","targetHints":{"allow":["GET"]}}],"collection":[{"href":"https:\/\/www.eosbooks.ch\/en\/wp-json\/wp\/v2\/product"}],"about":[{"href":"https:\/\/www.eosbooks.ch\/en\/wp-json\/wp\/v2\/types\/product"}],"replies":[{"embeddable":true,"href":"https:\/\/www.eosbooks.ch\/en\/wp-json\/wp\/v2\/comments?post=8882551"}],"wp:attachment":[{"href":"https:\/\/www.eosbooks.ch\/en\/wp-json\/wp\/v2\/media?parent=8882551"}],"wp:term":[{"taxonomy":"product_brand","embeddable":true,"href":"https:\/\/www.eosbooks.ch\/en\/wp-json\/wp\/v2\/product_brand?post=8882551"},{"taxonomy":"product_cat","embeddable":true,"href":"https:\/\/www.eosbooks.ch\/en\/wp-json\/wp\/v2\/product_cat?post=8882551"},{"taxonomy":"product_tag","embeddable":true,"href":"https:\/\/www.eosbooks.ch\/en\/wp-json\/wp\/v2\/product_tag?post=8882551"}],"curies":[{"name":"wp","href":"https:\/\/api.w.org\/{rel}","templated":true}]}}