{"id":6698946,"date":"2026-04-28T00:27:57","date_gmt":"2026-04-27T22:27:57","guid":{"rendered":"https:\/\/www.eosbooks.ch\/produkt\/disney-walt-micky-maus-zeitung-nummer-16-2\/"},"modified":"2026-04-28T00:27:57","modified_gmt":"2026-04-27T22:27:57","slug":"disney-walt-micky-maus-zeitung-nummer-16-2","status":"publish","type":"product","link":"https:\/\/www.eosbooks.ch\/en\/produkt\/disney-walt-micky-maus-zeitung-nummer-16-2\/","title":{"rendered":"Disney, Walt:  Micky Maus Zeitung. &#8211; Nummer 16."},"content":{"rendered":"<p><span class=\"autor\"> Disney, Walt: <\/span>\u00a0<span class=\"titel\" style=\"font-size: 1em\">Micky Maus Zeitung. &#8211; Nummer 16.<\/span><span style=\"font-size: 1em\">  Z\u00fcrich, Vlg. Bollmann M\u00fchlesteg 8., 1937. 1. Jahrgang Folio. 8 S. (Seiten 121 bis 129). Mit zahlr. Illustrationen u.a. von Walt Disney. Farbig illustrierte Orig.-Umschl\u00e4ge  (mit duchgehendem 2 cm Einriss am Kopf).<\/span><\/p>\n<p class=\"kommentar1\">Zeitschrift Nr. 16 dieser fr\u00fchen deutschen &#8220;Micky Maus Publikation&#8221;, \u00fcbersetzt aus dem Englischen von Martha Ehrat-Bollmann. Der Z\u00fcrcher Verlag Bollmann erwarb 1936, wohl um \u00fcber die allgemeine Wirtschaftskrise hiwegzukommen gleichzeitig in Paris beim europ\u00e4ischen Vertreter des Disney-Verlages die Hauptlizenz und in Italien bei Mondadori, der damals die Comics unter dem Namen &#8220;Topolino&#8221; in italienischer Sprache ver\u00f6ffentlichte, die Unterlizenzen, diese viel zu teuer trugen zum Misserfolg der Reihe &#8220;Micky-Maus-Wunderb\u00fccher&#8221; bei. Der Preis der B\u00e4nde bis zu sieben Schweizer Franken war w\u00e4hrend der allgemeinen Krise viel zu hoch und die finanzielle Situation konnte auch mit der halbmonatlichen Herausgabe der vorliegenden Zeitschrift, die zwischen 25 und 30 Rappen zu haben war, nicht verbessert werden. Die Produktion wurde nach dem 18. Heft und dem 7. Buch eingestellt, nachdem der Verlag erfolglos in Deutschland und \u00d6sterreich nach Partnern gesucht hatte. Im Nazideutschland war die Publikation dieses amerikanischen Imports unerw\u00fcnscht, obwohl Joseph Goebbels dem F\u00fchrer 1937 18 Micky-Maus-Filme zu Weihnachten geschenkt haben soll und &#8220;sie insgeheim Spass an den Zeichentrickfilmen von Walt Disney hatten&#8221; (Laqua, Carsten: Wie Micky unter die Nazis fiel. Rowohlt, 1992). &#8211; Gut erhaltenes Exemplar. R\u00e9sum\u00e9: First Micky Mouse in German printed in Switzerland. &#8211; Folded copy, otherwise in a good condition.<\/p>\n<p>+ Wichtig: F\u00fcr unsere Kunden in der EU erfolgt der Versand alle 14 Tage verzollt ab Deutschland \/ Postbank-Konto in Deutschland vorhanden +<\/p>\n<p>Frage zu diesem Artikel\/der Abbildung &#8211; <a href=\"mailto:orders@eosbooks.ch?subject=Eine Frage zu dem Artikel\/der Abbildung 4121BB\">Kontakt<\/a>?<br \/>\n<span class=\"schlagwort\">Kinderb\u00fccher \/ Children books, Comics &#8211; Bildergeschichten, Disney + Micky Maus<\/span><\/p>\n<div class=\"shariff shariff-align-left shariff-widget-align-left\"><div class=\"ShariffHeadline\"><hr><\/div><ul class=\"shariff-buttons theme-round orientation-horizontal buttonsize-medium\"><li class=\"shariff-button facebook shariff-nocustomcolor\" style=\"background-color:#4273c8\"><a href=\"https:\/\/www.facebook.com\/sharer\/sharer.php?u=https%3A%2F%2Fwww.eosbooks.ch%2Fen%2Fprodukt%2Fdisney-walt-micky-maus-zeitung-nummer-16-2%2F\" title=\"Bei Facebook teilen\" aria-label=\"Bei Facebook teilen\" role=\"button\" rel=\"nofollow\" class=\"shariff-link\" style=\"; background-color:#3b5998; color:#fff\" target=\"_blank\"><span class=\"shariff-icon\" style=\"\"><svg width=\"32px\" height=\"20px\" xmlns=\"http:\/\/www.w3.org\/2000\/svg\" viewBox=\"0 0 18 32\"><path fill=\"#3b5998\" d=\"M17.1 0.2v4.7h-2.8q-1.5 0-2.1 0.6t-0.5 1.9v3.4h5.2l-0.7 5.3h-4.5v13.6h-5.5v-13.6h-4.5v-5.3h4.5v-3.9q0-3.3 1.9-5.2t5-1.8q2.6 0 4.1 0.2z\"\/><\/svg><\/span><\/a><\/li><li class=\"shariff-button twitter shariff-nocustomcolor\" style=\"background-color:#595959\"><a href=\"https:\/\/twitter.com\/share?url=https%3A%2F%2Fwww.eosbooks.ch%2Fen%2Fprodukt%2Fdisney-walt-micky-maus-zeitung-nummer-16-2%2F&text=Disney%2C%20Walt%3A%20%20Micky%20Maus%20Zeitung.%20%E2%80%93%20Nummer%2016.\" title=\"Bei X teilen\" aria-label=\"Bei X teilen\" role=\"button\" rel=\"noopener nofollow\" class=\"shariff-link\" style=\"; background-color:#000; color:#fff\" target=\"_blank\"><span class=\"shariff-icon\" style=\"\"><svg width=\"32px\" height=\"20px\" xmlns=\"http:\/\/www.w3.org\/2000\/svg\" viewBox=\"0 0 24 24\"><path fill=\"#000\" d=\"M14.258 10.152L23.176 0h-2.113l-7.747 8.813L7.133 0H0l9.352 13.328L0 23.973h2.113l8.176-9.309 6.531 9.309h7.133zm-2.895 3.293l-.949-1.328L2.875 1.56h3.246l6.086 8.523.945 1.328 7.91 11.078h-3.246zm0 0\"\/><\/svg><\/span><\/a><\/li><li class=\"shariff-button linkedin shariff-nocustomcolor\" style=\"background-color:#1488bf\"><a href=\"https:\/\/www.linkedin.com\/sharing\/share-offsite\/?url=https%3A%2F%2Fwww.eosbooks.ch%2Fen%2Fprodukt%2Fdisney-walt-micky-maus-zeitung-nummer-16-2%2F\" title=\"Bei LinkedIn teilen\" aria-label=\"Bei LinkedIn teilen\" role=\"button\" rel=\"noopener nofollow\" class=\"shariff-link\" style=\"; background-color:#0077b5; color:#fff\" target=\"_blank\"><span class=\"shariff-icon\" style=\"\"><svg width=\"32px\" height=\"20px\" xmlns=\"http:\/\/www.w3.org\/2000\/svg\" viewBox=\"0 0 27 32\"><path fill=\"#0077b5\" d=\"M6.2 11.2v17.7h-5.9v-17.7h5.9zM6.6 5.7q0 1.3-0.9 2.2t-2.4 0.9h0q-1.5 0-2.4-0.9t-0.9-2.2 0.9-2.2 2.4-0.9 2.4 0.9 0.9 2.2zM27.4 18.7v10.1h-5.9v-9.5q0-1.9-0.7-2.9t-2.3-1.1q-1.1 0-1.9 0.6t-1.2 1.5q-0.2 0.5-0.2 1.4v9.9h-5.9q0-7.1 0-11.6t0-5.3l0-0.9h5.9v2.6h0q0.4-0.6 0.7-1t1-0.9 1.6-0.8 2-0.3q3 0 4.9 2t1.9 6z\"\/><\/svg><\/span><\/a><\/li><\/ul><\/div>","protected":false},"excerpt":{"rendered":"<p>Disney, Walt: \u00a0Micky Maus Zeitung. &#8211; Nummer 16. Z\u00fcrich, Vlg. Bollmann M\u00fchlesteg 8., 1937. 1. Jahrgang Folio. 8 S. (Seiten 121 bis 129). Mit zahlr. Illustrationen u.a. von Walt Disney. Farbig illustrierte Orig.-Umschl\u00e4ge (mit duchgehendem 2 cm Einriss am Kopf). Zeitschrift Nr. 16 dieser fr\u00fchen deutschen &#8220;Micky Maus Publikation&#8221;, \u00fcbersetzt aus dem Englischen von Martha [&hellip;]<\/p>\n","protected":false},"featured_media":9736574,"comment_status":"closed","ping_status":"closed","template":"","meta":[],"product_brand":[],"product_cat":[1055],"product_tag":[],"class_list":{"0":"post-6698946","1":"product","2":"type-product","3":"status-publish","4":"has-post-thumbnail","6":"product_cat-kinderbuecher-children-books","8":"first","9":"instock","10":"taxable","11":"shipping-taxable","12":"purchasable","13":"product-type-simple"},"aioseo_notices":[],"_links":{"self":[{"href":"https:\/\/www.eosbooks.ch\/en\/wp-json\/wp\/v2\/product\/6698946","targetHints":{"allow":["GET"]}}],"collection":[{"href":"https:\/\/www.eosbooks.ch\/en\/wp-json\/wp\/v2\/product"}],"about":[{"href":"https:\/\/www.eosbooks.ch\/en\/wp-json\/wp\/v2\/types\/product"}],"replies":[{"embeddable":true,"href":"https:\/\/www.eosbooks.ch\/en\/wp-json\/wp\/v2\/comments?post=6698946"}],"wp:featuredmedia":[{"embeddable":true,"href":"https:\/\/www.eosbooks.ch\/en\/wp-json\/wp\/v2\/media\/9736574"}],"wp:attachment":[{"href":"https:\/\/www.eosbooks.ch\/en\/wp-json\/wp\/v2\/media?parent=6698946"}],"wp:term":[{"taxonomy":"product_brand","embeddable":true,"href":"https:\/\/www.eosbooks.ch\/en\/wp-json\/wp\/v2\/product_brand?post=6698946"},{"taxonomy":"product_cat","embeddable":true,"href":"https:\/\/www.eosbooks.ch\/en\/wp-json\/wp\/v2\/product_cat?post=6698946"},{"taxonomy":"product_tag","embeddable":true,"href":"https:\/\/www.eosbooks.ch\/en\/wp-json\/wp\/v2\/product_tag?post=6698946"}],"curies":[{"name":"wp","href":"https:\/\/api.w.org\/{rel}","templated":true}]}}