{"id":58739,"date":"2026-04-21T18:27:37","date_gmt":"2026-04-21T16:27:37","guid":{"rendered":"https:\/\/www.eosbooks.ch\/produkt\/toepffer-rodolphe-nouveaux-voyages-en-zigzag-a-la-grande-chartreuse-autour-du-mont-blanc-dans-les-vallees-dherenz-de-zermatt-au-grimsel-a-genes-et-a-la-corniche-par-r-toepffer-precedes-dun\/"},"modified":"2026-04-21T18:27:37","modified_gmt":"2026-04-21T16:27:37","slug":"toepffer-rodolphe-nouveaux-voyages-en-zigzag-a-la-grande-chartreuse-autour-du-mont-blanc-dans-les-vallees-dherenz-de-zermatt-au-grimsel-a-genes-et-a-la-corniche-par-r-toepffer-precedes-dun","status":"publish","type":"product","link":"https:\/\/www.eosbooks.ch\/en\/produkt\/toepffer-rodolphe-nouveaux-voyages-en-zigzag-a-la-grande-chartreuse-autour-du-mont-blanc-dans-les-vallees-dherenz-de-zermatt-au-grimsel-a-genes-et-a-la-corniche-par-r-toepffer-precedes-dun\/","title":{"rendered":"T\u00f6pffer, Rodolphe:  Nouveaux voyages en zigzag \u00e0 la Grande Chartreuse, autour du Mont Blanc, dans les vall\u00e9es d&#8217;Herenz, de Zermatt, au Grimsel, \u00e0 G\u00eanes et \u00e0 la Corniche par R. T\u00f6pffer, pr\u00e9c\u00e9d\u00e9s d&#8217;une notice par Sainte-Beuve, illustr\u00e9s d&#8217;apr\u00e8s les dessins originaux de T\u00f6pffer par MM. Calame, Karl Girardet, Fran\u00e7ais, d&#8217;Aubigny, de Bar, Gagnet, Forest."},"content":{"rendered":"<p><span class=\"autor\"> T\u00f6pffer, Rodolphe: <\/span>\u00a0<span class=\"titel\" style=\"font-size: 1em\">Nouveaux voyages en zigzag \u00e0 la Grande Chartreuse, autour du Mont Blanc, dans les vall\u00e9es d&#8217;Herenz, de Zermatt, au Grimsel, \u00e0 G\u00eanes et \u00e0 la Corniche par R. T\u00f6pffer, pr\u00e9c\u00e9d\u00e9s d&#8217;une notice par Sainte-Beuve, illustr\u00e9s d&#8217;apr\u00e8s les dessins originaux de T\u00f6pffer par MM. Calame, Karl Girardet, Fran\u00e7ais, d&#8217;Aubigny, de Bar, Gagnet, Forest.<\/span><span style=\"font-size: 1em\">  Paris, Victor Lecou, 1854. Gross-8\u00b0. (1) Bl., (4) XVII, 454 S., (2) S. (Anzeigen). Mit illustr. Titel, 47 Tafeln u. zahlr. Textillustr. von Rodolphe T\u00f6pffer. Roter Halblederband der Zeit mit goldgepr. Deckelfileten, R\u00fcckenvergoldung u. dreis. Goldschnitt.<\/span><\/p>\n<p class=\"kommentar1\">Vicaire VII 862; Lonchamp 2969, Blondel S 369, Sander 688. &#8211; Erste Ausabe des oft wiederaufgelegten Werkes. Enth\u00e4lt die Reisen: Voyage \u00e0 la Grande Chartreuse 1833; Voyage autour du Mont Blanc 1842; Voyage \u00e0 G\u00eanes 1834. &#8211; Vors\u00e4tze angestaubt. Gebr\u00e4unt u. vereinzelt leicht stockfleckig. Einband st\u00e4rker berieben und bestossen. (Sprache: Franz\u00f6sisch \/ Fran\u00e7ais \/ French)<\/p>\n<p>+ Wichtig: F\u00fcr unsere Kunden in der EU erfolgt der Versand alle 14 Tage verzollt ab Deutschland \/ Postbank-Konto in Deutschland vorhanden +<\/p>\n<p>Frage zu diesem Artikel\/der Abbildung &#8211; <a href=\"mailto:orders@eosbooks.ch?subject=Eine Frage zu dem Artikel\/der Abbildung 300AB\">Kontakt<\/a>?<br \/>\n<span class=\"schlagwort\">Literatur \/ Literature, Helvetica \u2013 Schweiz \/ Books and prints pertaining Switzerland, Toepffer, Rodolphe<\/span><\/p>\n<div class=\"shariff shariff-align-left shariff-widget-align-left\"><div class=\"ShariffHeadline\"><hr><\/div><ul class=\"shariff-buttons theme-round orientation-horizontal buttonsize-medium\"><li class=\"shariff-button facebook shariff-nocustomcolor\" style=\"background-color:#4273c8\"><a href=\"https:\/\/www.facebook.com\/sharer\/sharer.php?u=https%3A%2F%2Fwww.eosbooks.ch%2Fen%2Fprodukt%2Ftoepffer-rodolphe-nouveaux-voyages-en-zigzag-a-la-grande-chartreuse-autour-du-mont-blanc-dans-les-vallees-dherenz-de-zermatt-au-grimsel-a-genes-et-a-la-corniche-par-r-toepffer-precedes-dun%2F\" title=\"Bei Facebook teilen\" aria-label=\"Bei Facebook teilen\" role=\"button\" rel=\"nofollow\" class=\"shariff-link\" style=\"; background-color:#3b5998; color:#fff\" target=\"_blank\"><span class=\"shariff-icon\" style=\"\"><svg width=\"32px\" height=\"20px\" xmlns=\"http:\/\/www.w3.org\/2000\/svg\" viewBox=\"0 0 18 32\"><path fill=\"#3b5998\" d=\"M17.1 0.2v4.7h-2.8q-1.5 0-2.1 0.6t-0.5 1.9v3.4h5.2l-0.7 5.3h-4.5v13.6h-5.5v-13.6h-4.5v-5.3h4.5v-3.9q0-3.3 1.9-5.2t5-1.8q2.6 0 4.1 0.2z\"\/><\/svg><\/span><\/a><\/li><li class=\"shariff-button twitter shariff-nocustomcolor\" style=\"background-color:#595959\"><a href=\"https:\/\/twitter.com\/share?url=https%3A%2F%2Fwww.eosbooks.ch%2Fen%2Fprodukt%2Ftoepffer-rodolphe-nouveaux-voyages-en-zigzag-a-la-grande-chartreuse-autour-du-mont-blanc-dans-les-vallees-dherenz-de-zermatt-au-grimsel-a-genes-et-a-la-corniche-par-r-toepffer-precedes-dun%2F&text=T%C3%B6pffer%2C%20Rodolphe%3A%20%20Nouveaux%20voyages%20en%20zigzag%20%C3%A0%20la%20Grande%20Chartreuse%2C%20autour%20du%20Mont%20Blanc%2C%20dans%20les%20vall%C3%A9es%20d%E2%80%99Herenz%2C%20de%20Zermatt%2C%20au%20Grimsel%2C%20%C3%A0%20G%C3%AAnes%20et%20%C3%A0%20la%20Corniche%20par%20R.%20T%C3%B6pffer%2C%20pr%C3%A9c%C3%A9d%C3%A9s%20d%E2%80%99une%20notice%20par%20Sainte-Beuve%2C%20illustr%C3%A9s%20d%E2%80%99apr%C3%A8s%20les%20dessins%20originaux%20de%20T%C3%B6pffer%20par%20MM.%20Calame%2C%20Karl%20Girardet%2C%20Fran%C3%A7ais%2C%20d%E2%80%99Aubigny%2C%20de%20Bar%2C%20Gagnet%2C%20Forest.\" title=\"Bei X teilen\" aria-label=\"Bei X teilen\" role=\"button\" rel=\"noopener nofollow\" class=\"shariff-link\" style=\"; background-color:#000; color:#fff\" target=\"_blank\"><span class=\"shariff-icon\" style=\"\"><svg width=\"32px\" height=\"20px\" xmlns=\"http:\/\/www.w3.org\/2000\/svg\" viewBox=\"0 0 24 24\"><path fill=\"#000\" d=\"M14.258 10.152L23.176 0h-2.113l-7.747 8.813L7.133 0H0l9.352 13.328L0 23.973h2.113l8.176-9.309 6.531 9.309h7.133zm-2.895 3.293l-.949-1.328L2.875 1.56h3.246l6.086 8.523.945 1.328 7.91 11.078h-3.246zm0 0\"\/><\/svg><\/span><\/a><\/li><li class=\"shariff-button linkedin shariff-nocustomcolor\" style=\"background-color:#1488bf\"><a href=\"https:\/\/www.linkedin.com\/sharing\/share-offsite\/?url=https%3A%2F%2Fwww.eosbooks.ch%2Fen%2Fprodukt%2Ftoepffer-rodolphe-nouveaux-voyages-en-zigzag-a-la-grande-chartreuse-autour-du-mont-blanc-dans-les-vallees-dherenz-de-zermatt-au-grimsel-a-genes-et-a-la-corniche-par-r-toepffer-precedes-dun%2F\" title=\"Bei LinkedIn teilen\" aria-label=\"Bei LinkedIn teilen\" role=\"button\" rel=\"noopener nofollow\" class=\"shariff-link\" style=\"; background-color:#0077b5; color:#fff\" target=\"_blank\"><span class=\"shariff-icon\" style=\"\"><svg width=\"32px\" height=\"20px\" xmlns=\"http:\/\/www.w3.org\/2000\/svg\" viewBox=\"0 0 27 32\"><path fill=\"#0077b5\" d=\"M6.2 11.2v17.7h-5.9v-17.7h5.9zM6.6 5.7q0 1.3-0.9 2.2t-2.4 0.9h0q-1.5 0-2.4-0.9t-0.9-2.2 0.9-2.2 2.4-0.9 2.4 0.9 0.9 2.2zM27.4 18.7v10.1h-5.9v-9.5q0-1.9-0.7-2.9t-2.3-1.1q-1.1 0-1.9 0.6t-1.2 1.5q-0.2 0.5-0.2 1.4v9.9h-5.9q0-7.1 0-11.6t0-5.3l0-0.9h5.9v2.6h0q0.4-0.6 0.7-1t1-0.9 1.6-0.8 2-0.3q3 0 4.9 2t1.9 6z\"\/><\/svg><\/span><\/a><\/li><\/ul><\/div>","protected":false},"excerpt":{"rendered":"<p>T\u00f6pffer, Rodolphe: \u00a0Nouveaux voyages en zigzag \u00e0 la Grande Chartreuse, autour du Mont Blanc, dans les vall\u00e9es d&#8217;Herenz, de Zermatt, au Grimsel, \u00e0 G\u00eanes et \u00e0 la Corniche par R. T\u00f6pffer, pr\u00e9c\u00e9d\u00e9s d&#8217;une notice par Sainte-Beuve, illustr\u00e9s d&#8217;apr\u00e8s les dessins originaux de T\u00f6pffer par MM. Calame, Karl Girardet, Fran\u00e7ais, d&#8217;Aubigny, de Bar, Gagnet, Forest. Paris, [&hellip;]<\/p>\n","protected":false},"featured_media":0,"comment_status":"closed","ping_status":"closed","template":"","meta":[],"product_brand":[],"product_cat":[786],"product_tag":[],"class_list":{"0":"post-58739","1":"product","2":"type-product","3":"status-publish","5":"product_cat-literatur-literature","7":"first","8":"instock","9":"taxable","10":"shipping-taxable","11":"purchasable","12":"product-type-simple"},"aioseo_notices":[],"_links":{"self":[{"href":"https:\/\/www.eosbooks.ch\/en\/wp-json\/wp\/v2\/product\/58739","targetHints":{"allow":["GET"]}}],"collection":[{"href":"https:\/\/www.eosbooks.ch\/en\/wp-json\/wp\/v2\/product"}],"about":[{"href":"https:\/\/www.eosbooks.ch\/en\/wp-json\/wp\/v2\/types\/product"}],"replies":[{"embeddable":true,"href":"https:\/\/www.eosbooks.ch\/en\/wp-json\/wp\/v2\/comments?post=58739"}],"wp:attachment":[{"href":"https:\/\/www.eosbooks.ch\/en\/wp-json\/wp\/v2\/media?parent=58739"}],"wp:term":[{"taxonomy":"product_brand","embeddable":true,"href":"https:\/\/www.eosbooks.ch\/en\/wp-json\/wp\/v2\/product_brand?post=58739"},{"taxonomy":"product_cat","embeddable":true,"href":"https:\/\/www.eosbooks.ch\/en\/wp-json\/wp\/v2\/product_cat?post=58739"},{"taxonomy":"product_tag","embeddable":true,"href":"https:\/\/www.eosbooks.ch\/en\/wp-json\/wp\/v2\/product_tag?post=58739"}],"curies":[{"name":"wp","href":"https:\/\/api.w.org\/{rel}","templated":true}]}}