{"id":56358,"date":"2026-04-22T20:28:01","date_gmt":"2026-04-22T18:28:01","guid":{"rendered":"http:\/\/eosbooks.ch.w015255e.kasserver.com\/produkt\/bergeron-l-e-hamelin-bergeron-p-u-salivet-louis-georges-isaac-manuel-du-tourneur\/"},"modified":"2026-04-22T20:28:01","modified_gmt":"2026-04-22T18:28:01","slug":"bergeron-l-e-hamelin-bergeron-p-u-salivet-louis-georges-isaac-manuel-du-tourneur","status":"publish","type":"product","link":"https:\/\/www.eosbooks.ch\/en\/produkt\/bergeron-l-e-hamelin-bergeron-p-u-salivet-louis-georges-isaac-manuel-du-tourneur\/","title":{"rendered":"Bergeron, L.E.,  Hamelin-Bergeron, P. u. Salivet, Louis Georges Isaac:  Manuel du Tourneur,"},"content":{"rendered":"<p><span class=\"autor\"> Bergeron, L.E.,  Hamelin-Bergeron, P. u. Salivet, Louis Georges Isaac: <\/span>\u00a0<span class=\"titel\" style=\"font-size: 1em\">Manuel du Tourneur,<\/span><span style=\"font-size: 1em\"> Ouvrage dans lequel  on enseigne aux amateurs la mani\u00e8re d&#8217;ex\u00e9cuter sur le tour pointes, a lunettes, en l&#8217;air, a guillocher, carr\u00e9 a portraits, a graver le verre et avec les machines excentriques, ovales, epicyclo\u00efde, etc. Tout ce que l&#8217;art peut produire d&#8217;utile et d&#8217;agr\u00e9able; Pr\u00e9c\u00e9d\u00e9 de notions \u00e9l\u00e9mentaires sur la connaissance des bois, la menuiserie, la forge, la trempe la fonte des m\u00e9taux et autres arts qui se lient avec celui du tour: Paris, Roret, 1842. Nouvelle \u00e9dition. 3 Bde. 4\u00b0. XXXII, 509(1) S.; XI(1), 542, 8 S. Mit 1 gest. Titel (Atlasband), 97 Kupfertafeln (dv. 8 kol., 41 doppelblattgross u. 10 gef.) Halblederb\u00e4nde der Zeit mit R\u00fcckenvergoldung (berieben und bestossen).<\/span><\/p>\n<p class=\"kommentar1\">Vgl. Brunet I, 785 u. Gr\u00e4sse I, 340 (f\u00fcr die zweite Ausgabe). &#8211; Titelauflage der zweiten Ausgabe. Erschien erstmals 1792-1796 in Paris. Die farbigen Tafeln mit Holzmuster, die \u00fcbrigen Tafeln mit Holzverarbeitungsger\u00e4ten, Maschinen und Holzarbeiten. Am Schluss mit einer zus\u00e4tzlichen nicht nummerierten Tafel. Der gestochene Titel des Atlasbandes zur zweiten Ausgabe. &#8211; Die Seiten  unbeschnitten. Einige Tafeln und die Seitenr\u00e4nder st\u00e4rker gebr\u00e4unt. Ansonsten nur wenig stockfleckig.<\/p>\n<p>+ Wichtig: F\u00fcr unsere Kunden in der EU erfolgt der Versand alle 14 Tage verzollt ab Deutschland \/ Postbank-Konto in Deutschland vorhanden +<\/p>\n<p>Frage zu diesem Artikel\/der Abbildung &#8211; <a href=\"mailto:orders@eosbooks.ch?subject=Eine Frage zu dem Artikel\/der Abbildung 1540DB\">Kontakt<\/a>?<br \/>\n<span class=\"schlagwort\">Varia \u2013 Verschiedene Sachgebiete \/ Various subjects &#8211; Miscellaneous, Drechslerei &#8211; Drechsler \/ Turnery &#8211; Wood turner, Holz &#8211; Holzbau \/ Wood &#8211; Timber construction<\/span><\/p>\n<div class=\"shariff shariff-align-left shariff-widget-align-left\"><div class=\"ShariffHeadline\"><hr><\/div><ul class=\"shariff-buttons theme-round orientation-horizontal buttonsize-medium\"><li class=\"shariff-button facebook shariff-nocustomcolor\" style=\"background-color:#4273c8\"><a href=\"https:\/\/www.facebook.com\/sharer\/sharer.php?u=https%3A%2F%2Fwww.eosbooks.ch%2Fen%2Fprodukt%2Fbergeron-l-e-hamelin-bergeron-p-u-salivet-louis-georges-isaac-manuel-du-tourneur%2F\" title=\"Bei Facebook teilen\" aria-label=\"Bei Facebook teilen\" role=\"button\" rel=\"nofollow\" class=\"shariff-link\" style=\"; background-color:#3b5998; color:#fff\" target=\"_blank\"><span class=\"shariff-icon\" style=\"\"><svg width=\"32px\" height=\"20px\" xmlns=\"http:\/\/www.w3.org\/2000\/svg\" viewBox=\"0 0 18 32\"><path fill=\"#3b5998\" d=\"M17.1 0.2v4.7h-2.8q-1.5 0-2.1 0.6t-0.5 1.9v3.4h5.2l-0.7 5.3h-4.5v13.6h-5.5v-13.6h-4.5v-5.3h4.5v-3.9q0-3.3 1.9-5.2t5-1.8q2.6 0 4.1 0.2z\"\/><\/svg><\/span><\/a><\/li><li class=\"shariff-button twitter shariff-nocustomcolor\" style=\"background-color:#595959\"><a href=\"https:\/\/twitter.com\/share?url=https%3A%2F%2Fwww.eosbooks.ch%2Fen%2Fprodukt%2Fbergeron-l-e-hamelin-bergeron-p-u-salivet-louis-georges-isaac-manuel-du-tourneur%2F&text=Bergeron%2C%20L.E.%2C%20%20Hamelin-Bergeron%2C%20P.%20u.%20Salivet%2C%20Louis%20Georges%20Isaac%3A%20%20Manuel%20du%20Tourneur%2C\" title=\"Bei X teilen\" aria-label=\"Bei X teilen\" role=\"button\" rel=\"noopener nofollow\" class=\"shariff-link\" style=\"; background-color:#000; color:#fff\" target=\"_blank\"><span class=\"shariff-icon\" style=\"\"><svg width=\"32px\" height=\"20px\" xmlns=\"http:\/\/www.w3.org\/2000\/svg\" viewBox=\"0 0 24 24\"><path fill=\"#000\" d=\"M14.258 10.152L23.176 0h-2.113l-7.747 8.813L7.133 0H0l9.352 13.328L0 23.973h2.113l8.176-9.309 6.531 9.309h7.133zm-2.895 3.293l-.949-1.328L2.875 1.56h3.246l6.086 8.523.945 1.328 7.91 11.078h-3.246zm0 0\"\/><\/svg><\/span><\/a><\/li><li class=\"shariff-button linkedin shariff-nocustomcolor\" style=\"background-color:#1488bf\"><a href=\"https:\/\/www.linkedin.com\/sharing\/share-offsite\/?url=https%3A%2F%2Fwww.eosbooks.ch%2Fen%2Fprodukt%2Fbergeron-l-e-hamelin-bergeron-p-u-salivet-louis-georges-isaac-manuel-du-tourneur%2F\" title=\"Bei LinkedIn teilen\" aria-label=\"Bei LinkedIn teilen\" role=\"button\" rel=\"noopener nofollow\" class=\"shariff-link\" style=\"; background-color:#0077b5; color:#fff\" target=\"_blank\"><span class=\"shariff-icon\" style=\"\"><svg width=\"32px\" height=\"20px\" xmlns=\"http:\/\/www.w3.org\/2000\/svg\" viewBox=\"0 0 27 32\"><path fill=\"#0077b5\" d=\"M6.2 11.2v17.7h-5.9v-17.7h5.9zM6.6 5.7q0 1.3-0.9 2.2t-2.4 0.9h0q-1.5 0-2.4-0.9t-0.9-2.2 0.9-2.2 2.4-0.9 2.4 0.9 0.9 2.2zM27.4 18.7v10.1h-5.9v-9.5q0-1.9-0.7-2.9t-2.3-1.1q-1.1 0-1.9 0.6t-1.2 1.5q-0.2 0.5-0.2 1.4v9.9h-5.9q0-7.1 0-11.6t0-5.3l0-0.9h5.9v2.6h0q0.4-0.6 0.7-1t1-0.9 1.6-0.8 2-0.3q3 0 4.9 2t1.9 6z\"\/><\/svg><\/span><\/a><\/li><\/ul><\/div>","protected":false},"excerpt":{"rendered":"<p>Bergeron, L.E., Hamelin-Bergeron, P. u. Salivet, Louis Georges Isaac: \u00a0Manuel du Tourneur, Ouvrage dans lequel on enseigne aux amateurs la mani\u00e8re d&#8217;ex\u00e9cuter sur le tour pointes, a lunettes, en l&#8217;air, a guillocher, carr\u00e9 a portraits, a graver le verre et avec les machines excentriques, ovales, epicyclo\u00efde, etc. Tout ce que l&#8217;art peut produire d&#8217;utile et [&hellip;]<\/p>\n","protected":false},"featured_media":9736347,"comment_status":"closed","ping_status":"closed","template":"","meta":[],"product_brand":[],"product_cat":[788],"product_tag":[],"class_list":{"0":"post-56358","1":"product","2":"type-product","3":"status-publish","4":"has-post-thumbnail","6":"product_cat-varia-verschiedene-sachgebiete-various-subjects-miscellaneous","8":"first","9":"instock","10":"taxable","11":"shipping-taxable","12":"purchasable","13":"product-type-simple"},"aioseo_notices":[],"_links":{"self":[{"href":"https:\/\/www.eosbooks.ch\/en\/wp-json\/wp\/v2\/product\/56358","targetHints":{"allow":["GET"]}}],"collection":[{"href":"https:\/\/www.eosbooks.ch\/en\/wp-json\/wp\/v2\/product"}],"about":[{"href":"https:\/\/www.eosbooks.ch\/en\/wp-json\/wp\/v2\/types\/product"}],"replies":[{"embeddable":true,"href":"https:\/\/www.eosbooks.ch\/en\/wp-json\/wp\/v2\/comments?post=56358"}],"wp:featuredmedia":[{"embeddable":true,"href":"https:\/\/www.eosbooks.ch\/en\/wp-json\/wp\/v2\/media\/9736347"}],"wp:attachment":[{"href":"https:\/\/www.eosbooks.ch\/en\/wp-json\/wp\/v2\/media?parent=56358"}],"wp:term":[{"taxonomy":"product_brand","embeddable":true,"href":"https:\/\/www.eosbooks.ch\/en\/wp-json\/wp\/v2\/product_brand?post=56358"},{"taxonomy":"product_cat","embeddable":true,"href":"https:\/\/www.eosbooks.ch\/en\/wp-json\/wp\/v2\/product_cat?post=56358"},{"taxonomy":"product_tag","embeddable":true,"href":"https:\/\/www.eosbooks.ch\/en\/wp-json\/wp\/v2\/product_tag?post=56358"}],"curies":[{"name":"wp","href":"https:\/\/api.w.org\/{rel}","templated":true}]}}