{"id":56167,"date":"2026-04-29T22:27:58","date_gmt":"2026-04-29T20:27:58","guid":{"rendered":"http:\/\/eosbooks.ch.w015255e.kasserver.com\/produkt\/leonhard-paolo-girolamo-casanuova-von-porto-maurizio-sermons-pour-le-careme\/"},"modified":"2026-04-29T22:27:58","modified_gmt":"2026-04-29T20:27:58","slug":"leonhard-paolo-girolamo-casanuova-von-porto-maurizio-sermons-pour-le-careme","status":"publish","type":"product","link":"https:\/\/www.eosbooks.ch\/en\/produkt\/leonhard-paolo-girolamo-casanuova-von-porto-maurizio-sermons-pour-le-careme\/","title":{"rendered":"Leonhard (Paolo Girolamo Casanuova)  von Porto-Maurizio:  Sermons pour le car\u00eame."},"content":{"rendered":"<p><span class=\"autor\"> Leonhard (Paolo Girolamo Casanuova)  von Porto-Maurizio: <\/span>\u00a0<span class=\"titel\" style=\"font-size: 1em\">Sermons pour le car\u00eame.<\/span><span style=\"font-size: 1em\"> Ouvrage faisant partie des oeuvres compl\u00e8tes, publi\u00e9es d&#8217;apr\u00e8s les originaux conserv\u00e9s dans les archives du couvent de Saint-Bonaventure \u00e0 Rome et pr\u00e9c\u00e9d\u00e9es de sa vie par le R. P. Salvator d&#8217;Orm\u00e9a. Traduites de l&#8217;Italien par F.-I.-J. Labis. Paris u. Leipzig,  H. &#038; L. Casterman,  (ca. 1900). 5. Auflage.  2 Bde.  Klein-8\u00b0.  (1) Bl., IX, 486 S.; (1) Bl., 488 S., (1) Bl. Halblederbde. d. Zt. mit R\u00fcckenvergoldung u. goldgepr. R\u00fcckentiteln (leicht berieben).  = &#8220;Oeuvres compl\u00e8tes du bienhereux L\u00e9onard de Port-Maurice&#8221;, Bde. 3 u. 4.<\/span><\/p>\n<p class=\"kommentar1\">Bautz IV, Sp. 1490-1492 (f\u00fcr Leonhard). &#8211; Leonhard von Porto Maurizio (1676-1751), Heiliggesprochener u. Patron der Volksmissionare, Jesuitenpriester. Leonhard hielt, eine Neuheit in der Predigtgeschichte, kurze Kreuzwegpredigten u. errichtete 572 Kreuzwege, davon 42 in Rom. &#8211; Mit Bibliotheksstempeln u. -schildern auf Vors\u00e4tzen, ersten leeren Bl\u00e4ttern u. Titelseiten. Durchgehend gebr\u00e4unt.  (Sprache: Franz\u00f6sisch \/ Fran\u00e7ais \/ French)<\/p>\n<p>+ Wichtig: F\u00fcr unsere Kunden in der EU erfolgt der Versand alle 14 Tage verzollt ab Deutschland \/ Postbank-Konto in Deutschland vorhanden +<\/p>\n<p>Frage zu diesem Artikel\/der Abbildung &#8211; <a href=\"mailto:orders@eosbooks.ch?subject=Eine Frage zu dem Artikel\/der Abbildung 5516BB\">Kontakt<\/a>?<br \/>\n<span class=\"schlagwort\">Theologie \u2013 Religionen \/ Theology \u2013 Religions, Barock \/ Baroque, Katholische Kirche &#8211; Katholizismus \/ Catholic church &#8211; Catholicism, Katholische Orden, Missionswissenschaft \/ Missiology, Predigt &#8211; Predigten \/ Sermon &#8211; Sermons<\/span><\/p>\n<div class=\"shariff shariff-align-left shariff-widget-align-left\"><div class=\"ShariffHeadline\"><hr><\/div><ul class=\"shariff-buttons theme-round orientation-horizontal buttonsize-medium\"><li class=\"shariff-button facebook shariff-nocustomcolor\" style=\"background-color:#4273c8\"><a href=\"https:\/\/www.facebook.com\/sharer\/sharer.php?u=https%3A%2F%2Fwww.eosbooks.ch%2Fen%2Fprodukt%2Fleonhard-paolo-girolamo-casanuova-von-porto-maurizio-sermons-pour-le-careme%2F\" title=\"Bei Facebook teilen\" aria-label=\"Bei Facebook teilen\" role=\"button\" rel=\"nofollow\" class=\"shariff-link\" style=\"; background-color:#3b5998; color:#fff\" target=\"_blank\"><span class=\"shariff-icon\" style=\"\"><svg width=\"32px\" height=\"20px\" xmlns=\"http:\/\/www.w3.org\/2000\/svg\" viewBox=\"0 0 18 32\"><path fill=\"#3b5998\" d=\"M17.1 0.2v4.7h-2.8q-1.5 0-2.1 0.6t-0.5 1.9v3.4h5.2l-0.7 5.3h-4.5v13.6h-5.5v-13.6h-4.5v-5.3h4.5v-3.9q0-3.3 1.9-5.2t5-1.8q2.6 0 4.1 0.2z\"\/><\/svg><\/span><\/a><\/li><li class=\"shariff-button twitter shariff-nocustomcolor\" style=\"background-color:#595959\"><a href=\"https:\/\/twitter.com\/share?url=https%3A%2F%2Fwww.eosbooks.ch%2Fen%2Fprodukt%2Fleonhard-paolo-girolamo-casanuova-von-porto-maurizio-sermons-pour-le-careme%2F&text=Leonhard%20%28Paolo%20Girolamo%20Casanuova%29%20%20von%20Porto-Maurizio%3A%20%20Sermons%20pour%20le%20car%C3%AAme.\" title=\"Bei X teilen\" aria-label=\"Bei X teilen\" role=\"button\" rel=\"noopener nofollow\" class=\"shariff-link\" style=\"; background-color:#000; color:#fff\" target=\"_blank\"><span class=\"shariff-icon\" style=\"\"><svg width=\"32px\" height=\"20px\" xmlns=\"http:\/\/www.w3.org\/2000\/svg\" viewBox=\"0 0 24 24\"><path fill=\"#000\" d=\"M14.258 10.152L23.176 0h-2.113l-7.747 8.813L7.133 0H0l9.352 13.328L0 23.973h2.113l8.176-9.309 6.531 9.309h7.133zm-2.895 3.293l-.949-1.328L2.875 1.56h3.246l6.086 8.523.945 1.328 7.91 11.078h-3.246zm0 0\"\/><\/svg><\/span><\/a><\/li><li class=\"shariff-button linkedin shariff-nocustomcolor\" style=\"background-color:#1488bf\"><a href=\"https:\/\/www.linkedin.com\/sharing\/share-offsite\/?url=https%3A%2F%2Fwww.eosbooks.ch%2Fen%2Fprodukt%2Fleonhard-paolo-girolamo-casanuova-von-porto-maurizio-sermons-pour-le-careme%2F\" title=\"Bei LinkedIn teilen\" aria-label=\"Bei LinkedIn teilen\" role=\"button\" rel=\"noopener nofollow\" class=\"shariff-link\" style=\"; background-color:#0077b5; color:#fff\" target=\"_blank\"><span class=\"shariff-icon\" style=\"\"><svg width=\"32px\" height=\"20px\" xmlns=\"http:\/\/www.w3.org\/2000\/svg\" viewBox=\"0 0 27 32\"><path fill=\"#0077b5\" d=\"M6.2 11.2v17.7h-5.9v-17.7h5.9zM6.6 5.7q0 1.3-0.9 2.2t-2.4 0.9h0q-1.5 0-2.4-0.9t-0.9-2.2 0.9-2.2 2.4-0.9 2.4 0.9 0.9 2.2zM27.4 18.7v10.1h-5.9v-9.5q0-1.9-0.7-2.9t-2.3-1.1q-1.1 0-1.9 0.6t-1.2 1.5q-0.2 0.5-0.2 1.4v9.9h-5.9q0-7.1 0-11.6t0-5.3l0-0.9h5.9v2.6h0q0.4-0.6 0.7-1t1-0.9 1.6-0.8 2-0.3q3 0 4.9 2t1.9 6z\"\/><\/svg><\/span><\/a><\/li><\/ul><\/div>","protected":false},"excerpt":{"rendered":"<p>Leonhard (Paolo Girolamo Casanuova) von Porto-Maurizio: \u00a0Sermons pour le car\u00eame. Ouvrage faisant partie des oeuvres compl\u00e8tes, publi\u00e9es d&#8217;apr\u00e8s les originaux conserv\u00e9s dans les archives du couvent de Saint-Bonaventure \u00e0 Rome et pr\u00e9c\u00e9d\u00e9es de sa vie par le R. P. Salvator d&#8217;Orm\u00e9a. Traduites de l&#8217;Italien par F.-I.-J. Labis. Paris u. Leipzig, H. &#038; L. Casterman, (ca. [&hellip;]<\/p>\n","protected":false},"featured_media":0,"comment_status":"closed","ping_status":"closed","template":"","meta":[],"product_brand":[],"product_cat":[791],"product_tag":[],"class_list":{"0":"post-56167","1":"product","2":"type-product","3":"status-publish","5":"product_cat-theologie-religionen-theology-religions","7":"first","8":"instock","9":"taxable","10":"shipping-taxable","11":"purchasable","12":"product-type-simple"},"aioseo_notices":[],"_links":{"self":[{"href":"https:\/\/www.eosbooks.ch\/en\/wp-json\/wp\/v2\/product\/56167","targetHints":{"allow":["GET"]}}],"collection":[{"href":"https:\/\/www.eosbooks.ch\/en\/wp-json\/wp\/v2\/product"}],"about":[{"href":"https:\/\/www.eosbooks.ch\/en\/wp-json\/wp\/v2\/types\/product"}],"replies":[{"embeddable":true,"href":"https:\/\/www.eosbooks.ch\/en\/wp-json\/wp\/v2\/comments?post=56167"}],"wp:attachment":[{"href":"https:\/\/www.eosbooks.ch\/en\/wp-json\/wp\/v2\/media?parent=56167"}],"wp:term":[{"taxonomy":"product_brand","embeddable":true,"href":"https:\/\/www.eosbooks.ch\/en\/wp-json\/wp\/v2\/product_brand?post=56167"},{"taxonomy":"product_cat","embeddable":true,"href":"https:\/\/www.eosbooks.ch\/en\/wp-json\/wp\/v2\/product_cat?post=56167"},{"taxonomy":"product_tag","embeddable":true,"href":"https:\/\/www.eosbooks.ch\/en\/wp-json\/wp\/v2\/product_tag?post=56167"}],"curies":[{"name":"wp","href":"https:\/\/api.w.org\/{rel}","templated":true}]}}