{"id":55928,"date":"2026-04-22T18:27:58","date_gmt":"2026-04-22T16:27:58","guid":{"rendered":"http:\/\/eosbooks.ch.w015255e.kasserver.com\/produkt\/dusaulx-j-de-mes-rapports-aves-j-j-rousseau-et-de-notre-correspondance-suivie-dune-notice-tres-importante\/"},"modified":"2026-04-22T18:27:58","modified_gmt":"2026-04-22T16:27:58","slug":"dusaulx-j-de-mes-rapports-aves-j-j-rousseau-et-de-notre-correspondance-suivie-dune-notice-tres-importante","status":"publish","type":"product","link":"https:\/\/www.eosbooks.ch\/en\/produkt\/dusaulx-j-de-mes-rapports-aves-j-j-rousseau-et-de-notre-correspondance-suivie-dune-notice-tres-importante\/","title":{"rendered":"Dusaulx, J.:  De mes rapports aves J. J. Rousseau, et de notre correspondance, suivie d&#8217;une notice tr\u00e8s-importante."},"content":{"rendered":"<p>Rousseau.-<span class=\"autor\"> Dusaulx, J.: <\/span>\u00a0<span class=\"titel\" style=\"font-size: 1em\">De mes rapports aves J. J. Rousseau, et de notre correspondance, suivie d&#8217;une notice tr\u00e8s-importante.<\/span><span style=\"font-size: 1em\">  Paris,  L&#8217;Imprimerie de Didot Jeune, 1798. 8\u00b0. (6) 294 S.  Halblederbd. d. Zt. mit R\u00fcckenvergoldung (R\u00fccken mit 4 [dv. 2 m. kl. Materialverlust] Wurmfrasspuren. Verst\u00e4rkte Ecken mit kl. Fehlstelle am Pergament).<\/span><\/p>\n<p class=\"kommentar1\">Erste Ausgabe. Erste Ausgabe von Dusaulx biographischem Essay \u00fcber J. J. Rousseau, das sich haupts\u00e4chlich auf dessen letzte Lebensjahre konzentriert. Dusaulx, durch Deleyre mit Rousseau bekannt gemacht und ein grosser Verehrer von diesem, analysiert und psychologisiert Rousseaus Werk kritisch und kommentiert die zwischen den beiden entstandene Korrespondenz. Beigebunden: (1.:) De J. J. Rousseau. Extrait du Journal de Paris, des n.os 251, 256, 258, 259, 260 &#038; 261, de l&#8217;an VI (Paris, Imprimerie du Journal de Paris, 1798). 75 S. (2.:) Lettres sur les ouvrages et le caract\u00e8re de J. J. Rousseau. Derni\u00e8re edition. Augment\u00e9e d&#8217;une lettre de Mme la Comtesse Alexandre de Vassy, &#038; d&#8217;une r\u00e9ponse de Mme la Baronne de Sta\u00ebl. O.O., o. Vlg., 1789. (4) 92 S. &#8211; Mit handschriftl. Titeleien der drei Werke auf dem Schmutztitel von alter Hand. Vors\u00e4tze leicht angestaubt, stellenweise gering stockfleckig.  (Sprache: Franz\u00f6sisch \/ Fran\u00e7ais \/ French)<\/p>\n<p>+ Wichtig: F\u00fcr unsere Kunden in der EU erfolgt der Versand alle 14 Tage verzollt ab Deutschland \/ Postbank-Konto in Deutschland vorhanden +<\/p>\n<p>Frage zu diesem Artikel\/der Abbildung &#8211; <a href=\"mailto:orders@eosbooks.ch?subject=Eine Frage zu dem Artikel\/der Abbildung 3959BB\">Kontakt<\/a>?<br \/>\n<span class=\"schlagwort\">Geschichte \/ History, Varia \u2013 Verschiedene Sachgebiete \/ Various subjects &#8211; Miscellaneous, Biographien &#8211; Autobiographien \/ Biographies &#8211; Autobiographies, Briefe \/ Letters, Frankreich \/ France, Franz\u00f6sische  Revolution \/ French Revolution, Kulturgeschichte &#8211; Sittengeschichte \/ History of culture, Philosophie \/ Philosophy<\/span><\/p>\n<div class=\"shariff shariff-align-left shariff-widget-align-left\"><div class=\"ShariffHeadline\"><hr><\/div><ul class=\"shariff-buttons theme-round orientation-horizontal buttonsize-medium\"><li class=\"shariff-button facebook shariff-nocustomcolor\" style=\"background-color:#4273c8\"><a href=\"https:\/\/www.facebook.com\/sharer\/sharer.php?u=https%3A%2F%2Fwww.eosbooks.ch%2Fen%2Fprodukt%2Fdusaulx-j-de-mes-rapports-aves-j-j-rousseau-et-de-notre-correspondance-suivie-dune-notice-tres-importante%2F\" title=\"Bei Facebook teilen\" aria-label=\"Bei Facebook teilen\" role=\"button\" rel=\"nofollow\" class=\"shariff-link\" style=\"; background-color:#3b5998; color:#fff\" target=\"_blank\"><span class=\"shariff-icon\" style=\"\"><svg width=\"32px\" height=\"20px\" xmlns=\"http:\/\/www.w3.org\/2000\/svg\" viewBox=\"0 0 18 32\"><path fill=\"#3b5998\" d=\"M17.1 0.2v4.7h-2.8q-1.5 0-2.1 0.6t-0.5 1.9v3.4h5.2l-0.7 5.3h-4.5v13.6h-5.5v-13.6h-4.5v-5.3h4.5v-3.9q0-3.3 1.9-5.2t5-1.8q2.6 0 4.1 0.2z\"\/><\/svg><\/span><\/a><\/li><li class=\"shariff-button twitter shariff-nocustomcolor\" style=\"background-color:#595959\"><a href=\"https:\/\/twitter.com\/share?url=https%3A%2F%2Fwww.eosbooks.ch%2Fen%2Fprodukt%2Fdusaulx-j-de-mes-rapports-aves-j-j-rousseau-et-de-notre-correspondance-suivie-dune-notice-tres-importante%2F&text=Dusaulx%2C%20J.%3A%20%20De%20mes%20rapports%20aves%20J.%20J.%20Rousseau%2C%20et%20de%20notre%20correspondance%2C%20suivie%20d%E2%80%99une%20notice%20tr%C3%A8s-importante.\" title=\"Bei X teilen\" aria-label=\"Bei X teilen\" role=\"button\" rel=\"noopener nofollow\" class=\"shariff-link\" style=\"; background-color:#000; color:#fff\" target=\"_blank\"><span class=\"shariff-icon\" style=\"\"><svg width=\"32px\" height=\"20px\" xmlns=\"http:\/\/www.w3.org\/2000\/svg\" viewBox=\"0 0 24 24\"><path fill=\"#000\" d=\"M14.258 10.152L23.176 0h-2.113l-7.747 8.813L7.133 0H0l9.352 13.328L0 23.973h2.113l8.176-9.309 6.531 9.309h7.133zm-2.895 3.293l-.949-1.328L2.875 1.56h3.246l6.086 8.523.945 1.328 7.91 11.078h-3.246zm0 0\"\/><\/svg><\/span><\/a><\/li><li class=\"shariff-button linkedin shariff-nocustomcolor\" style=\"background-color:#1488bf\"><a href=\"https:\/\/www.linkedin.com\/sharing\/share-offsite\/?url=https%3A%2F%2Fwww.eosbooks.ch%2Fen%2Fprodukt%2Fdusaulx-j-de-mes-rapports-aves-j-j-rousseau-et-de-notre-correspondance-suivie-dune-notice-tres-importante%2F\" title=\"Bei LinkedIn teilen\" aria-label=\"Bei LinkedIn teilen\" role=\"button\" rel=\"noopener nofollow\" class=\"shariff-link\" style=\"; background-color:#0077b5; color:#fff\" target=\"_blank\"><span class=\"shariff-icon\" style=\"\"><svg width=\"32px\" height=\"20px\" xmlns=\"http:\/\/www.w3.org\/2000\/svg\" viewBox=\"0 0 27 32\"><path fill=\"#0077b5\" d=\"M6.2 11.2v17.7h-5.9v-17.7h5.9zM6.6 5.7q0 1.3-0.9 2.2t-2.4 0.9h0q-1.5 0-2.4-0.9t-0.9-2.2 0.9-2.2 2.4-0.9 2.4 0.9 0.9 2.2zM27.4 18.7v10.1h-5.9v-9.5q0-1.9-0.7-2.9t-2.3-1.1q-1.1 0-1.9 0.6t-1.2 1.5q-0.2 0.5-0.2 1.4v9.9h-5.9q0-7.1 0-11.6t0-5.3l0-0.9h5.9v2.6h0q0.4-0.6 0.7-1t1-0.9 1.6-0.8 2-0.3q3 0 4.9 2t1.9 6z\"\/><\/svg><\/span><\/a><\/li><\/ul><\/div>","protected":false},"excerpt":{"rendered":"<p>Rousseau.- Dusaulx, J.: \u00a0De mes rapports aves J. J. Rousseau, et de notre correspondance, suivie d&#8217;une notice tr\u00e8s-importante. Paris, L&#8217;Imprimerie de Didot Jeune, 1798. 8\u00b0. (6) 294 S. Halblederbd. d. Zt. mit R\u00fcckenvergoldung (R\u00fccken mit 4 [dv. 2 m. kl. Materialverlust] Wurmfrasspuren. Verst\u00e4rkte Ecken mit kl. Fehlstelle am Pergament). Erste Ausgabe. Erste Ausgabe von Dusaulx [&hellip;]<\/p>\n","protected":false},"featured_media":0,"comment_status":"closed","ping_status":"closed","template":"","meta":[],"product_brand":[],"product_cat":[793,788],"product_tag":[],"class_list":{"0":"post-55928","1":"product","2":"type-product","3":"status-publish","5":"product_cat-geschichte-history","6":"product_cat-varia-verschiedene-sachgebiete-various-subjects-miscellaneous","8":"first","9":"instock","10":"taxable","11":"shipping-taxable","12":"purchasable","13":"product-type-simple"},"aioseo_notices":[],"_links":{"self":[{"href":"https:\/\/www.eosbooks.ch\/en\/wp-json\/wp\/v2\/product\/55928","targetHints":{"allow":["GET"]}}],"collection":[{"href":"https:\/\/www.eosbooks.ch\/en\/wp-json\/wp\/v2\/product"}],"about":[{"href":"https:\/\/www.eosbooks.ch\/en\/wp-json\/wp\/v2\/types\/product"}],"replies":[{"embeddable":true,"href":"https:\/\/www.eosbooks.ch\/en\/wp-json\/wp\/v2\/comments?post=55928"}],"wp:attachment":[{"href":"https:\/\/www.eosbooks.ch\/en\/wp-json\/wp\/v2\/media?parent=55928"}],"wp:term":[{"taxonomy":"product_brand","embeddable":true,"href":"https:\/\/www.eosbooks.ch\/en\/wp-json\/wp\/v2\/product_brand?post=55928"},{"taxonomy":"product_cat","embeddable":true,"href":"https:\/\/www.eosbooks.ch\/en\/wp-json\/wp\/v2\/product_cat?post=55928"},{"taxonomy":"product_tag","embeddable":true,"href":"https:\/\/www.eosbooks.ch\/en\/wp-json\/wp\/v2\/product_tag?post=55928"}],"curies":[{"name":"wp","href":"https:\/\/api.w.org\/{rel}","templated":true}]}}