{"id":55851,"date":"2026-04-29T20:27:25","date_gmt":"2026-04-29T18:27:25","guid":{"rendered":"http:\/\/eosbooks.ch.w015255e.kasserver.com\/produkt\/gracian-baltasar-le-heros-traduit-de-lespagnol-de-baltazar-gracien-avec-des-remarques-par-joseph-de-courbeville\/"},"modified":"2026-04-29T20:27:25","modified_gmt":"2026-04-29T18:27:25","slug":"gracian-baltasar-le-heros-traduit-de-lespagnol-de-baltazar-gracien-avec-des-remarques-par-joseph-de-courbeville","status":"publish","type":"product","link":"https:\/\/www.eosbooks.ch\/en\/produkt\/gracian-baltasar-le-heros-traduit-de-lespagnol-de-baltazar-gracien-avec-des-remarques-par-joseph-de-courbeville\/","title":{"rendered":"Graci\u00e0n, Baltasar:  Le Heros, traduit de l&#8217;espagnol de Baltazar Gracien avec des remarques (par Joseph de Courbeville)."},"content":{"rendered":"<p><span class=\"autor\"> Graci\u00e0n, Baltasar: <\/span>\u00a0<span class=\"titel\" style=\"font-size: 1em\">Le Heros, traduit de l&#8217;espagnol de Baltazar Gracien avec des remarques (par Joseph de Courbeville).<\/span><span style=\"font-size: 1em\">  Paris, chez Noel Pissot 1725. 8\u00b0. 12 n.n. Bl., 668 (recte 364) S., 2 n.n. Bl. Approbation und Privilege. Lederband der Zeit mit goldgepr\u00e4gtem rotem R\u00fcckenschild und reicher floraler R\u00fcckenvergoldung.<\/span><\/p>\n<p class=\"kommentar1\">Qu\u00e9rard, La France litt\u00e9raire 3, 439. &#8211; Erste franz\u00f6sische Ausgabe. &#8211; F\u00fcr die franz\u00f6sische Aufkl\u00e4rung wichtiger Text, obwohl bereits 1637 in Spanisch ver\u00f6ffentlicht. Das Buch kann als Erg\u00e4nzung zu Macchiavellis &#8220;Principe&#8221; verstanden werden. Geschrieben wurde es f\u00fcr den Spanischen K\u00f6nig Fernando el Catolico als Teil der Lehre der menschlichen Vollkommenheit von Gracian. Die Erwartungen an den im Jahre 1725 erst 15j\u00e4hrigen franz\u00f6sischen K\u00f6nig Louis XV waren riesig. Der \u00dcbersetzer Joseph de Courbeville war Jesuit und arbeitete als Journalist. &#8211; Einbandecken bestossen. Kapital mit kleinen Fehlstellen. Deckel beschabt. Titel fleckig. Die ersten 4 Blatt mit Wurmspur. &#8211; Selten.<\/p>\n<p>+ Wichtig: F\u00fcr unsere Kunden in der EU erfolgt der Versand alle 14 Tage verzollt ab Deutschland \/ Postbank-Konto in Deutschland vorhanden +<\/p>\n<p>Frage zu diesem Artikel\/der Abbildung &#8211; <a href=\"mailto:orders@eosbooks.ch?subject=Eine Frage zu dem Artikel\/der Abbildung 35122DB\">Kontakt<\/a>?<br \/>\n<span class=\"schlagwort\">Geschichte \/ History, Philosophie \/ Philosophy, Spanien \/ Spain<\/span><\/p>\n<div class=\"shariff shariff-align-left shariff-widget-align-left\"><div class=\"ShariffHeadline\"><hr><\/div><ul class=\"shariff-buttons theme-round orientation-horizontal buttonsize-medium\"><li class=\"shariff-button facebook shariff-nocustomcolor\" style=\"background-color:#4273c8\"><a href=\"https:\/\/www.facebook.com\/sharer\/sharer.php?u=https%3A%2F%2Fwww.eosbooks.ch%2Fen%2Fprodukt%2Fgracian-baltasar-le-heros-traduit-de-lespagnol-de-baltazar-gracien-avec-des-remarques-par-joseph-de-courbeville%2F\" title=\"Bei Facebook teilen\" aria-label=\"Bei Facebook teilen\" role=\"button\" rel=\"nofollow\" class=\"shariff-link\" style=\"; background-color:#3b5998; color:#fff\" target=\"_blank\"><span class=\"shariff-icon\" style=\"\"><svg width=\"32px\" height=\"20px\" xmlns=\"http:\/\/www.w3.org\/2000\/svg\" viewBox=\"0 0 18 32\"><path fill=\"#3b5998\" d=\"M17.1 0.2v4.7h-2.8q-1.5 0-2.1 0.6t-0.5 1.9v3.4h5.2l-0.7 5.3h-4.5v13.6h-5.5v-13.6h-4.5v-5.3h4.5v-3.9q0-3.3 1.9-5.2t5-1.8q2.6 0 4.1 0.2z\"\/><\/svg><\/span><\/a><\/li><li class=\"shariff-button twitter shariff-nocustomcolor\" style=\"background-color:#595959\"><a href=\"https:\/\/twitter.com\/share?url=https%3A%2F%2Fwww.eosbooks.ch%2Fen%2Fprodukt%2Fgracian-baltasar-le-heros-traduit-de-lespagnol-de-baltazar-gracien-avec-des-remarques-par-joseph-de-courbeville%2F&text=Graci%C3%A0n%2C%20Baltasar%3A%20%20Le%20Heros%2C%20traduit%20de%20l%E2%80%99espagnol%20de%20Baltazar%20Gracien%20avec%20des%20remarques%20%28par%20Joseph%20de%20Courbeville%29.\" title=\"Bei X teilen\" aria-label=\"Bei X teilen\" role=\"button\" rel=\"noopener nofollow\" class=\"shariff-link\" style=\"; background-color:#000; color:#fff\" target=\"_blank\"><span class=\"shariff-icon\" style=\"\"><svg width=\"32px\" height=\"20px\" xmlns=\"http:\/\/www.w3.org\/2000\/svg\" viewBox=\"0 0 24 24\"><path fill=\"#000\" d=\"M14.258 10.152L23.176 0h-2.113l-7.747 8.813L7.133 0H0l9.352 13.328L0 23.973h2.113l8.176-9.309 6.531 9.309h7.133zm-2.895 3.293l-.949-1.328L2.875 1.56h3.246l6.086 8.523.945 1.328 7.91 11.078h-3.246zm0 0\"\/><\/svg><\/span><\/a><\/li><li class=\"shariff-button linkedin shariff-nocustomcolor\" style=\"background-color:#1488bf\"><a href=\"https:\/\/www.linkedin.com\/sharing\/share-offsite\/?url=https%3A%2F%2Fwww.eosbooks.ch%2Fen%2Fprodukt%2Fgracian-baltasar-le-heros-traduit-de-lespagnol-de-baltazar-gracien-avec-des-remarques-par-joseph-de-courbeville%2F\" title=\"Bei LinkedIn teilen\" aria-label=\"Bei LinkedIn teilen\" role=\"button\" rel=\"noopener nofollow\" class=\"shariff-link\" style=\"; background-color:#0077b5; color:#fff\" target=\"_blank\"><span class=\"shariff-icon\" style=\"\"><svg width=\"32px\" height=\"20px\" xmlns=\"http:\/\/www.w3.org\/2000\/svg\" viewBox=\"0 0 27 32\"><path fill=\"#0077b5\" d=\"M6.2 11.2v17.7h-5.9v-17.7h5.9zM6.6 5.7q0 1.3-0.9 2.2t-2.4 0.9h0q-1.5 0-2.4-0.9t-0.9-2.2 0.9-2.2 2.4-0.9 2.4 0.9 0.9 2.2zM27.4 18.7v10.1h-5.9v-9.5q0-1.9-0.7-2.9t-2.3-1.1q-1.1 0-1.9 0.6t-1.2 1.5q-0.2 0.5-0.2 1.4v9.9h-5.9q0-7.1 0-11.6t0-5.3l0-0.9h5.9v2.6h0q0.4-0.6 0.7-1t1-0.9 1.6-0.8 2-0.3q3 0 4.9 2t1.9 6z\"\/><\/svg><\/span><\/a><\/li><\/ul><\/div>","protected":false},"excerpt":{"rendered":"<p>Graci\u00e0n, Baltasar: \u00a0Le Heros, traduit de l&#8217;espagnol de Baltazar Gracien avec des remarques (par Joseph de Courbeville). Paris, chez Noel Pissot 1725. 8\u00b0. 12 n.n. Bl., 668 (recte 364) S., 2 n.n. Bl. Approbation und Privilege. Lederband der Zeit mit goldgepr\u00e4gtem rotem R\u00fcckenschild und reicher floraler R\u00fcckenvergoldung. Qu\u00e9rard, La France litt\u00e9raire 3, 439. &#8211; Erste [&hellip;]<\/p>\n","protected":false},"featured_media":0,"comment_status":"closed","ping_status":"closed","template":"","meta":[],"product_brand":[],"product_cat":[793],"product_tag":[],"class_list":{"0":"post-55851","1":"product","2":"type-product","3":"status-publish","5":"product_cat-geschichte-history","7":"first","8":"instock","9":"taxable","10":"shipping-taxable","11":"purchasable","12":"product-type-simple"},"aioseo_notices":[],"_links":{"self":[{"href":"https:\/\/www.eosbooks.ch\/en\/wp-json\/wp\/v2\/product\/55851","targetHints":{"allow":["GET"]}}],"collection":[{"href":"https:\/\/www.eosbooks.ch\/en\/wp-json\/wp\/v2\/product"}],"about":[{"href":"https:\/\/www.eosbooks.ch\/en\/wp-json\/wp\/v2\/types\/product"}],"replies":[{"embeddable":true,"href":"https:\/\/www.eosbooks.ch\/en\/wp-json\/wp\/v2\/comments?post=55851"}],"wp:attachment":[{"href":"https:\/\/www.eosbooks.ch\/en\/wp-json\/wp\/v2\/media?parent=55851"}],"wp:term":[{"taxonomy":"product_brand","embeddable":true,"href":"https:\/\/www.eosbooks.ch\/en\/wp-json\/wp\/v2\/product_brand?post=55851"},{"taxonomy":"product_cat","embeddable":true,"href":"https:\/\/www.eosbooks.ch\/en\/wp-json\/wp\/v2\/product_cat?post=55851"},{"taxonomy":"product_tag","embeddable":true,"href":"https:\/\/www.eosbooks.ch\/en\/wp-json\/wp\/v2\/product_tag?post=55851"}],"curies":[{"name":"wp","href":"https:\/\/api.w.org\/{rel}","templated":true}]}}