{"id":55841,"date":"2026-04-01T12:27:23","date_gmt":"2026-04-01T10:27:23","guid":{"rendered":"http:\/\/eosbooks.ch.w015255e.kasserver.com\/produkt\/garde-graf-august-de-la-gemaelde-des-wiener-kongresses\/"},"modified":"2026-04-01T12:27:23","modified_gmt":"2026-04-01T10:27:23","slug":"garde-graf-august-de-la-gemaelde-des-wiener-kongresses","status":"publish","type":"product","link":"https:\/\/www.eosbooks.ch\/en\/produkt\/garde-graf-august-de-la-gemaelde-des-wiener-kongresses\/","title":{"rendered":"Garde, Graf Aug(ust) de la:  Gem\u00e4lde des Wiener Kongresses."},"content":{"rendered":"<p><span class=\"autor\"> Garde, Graf Aug(ust) de la: <\/span>\u00a0<span class=\"titel\" style=\"font-size: 1em\">Gem\u00e4lde des Wiener Kongresses.<\/span><span style=\"font-size: 1em\"> 1814-1815. Erinnerungen, Feste, Sittenschilderungen u. Anekdoten. Eingeleitet und erl\u00e4utert von Gustav Gugitz. M\u00fcnchen, Georg M\u00fcller,  1914. 2. Auflage.  2 Bde. 8\u00b0.  (1) Bl., VIV, 463 (1) S., (1) Bl.; (1) Bl., (4), 486, (1) S. Mit 2 (dv. 1 doppelblattgr.) Frontispiz u. 71 Tafeln.  Privater Halblederbd. mit goldgepr. R\u00fcckentiteln, R\u00fcckenvergoldung u. Kopfgoldschnitt.  = &#8220;Denkw\u00fcrdigkeiten aus Alt\u00f6sterreich&#8221;, Bde. 1 u. 2.<\/span><\/p>\n<p class=\"kommentar1\">+ Wichtig: F\u00fcr unsere Kunden in der EU erfolgt der Versand alle 14 Tage verzollt ab Deutschland \/ Postbank-Konto in Deutschland vorhanden +<\/p>\n<p>Frage zu diesem Artikel\/der Abbildung &#8211; <a href=\"mailto:orders@eosbooks.ch?subject=Eine Frage zu dem Artikel\/der Abbildung 533DB\">Kontakt<\/a>?<br \/>\n<span class=\"schlagwort\">Geschichte \/ History, Kulturgeschichte &#8211; Sittengeschichte \/ History of culture, \u00d6sterreich \/ Austria, Politik &#8211; Staat \/ Politics &#8211; Government<\/span><\/p>\n<div class=\"shariff shariff-align-flex-start shariff-widget-align-flex-start\"><div class=\"ShariffHeadline\"><hr><\/div><ul class=\"shariff-buttons theme-round orientation-horizontal buttonsize-medium\"><li class=\"shariff-button facebook shariff-nocustomcolor\" style=\"background-color:#4273c8\"><a href=\"https:\/\/www.facebook.com\/sharer\/sharer.php?u=https%3A%2F%2Fwww.eosbooks.ch%2Fen%2Fprodukt%2Fgarde-graf-august-de-la-gemaelde-des-wiener-kongresses%2F\" title=\"Bei Facebook teilen\" aria-label=\"Bei Facebook teilen\" role=\"button\" rel=\"nofollow\" class=\"shariff-link\" style=\"; background-color:#3b5998; color:#fff\" target=\"_blank\"><span class=\"shariff-icon\" style=\"\"><svg width=\"32px\" height=\"20px\" xmlns=\"http:\/\/www.w3.org\/2000\/svg\" viewBox=\"0 0 18 32\"><path fill=\"#3b5998\" d=\"M17.1 0.2v4.7h-2.8q-1.5 0-2.1 0.6t-0.5 1.9v3.4h5.2l-0.7 5.3h-4.5v13.6h-5.5v-13.6h-4.5v-5.3h4.5v-3.9q0-3.3 1.9-5.2t5-1.8q2.6 0 4.1 0.2z\"\/><\/svg><\/span><\/a><\/li><li class=\"shariff-button twitter shariff-nocustomcolor\" style=\"background-color:#595959\"><a href=\"https:\/\/twitter.com\/share?url=https%3A%2F%2Fwww.eosbooks.ch%2Fen%2Fprodukt%2Fgarde-graf-august-de-la-gemaelde-des-wiener-kongresses%2F&text=Garde%2C%20Graf%20Aug%28ust%29%20de%20la%3A%20%20Gem%C3%A4lde%20des%20Wiener%20Kongresses.\" title=\"Bei X teilen\" aria-label=\"Bei X teilen\" role=\"button\" rel=\"noopener nofollow\" class=\"shariff-link\" style=\"; background-color:#000; color:#fff\" target=\"_blank\"><span class=\"shariff-icon\" style=\"\"><svg width=\"32px\" height=\"20px\" xmlns=\"http:\/\/www.w3.org\/2000\/svg\" viewBox=\"0 0 24 24\"><path fill=\"#000\" d=\"M14.258 10.152L23.176 0h-2.113l-7.747 8.813L7.133 0H0l9.352 13.328L0 23.973h2.113l8.176-9.309 6.531 9.309h7.133zm-2.895 3.293l-.949-1.328L2.875 1.56h3.246l6.086 8.523.945 1.328 7.91 11.078h-3.246zm0 0\"\/><\/svg><\/span><\/a><\/li><li class=\"shariff-button linkedin shariff-nocustomcolor\" style=\"background-color:#1488bf\"><a href=\"https:\/\/www.linkedin.com\/sharing\/share-offsite\/?url=https%3A%2F%2Fwww.eosbooks.ch%2Fen%2Fprodukt%2Fgarde-graf-august-de-la-gemaelde-des-wiener-kongresses%2F\" title=\"Bei LinkedIn teilen\" aria-label=\"Bei LinkedIn teilen\" role=\"button\" rel=\"noopener nofollow\" class=\"shariff-link\" style=\"; background-color:#0077b5; color:#fff\" target=\"_blank\"><span class=\"shariff-icon\" style=\"\"><svg width=\"32px\" height=\"20px\" xmlns=\"http:\/\/www.w3.org\/2000\/svg\" viewBox=\"0 0 27 32\"><path fill=\"#0077b5\" d=\"M6.2 11.2v17.7h-5.9v-17.7h5.9zM6.6 5.7q0 1.3-0.9 2.2t-2.4 0.9h0q-1.5 0-2.4-0.9t-0.9-2.2 0.9-2.2 2.4-0.9 2.4 0.9 0.9 2.2zM27.4 18.7v10.1h-5.9v-9.5q0-1.9-0.7-2.9t-2.3-1.1q-1.1 0-1.9 0.6t-1.2 1.5q-0.2 0.5-0.2 1.4v9.9h-5.9q0-7.1 0-11.6t0-5.3l0-0.9h5.9v2.6h0q0.4-0.6 0.7-1t1-0.9 1.6-0.8 2-0.3q3 0 4.9 2t1.9 6z\"\/><\/svg><\/span><\/a><\/li><\/ul><\/div>","protected":false},"excerpt":{"rendered":"<p>Garde, Graf Aug(ust) de la: \u00a0Gem\u00e4lde des Wiener Kongresses. 1814-1815. Erinnerungen, Feste, Sittenschilderungen u. Anekdoten. Eingeleitet und erl\u00e4utert von Gustav Gugitz. M\u00fcnchen, Georg M\u00fcller, 1914. 2. Auflage. 2 Bde. 8\u00b0. (1) Bl., VIV, 463 (1) S., (1) Bl.; (1) Bl., (4), 486, (1) S. Mit 2 (dv. 1 doppelblattgr.) Frontispiz u. 71 Tafeln. Privater Halblederbd. [&hellip;]<\/p>\n","protected":false},"featured_media":0,"comment_status":"closed","ping_status":"closed","template":"","meta":[],"product_brand":[],"product_cat":[793],"product_tag":[],"class_list":{"0":"post-55841","1":"product","2":"type-product","3":"status-publish","5":"product_cat-geschichte-history","7":"first","8":"instock","9":"taxable","10":"shipping-taxable","11":"purchasable","12":"product-type-simple"},"aioseo_notices":[],"aioseo_head":"\n\t\t<!-- All in One SEO Pro 4.8.9 - aioseo.com -->\n\t<meta name=\"description\" content=\"Garde, Graf Aug(ust) de la: Gem\u00e4lde des Wiener Kongresses. 1814-1815. Erinnerungen, Feste, Sittenschilderungen u. Anekdoten. Eingeleitet und erl\u00e4utert von Gustav Gugitz. M\u00fcnchen, Georg M\u00fcller, 1914. 2. Auflage. 2 Bde. 8\u00b0. (1) Bl., VIV, 463 (1) S., (1) Bl.; (1) Bl., (4), 486, (1) S. Mit 2 (dv. 1 doppelblattgr.) Frontispiz u. 71 Tafeln. Privater Halblederbd.\" \/>\n\t<meta name=\"robots\" content=\"max-image-preview:large\" \/>\n\t<meta name=\"google-site-verification\" content=\"PCk8OeKBqQd6e-_PfoQFKNo77skySIZQg4CjJ2YBj2Y\" \/>\n\t<link rel=\"canonical\" href=\"https:\/\/www.eosbooks.ch\/en\/produkt\/garde-graf-august-de-la-gemaelde-des-wiener-kongresses\/\" \/>\n\t<meta name=\"generator\" content=\"All in One SEO Pro (AIOSEO) 4.8.9\" \/>\n\t\t<meta property=\"og:locale\" content=\"en_US\" \/>\n\t\t<meta property=\"og:site_name\" content=\"EOS BUCHANTIQUARIAT BENZ EOS BUCHANTIQUARIAT BENZ -\" \/>\n\t\t<meta property=\"og:type\" content=\"article\" \/>\n\t\t<meta property=\"og:title\" content=\"Garde, Graf Aug(ust) de la: Gem\u00e4lde des Wiener Kongresses. - EOS BUCHANTIQUARIAT BENZ\" \/>\n\t\t<meta property=\"og:description\" content=\"Garde, Graf Aug(ust) de la: Gem\u00e4lde des Wiener Kongresses. 1814-1815. Erinnerungen, Feste, Sittenschilderungen u. Anekdoten. Eingeleitet und erl\u00e4utert von Gustav Gugitz. M\u00fcnchen, Georg M\u00fcller, 1914. 2. Auflage. 2 Bde. 8\u00b0. (1) Bl., VIV, 463 (1) S., (1) Bl.; (1) Bl., (4), 486, (1) S. Mit 2 (dv. 1 doppelblattgr.) Frontispiz u. 71 Tafeln. Privater Halblederbd.\" \/>\n\t\t<meta property=\"og:url\" content=\"https:\/\/www.eosbooks.ch\/en\/produkt\/garde-graf-august-de-la-gemaelde-des-wiener-kongresses\/\" \/>\n\t\t<meta property=\"article:published_time\" content=\"2026-04-01T10:27:23+00:00\" \/>\n\t\t<meta property=\"article:modified_time\" content=\"2026-04-01T10:27:23+00:00\" \/>\n\t\t<meta property=\"article:publisher\" content=\"https:\/\/www.facebook.com\/eos.buchantiquariatbenz\" \/>\n\t\t<meta name=\"twitter:card\" content=\"summary_large_image\" \/>\n\t\t<meta name=\"twitter:site\" content=\"@BenzEos\" \/>\n\t\t<meta name=\"twitter:title\" content=\"Garde, Graf Aug(ust) de la: Gem\u00e4lde des Wiener Kongresses. - EOS BUCHANTIQUARIAT BENZ\" \/>\n\t\t<meta name=\"twitter:description\" content=\"Garde, Graf Aug(ust) de la: Gem\u00e4lde des Wiener Kongresses. 1814-1815. Erinnerungen, Feste, Sittenschilderungen u. Anekdoten. Eingeleitet und erl\u00e4utert von Gustav Gugitz. M\u00fcnchen, Georg M\u00fcller, 1914. 2. Auflage. 2 Bde. 8\u00b0. (1) Bl., VIV, 463 (1) S., (1) Bl.; (1) Bl., (4), 486, (1) S. Mit 2 (dv. 1 doppelblattgr.) Frontispiz u. 71 Tafeln. Privater Halblederbd.\" \/>\n\t\t<script type=\"application\/ld+json\" class=\"aioseo-schema\">\n\t\t\t{\"@context\":\"https:\\\/\\\/schema.org\",\"@graph\":[{\"@type\":\"BreadcrumbList\",\"@id\":\"https:\\\/\\\/www.eosbooks.ch\\\/en\\\/produkt\\\/garde-graf-august-de-la-gemaelde-des-wiener-kongresses\\\/#breadcrumblist\",\"itemListElement\":[{\"@type\":\"ListItem\",\"@id\":\"https:\\\/\\\/www.eosbooks.ch\\\/en\\\/#listItem\",\"position\":1,\"name\":\"Home\",\"item\":\"https:\\\/\\\/www.eosbooks.ch\\\/en\\\/\",\"nextItem\":{\"@type\":\"ListItem\",\"@id\":\"https:\\\/\\\/www.eosbooks.ch\\\/en\\\/store-2\\\/#listItem\",\"name\":\"Store\"}},{\"@type\":\"ListItem\",\"@id\":\"https:\\\/\\\/www.eosbooks.ch\\\/en\\\/store-2\\\/#listItem\",\"position\":2,\"name\":\"Store\",\"item\":\"https:\\\/\\\/www.eosbooks.ch\\\/en\\\/store-2\\\/\",\"nextItem\":{\"@type\":\"ListItem\",\"@id\":\"https:\\\/\\\/www.eosbooks.ch\\\/en\\\/produkt-kategorie\\\/geschichte-history\\\/#listItem\",\"name\":\"Geschichte \\\/ History\"},\"previousItem\":{\"@type\":\"ListItem\",\"@id\":\"https:\\\/\\\/www.eosbooks.ch\\\/en\\\/#listItem\",\"name\":\"Home\"}},{\"@type\":\"ListItem\",\"@id\":\"https:\\\/\\\/www.eosbooks.ch\\\/en\\\/produkt-kategorie\\\/geschichte-history\\\/#listItem\",\"position\":3,\"name\":\"Geschichte \\\/ History\",\"item\":\"https:\\\/\\\/www.eosbooks.ch\\\/en\\\/produkt-kategorie\\\/geschichte-history\\\/\",\"nextItem\":{\"@type\":\"ListItem\",\"@id\":\"https:\\\/\\\/www.eosbooks.ch\\\/en\\\/produkt\\\/garde-graf-august-de-la-gemaelde-des-wiener-kongresses\\\/#listItem\",\"name\":\"Garde, Graf Aug(ust) de la:  Gem\\u00e4lde des Wiener Kongresses.\"},\"previousItem\":{\"@type\":\"ListItem\",\"@id\":\"https:\\\/\\\/www.eosbooks.ch\\\/en\\\/store-2\\\/#listItem\",\"name\":\"Store\"}},{\"@type\":\"ListItem\",\"@id\":\"https:\\\/\\\/www.eosbooks.ch\\\/en\\\/produkt\\\/garde-graf-august-de-la-gemaelde-des-wiener-kongresses\\\/#listItem\",\"position\":4,\"name\":\"Garde, Graf Aug(ust) de la:  Gem\\u00e4lde des Wiener Kongresses.\",\"previousItem\":{\"@type\":\"ListItem\",\"@id\":\"https:\\\/\\\/www.eosbooks.ch\\\/en\\\/produkt-kategorie\\\/geschichte-history\\\/#listItem\",\"name\":\"Geschichte \\\/ History\"}}]},{\"@type\":\"ItemPage\",\"@id\":\"https:\\\/\\\/www.eosbooks.ch\\\/en\\\/produkt\\\/garde-graf-august-de-la-gemaelde-des-wiener-kongresses\\\/#itempage\",\"url\":\"https:\\\/\\\/www.eosbooks.ch\\\/en\\\/produkt\\\/garde-graf-august-de-la-gemaelde-des-wiener-kongresses\\\/\",\"name\":\"Garde, Graf Aug(ust) de la: Gem\\u00e4lde des Wiener Kongresses. - EOS BUCHANTIQUARIAT BENZ\",\"description\":\"Garde, Graf Aug(ust) de la: Gem\\u00e4lde des Wiener Kongresses. 1814-1815. Erinnerungen, Feste, Sittenschilderungen u. Anekdoten. Eingeleitet und erl\\u00e4utert von Gustav Gugitz. M\\u00fcnchen, Georg M\\u00fcller, 1914. 2. Auflage. 2 Bde. 8\\u00b0. (1) Bl., VIV, 463 (1) S., (1) Bl.; (1) Bl., (4), 486, (1) S. Mit 2 (dv. 1 doppelblattgr.) Frontispiz u. 71 Tafeln. Privater Halblederbd.\",\"inLanguage\":\"en-US\",\"isPartOf\":{\"@id\":\"https:\\\/\\\/www.eosbooks.ch\\\/en\\\/#website\"},\"breadcrumb\":{\"@id\":\"https:\\\/\\\/www.eosbooks.ch\\\/en\\\/produkt\\\/garde-graf-august-de-la-gemaelde-des-wiener-kongresses\\\/#breadcrumblist\"},\"datePublished\":\"2026-04-01T12:27:23+02:00\",\"dateModified\":\"2026-04-01T12:27:23+02:00\"},{\"@type\":\"Organization\",\"@id\":\"https:\\\/\\\/www.eosbooks.ch\\\/en\\\/#organization\",\"name\":\"EOS BUCHANTIQUARIAT BENZ\",\"description\":\"Antiquariat in Z\\u00fcrich\",\"url\":\"https:\\\/\\\/www.eosbooks.ch\\\/en\\\/\",\"email\":\"gertrud@eosbooks.ch\",\"telephone\":\"+41442615750\",\"foundingDate\":\"1985-10-01\",\"numberOfEmployees\":{\"@type\":\"QuantitativeValue\",\"value\":3},\"logo\":{\"@type\":\"ImageObject\",\"url\":\"https:\\\/\\\/www.eosbooks.ch\\\/wp-content\\\/uploads\\\/2024\\\/12\\\/logo.jpg\",\"@id\":\"https:\\\/\\\/www.eosbooks.ch\\\/en\\\/produkt\\\/garde-graf-august-de-la-gemaelde-des-wiener-kongresses\\\/#organizationLogo\"},\"image\":{\"@id\":\"https:\\\/\\\/www.eosbooks.ch\\\/en\\\/produkt\\\/garde-graf-august-de-la-gemaelde-des-wiener-kongresses\\\/#organizationLogo\"},\"sameAs\":[\"https:\\\/\\\/www.facebook.com\\\/eos.buchantiquariatbenz\",\"https:\\\/\\\/x.com\\\/BenzEos\",\"https:\\\/\\\/www.instagram.com\\\/eosbuchantiquariatbenz\\\/\",\"https:\\\/\\\/www.linkedin.com\\\/company\\\/eos-buchantiquariat-benz\\\/\"]},{\"@type\":\"WebPage\",\"@id\":\"https:\\\/\\\/www.eosbooks.ch\\\/en\\\/produkt\\\/garde-graf-august-de-la-gemaelde-des-wiener-kongresses\\\/#webpage\",\"url\":\"https:\\\/\\\/www.eosbooks.ch\\\/en\\\/produkt\\\/garde-graf-august-de-la-gemaelde-des-wiener-kongresses\\\/\",\"name\":\"Garde, Graf Aug(ust) de la: Gem\\u00e4lde des Wiener Kongresses. - EOS BUCHANTIQUARIAT BENZ\",\"description\":\"Garde, Graf Aug(ust) de la: Gem\\u00e4lde des Wiener Kongresses. 1814-1815. Erinnerungen, Feste, Sittenschilderungen u. Anekdoten. Eingeleitet und erl\\u00e4utert von Gustav Gugitz. M\\u00fcnchen, Georg M\\u00fcller, 1914. 2. Auflage. 2 Bde. 8\\u00b0. (1) Bl., VIV, 463 (1) S., (1) Bl.; (1) Bl., (4), 486, (1) S. Mit 2 (dv. 1 doppelblattgr.) Frontispiz u. 71 Tafeln. Privater Halblederbd.\",\"inLanguage\":\"en-US\",\"isPartOf\":{\"@id\":\"https:\\\/\\\/www.eosbooks.ch\\\/en\\\/#website\"},\"breadcrumb\":{\"@id\":\"https:\\\/\\\/www.eosbooks.ch\\\/en\\\/produkt\\\/garde-graf-august-de-la-gemaelde-des-wiener-kongresses\\\/#breadcrumblist\"},\"datePublished\":\"2026-04-01T12:27:23+02:00\",\"dateModified\":\"2026-04-01T12:27:23+02:00\"},{\"@type\":\"WebSite\",\"@id\":\"https:\\\/\\\/www.eosbooks.ch\\\/en\\\/#website\",\"url\":\"https:\\\/\\\/www.eosbooks.ch\\\/en\\\/\",\"name\":\"EOS BUCHANTIQUARIAT BENZ\",\"alternateName\":\"Antiquariat in Z\\u00fcrich\",\"inLanguage\":\"en-US\",\"publisher\":{\"@id\":\"https:\\\/\\\/www.eosbooks.ch\\\/en\\\/#organization\"}}]}\n\t\t<\/script>\n\t\t<!-- All in One SEO Pro -->\r\n\t\t<title>Garde, Graf Aug(ust) de la: Gem\u00e4lde des Wiener Kongresses. - EOS BUCHANTIQUARIAT BENZ<\/title>\n\n","aioseo_head_json":{"title":"Garde, Graf Aug(ust) de la: Gem\u00e4lde des Wiener Kongresses. - EOS BUCHANTIQUARIAT BENZ","description":"Garde, Graf Aug(ust) de la: Gem\u00e4lde des Wiener Kongresses. 1814-1815. Erinnerungen, Feste, Sittenschilderungen u. Anekdoten. Eingeleitet und erl\u00e4utert von Gustav Gugitz. M\u00fcnchen, Georg M\u00fcller, 1914. 2. Auflage. 2 Bde. 8\u00b0. (1) Bl., VIV, 463 (1) S., (1) Bl.; (1) Bl., (4), 486, (1) S. Mit 2 (dv. 1 doppelblattgr.) Frontispiz u. 71 Tafeln. Privater Halblederbd.","canonical_url":"https:\/\/www.eosbooks.ch\/en\/produkt\/garde-graf-august-de-la-gemaelde-des-wiener-kongresses\/","robots":"max-image-preview:large","keywords":"","webmasterTools":{"google-site-verification":"PCk8OeKBqQd6e-_PfoQFKNo77skySIZQg4CjJ2YBj2Y","miscellaneous":""},"schema":{"@context":"https:\/\/schema.org","@graph":[{"@type":"BreadcrumbList","@id":"https:\/\/www.eosbooks.ch\/en\/produkt\/garde-graf-august-de-la-gemaelde-des-wiener-kongresses\/#breadcrumblist","itemListElement":[{"@type":"ListItem","@id":"https:\/\/www.eosbooks.ch\/en\/#listItem","position":1,"name":"Home","item":"https:\/\/www.eosbooks.ch\/en\/","nextItem":{"@type":"ListItem","@id":"https:\/\/www.eosbooks.ch\/en\/store-2\/#listItem","name":"Store"}},{"@type":"ListItem","@id":"https:\/\/www.eosbooks.ch\/en\/store-2\/#listItem","position":2,"name":"Store","item":"https:\/\/www.eosbooks.ch\/en\/store-2\/","nextItem":{"@type":"ListItem","@id":"https:\/\/www.eosbooks.ch\/en\/produkt-kategorie\/geschichte-history\/#listItem","name":"Geschichte \/ History"},"previousItem":{"@type":"ListItem","@id":"https:\/\/www.eosbooks.ch\/en\/#listItem","name":"Home"}},{"@type":"ListItem","@id":"https:\/\/www.eosbooks.ch\/en\/produkt-kategorie\/geschichte-history\/#listItem","position":3,"name":"Geschichte \/ History","item":"https:\/\/www.eosbooks.ch\/en\/produkt-kategorie\/geschichte-history\/","nextItem":{"@type":"ListItem","@id":"https:\/\/www.eosbooks.ch\/en\/produkt\/garde-graf-august-de-la-gemaelde-des-wiener-kongresses\/#listItem","name":"Garde, Graf Aug(ust) de la:  Gem\u00e4lde des Wiener Kongresses."},"previousItem":{"@type":"ListItem","@id":"https:\/\/www.eosbooks.ch\/en\/store-2\/#listItem","name":"Store"}},{"@type":"ListItem","@id":"https:\/\/www.eosbooks.ch\/en\/produkt\/garde-graf-august-de-la-gemaelde-des-wiener-kongresses\/#listItem","position":4,"name":"Garde, Graf Aug(ust) de la:  Gem\u00e4lde des Wiener Kongresses.","previousItem":{"@type":"ListItem","@id":"https:\/\/www.eosbooks.ch\/en\/produkt-kategorie\/geschichte-history\/#listItem","name":"Geschichte \/ History"}}]},{"@type":"ItemPage","@id":"https:\/\/www.eosbooks.ch\/en\/produkt\/garde-graf-august-de-la-gemaelde-des-wiener-kongresses\/#itempage","url":"https:\/\/www.eosbooks.ch\/en\/produkt\/garde-graf-august-de-la-gemaelde-des-wiener-kongresses\/","name":"Garde, Graf Aug(ust) de la: Gem\u00e4lde des Wiener Kongresses. - EOS BUCHANTIQUARIAT BENZ","description":"Garde, Graf Aug(ust) de la: Gem\u00e4lde des Wiener Kongresses. 1814-1815. Erinnerungen, Feste, Sittenschilderungen u. Anekdoten. Eingeleitet und erl\u00e4utert von Gustav Gugitz. M\u00fcnchen, Georg M\u00fcller, 1914. 2. Auflage. 2 Bde. 8\u00b0. (1) Bl., VIV, 463 (1) S., (1) Bl.; (1) Bl., (4), 486, (1) S. Mit 2 (dv. 1 doppelblattgr.) Frontispiz u. 71 Tafeln. Privater Halblederbd.","inLanguage":"en-US","isPartOf":{"@id":"https:\/\/www.eosbooks.ch\/en\/#website"},"breadcrumb":{"@id":"https:\/\/www.eosbooks.ch\/en\/produkt\/garde-graf-august-de-la-gemaelde-des-wiener-kongresses\/#breadcrumblist"},"datePublished":"2026-04-01T12:27:23+02:00","dateModified":"2026-04-01T12:27:23+02:00"},{"@type":"Organization","@id":"https:\/\/www.eosbooks.ch\/en\/#organization","name":"EOS BUCHANTIQUARIAT BENZ","description":"Antiquariat in Z\u00fcrich","url":"https:\/\/www.eosbooks.ch\/en\/","email":"gertrud@eosbooks.ch","telephone":"+41442615750","foundingDate":"1985-10-01","numberOfEmployees":{"@type":"QuantitativeValue","value":3},"logo":{"@type":"ImageObject","url":"https:\/\/www.eosbooks.ch\/wp-content\/uploads\/2024\/12\/logo.jpg","@id":"https:\/\/www.eosbooks.ch\/en\/produkt\/garde-graf-august-de-la-gemaelde-des-wiener-kongresses\/#organizationLogo"},"image":{"@id":"https:\/\/www.eosbooks.ch\/en\/produkt\/garde-graf-august-de-la-gemaelde-des-wiener-kongresses\/#organizationLogo"},"sameAs":["https:\/\/www.facebook.com\/eos.buchantiquariatbenz","https:\/\/x.com\/BenzEos","https:\/\/www.instagram.com\/eosbuchantiquariatbenz\/","https:\/\/www.linkedin.com\/company\/eos-buchantiquariat-benz\/"]},{"@type":"WebPage","@id":"https:\/\/www.eosbooks.ch\/en\/produkt\/garde-graf-august-de-la-gemaelde-des-wiener-kongresses\/#webpage","url":"https:\/\/www.eosbooks.ch\/en\/produkt\/garde-graf-august-de-la-gemaelde-des-wiener-kongresses\/","name":"Garde, Graf Aug(ust) de la: Gem\u00e4lde des Wiener Kongresses. - EOS BUCHANTIQUARIAT BENZ","description":"Garde, Graf Aug(ust) de la: Gem\u00e4lde des Wiener Kongresses. 1814-1815. Erinnerungen, Feste, Sittenschilderungen u. Anekdoten. Eingeleitet und erl\u00e4utert von Gustav Gugitz. M\u00fcnchen, Georg M\u00fcller, 1914. 2. Auflage. 2 Bde. 8\u00b0. (1) Bl., VIV, 463 (1) S., (1) Bl.; (1) Bl., (4), 486, (1) S. Mit 2 (dv. 1 doppelblattgr.) Frontispiz u. 71 Tafeln. Privater Halblederbd.","inLanguage":"en-US","isPartOf":{"@id":"https:\/\/www.eosbooks.ch\/en\/#website"},"breadcrumb":{"@id":"https:\/\/www.eosbooks.ch\/en\/produkt\/garde-graf-august-de-la-gemaelde-des-wiener-kongresses\/#breadcrumblist"},"datePublished":"2026-04-01T12:27:23+02:00","dateModified":"2026-04-01T12:27:23+02:00"},{"@type":"WebSite","@id":"https:\/\/www.eosbooks.ch\/en\/#website","url":"https:\/\/www.eosbooks.ch\/en\/","name":"EOS BUCHANTIQUARIAT BENZ","alternateName":"Antiquariat in Z\u00fcrich","inLanguage":"en-US","publisher":{"@id":"https:\/\/www.eosbooks.ch\/en\/#organization"}}]},"og:locale":"en_US","og:site_name":"EOS BUCHANTIQUARIAT BENZ EOS BUCHANTIQUARIAT BENZ -","og:type":"article","og:title":"Garde, Graf Aug(ust) de la: Gem\u00e4lde des Wiener Kongresses. - EOS BUCHANTIQUARIAT BENZ","og:description":"Garde, Graf Aug(ust) de la: Gem\u00e4lde des Wiener Kongresses. 1814-1815. Erinnerungen, Feste, Sittenschilderungen u. Anekdoten. Eingeleitet und erl\u00e4utert von Gustav Gugitz. M\u00fcnchen, Georg M\u00fcller, 1914. 2. Auflage. 2 Bde. 8\u00b0. (1) Bl., VIV, 463 (1) S., (1) Bl.; (1) Bl., (4), 486, (1) S. Mit 2 (dv. 1 doppelblattgr.) Frontispiz u. 71 Tafeln. Privater Halblederbd.","og:url":"https:\/\/www.eosbooks.ch\/en\/produkt\/garde-graf-august-de-la-gemaelde-des-wiener-kongresses\/","article:published_time":"2026-04-01T10:27:23+00:00","article:modified_time":"2026-04-01T10:27:23+00:00","article:publisher":"https:\/\/www.facebook.com\/eos.buchantiquariatbenz","twitter:card":"summary_large_image","twitter:site":"@BenzEos","twitter:title":"Garde, Graf Aug(ust) de la: Gem\u00e4lde des Wiener Kongresses. - EOS BUCHANTIQUARIAT BENZ","twitter:description":"Garde, Graf Aug(ust) de la: Gem\u00e4lde des Wiener Kongresses. 1814-1815. Erinnerungen, Feste, Sittenschilderungen u. Anekdoten. Eingeleitet und erl\u00e4utert von Gustav Gugitz. M\u00fcnchen, Georg M\u00fcller, 1914. 2. Auflage. 2 Bde. 8\u00b0. (1) Bl., VIV, 463 (1) S., (1) Bl.; (1) Bl., (4), 486, (1) S. Mit 2 (dv. 1 doppelblattgr.) Frontispiz u. 71 Tafeln. Privater Halblederbd."},"aioseo_meta_data":{"post_id":"55841","title":null,"description":null,"keywords":null,"keyphrases":null,"primary_term":null,"canonical_url":null,"og_title":null,"og_description":null,"og_object_type":"default","og_image_type":"default","og_image_url":null,"og_image_width":null,"og_image_height":null,"og_image_custom_url":null,"og_image_custom_fields":null,"og_video":null,"og_custom_url":null,"og_article_section":null,"og_article_tags":null,"twitter_use_og":false,"twitter_card":"default","twitter_image_type":"default","twitter_image_url":null,"twitter_image_custom_url":null,"twitter_image_custom_fields":null,"twitter_title":null,"twitter_description":null,"schema":{"blockGraphs":[],"customGraphs":[],"default":{"data":{"Article":[],"Course":[],"Dataset":[],"FAQPage":[],"Movie":[],"Person":[],"Product":[],"ProductReview":[],"Car":[],"Recipe":[],"Service":[],"SoftwareApplication":[],"WebPage":[]},"graphName":"","isEnabled":true},"graphs":[]},"schema_type":"default","schema_type_options":null,"pillar_content":false,"robots_default":true,"robots_noindex":false,"robots_noarchive":false,"robots_nosnippet":false,"robots_nofollow":false,"robots_noimageindex":false,"robots_noodp":false,"robots_notranslate":false,"robots_max_snippet":null,"robots_max_videopreview":null,"robots_max_imagepreview":"large","priority":null,"frequency":null,"local_seo":null,"seo_analyzer_scan_date":null,"breadcrumb_settings":null,"limit_modified_date":false,"reviewed_by":null,"open_ai":null,"ai":null,"created":"2022-11-15 19:24:36","updated":"2026-04-01 10:27:23"},"aioseo_breadcrumb":"<div class=\"aioseo-breadcrumbs\"><span class=\"aioseo-breadcrumb\">\n\t<a href=\"https:\/\/www.eosbooks.ch\/en\/\" title=\"Home\">Home<\/a>\n<\/span><span class=\"aioseo-breadcrumb-separator\">&raquo;<\/span><span class=\"aioseo-breadcrumb\">\n\t<a href=\"https:\/\/www.eosbooks.ch\/en\/store-2\/\" title=\"Store\">Store<\/a>\n<\/span><span class=\"aioseo-breadcrumb-separator\">&raquo;<\/span><span class=\"aioseo-breadcrumb\">\n\t<a href=\"https:\/\/www.eosbooks.ch\/en\/produkt-kategorie\/geschichte-history\/\" title=\"Geschichte \/ History\">Geschichte \/ History<\/a>\n<\/span><span class=\"aioseo-breadcrumb-separator\">&raquo;<\/span><span class=\"aioseo-breadcrumb\">\n\tGarde, Graf Aug(ust) de la:  Gem\u00e4lde des Wiener Kongresses.\n<\/span><\/div>","aioseo_breadcrumb_json":[{"label":"Home","link":"https:\/\/www.eosbooks.ch\/en\/"},{"label":"Store","link":"https:\/\/www.eosbooks.ch\/en\/store-2\/"},{"label":"Geschichte \/ History","link":"https:\/\/www.eosbooks.ch\/en\/produkt-kategorie\/geschichte-history\/"},{"label":"Garde, Graf Aug(ust) de la:  Gem\u00e4lde des Wiener Kongresses.","link":"https:\/\/www.eosbooks.ch\/en\/produkt\/garde-graf-august-de-la-gemaelde-des-wiener-kongresses\/"}],"_links":{"self":[{"href":"https:\/\/www.eosbooks.ch\/en\/wp-json\/wp\/v2\/product\/55841","targetHints":{"allow":["GET"]}}],"collection":[{"href":"https:\/\/www.eosbooks.ch\/en\/wp-json\/wp\/v2\/product"}],"about":[{"href":"https:\/\/www.eosbooks.ch\/en\/wp-json\/wp\/v2\/types\/product"}],"replies":[{"embeddable":true,"href":"https:\/\/www.eosbooks.ch\/en\/wp-json\/wp\/v2\/comments?post=55841"}],"wp:attachment":[{"href":"https:\/\/www.eosbooks.ch\/en\/wp-json\/wp\/v2\/media?parent=55841"}],"wp:term":[{"taxonomy":"product_brand","embeddable":true,"href":"https:\/\/www.eosbooks.ch\/en\/wp-json\/wp\/v2\/product_brand?post=55841"},{"taxonomy":"product_cat","embeddable":true,"href":"https:\/\/www.eosbooks.ch\/en\/wp-json\/wp\/v2\/product_cat?post=55841"},{"taxonomy":"product_tag","embeddable":true,"href":"https:\/\/www.eosbooks.ch\/en\/wp-json\/wp\/v2\/product_tag?post=55841"}],"curies":[{"name":"wp","href":"https:\/\/api.w.org\/{rel}","templated":true}]}}