{"id":54437,"date":"2026-04-08T02:28:15","date_gmt":"2026-04-08T00:28:15","guid":{"rendered":"http:\/\/eosbooks.ch.w015255e.kasserver.com\/produkt\/kellers-schul-atlas-ueber-die-ganze-erde\/"},"modified":"2026-04-08T02:28:15","modified_gmt":"2026-04-08T00:28:15","slug":"kellers-schul-atlas-ueber-die-ganze-erde","status":"publish","type":"product","link":"https:\/\/www.eosbooks.ch\/en\/produkt\/kellers-schul-atlas-ueber-die-ganze-erde\/","title":{"rendered":"Keller&#8217;s Schul-Atlas \u00fcber die ganze Erde."},"content":{"rendered":"<p><span class=\"autor\">  <\/span>\u00a0<span class=\"titel\" style=\"font-size: 1em\">Keller&#8217;s Schul-Atlas \u00fcber die ganze Erde.<\/span><span style=\"font-size: 1em\">  (Z\u00fcrich, Heinrich Keller, (1852). Quer-4\u00b0. Mit 20 Karten mit Grenzkolorit. Halbleinenband mit erneuertem R\u00fccken.<\/span><\/p>\n<p class=\"kommentar1\">Es fehlt das Titelblatt. &#8211; Papier durchgehend stock- und fingerfleckig. Einband berieben und bestossen.<\/p>\n<p>+ Wichtig: F\u00fcr unsere Kunden in der EU erfolgt der Versand alle 14 Tage verzollt ab Deutschland \/ Postbank-Konto in Deutschland vorhanden +<\/p>\n<p>Frage zu diesem Artikel\/der Abbildung &#8211; <a href=\"mailto:orders@eosbooks.ch?subject=Eine Frage zu dem Artikel\/der Abbildung 2688BB\">Kontakt<\/a>?<br \/>\n<span class=\"schlagwort\">Reisen \/ Geographie \u2013 Travel \/ Geography, Atlanten \u2013 Atlas \/ Atlases \u2013 Atlas<\/span><\/p>\n<div class=\"shariff shariff-align-flex-start shariff-widget-align-flex-start\"><div class=\"ShariffHeadline\"><hr><\/div><ul class=\"shariff-buttons theme-round orientation-horizontal buttonsize-medium\"><li class=\"shariff-button facebook shariff-nocustomcolor\" style=\"background-color:#4273c8\"><a href=\"https:\/\/www.facebook.com\/sharer\/sharer.php?u=https%3A%2F%2Fwww.eosbooks.ch%2Fen%2Fprodukt%2Fkellers-schul-atlas-ueber-die-ganze-erde%2F\" title=\"Bei Facebook teilen\" aria-label=\"Bei Facebook teilen\" role=\"button\" rel=\"nofollow\" class=\"shariff-link\" style=\"; background-color:#3b5998; color:#fff\" target=\"_blank\"><span class=\"shariff-icon\" style=\"\"><svg width=\"32px\" height=\"20px\" xmlns=\"http:\/\/www.w3.org\/2000\/svg\" viewBox=\"0 0 18 32\"><path fill=\"#3b5998\" d=\"M17.1 0.2v4.7h-2.8q-1.5 0-2.1 0.6t-0.5 1.9v3.4h5.2l-0.7 5.3h-4.5v13.6h-5.5v-13.6h-4.5v-5.3h4.5v-3.9q0-3.3 1.9-5.2t5-1.8q2.6 0 4.1 0.2z\"\/><\/svg><\/span><\/a><\/li><li class=\"shariff-button twitter shariff-nocustomcolor\" style=\"background-color:#595959\"><a href=\"https:\/\/twitter.com\/share?url=https%3A%2F%2Fwww.eosbooks.ch%2Fen%2Fprodukt%2Fkellers-schul-atlas-ueber-die-ganze-erde%2F&text=Keller%E2%80%99s%20Schul-Atlas%20%C3%BCber%20die%20ganze%20Erde.\" title=\"Bei X teilen\" aria-label=\"Bei X teilen\" role=\"button\" rel=\"noopener nofollow\" class=\"shariff-link\" style=\"; background-color:#000; color:#fff\" target=\"_blank\"><span class=\"shariff-icon\" style=\"\"><svg width=\"32px\" height=\"20px\" xmlns=\"http:\/\/www.w3.org\/2000\/svg\" viewBox=\"0 0 24 24\"><path fill=\"#000\" d=\"M14.258 10.152L23.176 0h-2.113l-7.747 8.813L7.133 0H0l9.352 13.328L0 23.973h2.113l8.176-9.309 6.531 9.309h7.133zm-2.895 3.293l-.949-1.328L2.875 1.56h3.246l6.086 8.523.945 1.328 7.91 11.078h-3.246zm0 0\"\/><\/svg><\/span><\/a><\/li><li class=\"shariff-button linkedin shariff-nocustomcolor\" style=\"background-color:#1488bf\"><a href=\"https:\/\/www.linkedin.com\/sharing\/share-offsite\/?url=https%3A%2F%2Fwww.eosbooks.ch%2Fen%2Fprodukt%2Fkellers-schul-atlas-ueber-die-ganze-erde%2F\" title=\"Bei LinkedIn teilen\" aria-label=\"Bei LinkedIn teilen\" role=\"button\" rel=\"noopener nofollow\" class=\"shariff-link\" style=\"; background-color:#0077b5; color:#fff\" target=\"_blank\"><span class=\"shariff-icon\" style=\"\"><svg width=\"32px\" height=\"20px\" xmlns=\"http:\/\/www.w3.org\/2000\/svg\" viewBox=\"0 0 27 32\"><path fill=\"#0077b5\" d=\"M6.2 11.2v17.7h-5.9v-17.7h5.9zM6.6 5.7q0 1.3-0.9 2.2t-2.4 0.9h0q-1.5 0-2.4-0.9t-0.9-2.2 0.9-2.2 2.4-0.9 2.4 0.9 0.9 2.2zM27.4 18.7v10.1h-5.9v-9.5q0-1.9-0.7-2.9t-2.3-1.1q-1.1 0-1.9 0.6t-1.2 1.5q-0.2 0.5-0.2 1.4v9.9h-5.9q0-7.1 0-11.6t0-5.3l0-0.9h5.9v2.6h0q0.4-0.6 0.7-1t1-0.9 1.6-0.8 2-0.3q3 0 4.9 2t1.9 6z\"\/><\/svg><\/span><\/a><\/li><\/ul><\/div>","protected":false},"excerpt":{"rendered":"<p>\u00a0Keller&#8217;s Schul-Atlas \u00fcber die ganze Erde. (Z\u00fcrich, Heinrich Keller, (1852). Quer-4\u00b0. Mit 20 Karten mit Grenzkolorit. Halbleinenband mit erneuertem R\u00fccken. Es fehlt das Titelblatt. &#8211; Papier durchgehend stock- und fingerfleckig. Einband berieben und bestossen. + Wichtig: F\u00fcr unsere Kunden in der EU erfolgt der Versand alle 14 Tage verzollt ab Deutschland \/ Postbank-Konto in Deutschland [&hellip;]<\/p>\n","protected":false},"featured_media":9727315,"comment_status":"closed","ping_status":"closed","template":"","meta":[],"product_brand":[],"product_cat":[787],"product_tag":[],"class_list":{"0":"post-54437","1":"product","2":"type-product","3":"status-publish","4":"has-post-thumbnail","6":"product_cat-reisen-geographie-travel-geography","8":"first","9":"instock","10":"taxable","11":"shipping-taxable","12":"purchasable","13":"product-type-simple"},"aioseo_notices":[],"aioseo_head":"\n\t\t<!-- All in One SEO Pro 4.8.9 - aioseo.com -->\n\t<meta name=\"description\" content=\"Keller&#039;s Schul-Atlas \u00fcber die ganze Erde. (Z\u00fcrich, Heinrich Keller, (1852). Quer-4\u00b0. Mit 20 Karten mit Grenzkolorit. Halbleinenband mit erneuertem R\u00fccken. Es fehlt das Titelblatt. - Papier durchgehend stock- und fingerfleckig. Einband berieben und bestossen.+ Wichtig: F\u00fcr unsere Kunden in der EU erfolgt der Versand alle 14 Tage verzollt ab Deutschland \/ Postbank-Konto in Deutschland vorhanden\" \/>\n\t<meta name=\"robots\" content=\"max-image-preview:large\" \/>\n\t<meta name=\"google-site-verification\" content=\"PCk8OeKBqQd6e-_PfoQFKNo77skySIZQg4CjJ2YBj2Y\" \/>\n\t<link rel=\"canonical\" href=\"https:\/\/www.eosbooks.ch\/en\/produkt\/kellers-schul-atlas-ueber-die-ganze-erde\/\" \/>\n\t<meta name=\"generator\" content=\"All in One SEO Pro (AIOSEO) 4.8.9\" \/>\n\t\t<meta property=\"og:locale\" content=\"en_US\" \/>\n\t\t<meta property=\"og:site_name\" content=\"EOS BUCHANTIQUARIAT BENZ EOS BUCHANTIQUARIAT BENZ -\" \/>\n\t\t<meta property=\"og:type\" content=\"article\" \/>\n\t\t<meta property=\"og:title\" content=\"Keller\u2019s Schul-Atlas \u00fcber die ganze Erde. - EOS BUCHANTIQUARIAT BENZ\" \/>\n\t\t<meta property=\"og:description\" content=\"Keller&#039;s Schul-Atlas \u00fcber die ganze Erde. (Z\u00fcrich, Heinrich Keller, (1852). Quer-4\u00b0. Mit 20 Karten mit Grenzkolorit. Halbleinenband mit erneuertem R\u00fccken. Es fehlt das Titelblatt. - Papier durchgehend stock- und fingerfleckig. Einband berieben und bestossen.+ Wichtig: F\u00fcr unsere Kunden in der EU erfolgt der Versand alle 14 Tage verzollt ab Deutschland \/ Postbank-Konto in Deutschland vorhanden\" \/>\n\t\t<meta property=\"og:url\" content=\"https:\/\/www.eosbooks.ch\/en\/produkt\/kellers-schul-atlas-ueber-die-ganze-erde\/\" \/>\n\t\t<meta property=\"article:published_time\" content=\"2026-04-08T00:28:15+00:00\" \/>\n\t\t<meta property=\"article:modified_time\" content=\"2026-04-08T00:28:15+00:00\" \/>\n\t\t<meta property=\"article:publisher\" content=\"https:\/\/www.facebook.com\/eos.buchantiquariatbenz\" \/>\n\t\t<meta name=\"twitter:card\" content=\"summary_large_image\" \/>\n\t\t<meta name=\"twitter:site\" content=\"@BenzEos\" \/>\n\t\t<meta name=\"twitter:title\" content=\"Keller\u2019s Schul-Atlas \u00fcber die ganze Erde. - EOS BUCHANTIQUARIAT BENZ\" \/>\n\t\t<meta name=\"twitter:description\" content=\"Keller&#039;s Schul-Atlas \u00fcber die ganze Erde. (Z\u00fcrich, Heinrich Keller, (1852). Quer-4\u00b0. Mit 20 Karten mit Grenzkolorit. Halbleinenband mit erneuertem R\u00fccken. Es fehlt das Titelblatt. - Papier durchgehend stock- und fingerfleckig. Einband berieben und bestossen.+ Wichtig: F\u00fcr unsere Kunden in der EU erfolgt der Versand alle 14 Tage verzollt ab Deutschland \/ Postbank-Konto in Deutschland vorhanden\" \/>\n\t\t<script type=\"application\/ld+json\" class=\"aioseo-schema\">\n\t\t\t{\"@context\":\"https:\\\/\\\/schema.org\",\"@graph\":[{\"@type\":\"BreadcrumbList\",\"@id\":\"https:\\\/\\\/www.eosbooks.ch\\\/en\\\/produkt\\\/kellers-schul-atlas-ueber-die-ganze-erde\\\/#breadcrumblist\",\"itemListElement\":[{\"@type\":\"ListItem\",\"@id\":\"https:\\\/\\\/www.eosbooks.ch\\\/en\\\/#listItem\",\"position\":1,\"name\":\"Home\",\"item\":\"https:\\\/\\\/www.eosbooks.ch\\\/en\\\/\",\"nextItem\":{\"@type\":\"ListItem\",\"@id\":\"https:\\\/\\\/www.eosbooks.ch\\\/en\\\/store-2\\\/#listItem\",\"name\":\"Store\"}},{\"@type\":\"ListItem\",\"@id\":\"https:\\\/\\\/www.eosbooks.ch\\\/en\\\/store-2\\\/#listItem\",\"position\":2,\"name\":\"Store\",\"item\":\"https:\\\/\\\/www.eosbooks.ch\\\/en\\\/store-2\\\/\",\"nextItem\":{\"@type\":\"ListItem\",\"@id\":\"https:\\\/\\\/www.eosbooks.ch\\\/en\\\/produkt-kategorie\\\/reisen-geographie-travel-geography\\\/#listItem\",\"name\":\"Reisen \\\/ Geographie \\u2013 Travel \\\/ Geography\"},\"previousItem\":{\"@type\":\"ListItem\",\"@id\":\"https:\\\/\\\/www.eosbooks.ch\\\/en\\\/#listItem\",\"name\":\"Home\"}},{\"@type\":\"ListItem\",\"@id\":\"https:\\\/\\\/www.eosbooks.ch\\\/en\\\/produkt-kategorie\\\/reisen-geographie-travel-geography\\\/#listItem\",\"position\":3,\"name\":\"Reisen \\\/ Geographie \\u2013 Travel \\\/ Geography\",\"item\":\"https:\\\/\\\/www.eosbooks.ch\\\/en\\\/produkt-kategorie\\\/reisen-geographie-travel-geography\\\/\",\"nextItem\":{\"@type\":\"ListItem\",\"@id\":\"https:\\\/\\\/www.eosbooks.ch\\\/en\\\/produkt\\\/kellers-schul-atlas-ueber-die-ganze-erde\\\/#listItem\",\"name\":\"Keller&#8217;s Schul-Atlas \\u00fcber die ganze Erde.\"},\"previousItem\":{\"@type\":\"ListItem\",\"@id\":\"https:\\\/\\\/www.eosbooks.ch\\\/en\\\/store-2\\\/#listItem\",\"name\":\"Store\"}},{\"@type\":\"ListItem\",\"@id\":\"https:\\\/\\\/www.eosbooks.ch\\\/en\\\/produkt\\\/kellers-schul-atlas-ueber-die-ganze-erde\\\/#listItem\",\"position\":4,\"name\":\"Keller&#8217;s Schul-Atlas \\u00fcber die ganze Erde.\",\"previousItem\":{\"@type\":\"ListItem\",\"@id\":\"https:\\\/\\\/www.eosbooks.ch\\\/en\\\/produkt-kategorie\\\/reisen-geographie-travel-geography\\\/#listItem\",\"name\":\"Reisen \\\/ Geographie \\u2013 Travel \\\/ Geography\"}}]},{\"@type\":\"ItemPage\",\"@id\":\"https:\\\/\\\/www.eosbooks.ch\\\/en\\\/produkt\\\/kellers-schul-atlas-ueber-die-ganze-erde\\\/#itempage\",\"url\":\"https:\\\/\\\/www.eosbooks.ch\\\/en\\\/produkt\\\/kellers-schul-atlas-ueber-die-ganze-erde\\\/\",\"name\":\"Keller\\u2019s Schul-Atlas \\u00fcber die ganze Erde. - EOS BUCHANTIQUARIAT BENZ\",\"description\":\"Keller's Schul-Atlas \\u00fcber die ganze Erde. (Z\\u00fcrich, Heinrich Keller, (1852). Quer-4\\u00b0. Mit 20 Karten mit Grenzkolorit. Halbleinenband mit erneuertem R\\u00fccken. Es fehlt das Titelblatt. - Papier durchgehend stock- und fingerfleckig. Einband berieben und bestossen.+ Wichtig: F\\u00fcr unsere Kunden in der EU erfolgt der Versand alle 14 Tage verzollt ab Deutschland \\\/ Postbank-Konto in Deutschland vorhanden\",\"inLanguage\":\"en-US\",\"isPartOf\":{\"@id\":\"https:\\\/\\\/www.eosbooks.ch\\\/en\\\/#website\"},\"breadcrumb\":{\"@id\":\"https:\\\/\\\/www.eosbooks.ch\\\/en\\\/produkt\\\/kellers-schul-atlas-ueber-die-ganze-erde\\\/#breadcrumblist\"},\"image\":{\"@type\":\"ImageObject\",\"url\":\"https:\\\/\\\/www.eosbooks.ch\\\/wp-content\\\/uploads\\\/2026\\\/04\\\/2688BB.jpg\",\"@id\":\"https:\\\/\\\/www.eosbooks.ch\\\/en\\\/produkt\\\/kellers-schul-atlas-ueber-die-ganze-erde\\\/#mainImage\",\"width\":800,\"height\":441,\"caption\":\"-Keller's Schul-Atlas \\u00fcber die ganze Erde.\"},\"primaryImageOfPage\":{\"@id\":\"https:\\\/\\\/www.eosbooks.ch\\\/en\\\/produkt\\\/kellers-schul-atlas-ueber-die-ganze-erde\\\/#mainImage\"},\"datePublished\":\"2026-04-08T02:28:15+02:00\",\"dateModified\":\"2026-04-08T02:28:15+02:00\"},{\"@type\":\"Organization\",\"@id\":\"https:\\\/\\\/www.eosbooks.ch\\\/en\\\/#organization\",\"name\":\"EOS BUCHANTIQUARIAT BENZ\",\"description\":\"Antiquariat in Z\\u00fcrich\",\"url\":\"https:\\\/\\\/www.eosbooks.ch\\\/en\\\/\",\"email\":\"gertrud@eosbooks.ch\",\"telephone\":\"+41442615750\",\"foundingDate\":\"1985-10-01\",\"numberOfEmployees\":{\"@type\":\"QuantitativeValue\",\"value\":3},\"logo\":{\"@type\":\"ImageObject\",\"url\":\"https:\\\/\\\/www.eosbooks.ch\\\/wp-content\\\/uploads\\\/2024\\\/12\\\/logo.jpg\",\"@id\":\"https:\\\/\\\/www.eosbooks.ch\\\/en\\\/produkt\\\/kellers-schul-atlas-ueber-die-ganze-erde\\\/#organizationLogo\",\"width\":318,\"height\":325,\"caption\":\"EOS Buchantquariat Benz \\u2013 Antiquariat Z\\u00fcrich\"},\"image\":{\"@id\":\"https:\\\/\\\/www.eosbooks.ch\\\/en\\\/produkt\\\/kellers-schul-atlas-ueber-die-ganze-erde\\\/#organizationLogo\"},\"sameAs\":[\"https:\\\/\\\/www.facebook.com\\\/eos.buchantiquariatbenz\",\"https:\\\/\\\/x.com\\\/BenzEos\",\"https:\\\/\\\/www.instagram.com\\\/eosbuchantiquariatbenz\\\/\",\"https:\\\/\\\/www.linkedin.com\\\/company\\\/eos-buchantiquariat-benz\\\/\"]},{\"@type\":\"WebPage\",\"@id\":\"https:\\\/\\\/www.eosbooks.ch\\\/en\\\/produkt\\\/kellers-schul-atlas-ueber-die-ganze-erde\\\/#webpage\",\"url\":\"https:\\\/\\\/www.eosbooks.ch\\\/en\\\/produkt\\\/kellers-schul-atlas-ueber-die-ganze-erde\\\/\",\"name\":\"Keller\\u2019s Schul-Atlas \\u00fcber die ganze Erde. - EOS BUCHANTIQUARIAT BENZ\",\"description\":\"Keller's Schul-Atlas \\u00fcber die ganze Erde. (Z\\u00fcrich, Heinrich Keller, (1852). Quer-4\\u00b0. Mit 20 Karten mit Grenzkolorit. Halbleinenband mit erneuertem R\\u00fccken. Es fehlt das Titelblatt. - Papier durchgehend stock- und fingerfleckig. Einband berieben und bestossen.+ Wichtig: F\\u00fcr unsere Kunden in der EU erfolgt der Versand alle 14 Tage verzollt ab Deutschland \\\/ Postbank-Konto in Deutschland vorhanden\",\"inLanguage\":\"en-US\",\"isPartOf\":{\"@id\":\"https:\\\/\\\/www.eosbooks.ch\\\/en\\\/#website\"},\"breadcrumb\":{\"@id\":\"https:\\\/\\\/www.eosbooks.ch\\\/en\\\/produkt\\\/kellers-schul-atlas-ueber-die-ganze-erde\\\/#breadcrumblist\"},\"image\":{\"@type\":\"ImageObject\",\"url\":\"https:\\\/\\\/www.eosbooks.ch\\\/wp-content\\\/uploads\\\/2026\\\/04\\\/2688BB.jpg\",\"@id\":\"https:\\\/\\\/www.eosbooks.ch\\\/en\\\/produkt\\\/kellers-schul-atlas-ueber-die-ganze-erde\\\/#mainImage\",\"width\":800,\"height\":441,\"caption\":\"-Keller's Schul-Atlas \\u00fcber die ganze Erde.\"},\"primaryImageOfPage\":{\"@id\":\"https:\\\/\\\/www.eosbooks.ch\\\/en\\\/produkt\\\/kellers-schul-atlas-ueber-die-ganze-erde\\\/#mainImage\"},\"datePublished\":\"2026-04-08T02:28:15+02:00\",\"dateModified\":\"2026-04-08T02:28:15+02:00\"},{\"@type\":\"WebSite\",\"@id\":\"https:\\\/\\\/www.eosbooks.ch\\\/en\\\/#website\",\"url\":\"https:\\\/\\\/www.eosbooks.ch\\\/en\\\/\",\"name\":\"EOS BUCHANTIQUARIAT BENZ\",\"alternateName\":\"Antiquariat in Z\\u00fcrich\",\"inLanguage\":\"en-US\",\"publisher\":{\"@id\":\"https:\\\/\\\/www.eosbooks.ch\\\/en\\\/#organization\"}}]}\n\t\t<\/script>\n\t\t<!-- All in One SEO Pro -->\r\n\t\t<title>Keller\u2019s Schul-Atlas \u00fcber die ganze Erde. - EOS BUCHANTIQUARIAT BENZ<\/title>\n\n","aioseo_head_json":{"title":"Keller\u2019s Schul-Atlas \u00fcber die ganze Erde. - EOS BUCHANTIQUARIAT BENZ","description":"Keller's Schul-Atlas \u00fcber die ganze Erde. (Z\u00fcrich, Heinrich Keller, (1852). Quer-4\u00b0. Mit 20 Karten mit Grenzkolorit. Halbleinenband mit erneuertem R\u00fccken. Es fehlt das Titelblatt. - Papier durchgehend stock- und fingerfleckig. Einband berieben und bestossen.+ Wichtig: F\u00fcr unsere Kunden in der EU erfolgt der Versand alle 14 Tage verzollt ab Deutschland \/ Postbank-Konto in Deutschland vorhanden","canonical_url":"https:\/\/www.eosbooks.ch\/en\/produkt\/kellers-schul-atlas-ueber-die-ganze-erde\/","robots":"max-image-preview:large","keywords":"","webmasterTools":{"google-site-verification":"PCk8OeKBqQd6e-_PfoQFKNo77skySIZQg4CjJ2YBj2Y","miscellaneous":""},"schema":{"@context":"https:\/\/schema.org","@graph":[{"@type":"BreadcrumbList","@id":"https:\/\/www.eosbooks.ch\/en\/produkt\/kellers-schul-atlas-ueber-die-ganze-erde\/#breadcrumblist","itemListElement":[{"@type":"ListItem","@id":"https:\/\/www.eosbooks.ch\/en\/#listItem","position":1,"name":"Home","item":"https:\/\/www.eosbooks.ch\/en\/","nextItem":{"@type":"ListItem","@id":"https:\/\/www.eosbooks.ch\/en\/store-2\/#listItem","name":"Store"}},{"@type":"ListItem","@id":"https:\/\/www.eosbooks.ch\/en\/store-2\/#listItem","position":2,"name":"Store","item":"https:\/\/www.eosbooks.ch\/en\/store-2\/","nextItem":{"@type":"ListItem","@id":"https:\/\/www.eosbooks.ch\/en\/produkt-kategorie\/reisen-geographie-travel-geography\/#listItem","name":"Reisen \/ Geographie \u2013 Travel \/ Geography"},"previousItem":{"@type":"ListItem","@id":"https:\/\/www.eosbooks.ch\/en\/#listItem","name":"Home"}},{"@type":"ListItem","@id":"https:\/\/www.eosbooks.ch\/en\/produkt-kategorie\/reisen-geographie-travel-geography\/#listItem","position":3,"name":"Reisen \/ Geographie \u2013 Travel \/ Geography","item":"https:\/\/www.eosbooks.ch\/en\/produkt-kategorie\/reisen-geographie-travel-geography\/","nextItem":{"@type":"ListItem","@id":"https:\/\/www.eosbooks.ch\/en\/produkt\/kellers-schul-atlas-ueber-die-ganze-erde\/#listItem","name":"Keller&#8217;s Schul-Atlas \u00fcber die ganze Erde."},"previousItem":{"@type":"ListItem","@id":"https:\/\/www.eosbooks.ch\/en\/store-2\/#listItem","name":"Store"}},{"@type":"ListItem","@id":"https:\/\/www.eosbooks.ch\/en\/produkt\/kellers-schul-atlas-ueber-die-ganze-erde\/#listItem","position":4,"name":"Keller&#8217;s Schul-Atlas \u00fcber die ganze Erde.","previousItem":{"@type":"ListItem","@id":"https:\/\/www.eosbooks.ch\/en\/produkt-kategorie\/reisen-geographie-travel-geography\/#listItem","name":"Reisen \/ Geographie \u2013 Travel \/ Geography"}}]},{"@type":"ItemPage","@id":"https:\/\/www.eosbooks.ch\/en\/produkt\/kellers-schul-atlas-ueber-die-ganze-erde\/#itempage","url":"https:\/\/www.eosbooks.ch\/en\/produkt\/kellers-schul-atlas-ueber-die-ganze-erde\/","name":"Keller\u2019s Schul-Atlas \u00fcber die ganze Erde. - EOS BUCHANTIQUARIAT BENZ","description":"Keller's Schul-Atlas \u00fcber die ganze Erde. (Z\u00fcrich, Heinrich Keller, (1852). Quer-4\u00b0. Mit 20 Karten mit Grenzkolorit. Halbleinenband mit erneuertem R\u00fccken. Es fehlt das Titelblatt. - Papier durchgehend stock- und fingerfleckig. Einband berieben und bestossen.+ Wichtig: F\u00fcr unsere Kunden in der EU erfolgt der Versand alle 14 Tage verzollt ab Deutschland \/ Postbank-Konto in Deutschland vorhanden","inLanguage":"en-US","isPartOf":{"@id":"https:\/\/www.eosbooks.ch\/en\/#website"},"breadcrumb":{"@id":"https:\/\/www.eosbooks.ch\/en\/produkt\/kellers-schul-atlas-ueber-die-ganze-erde\/#breadcrumblist"},"image":{"@type":"ImageObject","url":"https:\/\/www.eosbooks.ch\/wp-content\/uploads\/2026\/04\/2688BB.jpg","@id":"https:\/\/www.eosbooks.ch\/en\/produkt\/kellers-schul-atlas-ueber-die-ganze-erde\/#mainImage","width":800,"height":441,"caption":"-Keller's Schul-Atlas \u00fcber die ganze Erde."},"primaryImageOfPage":{"@id":"https:\/\/www.eosbooks.ch\/en\/produkt\/kellers-schul-atlas-ueber-die-ganze-erde\/#mainImage"},"datePublished":"2026-04-08T02:28:15+02:00","dateModified":"2026-04-08T02:28:15+02:00"},{"@type":"Organization","@id":"https:\/\/www.eosbooks.ch\/en\/#organization","name":"EOS BUCHANTIQUARIAT BENZ","description":"Antiquariat in Z\u00fcrich","url":"https:\/\/www.eosbooks.ch\/en\/","email":"gertrud@eosbooks.ch","telephone":"+41442615750","foundingDate":"1985-10-01","numberOfEmployees":{"@type":"QuantitativeValue","value":3},"logo":{"@type":"ImageObject","url":"https:\/\/www.eosbooks.ch\/wp-content\/uploads\/2024\/12\/logo.jpg","@id":"https:\/\/www.eosbooks.ch\/en\/produkt\/kellers-schul-atlas-ueber-die-ganze-erde\/#organizationLogo","width":318,"height":325,"caption":"EOS Buchantquariat Benz \u2013 Antiquariat Z\u00fcrich"},"image":{"@id":"https:\/\/www.eosbooks.ch\/en\/produkt\/kellers-schul-atlas-ueber-die-ganze-erde\/#organizationLogo"},"sameAs":["https:\/\/www.facebook.com\/eos.buchantiquariatbenz","https:\/\/x.com\/BenzEos","https:\/\/www.instagram.com\/eosbuchantiquariatbenz\/","https:\/\/www.linkedin.com\/company\/eos-buchantiquariat-benz\/"]},{"@type":"WebPage","@id":"https:\/\/www.eosbooks.ch\/en\/produkt\/kellers-schul-atlas-ueber-die-ganze-erde\/#webpage","url":"https:\/\/www.eosbooks.ch\/en\/produkt\/kellers-schul-atlas-ueber-die-ganze-erde\/","name":"Keller\u2019s Schul-Atlas \u00fcber die ganze Erde. - EOS BUCHANTIQUARIAT BENZ","description":"Keller's Schul-Atlas \u00fcber die ganze Erde. (Z\u00fcrich, Heinrich Keller, (1852). Quer-4\u00b0. Mit 20 Karten mit Grenzkolorit. Halbleinenband mit erneuertem R\u00fccken. Es fehlt das Titelblatt. - Papier durchgehend stock- und fingerfleckig. Einband berieben und bestossen.+ Wichtig: F\u00fcr unsere Kunden in der EU erfolgt der Versand alle 14 Tage verzollt ab Deutschland \/ Postbank-Konto in Deutschland vorhanden","inLanguage":"en-US","isPartOf":{"@id":"https:\/\/www.eosbooks.ch\/en\/#website"},"breadcrumb":{"@id":"https:\/\/www.eosbooks.ch\/en\/produkt\/kellers-schul-atlas-ueber-die-ganze-erde\/#breadcrumblist"},"image":{"@type":"ImageObject","url":"https:\/\/www.eosbooks.ch\/wp-content\/uploads\/2026\/04\/2688BB.jpg","@id":"https:\/\/www.eosbooks.ch\/en\/produkt\/kellers-schul-atlas-ueber-die-ganze-erde\/#mainImage","width":800,"height":441,"caption":"-Keller's Schul-Atlas \u00fcber die ganze Erde."},"primaryImageOfPage":{"@id":"https:\/\/www.eosbooks.ch\/en\/produkt\/kellers-schul-atlas-ueber-die-ganze-erde\/#mainImage"},"datePublished":"2026-04-08T02:28:15+02:00","dateModified":"2026-04-08T02:28:15+02:00"},{"@type":"WebSite","@id":"https:\/\/www.eosbooks.ch\/en\/#website","url":"https:\/\/www.eosbooks.ch\/en\/","name":"EOS BUCHANTIQUARIAT BENZ","alternateName":"Antiquariat in Z\u00fcrich","inLanguage":"en-US","publisher":{"@id":"https:\/\/www.eosbooks.ch\/en\/#organization"}}]},"og:locale":"en_US","og:site_name":"EOS BUCHANTIQUARIAT BENZ EOS BUCHANTIQUARIAT BENZ -","og:type":"article","og:title":"Keller\u2019s Schul-Atlas \u00fcber die ganze Erde. - EOS BUCHANTIQUARIAT BENZ","og:description":"Keller's Schul-Atlas \u00fcber die ganze Erde. (Z\u00fcrich, Heinrich Keller, (1852). Quer-4\u00b0. Mit 20 Karten mit Grenzkolorit. Halbleinenband mit erneuertem R\u00fccken. Es fehlt das Titelblatt. - Papier durchgehend stock- und fingerfleckig. Einband berieben und bestossen.+ Wichtig: F\u00fcr unsere Kunden in der EU erfolgt der Versand alle 14 Tage verzollt ab Deutschland \/ Postbank-Konto in Deutschland vorhanden","og:url":"https:\/\/www.eosbooks.ch\/en\/produkt\/kellers-schul-atlas-ueber-die-ganze-erde\/","article:published_time":"2026-04-08T00:28:15+00:00","article:modified_time":"2026-04-08T00:28:15+00:00","article:publisher":"https:\/\/www.facebook.com\/eos.buchantiquariatbenz","twitter:card":"summary_large_image","twitter:site":"@BenzEos","twitter:title":"Keller\u2019s Schul-Atlas \u00fcber die ganze Erde. - EOS BUCHANTIQUARIAT BENZ","twitter:description":"Keller's Schul-Atlas \u00fcber die ganze Erde. (Z\u00fcrich, Heinrich Keller, (1852). Quer-4\u00b0. Mit 20 Karten mit Grenzkolorit. Halbleinenband mit erneuertem R\u00fccken. Es fehlt das Titelblatt. - Papier durchgehend stock- und fingerfleckig. Einband berieben und bestossen.+ Wichtig: F\u00fcr unsere Kunden in der EU erfolgt der Versand alle 14 Tage verzollt ab Deutschland \/ Postbank-Konto in Deutschland vorhanden"},"aioseo_meta_data":{"post_id":"54437","title":null,"description":null,"keywords":null,"keyphrases":null,"primary_term":null,"canonical_url":null,"og_title":null,"og_description":null,"og_object_type":"default","og_image_type":"default","og_image_url":null,"og_image_width":null,"og_image_height":null,"og_image_custom_url":null,"og_image_custom_fields":null,"og_video":null,"og_custom_url":null,"og_article_section":null,"og_article_tags":null,"twitter_use_og":false,"twitter_card":"default","twitter_image_type":"default","twitter_image_url":null,"twitter_image_custom_url":null,"twitter_image_custom_fields":null,"twitter_title":null,"twitter_description":null,"schema":{"blockGraphs":[],"customGraphs":[],"default":{"data":{"Article":[],"Course":[],"Dataset":[],"FAQPage":[],"Movie":[],"Person":[],"Product":[],"ProductReview":[],"Car":[],"Recipe":[],"Service":[],"SoftwareApplication":[],"WebPage":[]},"graphName":"","isEnabled":true},"graphs":[]},"schema_type":"default","schema_type_options":null,"pillar_content":false,"robots_default":true,"robots_noindex":false,"robots_noarchive":false,"robots_nosnippet":false,"robots_nofollow":false,"robots_noimageindex":false,"robots_noodp":false,"robots_notranslate":false,"robots_max_snippet":null,"robots_max_videopreview":null,"robots_max_imagepreview":"large","priority":null,"frequency":null,"local_seo":null,"seo_analyzer_scan_date":"2026-04-12 17:27:35","breadcrumb_settings":null,"limit_modified_date":false,"reviewed_by":null,"open_ai":null,"ai":null,"created":"2022-11-15 16:58:38","updated":"2026-04-12 17:27:35"},"aioseo_breadcrumb":"<div class=\"aioseo-breadcrumbs\"><span class=\"aioseo-breadcrumb\">\n\t<a href=\"https:\/\/www.eosbooks.ch\/en\/\" title=\"Home\">Home<\/a>\n<\/span><span class=\"aioseo-breadcrumb-separator\">&raquo;<\/span><span class=\"aioseo-breadcrumb\">\n\t<a href=\"https:\/\/www.eosbooks.ch\/en\/store-2\/\" title=\"Store\">Store<\/a>\n<\/span><span class=\"aioseo-breadcrumb-separator\">&raquo;<\/span><span class=\"aioseo-breadcrumb\">\n\t<a href=\"https:\/\/www.eosbooks.ch\/en\/produkt-kategorie\/reisen-geographie-travel-geography\/\" title=\"Reisen \/ Geographie \u2013 Travel \/ Geography\">Reisen \/ Geographie \u2013 Travel \/ Geography<\/a>\n<\/span><span class=\"aioseo-breadcrumb-separator\">&raquo;<\/span><span class=\"aioseo-breadcrumb\">\n\tKeller\u2019s Schul-Atlas \u00fcber die ganze Erde.\n<\/span><\/div>","aioseo_breadcrumb_json":[{"label":"Home","link":"https:\/\/www.eosbooks.ch\/en\/"},{"label":"Store","link":"https:\/\/www.eosbooks.ch\/en\/store-2\/"},{"label":"Reisen \/ Geographie \u2013 Travel \/ Geography","link":"https:\/\/www.eosbooks.ch\/en\/produkt-kategorie\/reisen-geographie-travel-geography\/"},{"label":"Keller&#8217;s Schul-Atlas \u00fcber die ganze Erde.","link":"https:\/\/www.eosbooks.ch\/en\/produkt\/kellers-schul-atlas-ueber-die-ganze-erde\/"}],"_links":{"self":[{"href":"https:\/\/www.eosbooks.ch\/en\/wp-json\/wp\/v2\/product\/54437","targetHints":{"allow":["GET"]}}],"collection":[{"href":"https:\/\/www.eosbooks.ch\/en\/wp-json\/wp\/v2\/product"}],"about":[{"href":"https:\/\/www.eosbooks.ch\/en\/wp-json\/wp\/v2\/types\/product"}],"replies":[{"embeddable":true,"href":"https:\/\/www.eosbooks.ch\/en\/wp-json\/wp\/v2\/comments?post=54437"}],"wp:featuredmedia":[{"embeddable":true,"href":"https:\/\/www.eosbooks.ch\/en\/wp-json\/wp\/v2\/media\/9727315"}],"wp:attachment":[{"href":"https:\/\/www.eosbooks.ch\/en\/wp-json\/wp\/v2\/media?parent=54437"}],"wp:term":[{"taxonomy":"product_brand","embeddable":true,"href":"https:\/\/www.eosbooks.ch\/en\/wp-json\/wp\/v2\/product_brand?post=54437"},{"taxonomy":"product_cat","embeddable":true,"href":"https:\/\/www.eosbooks.ch\/en\/wp-json\/wp\/v2\/product_cat?post=54437"},{"taxonomy":"product_tag","embeddable":true,"href":"https:\/\/www.eosbooks.ch\/en\/wp-json\/wp\/v2\/product_tag?post=54437"}],"curies":[{"name":"wp","href":"https:\/\/api.w.org\/{rel}","templated":true}]}}