{"id":53345,"date":"2026-04-14T20:28:35","date_gmt":"2026-04-14T18:28:35","guid":{"rendered":"http:\/\/eosbooks.ch.w015255e.kasserver.com\/produkt\/champin-jean-jacques-album-portatif-dedie-aux-amateurs-et-particulierement-aux-voyageurs-en-suisse\/"},"modified":"2026-04-14T20:28:35","modified_gmt":"2026-04-14T18:28:35","slug":"champin-jean-jacques-album-portatif-dedie-aux-amateurs-et-particulierement-aux-voyageurs-en-suisse","status":"publish","type":"product","link":"https:\/\/www.eosbooks.ch\/en\/produkt\/champin-jean-jacques-album-portatif-dedie-aux-amateurs-et-particulierement-aux-voyageurs-en-suisse\/","title":{"rendered":"Champin, (Jean-Jacques):  Album portatif d\u00e9di\u00e9 aux amateurs et particuli\u00e8rement aux Voyageurs en Suisse."},"content":{"rendered":"<p><span class=\"autor\"> Champin, (Jean-Jacques): <\/span>\u00a0<span class=\"titel\" style=\"font-size: 1em\">Album portatif d\u00e9di\u00e9 aux amateurs et particuli\u00e8rement aux Voyageurs en Suisse.<\/span><span style=\"font-size: 1em\"> 40 dessins d&#8217;apr\u00e8s nature. Paris, (um 1850). Quer-8\u00b0. (2) 8, 8 S. Mit 31 (von 40) lithogr. Abb. auf Tafeln nach J.-J. Champin. Orig.-Pappband.<\/span><\/p>\n<p class=\"kommentar1\">Jean-Jacques Champin (1796-1860) war Aquarellmaler und Lithograph. Das Werk enth\u00e4lt folgende Ansichten: Orbe &#8211; Bonneville &#8211; St. Martin de Sallenches &#8211; Le Mont Blanc, vue prise de Sallenches &#8211; Villeneuve sur le lac de Gen\u00e8ve &#8211; Ch\u00e2teau de Chillon &#8211; La Tour de Peil &#8211; Vevey &#8211; Payerne &#8211; Thun &#8211; Ch\u00e2teau de Wimis &#8211; Spietz &#8211; Pont \u00e0 Interlaken &#8211; A Interlaken &#8211; Restes du Ch\u00e2teau d&#8217;Unspunen &#8211; A Gsteig &#8211; Le Sausbach &#8211; Rochers des deux Fr\u00e8res &#8211; Le Staubach &#8211; Lac de Brientz &#8211; Auberge du Giesbach &#8211; Habitation \u00e0 Meyringen &#8211; Le Reichenbach &#8211; Le Wetterhorn &#8211; Baze du Wetterhorn &#8211; Ch\u00e2let pr\u00e8s d&#8217;Interlaken &#8211; Auberge du Grimsel &#8211; Lac des Morts &#8211; Glacier du Rh\u00f4ne &#8211; Lac de Wallenstadt &#8211; Fragment de la Ch\u00fbte du Rhin pr\u00e8s de Schaffouse. &#8211; Es fehlen die Tafeln 5-7, 33-35 und 37-39. Durchgehend stockfleckig. Einband berieben, R\u00fccken fehlt.<\/p>\n<p>+ Wichtig: F\u00fcr unsere Kunden in der EU erfolgt der Versand alle 14 Tage verzollt ab Deutschland \/ Postbank-Konto in Deutschland vorhanden +<\/p>\n<p>Frage zu diesem Artikel\/der Abbildung &#8211; <a href=\"mailto:orders@eosbooks.ch?subject=Eine Frage zu dem Artikel\/der Abbildung 2112DB\">Kontakt<\/a>?<br \/>\n<span class=\"schlagwort\">Helvetica \u2013 Schweiz \/ Books and prints pertaining Switzerland, Ansichtenwerke \/ Topographic books, Illustrierte Literatur + Kunst \/ Illustrated literature + Artbooks, Reisen &#8211; Geographie \/  Travel books &#8211; Geography<\/span><\/p>\n<div class=\"shariff shariff-align-left shariff-widget-align-left\"><div class=\"ShariffHeadline\"><hr><\/div><ul class=\"shariff-buttons theme-round orientation-horizontal buttonsize-medium\"><li class=\"shariff-button facebook shariff-nocustomcolor\" style=\"background-color:#4273c8\"><a href=\"https:\/\/www.facebook.com\/sharer\/sharer.php?u=https%3A%2F%2Fwww.eosbooks.ch%2Fen%2Fprodukt%2Fchampin-jean-jacques-album-portatif-dedie-aux-amateurs-et-particulierement-aux-voyageurs-en-suisse%2F\" title=\"Bei Facebook teilen\" aria-label=\"Bei Facebook teilen\" role=\"button\" rel=\"nofollow\" class=\"shariff-link\" style=\"; background-color:#3b5998; color:#fff\" target=\"_blank\"><span class=\"shariff-icon\" style=\"\"><svg width=\"32px\" height=\"20px\" xmlns=\"http:\/\/www.w3.org\/2000\/svg\" viewBox=\"0 0 18 32\"><path fill=\"#3b5998\" d=\"M17.1 0.2v4.7h-2.8q-1.5 0-2.1 0.6t-0.5 1.9v3.4h5.2l-0.7 5.3h-4.5v13.6h-5.5v-13.6h-4.5v-5.3h4.5v-3.9q0-3.3 1.9-5.2t5-1.8q2.6 0 4.1 0.2z\"\/><\/svg><\/span><\/a><\/li><li class=\"shariff-button twitter shariff-nocustomcolor\" style=\"background-color:#595959\"><a href=\"https:\/\/twitter.com\/share?url=https%3A%2F%2Fwww.eosbooks.ch%2Fen%2Fprodukt%2Fchampin-jean-jacques-album-portatif-dedie-aux-amateurs-et-particulierement-aux-voyageurs-en-suisse%2F&text=Champin%2C%20%28Jean-Jacques%29%3A%20%20Album%20portatif%20d%C3%A9di%C3%A9%20aux%20amateurs%20et%20particuli%C3%A8rement%20aux%20Voyageurs%20en%20Suisse.\" title=\"Bei X teilen\" aria-label=\"Bei X teilen\" role=\"button\" rel=\"noopener nofollow\" class=\"shariff-link\" style=\"; background-color:#000; color:#fff\" target=\"_blank\"><span class=\"shariff-icon\" style=\"\"><svg width=\"32px\" height=\"20px\" xmlns=\"http:\/\/www.w3.org\/2000\/svg\" viewBox=\"0 0 24 24\"><path fill=\"#000\" d=\"M14.258 10.152L23.176 0h-2.113l-7.747 8.813L7.133 0H0l9.352 13.328L0 23.973h2.113l8.176-9.309 6.531 9.309h7.133zm-2.895 3.293l-.949-1.328L2.875 1.56h3.246l6.086 8.523.945 1.328 7.91 11.078h-3.246zm0 0\"\/><\/svg><\/span><\/a><\/li><li class=\"shariff-button linkedin shariff-nocustomcolor\" style=\"background-color:#1488bf\"><a href=\"https:\/\/www.linkedin.com\/sharing\/share-offsite\/?url=https%3A%2F%2Fwww.eosbooks.ch%2Fen%2Fprodukt%2Fchampin-jean-jacques-album-portatif-dedie-aux-amateurs-et-particulierement-aux-voyageurs-en-suisse%2F\" title=\"Bei LinkedIn teilen\" aria-label=\"Bei LinkedIn teilen\" role=\"button\" rel=\"noopener nofollow\" class=\"shariff-link\" style=\"; background-color:#0077b5; color:#fff\" target=\"_blank\"><span class=\"shariff-icon\" style=\"\"><svg width=\"32px\" height=\"20px\" xmlns=\"http:\/\/www.w3.org\/2000\/svg\" viewBox=\"0 0 27 32\"><path fill=\"#0077b5\" d=\"M6.2 11.2v17.7h-5.9v-17.7h5.9zM6.6 5.7q0 1.3-0.9 2.2t-2.4 0.9h0q-1.5 0-2.4-0.9t-0.9-2.2 0.9-2.2 2.4-0.9 2.4 0.9 0.9 2.2zM27.4 18.7v10.1h-5.9v-9.5q0-1.9-0.7-2.9t-2.3-1.1q-1.1 0-1.9 0.6t-1.2 1.5q-0.2 0.5-0.2 1.4v9.9h-5.9q0-7.1 0-11.6t0-5.3l0-0.9h5.9v2.6h0q0.4-0.6 0.7-1t1-0.9 1.6-0.8 2-0.3q3 0 4.9 2t1.9 6z\"\/><\/svg><\/span><\/a><\/li><\/ul><\/div>","protected":false},"excerpt":{"rendered":"<p>Champin, (Jean-Jacques): \u00a0Album portatif d\u00e9di\u00e9 aux amateurs et particuli\u00e8rement aux Voyageurs en Suisse. 40 dessins d&#8217;apr\u00e8s nature. Paris, (um 1850). Quer-8\u00b0. (2) 8, 8 S. Mit 31 (von 40) lithogr. Abb. auf Tafeln nach J.-J. Champin. Orig.-Pappband. Jean-Jacques Champin (1796-1860) war Aquarellmaler und Lithograph. Das Werk enth\u00e4lt folgende Ansichten: Orbe &#8211; Bonneville &#8211; St. Martin [&hellip;]<\/p>\n","protected":false},"featured_media":9730409,"comment_status":"closed","ping_status":"closed","template":"","meta":[],"product_brand":[],"product_cat":[795],"product_tag":[],"class_list":{"0":"post-53345","1":"product","2":"type-product","3":"status-publish","4":"has-post-thumbnail","6":"product_cat-helvetica-schweiz-books-and-prints-pertaining-switzerland","8":"first","9":"instock","10":"taxable","11":"shipping-taxable","12":"purchasable","13":"product-type-simple"},"aioseo_notices":[],"_links":{"self":[{"href":"https:\/\/www.eosbooks.ch\/en\/wp-json\/wp\/v2\/product\/53345","targetHints":{"allow":["GET"]}}],"collection":[{"href":"https:\/\/www.eosbooks.ch\/en\/wp-json\/wp\/v2\/product"}],"about":[{"href":"https:\/\/www.eosbooks.ch\/en\/wp-json\/wp\/v2\/types\/product"}],"replies":[{"embeddable":true,"href":"https:\/\/www.eosbooks.ch\/en\/wp-json\/wp\/v2\/comments?post=53345"}],"wp:featuredmedia":[{"embeddable":true,"href":"https:\/\/www.eosbooks.ch\/en\/wp-json\/wp\/v2\/media\/9730409"}],"wp:attachment":[{"href":"https:\/\/www.eosbooks.ch\/en\/wp-json\/wp\/v2\/media?parent=53345"}],"wp:term":[{"taxonomy":"product_brand","embeddable":true,"href":"https:\/\/www.eosbooks.ch\/en\/wp-json\/wp\/v2\/product_brand?post=53345"},{"taxonomy":"product_cat","embeddable":true,"href":"https:\/\/www.eosbooks.ch\/en\/wp-json\/wp\/v2\/product_cat?post=53345"},{"taxonomy":"product_tag","embeddable":true,"href":"https:\/\/www.eosbooks.ch\/en\/wp-json\/wp\/v2\/product_tag?post=53345"}],"curies":[{"name":"wp","href":"https:\/\/api.w.org\/{rel}","templated":true}]}}