{"id":53005,"date":"2026-04-21T16:28:39","date_gmt":"2026-04-21T14:28:39","guid":{"rendered":"http:\/\/eosbooks.ch.w015255e.kasserver.com\/produkt\/salzmann-christian-gotthelf-reisen-der-zoeglinge-zu-schnepfenthal\/"},"modified":"2026-04-21T16:28:39","modified_gmt":"2026-04-21T14:28:39","slug":"salzmann-christian-gotthelf-reisen-der-zoeglinge-zu-schnepfenthal","status":"publish","type":"product","link":"https:\/\/www.eosbooks.ch\/en\/produkt\/salzmann-christian-gotthelf-reisen-der-zoeglinge-zu-schnepfenthal\/","title":{"rendered":"Salzmann, Christian Gotthelf:  Reisen der Z\u00f6glinge zu Schnepfenthal."},"content":{"rendered":"<p><span class=\"autor\"> Salzmann, Christian Gotthelf: <\/span>\u00a0<span class=\"titel\" style=\"font-size: 1em\">Reisen der Z\u00f6glinge zu Schnepfenthal.<\/span><span style=\"font-size: 1em\">  Schnepfenthal, Verlage der Buchhandlung der Erziehungsanstalt, 1799-1803. 2 B\u00e4nde. Kl.-8\u00b0. (4), 218 S., (1) Bl.; (4), 272, (4) S. Mit 1 gest. Titelvign. und 2 gest. Frontisp. Halblederb\u00e4nde der Zeit.<\/span><\/p>\n<p class=\"kommentar1\">Zweite gek\u00fcrzte Ausgabe? Christian Gotthilf Salzmann (1744-1811) publizierte 1784-1793 ein sechsb\u00e4ndiges Werk &#8220;Reisen der Salzmannischen Z\u00f6glingen&#8221;. Nach Aufenthalten in Rohrborn und Erfurt als Pfarrer t\u00e4tig gr\u00fcndete er anfangs 80er-Jahre des 18. Jh. die &#8220;Erziehungsantstalt Schenpfenthal&#8221;, wobei er vorher schon reichlich p\u00e4dagogoische Erfahrungen sammeln konnte und mehrere Werke zu diesem Thema publizierte. &#8220;1783 legte Salzmann Hzg. Ernst II. von Sachsen-Gotha-Altenburg den Entwurf einer Erziehungsanstalt vor und erhielt f\u00fcr sein Vorhaben l\u00e4ngerfristige F\u00f6rderung. In seiner p\u00e4dagogischen \u201ePflanzst\u00e4tte\u201c am naturnahen Standort Schnepfenthal bildete er Menschen heran, die zur Entwicklung und Humanisierung gesellschaftlichen Lebens beitragen sollten. Einige seiner Mitarbeiter leisteten methodisch-didaktische Pionierarbeit, z. B. Bernhard Heinrich Blasche (1766\u20131832) f\u00fcr den Werkunterricht und Johann Christoph Friedrich GutsMuths (1759\u20131839) f\u00fcr den Sport- und den Geographieunterricht, der in Schnepfenthal u. a. Karl Ritter (1779\u20131859) unterrichtete. Mit ihren Lehrb\u00fcchern inspirierten sie die schulische Arbeit weit \u00fcber den dt. Sprachraum hinaus. Der Kupferstecher Johann Carl Ausfeld (1782\u20131851) und der Maler und Portr\u00e4tist Carl Buddeus (1775\u20131864) brachten die bildnerische Erziehung auf hohes Niveau. Der Unterricht war curricular breit angelegt und wurde durch g\u00e4rtnerische und handwerklich-technische Aktivit\u00e4ten sowie durch \u00c4mter f\u00fcr wirtschaftliche Aufgaben in Schule und Haus erg\u00e4nzt, die lebenspraktische Kompetenzen vermitteln sollten&#8221; (NDB). &#8211; Papier etwas gebr\u00e4unt und stockfleckig. Einb\u00e4nde berieben und bestossen.<\/p>\n<p>+ Wichtig: F\u00fcr unsere Kunden in der EU erfolgt der Versand alle 14 Tage verzollt ab Deutschland \/ Postbank-Konto in Deutschland vorhanden +<\/p>\n<p>Frage zu diesem Artikel\/der Abbildung &#8211; <a href=\"mailto:orders@eosbooks.ch?subject=Eine Frage zu dem Artikel\/der Abbildung 2899DB\">Kontakt<\/a>?<br \/>\n<span class=\"schlagwort\">Literatur \/ Literature, Deutsche Literatur \/ German literature, P\u00e4dagogik \/ Padagogics<\/span><\/p>\n<div class=\"shariff shariff-align-left shariff-widget-align-left\"><div class=\"ShariffHeadline\"><hr><\/div><ul class=\"shariff-buttons theme-round orientation-horizontal buttonsize-medium\"><li class=\"shariff-button facebook shariff-nocustomcolor\" style=\"background-color:#4273c8\"><a href=\"https:\/\/www.facebook.com\/sharer\/sharer.php?u=https%3A%2F%2Fwww.eosbooks.ch%2Fen%2Fprodukt%2Fsalzmann-christian-gotthelf-reisen-der-zoeglinge-zu-schnepfenthal%2F\" title=\"Bei Facebook teilen\" aria-label=\"Bei Facebook teilen\" role=\"button\" rel=\"nofollow\" class=\"shariff-link\" style=\"; background-color:#3b5998; color:#fff\" target=\"_blank\"><span class=\"shariff-icon\" style=\"\"><svg width=\"32px\" height=\"20px\" xmlns=\"http:\/\/www.w3.org\/2000\/svg\" viewBox=\"0 0 18 32\"><path fill=\"#3b5998\" d=\"M17.1 0.2v4.7h-2.8q-1.5 0-2.1 0.6t-0.5 1.9v3.4h5.2l-0.7 5.3h-4.5v13.6h-5.5v-13.6h-4.5v-5.3h4.5v-3.9q0-3.3 1.9-5.2t5-1.8q2.6 0 4.1 0.2z\"\/><\/svg><\/span><\/a><\/li><li class=\"shariff-button twitter shariff-nocustomcolor\" style=\"background-color:#595959\"><a href=\"https:\/\/twitter.com\/share?url=https%3A%2F%2Fwww.eosbooks.ch%2Fen%2Fprodukt%2Fsalzmann-christian-gotthelf-reisen-der-zoeglinge-zu-schnepfenthal%2F&text=Salzmann%2C%20Christian%20Gotthelf%3A%20%20Reisen%20der%20Z%C3%B6glinge%20zu%20Schnepfenthal.\" title=\"Bei X teilen\" aria-label=\"Bei X teilen\" role=\"button\" rel=\"noopener nofollow\" class=\"shariff-link\" style=\"; background-color:#000; color:#fff\" target=\"_blank\"><span class=\"shariff-icon\" style=\"\"><svg width=\"32px\" height=\"20px\" xmlns=\"http:\/\/www.w3.org\/2000\/svg\" viewBox=\"0 0 24 24\"><path fill=\"#000\" d=\"M14.258 10.152L23.176 0h-2.113l-7.747 8.813L7.133 0H0l9.352 13.328L0 23.973h2.113l8.176-9.309 6.531 9.309h7.133zm-2.895 3.293l-.949-1.328L2.875 1.56h3.246l6.086 8.523.945 1.328 7.91 11.078h-3.246zm0 0\"\/><\/svg><\/span><\/a><\/li><li class=\"shariff-button linkedin shariff-nocustomcolor\" style=\"background-color:#1488bf\"><a href=\"https:\/\/www.linkedin.com\/sharing\/share-offsite\/?url=https%3A%2F%2Fwww.eosbooks.ch%2Fen%2Fprodukt%2Fsalzmann-christian-gotthelf-reisen-der-zoeglinge-zu-schnepfenthal%2F\" title=\"Bei LinkedIn teilen\" aria-label=\"Bei LinkedIn teilen\" role=\"button\" rel=\"noopener nofollow\" class=\"shariff-link\" style=\"; background-color:#0077b5; color:#fff\" target=\"_blank\"><span class=\"shariff-icon\" style=\"\"><svg width=\"32px\" height=\"20px\" xmlns=\"http:\/\/www.w3.org\/2000\/svg\" viewBox=\"0 0 27 32\"><path fill=\"#0077b5\" d=\"M6.2 11.2v17.7h-5.9v-17.7h5.9zM6.6 5.7q0 1.3-0.9 2.2t-2.4 0.9h0q-1.5 0-2.4-0.9t-0.9-2.2 0.9-2.2 2.4-0.9 2.4 0.9 0.9 2.2zM27.4 18.7v10.1h-5.9v-9.5q0-1.9-0.7-2.9t-2.3-1.1q-1.1 0-1.9 0.6t-1.2 1.5q-0.2 0.5-0.2 1.4v9.9h-5.9q0-7.1 0-11.6t0-5.3l0-0.9h5.9v2.6h0q0.4-0.6 0.7-1t1-0.9 1.6-0.8 2-0.3q3 0 4.9 2t1.9 6z\"\/><\/svg><\/span><\/a><\/li><\/ul><\/div>","protected":false},"excerpt":{"rendered":"<p>Salzmann, Christian Gotthelf: \u00a0Reisen der Z\u00f6glinge zu Schnepfenthal. Schnepfenthal, Verlage der Buchhandlung der Erziehungsanstalt, 1799-1803. 2 B\u00e4nde. Kl.-8\u00b0. (4), 218 S., (1) Bl.; (4), 272, (4) S. Mit 1 gest. Titelvign. und 2 gest. Frontisp. Halblederb\u00e4nde der Zeit. Zweite gek\u00fcrzte Ausgabe? Christian Gotthilf Salzmann (1744-1811) publizierte 1784-1793 ein sechsb\u00e4ndiges Werk &#8220;Reisen der Salzmannischen Z\u00f6glingen&#8221;. Nach [&hellip;]<\/p>\n","protected":false},"featured_media":9734090,"comment_status":"closed","ping_status":"closed","template":"","meta":[],"product_brand":[],"product_cat":[786],"product_tag":[],"class_list":{"0":"post-53005","1":"product","2":"type-product","3":"status-publish","4":"has-post-thumbnail","6":"product_cat-literatur-literature","8":"first","9":"instock","10":"taxable","11":"shipping-taxable","12":"purchasable","13":"product-type-simple"},"aioseo_notices":[],"_links":{"self":[{"href":"https:\/\/www.eosbooks.ch\/en\/wp-json\/wp\/v2\/product\/53005","targetHints":{"allow":["GET"]}}],"collection":[{"href":"https:\/\/www.eosbooks.ch\/en\/wp-json\/wp\/v2\/product"}],"about":[{"href":"https:\/\/www.eosbooks.ch\/en\/wp-json\/wp\/v2\/types\/product"}],"replies":[{"embeddable":true,"href":"https:\/\/www.eosbooks.ch\/en\/wp-json\/wp\/v2\/comments?post=53005"}],"wp:featuredmedia":[{"embeddable":true,"href":"https:\/\/www.eosbooks.ch\/en\/wp-json\/wp\/v2\/media\/9734090"}],"wp:attachment":[{"href":"https:\/\/www.eosbooks.ch\/en\/wp-json\/wp\/v2\/media?parent=53005"}],"wp:term":[{"taxonomy":"product_brand","embeddable":true,"href":"https:\/\/www.eosbooks.ch\/en\/wp-json\/wp\/v2\/product_brand?post=53005"},{"taxonomy":"product_cat","embeddable":true,"href":"https:\/\/www.eosbooks.ch\/en\/wp-json\/wp\/v2\/product_cat?post=53005"},{"taxonomy":"product_tag","embeddable":true,"href":"https:\/\/www.eosbooks.ch\/en\/wp-json\/wp\/v2\/product_tag?post=53005"}],"curies":[{"name":"wp","href":"https:\/\/api.w.org\/{rel}","templated":true}]}}