{"id":52872,"date":"2026-04-14T18:27:33","date_gmt":"2026-04-14T16:27:33","guid":{"rendered":"http:\/\/eosbooks.ch.w015255e.kasserver.com\/produkt\/melon-jean-francois-mahmoud-le-gasnevide\/"},"modified":"2026-04-14T18:27:33","modified_gmt":"2026-04-14T16:27:33","slug":"melon-jean-francois-mahmoud-le-gasnevide","status":"publish","type":"product","link":"https:\/\/www.eosbooks.ch\/en\/produkt\/melon-jean-francois-mahmoud-le-gasnevide\/","title":{"rendered":"Melon, Jean Fran\u00e7ois:  Mahmoud Le Gasnevide"},"content":{"rendered":"<p><span class=\"autor\"> Melon, Jean Fran\u00e7ois: <\/span>\u00a0<span class=\"titel\" style=\"font-size: 1em\">Mahmoud Le Gasnevide<\/span><span style=\"font-size: 1em\"> Histoire Orientale. Fragment traduit de l&#8217;Arabe, avec des notes. Rotterdam, Jean Hofhoudt, 1729. 8\u00b0. (2) VI, 164 (4) S. Lederband der Zeit mit R\u00fcckenschild. (berieben, bestossen und etwas verzogen).<\/span><\/p>\n<p class=\"kommentar1\">Cioranescu 44265. &#8211; Erste Ausgabe dieses satirischen Romanes des franz\u00f6sischen Oekonomen Jean Fran\u00e7ois Melon (1675-1738), erschien nach dem Tod Ludwig XIV und karikiert die Herrschenden Frankreichs. Melon war Oberinspektor der Landwirtschaft in Bordeaux und Sekret\u00e4r von Kardinal Dubois und der l&#8217;Acad\u00e9mie Bordeaux. &#8211; Das Titelblatt st\u00e4rker, sonst nur wenig fleckig und gebr\u00e4unt. (Sprache: Franz\u00f6sisch \/ Fran\u00e7ais \/ French)<\/p>\n<p>+ Wichtig: F\u00fcr unsere Kunden in der EU erfolgt der Versand alle 14 Tage verzollt ab Deutschland \/ Postbank-Konto in Deutschland vorhanden +<\/p>\n<p>Frage zu diesem Artikel\/der Abbildung &#8211; <a href=\"mailto:orders@eosbooks.ch?subject=Eine Frage zu dem Artikel\/der Abbildung 29454AB\">Kontakt<\/a>?<br \/>\n<span class=\"schlagwort\">Literatur \/ Literature, Satire<\/span><\/p>\n<div class=\"shariff shariff-align-flex-start shariff-widget-align-flex-start\"><div class=\"ShariffHeadline\"><hr><\/div><ul class=\"shariff-buttons theme-round orientation-horizontal buttonsize-medium\"><li class=\"shariff-button facebook shariff-nocustomcolor\" style=\"background-color:#4273c8\"><a href=\"https:\/\/www.facebook.com\/sharer\/sharer.php?u=https%3A%2F%2Fwww.eosbooks.ch%2Fen%2Fprodukt%2Fmelon-jean-francois-mahmoud-le-gasnevide%2F\" title=\"Bei Facebook teilen\" aria-label=\"Bei Facebook teilen\" role=\"button\" rel=\"nofollow\" class=\"shariff-link\" style=\"; background-color:#3b5998; color:#fff\" target=\"_blank\"><span class=\"shariff-icon\" style=\"\"><svg width=\"32px\" height=\"20px\" xmlns=\"http:\/\/www.w3.org\/2000\/svg\" viewBox=\"0 0 18 32\"><path fill=\"#3b5998\" d=\"M17.1 0.2v4.7h-2.8q-1.5 0-2.1 0.6t-0.5 1.9v3.4h5.2l-0.7 5.3h-4.5v13.6h-5.5v-13.6h-4.5v-5.3h4.5v-3.9q0-3.3 1.9-5.2t5-1.8q2.6 0 4.1 0.2z\"\/><\/svg><\/span><\/a><\/li><li class=\"shariff-button twitter shariff-nocustomcolor\" style=\"background-color:#595959\"><a href=\"https:\/\/twitter.com\/share?url=https%3A%2F%2Fwww.eosbooks.ch%2Fen%2Fprodukt%2Fmelon-jean-francois-mahmoud-le-gasnevide%2F&text=Melon%2C%20Jean%20Fran%C3%A7ois%3A%20%20Mahmoud%20Le%20Gasnevide\" title=\"Bei X teilen\" aria-label=\"Bei X teilen\" role=\"button\" rel=\"noopener nofollow\" class=\"shariff-link\" style=\"; background-color:#000; color:#fff\" target=\"_blank\"><span class=\"shariff-icon\" style=\"\"><svg width=\"32px\" height=\"20px\" xmlns=\"http:\/\/www.w3.org\/2000\/svg\" viewBox=\"0 0 24 24\"><path fill=\"#000\" d=\"M14.258 10.152L23.176 0h-2.113l-7.747 8.813L7.133 0H0l9.352 13.328L0 23.973h2.113l8.176-9.309 6.531 9.309h7.133zm-2.895 3.293l-.949-1.328L2.875 1.56h3.246l6.086 8.523.945 1.328 7.91 11.078h-3.246zm0 0\"\/><\/svg><\/span><\/a><\/li><li class=\"shariff-button linkedin shariff-nocustomcolor\" style=\"background-color:#1488bf\"><a href=\"https:\/\/www.linkedin.com\/sharing\/share-offsite\/?url=https%3A%2F%2Fwww.eosbooks.ch%2Fen%2Fprodukt%2Fmelon-jean-francois-mahmoud-le-gasnevide%2F\" title=\"Bei LinkedIn teilen\" aria-label=\"Bei LinkedIn teilen\" role=\"button\" rel=\"noopener nofollow\" class=\"shariff-link\" style=\"; background-color:#0077b5; color:#fff\" target=\"_blank\"><span class=\"shariff-icon\" style=\"\"><svg width=\"32px\" height=\"20px\" xmlns=\"http:\/\/www.w3.org\/2000\/svg\" viewBox=\"0 0 27 32\"><path fill=\"#0077b5\" d=\"M6.2 11.2v17.7h-5.9v-17.7h5.9zM6.6 5.7q0 1.3-0.9 2.2t-2.4 0.9h0q-1.5 0-2.4-0.9t-0.9-2.2 0.9-2.2 2.4-0.9 2.4 0.9 0.9 2.2zM27.4 18.7v10.1h-5.9v-9.5q0-1.9-0.7-2.9t-2.3-1.1q-1.1 0-1.9 0.6t-1.2 1.5q-0.2 0.5-0.2 1.4v9.9h-5.9q0-7.1 0-11.6t0-5.3l0-0.9h5.9v2.6h0q0.4-0.6 0.7-1t1-0.9 1.6-0.8 2-0.3q3 0 4.9 2t1.9 6z\"\/><\/svg><\/span><\/a><\/li><\/ul><\/div>","protected":false},"excerpt":{"rendered":"<p>Melon, Jean Fran\u00e7ois: \u00a0Mahmoud Le Gasnevide Histoire Orientale. Fragment traduit de l&#8217;Arabe, avec des notes. Rotterdam, Jean Hofhoudt, 1729. 8\u00b0. (2) VI, 164 (4) S. Lederband der Zeit mit R\u00fcckenschild. (berieben, bestossen und etwas verzogen). Cioranescu 44265. &#8211; Erste Ausgabe dieses satirischen Romanes des franz\u00f6sischen Oekonomen Jean Fran\u00e7ois Melon (1675-1738), erschien nach dem Tod Ludwig [&hellip;]<\/p>\n","protected":false},"featured_media":9730149,"comment_status":"closed","ping_status":"closed","template":"","meta":[],"product_brand":[],"product_cat":[786],"product_tag":[],"class_list":{"0":"post-52872","1":"product","2":"type-product","3":"status-publish","4":"has-post-thumbnail","6":"product_cat-literatur-literature","8":"first","9":"instock","10":"taxable","11":"shipping-taxable","12":"purchasable","13":"product-type-simple"},"aioseo_notices":[],"aioseo_head":"\n\t\t<!-- All in One SEO Pro 4.8.9 - aioseo.com -->\n\t<meta name=\"description\" content=\"Melon, Jean Fran\u00e7ois: Mahmoud Le Gasnevide Histoire Orientale. Fragment traduit de l&#039;Arabe, avec des notes. Rotterdam, Jean Hofhoudt, 1729. 8\u00b0. (2) VI, 164 (4) S. Lederband der Zeit mit R\u00fcckenschild. (berieben, bestossen und etwas verzogen). Cioranescu 44265. - Erste Ausgabe dieses satirischen Romanes des franz\u00f6sischen Oekonomen Jean Fran\u00e7ois Melon (1675-1738), erschien nach dem Tod Ludwig\" \/>\n\t<meta name=\"robots\" content=\"max-image-preview:large\" \/>\n\t<meta name=\"google-site-verification\" content=\"PCk8OeKBqQd6e-_PfoQFKNo77skySIZQg4CjJ2YBj2Y\" \/>\n\t<link rel=\"canonical\" href=\"https:\/\/www.eosbooks.ch\/en\/produkt\/melon-jean-francois-mahmoud-le-gasnevide\/\" \/>\n\t<meta name=\"generator\" content=\"All in One SEO Pro (AIOSEO) 4.8.9\" \/>\n\t\t<meta property=\"og:locale\" content=\"en_US\" \/>\n\t\t<meta property=\"og:site_name\" content=\"EOS BUCHANTIQUARIAT BENZ EOS BUCHANTIQUARIAT BENZ -\" \/>\n\t\t<meta property=\"og:type\" content=\"article\" \/>\n\t\t<meta property=\"og:title\" content=\"Melon, Jean Fran\u00e7ois: Mahmoud Le Gasnevide - EOS BUCHANTIQUARIAT BENZ\" \/>\n\t\t<meta property=\"og:description\" content=\"Melon, Jean Fran\u00e7ois: Mahmoud Le Gasnevide Histoire Orientale. Fragment traduit de l&#039;Arabe, avec des notes. Rotterdam, Jean Hofhoudt, 1729. 8\u00b0. (2) VI, 164 (4) S. Lederband der Zeit mit R\u00fcckenschild. (berieben, bestossen und etwas verzogen). Cioranescu 44265. - Erste Ausgabe dieses satirischen Romanes des franz\u00f6sischen Oekonomen Jean Fran\u00e7ois Melon (1675-1738), erschien nach dem Tod Ludwig\" \/>\n\t\t<meta property=\"og:url\" content=\"https:\/\/www.eosbooks.ch\/en\/produkt\/melon-jean-francois-mahmoud-le-gasnevide\/\" \/>\n\t\t<meta property=\"article:published_time\" content=\"2026-04-14T16:27:33+00:00\" \/>\n\t\t<meta property=\"article:modified_time\" content=\"2026-04-14T16:27:33+00:00\" \/>\n\t\t<meta property=\"article:publisher\" content=\"https:\/\/www.facebook.com\/eos.buchantiquariatbenz\" \/>\n\t\t<meta name=\"twitter:card\" content=\"summary_large_image\" \/>\n\t\t<meta name=\"twitter:site\" content=\"@BenzEos\" \/>\n\t\t<meta name=\"twitter:title\" content=\"Melon, Jean Fran\u00e7ois: Mahmoud Le Gasnevide - EOS BUCHANTIQUARIAT BENZ\" \/>\n\t\t<meta name=\"twitter:description\" content=\"Melon, Jean Fran\u00e7ois: Mahmoud Le Gasnevide Histoire Orientale. Fragment traduit de l&#039;Arabe, avec des notes. Rotterdam, Jean Hofhoudt, 1729. 8\u00b0. (2) VI, 164 (4) S. Lederband der Zeit mit R\u00fcckenschild. (berieben, bestossen und etwas verzogen). Cioranescu 44265. - Erste Ausgabe dieses satirischen Romanes des franz\u00f6sischen Oekonomen Jean Fran\u00e7ois Melon (1675-1738), erschien nach dem Tod Ludwig\" \/>\n\t\t<script type=\"application\/ld+json\" class=\"aioseo-schema\">\n\t\t\t{\"@context\":\"https:\\\/\\\/schema.org\",\"@graph\":[{\"@type\":\"BreadcrumbList\",\"@id\":\"https:\\\/\\\/www.eosbooks.ch\\\/en\\\/produkt\\\/melon-jean-francois-mahmoud-le-gasnevide\\\/#breadcrumblist\",\"itemListElement\":[{\"@type\":\"ListItem\",\"@id\":\"https:\\\/\\\/www.eosbooks.ch\\\/en\\\/#listItem\",\"position\":1,\"name\":\"Home\",\"item\":\"https:\\\/\\\/www.eosbooks.ch\\\/en\\\/\",\"nextItem\":{\"@type\":\"ListItem\",\"@id\":\"https:\\\/\\\/www.eosbooks.ch\\\/en\\\/store-2\\\/#listItem\",\"name\":\"Store\"}},{\"@type\":\"ListItem\",\"@id\":\"https:\\\/\\\/www.eosbooks.ch\\\/en\\\/store-2\\\/#listItem\",\"position\":2,\"name\":\"Store\",\"item\":\"https:\\\/\\\/www.eosbooks.ch\\\/en\\\/store-2\\\/\",\"nextItem\":{\"@type\":\"ListItem\",\"@id\":\"https:\\\/\\\/www.eosbooks.ch\\\/en\\\/produkt-kategorie\\\/literatur-literature\\\/#listItem\",\"name\":\"Literatur \\\/ Literature\"},\"previousItem\":{\"@type\":\"ListItem\",\"@id\":\"https:\\\/\\\/www.eosbooks.ch\\\/en\\\/#listItem\",\"name\":\"Home\"}},{\"@type\":\"ListItem\",\"@id\":\"https:\\\/\\\/www.eosbooks.ch\\\/en\\\/produkt-kategorie\\\/literatur-literature\\\/#listItem\",\"position\":3,\"name\":\"Literatur \\\/ Literature\",\"item\":\"https:\\\/\\\/www.eosbooks.ch\\\/en\\\/produkt-kategorie\\\/literatur-literature\\\/\",\"nextItem\":{\"@type\":\"ListItem\",\"@id\":\"https:\\\/\\\/www.eosbooks.ch\\\/en\\\/produkt\\\/melon-jean-francois-mahmoud-le-gasnevide\\\/#listItem\",\"name\":\"Melon, Jean Fran\\u00e7ois:  Mahmoud Le Gasnevide\"},\"previousItem\":{\"@type\":\"ListItem\",\"@id\":\"https:\\\/\\\/www.eosbooks.ch\\\/en\\\/store-2\\\/#listItem\",\"name\":\"Store\"}},{\"@type\":\"ListItem\",\"@id\":\"https:\\\/\\\/www.eosbooks.ch\\\/en\\\/produkt\\\/melon-jean-francois-mahmoud-le-gasnevide\\\/#listItem\",\"position\":4,\"name\":\"Melon, Jean Fran\\u00e7ois:  Mahmoud Le Gasnevide\",\"previousItem\":{\"@type\":\"ListItem\",\"@id\":\"https:\\\/\\\/www.eosbooks.ch\\\/en\\\/produkt-kategorie\\\/literatur-literature\\\/#listItem\",\"name\":\"Literatur \\\/ Literature\"}}]},{\"@type\":\"ItemPage\",\"@id\":\"https:\\\/\\\/www.eosbooks.ch\\\/en\\\/produkt\\\/melon-jean-francois-mahmoud-le-gasnevide\\\/#itempage\",\"url\":\"https:\\\/\\\/www.eosbooks.ch\\\/en\\\/produkt\\\/melon-jean-francois-mahmoud-le-gasnevide\\\/\",\"name\":\"Melon, Jean Fran\\u00e7ois: Mahmoud Le Gasnevide - EOS BUCHANTIQUARIAT BENZ\",\"description\":\"Melon, Jean Fran\\u00e7ois: Mahmoud Le Gasnevide Histoire Orientale. Fragment traduit de l'Arabe, avec des notes. Rotterdam, Jean Hofhoudt, 1729. 8\\u00b0. (2) VI, 164 (4) S. Lederband der Zeit mit R\\u00fcckenschild. (berieben, bestossen und etwas verzogen). Cioranescu 44265. - Erste Ausgabe dieses satirischen Romanes des franz\\u00f6sischen Oekonomen Jean Fran\\u00e7ois Melon (1675-1738), erschien nach dem Tod Ludwig\",\"inLanguage\":\"en-US\",\"isPartOf\":{\"@id\":\"https:\\\/\\\/www.eosbooks.ch\\\/en\\\/#website\"},\"breadcrumb\":{\"@id\":\"https:\\\/\\\/www.eosbooks.ch\\\/en\\\/produkt\\\/melon-jean-francois-mahmoud-le-gasnevide\\\/#breadcrumblist\"},\"image\":{\"@type\":\"ImageObject\",\"url\":\"https:\\\/\\\/www.eosbooks.ch\\\/wp-content\\\/uploads\\\/2026\\\/04\\\/29454AB.jpg\",\"@id\":\"https:\\\/\\\/www.eosbooks.ch\\\/en\\\/produkt\\\/melon-jean-francois-mahmoud-le-gasnevide\\\/#mainImage\",\"width\":800,\"height\":546,\"caption\":\"Melon, Jean Fran\\u00e7ois: -Mahmoud Le Gasnevide\"},\"primaryImageOfPage\":{\"@id\":\"https:\\\/\\\/www.eosbooks.ch\\\/en\\\/produkt\\\/melon-jean-francois-mahmoud-le-gasnevide\\\/#mainImage\"},\"datePublished\":\"2026-04-14T18:27:33+02:00\",\"dateModified\":\"2026-04-14T18:27:33+02:00\"},{\"@type\":\"Organization\",\"@id\":\"https:\\\/\\\/www.eosbooks.ch\\\/en\\\/#organization\",\"name\":\"EOS BUCHANTIQUARIAT BENZ\",\"description\":\"Antiquariat in Z\\u00fcrich\",\"url\":\"https:\\\/\\\/www.eosbooks.ch\\\/en\\\/\",\"email\":\"gertrud@eosbooks.ch\",\"telephone\":\"+41442615750\",\"foundingDate\":\"1985-10-01\",\"numberOfEmployees\":{\"@type\":\"QuantitativeValue\",\"value\":3},\"logo\":{\"@type\":\"ImageObject\",\"url\":\"https:\\\/\\\/www.eosbooks.ch\\\/wp-content\\\/uploads\\\/2024\\\/12\\\/logo.jpg\",\"@id\":\"https:\\\/\\\/www.eosbooks.ch\\\/en\\\/produkt\\\/melon-jean-francois-mahmoud-le-gasnevide\\\/#organizationLogo\"},\"image\":{\"@id\":\"https:\\\/\\\/www.eosbooks.ch\\\/en\\\/produkt\\\/melon-jean-francois-mahmoud-le-gasnevide\\\/#organizationLogo\"},\"sameAs\":[\"https:\\\/\\\/www.facebook.com\\\/eos.buchantiquariatbenz\",\"https:\\\/\\\/x.com\\\/BenzEos\",\"https:\\\/\\\/www.instagram.com\\\/eosbuchantiquariatbenz\\\/\",\"https:\\\/\\\/www.linkedin.com\\\/company\\\/eos-buchantiquariat-benz\\\/\"]},{\"@type\":\"WebPage\",\"@id\":\"https:\\\/\\\/www.eosbooks.ch\\\/en\\\/produkt\\\/melon-jean-francois-mahmoud-le-gasnevide\\\/#webpage\",\"url\":\"https:\\\/\\\/www.eosbooks.ch\\\/en\\\/produkt\\\/melon-jean-francois-mahmoud-le-gasnevide\\\/\",\"name\":\"Melon, Jean Fran\\u00e7ois: Mahmoud Le Gasnevide - EOS BUCHANTIQUARIAT BENZ\",\"description\":\"Melon, Jean Fran\\u00e7ois: Mahmoud Le Gasnevide Histoire Orientale. Fragment traduit de l'Arabe, avec des notes. Rotterdam, Jean Hofhoudt, 1729. 8\\u00b0. (2) VI, 164 (4) S. Lederband der Zeit mit R\\u00fcckenschild. (berieben, bestossen und etwas verzogen). Cioranescu 44265. - Erste Ausgabe dieses satirischen Romanes des franz\\u00f6sischen Oekonomen Jean Fran\\u00e7ois Melon (1675-1738), erschien nach dem Tod Ludwig\",\"inLanguage\":\"en-US\",\"isPartOf\":{\"@id\":\"https:\\\/\\\/www.eosbooks.ch\\\/en\\\/#website\"},\"breadcrumb\":{\"@id\":\"https:\\\/\\\/www.eosbooks.ch\\\/en\\\/produkt\\\/melon-jean-francois-mahmoud-le-gasnevide\\\/#breadcrumblist\"},\"image\":{\"@type\":\"ImageObject\",\"url\":\"https:\\\/\\\/www.eosbooks.ch\\\/wp-content\\\/uploads\\\/2026\\\/04\\\/29454AB.jpg\",\"@id\":\"https:\\\/\\\/www.eosbooks.ch\\\/en\\\/produkt\\\/melon-jean-francois-mahmoud-le-gasnevide\\\/#mainImage\",\"width\":800,\"height\":546,\"caption\":\"Melon, Jean Fran\\u00e7ois: -Mahmoud Le Gasnevide\"},\"primaryImageOfPage\":{\"@id\":\"https:\\\/\\\/www.eosbooks.ch\\\/en\\\/produkt\\\/melon-jean-francois-mahmoud-le-gasnevide\\\/#mainImage\"},\"datePublished\":\"2026-04-14T18:27:33+02:00\",\"dateModified\":\"2026-04-14T18:27:33+02:00\"},{\"@type\":\"WebSite\",\"@id\":\"https:\\\/\\\/www.eosbooks.ch\\\/en\\\/#website\",\"url\":\"https:\\\/\\\/www.eosbooks.ch\\\/en\\\/\",\"name\":\"EOS BUCHANTIQUARIAT BENZ\",\"alternateName\":\"Antiquariat in Z\\u00fcrich\",\"inLanguage\":\"en-US\",\"publisher\":{\"@id\":\"https:\\\/\\\/www.eosbooks.ch\\\/en\\\/#organization\"}}]}\n\t\t<\/script>\n\t\t<!-- All in One SEO Pro -->\r\n\t\t<title>Melon, Jean Fran\u00e7ois: Mahmoud Le Gasnevide - EOS BUCHANTIQUARIAT BENZ<\/title>\n\n","aioseo_head_json":{"title":"Melon, Jean Fran\u00e7ois: Mahmoud Le Gasnevide - EOS BUCHANTIQUARIAT BENZ","description":"Melon, Jean Fran\u00e7ois: Mahmoud Le Gasnevide Histoire Orientale. Fragment traduit de l'Arabe, avec des notes. Rotterdam, Jean Hofhoudt, 1729. 8\u00b0. (2) VI, 164 (4) S. Lederband der Zeit mit R\u00fcckenschild. (berieben, bestossen und etwas verzogen). Cioranescu 44265. - Erste Ausgabe dieses satirischen Romanes des franz\u00f6sischen Oekonomen Jean Fran\u00e7ois Melon (1675-1738), erschien nach dem Tod Ludwig","canonical_url":"https:\/\/www.eosbooks.ch\/en\/produkt\/melon-jean-francois-mahmoud-le-gasnevide\/","robots":"max-image-preview:large","keywords":"","webmasterTools":{"google-site-verification":"PCk8OeKBqQd6e-_PfoQFKNo77skySIZQg4CjJ2YBj2Y","miscellaneous":""},"schema":{"@context":"https:\/\/schema.org","@graph":[{"@type":"BreadcrumbList","@id":"https:\/\/www.eosbooks.ch\/en\/produkt\/melon-jean-francois-mahmoud-le-gasnevide\/#breadcrumblist","itemListElement":[{"@type":"ListItem","@id":"https:\/\/www.eosbooks.ch\/en\/#listItem","position":1,"name":"Home","item":"https:\/\/www.eosbooks.ch\/en\/","nextItem":{"@type":"ListItem","@id":"https:\/\/www.eosbooks.ch\/en\/store-2\/#listItem","name":"Store"}},{"@type":"ListItem","@id":"https:\/\/www.eosbooks.ch\/en\/store-2\/#listItem","position":2,"name":"Store","item":"https:\/\/www.eosbooks.ch\/en\/store-2\/","nextItem":{"@type":"ListItem","@id":"https:\/\/www.eosbooks.ch\/en\/produkt-kategorie\/literatur-literature\/#listItem","name":"Literatur \/ Literature"},"previousItem":{"@type":"ListItem","@id":"https:\/\/www.eosbooks.ch\/en\/#listItem","name":"Home"}},{"@type":"ListItem","@id":"https:\/\/www.eosbooks.ch\/en\/produkt-kategorie\/literatur-literature\/#listItem","position":3,"name":"Literatur \/ Literature","item":"https:\/\/www.eosbooks.ch\/en\/produkt-kategorie\/literatur-literature\/","nextItem":{"@type":"ListItem","@id":"https:\/\/www.eosbooks.ch\/en\/produkt\/melon-jean-francois-mahmoud-le-gasnevide\/#listItem","name":"Melon, Jean Fran\u00e7ois:  Mahmoud Le Gasnevide"},"previousItem":{"@type":"ListItem","@id":"https:\/\/www.eosbooks.ch\/en\/store-2\/#listItem","name":"Store"}},{"@type":"ListItem","@id":"https:\/\/www.eosbooks.ch\/en\/produkt\/melon-jean-francois-mahmoud-le-gasnevide\/#listItem","position":4,"name":"Melon, Jean Fran\u00e7ois:  Mahmoud Le Gasnevide","previousItem":{"@type":"ListItem","@id":"https:\/\/www.eosbooks.ch\/en\/produkt-kategorie\/literatur-literature\/#listItem","name":"Literatur \/ Literature"}}]},{"@type":"ItemPage","@id":"https:\/\/www.eosbooks.ch\/en\/produkt\/melon-jean-francois-mahmoud-le-gasnevide\/#itempage","url":"https:\/\/www.eosbooks.ch\/en\/produkt\/melon-jean-francois-mahmoud-le-gasnevide\/","name":"Melon, Jean Fran\u00e7ois: Mahmoud Le Gasnevide - EOS BUCHANTIQUARIAT BENZ","description":"Melon, Jean Fran\u00e7ois: Mahmoud Le Gasnevide Histoire Orientale. Fragment traduit de l'Arabe, avec des notes. Rotterdam, Jean Hofhoudt, 1729. 8\u00b0. (2) VI, 164 (4) S. Lederband der Zeit mit R\u00fcckenschild. (berieben, bestossen und etwas verzogen). Cioranescu 44265. - Erste Ausgabe dieses satirischen Romanes des franz\u00f6sischen Oekonomen Jean Fran\u00e7ois Melon (1675-1738), erschien nach dem Tod Ludwig","inLanguage":"en-US","isPartOf":{"@id":"https:\/\/www.eosbooks.ch\/en\/#website"},"breadcrumb":{"@id":"https:\/\/www.eosbooks.ch\/en\/produkt\/melon-jean-francois-mahmoud-le-gasnevide\/#breadcrumblist"},"image":{"@type":"ImageObject","url":"https:\/\/www.eosbooks.ch\/wp-content\/uploads\/2026\/04\/29454AB.jpg","@id":"https:\/\/www.eosbooks.ch\/en\/produkt\/melon-jean-francois-mahmoud-le-gasnevide\/#mainImage","width":800,"height":546,"caption":"Melon, Jean Fran\u00e7ois: -Mahmoud Le Gasnevide"},"primaryImageOfPage":{"@id":"https:\/\/www.eosbooks.ch\/en\/produkt\/melon-jean-francois-mahmoud-le-gasnevide\/#mainImage"},"datePublished":"2026-04-14T18:27:33+02:00","dateModified":"2026-04-14T18:27:33+02:00"},{"@type":"Organization","@id":"https:\/\/www.eosbooks.ch\/en\/#organization","name":"EOS BUCHANTIQUARIAT BENZ","description":"Antiquariat in Z\u00fcrich","url":"https:\/\/www.eosbooks.ch\/en\/","email":"gertrud@eosbooks.ch","telephone":"+41442615750","foundingDate":"1985-10-01","numberOfEmployees":{"@type":"QuantitativeValue","value":3},"logo":{"@type":"ImageObject","url":"https:\/\/www.eosbooks.ch\/wp-content\/uploads\/2024\/12\/logo.jpg","@id":"https:\/\/www.eosbooks.ch\/en\/produkt\/melon-jean-francois-mahmoud-le-gasnevide\/#organizationLogo"},"image":{"@id":"https:\/\/www.eosbooks.ch\/en\/produkt\/melon-jean-francois-mahmoud-le-gasnevide\/#organizationLogo"},"sameAs":["https:\/\/www.facebook.com\/eos.buchantiquariatbenz","https:\/\/x.com\/BenzEos","https:\/\/www.instagram.com\/eosbuchantiquariatbenz\/","https:\/\/www.linkedin.com\/company\/eos-buchantiquariat-benz\/"]},{"@type":"WebPage","@id":"https:\/\/www.eosbooks.ch\/en\/produkt\/melon-jean-francois-mahmoud-le-gasnevide\/#webpage","url":"https:\/\/www.eosbooks.ch\/en\/produkt\/melon-jean-francois-mahmoud-le-gasnevide\/","name":"Melon, Jean Fran\u00e7ois: Mahmoud Le Gasnevide - EOS BUCHANTIQUARIAT BENZ","description":"Melon, Jean Fran\u00e7ois: Mahmoud Le Gasnevide Histoire Orientale. Fragment traduit de l'Arabe, avec des notes. Rotterdam, Jean Hofhoudt, 1729. 8\u00b0. (2) VI, 164 (4) S. Lederband der Zeit mit R\u00fcckenschild. (berieben, bestossen und etwas verzogen). Cioranescu 44265. - Erste Ausgabe dieses satirischen Romanes des franz\u00f6sischen Oekonomen Jean Fran\u00e7ois Melon (1675-1738), erschien nach dem Tod Ludwig","inLanguage":"en-US","isPartOf":{"@id":"https:\/\/www.eosbooks.ch\/en\/#website"},"breadcrumb":{"@id":"https:\/\/www.eosbooks.ch\/en\/produkt\/melon-jean-francois-mahmoud-le-gasnevide\/#breadcrumblist"},"image":{"@type":"ImageObject","url":"https:\/\/www.eosbooks.ch\/wp-content\/uploads\/2026\/04\/29454AB.jpg","@id":"https:\/\/www.eosbooks.ch\/en\/produkt\/melon-jean-francois-mahmoud-le-gasnevide\/#mainImage","width":800,"height":546,"caption":"Melon, Jean Fran\u00e7ois: -Mahmoud Le Gasnevide"},"primaryImageOfPage":{"@id":"https:\/\/www.eosbooks.ch\/en\/produkt\/melon-jean-francois-mahmoud-le-gasnevide\/#mainImage"},"datePublished":"2026-04-14T18:27:33+02:00","dateModified":"2026-04-14T18:27:33+02:00"},{"@type":"WebSite","@id":"https:\/\/www.eosbooks.ch\/en\/#website","url":"https:\/\/www.eosbooks.ch\/en\/","name":"EOS BUCHANTIQUARIAT BENZ","alternateName":"Antiquariat in Z\u00fcrich","inLanguage":"en-US","publisher":{"@id":"https:\/\/www.eosbooks.ch\/en\/#organization"}}]},"og:locale":"en_US","og:site_name":"EOS BUCHANTIQUARIAT BENZ EOS BUCHANTIQUARIAT BENZ -","og:type":"article","og:title":"Melon, Jean Fran\u00e7ois: Mahmoud Le Gasnevide - EOS BUCHANTIQUARIAT BENZ","og:description":"Melon, Jean Fran\u00e7ois: Mahmoud Le Gasnevide Histoire Orientale. Fragment traduit de l'Arabe, avec des notes. Rotterdam, Jean Hofhoudt, 1729. 8\u00b0. (2) VI, 164 (4) S. Lederband der Zeit mit R\u00fcckenschild. (berieben, bestossen und etwas verzogen). Cioranescu 44265. - Erste Ausgabe dieses satirischen Romanes des franz\u00f6sischen Oekonomen Jean Fran\u00e7ois Melon (1675-1738), erschien nach dem Tod Ludwig","og:url":"https:\/\/www.eosbooks.ch\/en\/produkt\/melon-jean-francois-mahmoud-le-gasnevide\/","article:published_time":"2026-04-14T16:27:33+00:00","article:modified_time":"2026-04-14T16:27:33+00:00","article:publisher":"https:\/\/www.facebook.com\/eos.buchantiquariatbenz","twitter:card":"summary_large_image","twitter:site":"@BenzEos","twitter:title":"Melon, Jean Fran\u00e7ois: Mahmoud Le Gasnevide - EOS BUCHANTIQUARIAT BENZ","twitter:description":"Melon, Jean Fran\u00e7ois: Mahmoud Le Gasnevide Histoire Orientale. Fragment traduit de l'Arabe, avec des notes. Rotterdam, Jean Hofhoudt, 1729. 8\u00b0. (2) VI, 164 (4) S. Lederband der Zeit mit R\u00fcckenschild. (berieben, bestossen und etwas verzogen). Cioranescu 44265. - Erste Ausgabe dieses satirischen Romanes des franz\u00f6sischen Oekonomen Jean Fran\u00e7ois Melon (1675-1738), erschien nach dem Tod Ludwig"},"aioseo_meta_data":{"post_id":"52872","title":null,"description":null,"keywords":null,"keyphrases":null,"primary_term":null,"canonical_url":null,"og_title":null,"og_description":null,"og_object_type":"default","og_image_type":"default","og_image_url":null,"og_image_width":null,"og_image_height":null,"og_image_custom_url":null,"og_image_custom_fields":null,"og_video":null,"og_custom_url":null,"og_article_section":null,"og_article_tags":null,"twitter_use_og":false,"twitter_card":"default","twitter_image_type":"default","twitter_image_url":null,"twitter_image_custom_url":null,"twitter_image_custom_fields":null,"twitter_title":null,"twitter_description":null,"schema":{"blockGraphs":[],"customGraphs":[],"default":{"data":{"Article":[],"Course":[],"Dataset":[],"FAQPage":[],"Movie":[],"Person":[],"Product":[],"ProductReview":[],"Car":[],"Recipe":[],"Service":[],"SoftwareApplication":[],"WebPage":[]},"graphName":"","isEnabled":true},"graphs":[]},"schema_type":"default","schema_type_options":null,"pillar_content":false,"robots_default":true,"robots_noindex":false,"robots_noarchive":false,"robots_nosnippet":false,"robots_nofollow":false,"robots_noimageindex":false,"robots_noodp":false,"robots_notranslate":false,"robots_max_snippet":null,"robots_max_videopreview":null,"robots_max_imagepreview":"large","priority":null,"frequency":null,"local_seo":null,"seo_analyzer_scan_date":null,"breadcrumb_settings":null,"limit_modified_date":false,"reviewed_by":null,"open_ai":null,"ai":null,"created":"2022-11-15 14:48:48","updated":"2026-04-14 20:30:55"},"aioseo_breadcrumb":"<div class=\"aioseo-breadcrumbs\"><span class=\"aioseo-breadcrumb\">\n\t<a href=\"https:\/\/www.eosbooks.ch\/en\/\" title=\"Home\">Home<\/a>\n<\/span><span class=\"aioseo-breadcrumb-separator\">&raquo;<\/span><span class=\"aioseo-breadcrumb\">\n\t<a href=\"https:\/\/www.eosbooks.ch\/en\/store-2\/\" title=\"Store\">Store<\/a>\n<\/span><span class=\"aioseo-breadcrumb-separator\">&raquo;<\/span><span class=\"aioseo-breadcrumb\">\n\t<a href=\"https:\/\/www.eosbooks.ch\/en\/produkt-kategorie\/literatur-literature\/\" title=\"Literatur \/ Literature\">Literatur \/ Literature<\/a>\n<\/span><span class=\"aioseo-breadcrumb-separator\">&raquo;<\/span><span class=\"aioseo-breadcrumb\">\n\tMelon, Jean Fran\u00e7ois:  Mahmoud Le Gasnevide\n<\/span><\/div>","aioseo_breadcrumb_json":[{"label":"Home","link":"https:\/\/www.eosbooks.ch\/en\/"},{"label":"Store","link":"https:\/\/www.eosbooks.ch\/en\/store-2\/"},{"label":"Literatur \/ Literature","link":"https:\/\/www.eosbooks.ch\/en\/produkt-kategorie\/literatur-literature\/"},{"label":"Melon, Jean Fran\u00e7ois:  Mahmoud Le Gasnevide","link":"https:\/\/www.eosbooks.ch\/en\/produkt\/melon-jean-francois-mahmoud-le-gasnevide\/"}],"_links":{"self":[{"href":"https:\/\/www.eosbooks.ch\/en\/wp-json\/wp\/v2\/product\/52872","targetHints":{"allow":["GET"]}}],"collection":[{"href":"https:\/\/www.eosbooks.ch\/en\/wp-json\/wp\/v2\/product"}],"about":[{"href":"https:\/\/www.eosbooks.ch\/en\/wp-json\/wp\/v2\/types\/product"}],"replies":[{"embeddable":true,"href":"https:\/\/www.eosbooks.ch\/en\/wp-json\/wp\/v2\/comments?post=52872"}],"wp:featuredmedia":[{"embeddable":true,"href":"https:\/\/www.eosbooks.ch\/en\/wp-json\/wp\/v2\/media\/9730149"}],"wp:attachment":[{"href":"https:\/\/www.eosbooks.ch\/en\/wp-json\/wp\/v2\/media?parent=52872"}],"wp:term":[{"taxonomy":"product_brand","embeddable":true,"href":"https:\/\/www.eosbooks.ch\/en\/wp-json\/wp\/v2\/product_brand?post=52872"},{"taxonomy":"product_cat","embeddable":true,"href":"https:\/\/www.eosbooks.ch\/en\/wp-json\/wp\/v2\/product_cat?post=52872"},{"taxonomy":"product_tag","embeddable":true,"href":"https:\/\/www.eosbooks.ch\/en\/wp-json\/wp\/v2\/product_tag?post=52872"}],"curies":[{"name":"wp","href":"https:\/\/api.w.org\/{rel}","templated":true}]}}