{"id":52245,"date":"2026-04-21T12:28:28","date_gmt":"2026-04-21T10:28:28","guid":{"rendered":"http:\/\/eosbooks.ch.w015255e.kasserver.com\/produkt\/treviranus-gottfried-reinhold-beitraege-zur-aufklaerung-der-erscheinungen-und-gesetze-des-organischen-lebens\/"},"modified":"2026-04-21T12:28:28","modified_gmt":"2026-04-21T10:28:28","slug":"treviranus-gottfried-reinhold-beitraege-zur-aufklaerung-der-erscheinungen-und-gesetze-des-organischen-lebens","status":"publish","type":"product","link":"https:\/\/www.eosbooks.ch\/en\/produkt\/treviranus-gottfried-reinhold-beitraege-zur-aufklaerung-der-erscheinungen-und-gesetze-des-organischen-lebens\/","title":{"rendered":"Treviranus, Gottfried Reinhold:  Beitr\u00e4ge zur Aufkl\u00e4rung der Erscheinungen und Gesetze des organischen Lebens."},"content":{"rendered":"<p><span class=\"autor\"> Treviranus, Gottfried Reinhold: <\/span>\u00a0<span class=\"titel\" style=\"font-size: 1em\">Beitr\u00e4ge zur Aufkl\u00e4rung der Erscheinungen und Gesetze des organischen Lebens.<\/span><span style=\"font-size: 1em\"> (I:) Ueber die bl\u00e4ttrige Textur der Crystalllinse des Auges als Grund des Verm\u00f6gens, einerlei Gegenstand in verschiedener Entfernung deutlich zu sehen, und \u00fcber den innern Bau der Retina. \u2013 (II:) Neue Untersuchungen \u00fcber die organischen Elemente der thierischen K\u00f6rper und deren Zusammensetzungen. \u2013 (III:) Resultate neuer Untersuchungen \u00fcber die Theorie des Sehens und \u00fcber den innern Bau der Netzhaut des Auges. Bremen, Georg Heyse, 1835-1837. 3 B\u00e4nde in 1 Band. 8\u00b0. (2), 80, S., (1) S. (Druckfehler); 123 S., (1) S. (Inhaltsverzeichnis); XVI, (2), 109 S., (1) Bl. (Druckfehler). Mit 8 gest. Tafeln (davon 4 gefaltet). Orig.-Halblederband mit rotem R\u00fcckenschild und schlichter R\u00fcckenvergoldung.<\/span><\/p>\n<p class=\"kommentar1\">Hirsch-H. V, 633 (f\u00fcr den Verfasser). \u2013 Erg\u00e4nzende Beitr\u00e4ge zum Werk\u00ab Die Erscheinungen und Gesetze des organ. Lebens\u00bb in zwei B\u00e4nden, erschienen 1831\u20131833. \u2013 Gottfried Reinhold Treviranus (1776\u20131837), deutscher Arzt und Naturwissenschaftler, forschte und publizierte in verschiedenen Gebieten der Biologie und Mathematik. \u00abEr war der Erste, welcher im Jahre 1816 in seinen vermischten Schriften sich mit der Anwendung des Mikroskops umfassend besch\u00e4ftigte\u00bb (Hirsch-H.). \u2013 Vors\u00e4tze leimschattig. Einband berieben und bestossen.<\/p>\n<p>+ Wichtig: F\u00fcr unsere Kunden in der EU erfolgt der Versand alle 14 Tage verzollt ab Deutschland \/ Postbank-Konto in Deutschland vorhanden +<\/p>\n<p>Frage zu diesem Artikel\/der Abbildung &#8211; <a href=\"mailto:orders@eosbooks.ch?subject=Eine Frage zu dem Artikel\/der Abbildung 2915DB\">Kontakt<\/a>?<br \/>\n<span class=\"schlagwort\">Medizin \u2013 Psychologie \/ Medicine \u2013 Psychology, Augenheilkunde &#8211; Ophthalmologie \/ Ophthalmology, Naturwissenschaften \/ Natural Sciences<\/span><\/p>\n<div class=\"shariff shariff-align-left shariff-widget-align-left\"><div class=\"ShariffHeadline\"><hr><\/div><ul class=\"shariff-buttons theme-round orientation-horizontal buttonsize-medium\"><li class=\"shariff-button facebook shariff-nocustomcolor\" style=\"background-color:#4273c8\"><a href=\"https:\/\/www.facebook.com\/sharer\/sharer.php?u=https%3A%2F%2Fwww.eosbooks.ch%2Fen%2Fprodukt%2Ftreviranus-gottfried-reinhold-beitraege-zur-aufklaerung-der-erscheinungen-und-gesetze-des-organischen-lebens%2F\" title=\"Bei Facebook teilen\" aria-label=\"Bei Facebook teilen\" role=\"button\" rel=\"nofollow\" class=\"shariff-link\" style=\"; background-color:#3b5998; color:#fff\" target=\"_blank\"><span class=\"shariff-icon\" style=\"\"><svg width=\"32px\" height=\"20px\" xmlns=\"http:\/\/www.w3.org\/2000\/svg\" viewBox=\"0 0 18 32\"><path fill=\"#3b5998\" d=\"M17.1 0.2v4.7h-2.8q-1.5 0-2.1 0.6t-0.5 1.9v3.4h5.2l-0.7 5.3h-4.5v13.6h-5.5v-13.6h-4.5v-5.3h4.5v-3.9q0-3.3 1.9-5.2t5-1.8q2.6 0 4.1 0.2z\"\/><\/svg><\/span><\/a><\/li><li class=\"shariff-button twitter shariff-nocustomcolor\" style=\"background-color:#595959\"><a href=\"https:\/\/twitter.com\/share?url=https%3A%2F%2Fwww.eosbooks.ch%2Fen%2Fprodukt%2Ftreviranus-gottfried-reinhold-beitraege-zur-aufklaerung-der-erscheinungen-und-gesetze-des-organischen-lebens%2F&text=Treviranus%2C%20Gottfried%20Reinhold%3A%20%20Beitr%C3%A4ge%20zur%20Aufkl%C3%A4rung%20der%20Erscheinungen%20und%20Gesetze%20des%20organischen%20Lebens.\" title=\"Bei X teilen\" aria-label=\"Bei X teilen\" role=\"button\" rel=\"noopener nofollow\" class=\"shariff-link\" style=\"; background-color:#000; color:#fff\" target=\"_blank\"><span class=\"shariff-icon\" style=\"\"><svg width=\"32px\" height=\"20px\" xmlns=\"http:\/\/www.w3.org\/2000\/svg\" viewBox=\"0 0 24 24\"><path fill=\"#000\" d=\"M14.258 10.152L23.176 0h-2.113l-7.747 8.813L7.133 0H0l9.352 13.328L0 23.973h2.113l8.176-9.309 6.531 9.309h7.133zm-2.895 3.293l-.949-1.328L2.875 1.56h3.246l6.086 8.523.945 1.328 7.91 11.078h-3.246zm0 0\"\/><\/svg><\/span><\/a><\/li><li class=\"shariff-button linkedin shariff-nocustomcolor\" style=\"background-color:#1488bf\"><a href=\"https:\/\/www.linkedin.com\/sharing\/share-offsite\/?url=https%3A%2F%2Fwww.eosbooks.ch%2Fen%2Fprodukt%2Ftreviranus-gottfried-reinhold-beitraege-zur-aufklaerung-der-erscheinungen-und-gesetze-des-organischen-lebens%2F\" title=\"Bei LinkedIn teilen\" aria-label=\"Bei LinkedIn teilen\" role=\"button\" rel=\"noopener nofollow\" class=\"shariff-link\" style=\"; background-color:#0077b5; color:#fff\" target=\"_blank\"><span class=\"shariff-icon\" style=\"\"><svg width=\"32px\" height=\"20px\" xmlns=\"http:\/\/www.w3.org\/2000\/svg\" viewBox=\"0 0 27 32\"><path fill=\"#0077b5\" d=\"M6.2 11.2v17.7h-5.9v-17.7h5.9zM6.6 5.7q0 1.3-0.9 2.2t-2.4 0.9h0q-1.5 0-2.4-0.9t-0.9-2.2 0.9-2.2 2.4-0.9 2.4 0.9 0.9 2.2zM27.4 18.7v10.1h-5.9v-9.5q0-1.9-0.7-2.9t-2.3-1.1q-1.1 0-1.9 0.6t-1.2 1.5q-0.2 0.5-0.2 1.4v9.9h-5.9q0-7.1 0-11.6t0-5.3l0-0.9h5.9v2.6h0q0.4-0.6 0.7-1t1-0.9 1.6-0.8 2-0.3q3 0 4.9 2t1.9 6z\"\/><\/svg><\/span><\/a><\/li><\/ul><\/div>","protected":false},"excerpt":{"rendered":"<p>Treviranus, Gottfried Reinhold: \u00a0Beitr\u00e4ge zur Aufkl\u00e4rung der Erscheinungen und Gesetze des organischen Lebens. (I:) Ueber die bl\u00e4ttrige Textur der Crystalllinse des Auges als Grund des Verm\u00f6gens, einerlei Gegenstand in verschiedener Entfernung deutlich zu sehen, und \u00fcber den innern Bau der Retina. \u2013 (II:) Neue Untersuchungen \u00fcber die organischen Elemente der thierischen K\u00f6rper und deren Zusammensetzungen. [&hellip;]<\/p>\n","protected":false},"featured_media":9733727,"comment_status":"closed","ping_status":"closed","template":"","meta":[],"product_brand":[],"product_cat":[792],"product_tag":[],"class_list":{"0":"post-52245","1":"product","2":"type-product","3":"status-publish","4":"has-post-thumbnail","6":"product_cat-medizin-psychologie-medicine-psychology","8":"first","9":"instock","10":"taxable","11":"shipping-taxable","12":"purchasable","13":"product-type-simple"},"aioseo_notices":[],"_links":{"self":[{"href":"https:\/\/www.eosbooks.ch\/en\/wp-json\/wp\/v2\/product\/52245","targetHints":{"allow":["GET"]}}],"collection":[{"href":"https:\/\/www.eosbooks.ch\/en\/wp-json\/wp\/v2\/product"}],"about":[{"href":"https:\/\/www.eosbooks.ch\/en\/wp-json\/wp\/v2\/types\/product"}],"replies":[{"embeddable":true,"href":"https:\/\/www.eosbooks.ch\/en\/wp-json\/wp\/v2\/comments?post=52245"}],"wp:featuredmedia":[{"embeddable":true,"href":"https:\/\/www.eosbooks.ch\/en\/wp-json\/wp\/v2\/media\/9733727"}],"wp:attachment":[{"href":"https:\/\/www.eosbooks.ch\/en\/wp-json\/wp\/v2\/media?parent=52245"}],"wp:term":[{"taxonomy":"product_brand","embeddable":true,"href":"https:\/\/www.eosbooks.ch\/en\/wp-json\/wp\/v2\/product_brand?post=52245"},{"taxonomy":"product_cat","embeddable":true,"href":"https:\/\/www.eosbooks.ch\/en\/wp-json\/wp\/v2\/product_cat?post=52245"},{"taxonomy":"product_tag","embeddable":true,"href":"https:\/\/www.eosbooks.ch\/en\/wp-json\/wp\/v2\/product_tag?post=52245"}],"curies":[{"name":"wp","href":"https:\/\/api.w.org\/{rel}","templated":true}]}}