{"id":52243,"date":"2026-04-28T14:27:16","date_gmt":"2026-04-28T12:27:16","guid":{"rendered":"http:\/\/eosbooks.ch.w015255e.kasserver.com\/produkt\/tissot-samuel-a-d-saemmtliche-zur-arztneykunst-gehoerige-schriften\/"},"modified":"2026-04-28T14:27:16","modified_gmt":"2026-04-28T12:27:16","slug":"tissot-samuel-a-d-saemmtliche-zur-arztneykunst-gehoerige-schriften","status":"publish","type":"product","link":"https:\/\/www.eosbooks.ch\/en\/produkt\/tissot-samuel-a-d-saemmtliche-zur-arztneykunst-gehoerige-schriften\/","title":{"rendered":"Tissot, Samuel A.D.:  S\u00e4mmtliche zur Arztneykunst geh\u00f6rige Schriften,"},"content":{"rendered":"<p><span class=\"autor\"> Tissot, Samuel A.D.: <\/span>\u00a0<span class=\"titel\" style=\"font-size: 1em\">S\u00e4mmtliche zur Arztneykunst geh\u00f6rige Schriften,<\/span><span style=\"font-size: 1em\"> nach den neuesten von dem Verfasser selbst verbesserten und vermehrten Originalausgaben aus dem Franz\u00f6sischen und Lateinischen \u00fcbersetzt und mit einigen Anmerkungen begleitet von Johann Christian Kerstens. Leipzig, Friedrich Gotthold Jacob\u00e4e und Sohn, 1784. 3. Auflage. 6 (von 7) B\u00e4nden. 8\u00b0. Halblederb\u00e4nde der Zeit mit R\u00fcckenschild und verblasster R\u00fcckenvergoldung (berieben und bestossen).<\/span><\/p>\n<p class=\"kommentar1\">Vgl. Hirsch V, 686 und  Blake 453 (f\u00fcr die deutsche Erstausgabe von 1779-1784). &#8211;  Der Schweizer Arzt Samuel Tissot geb. 1728 in Grancy (Kanton Waadt) studierte in  Genf und Montpelliier, war danach l\u00e4ngere Zeit in Lausanne t\u00e4tig bevor er dem Ruf von Kaiser Joseph II. folgte und ab 1780 in Pavia als Professor und vor allem als erfolgreicher Therapeut wirkte. Tissot starb 1797 in Lausanne. &#8220;Er war einer der ber\u00fchmtesten Praktiker seiner Zeit, auch ein vertrauter Freund von Haller und Zimmermann&#8221; (Hirsch). &#8211; Es fehlt der 2. Band. &#8211; Durchgehend etwas gebr\u00e4unt.<\/p>\n<p>+ Wichtig: F\u00fcr unsere Kunden in der EU erfolgt der Versand alle 14 Tage verzollt ab Deutschland \/ Postbank-Konto in Deutschland vorhanden +<\/p>\n<p>Frage zu diesem Artikel\/der Abbildung &#8211; <a href=\"mailto:orders@eosbooks.ch?subject=Eine Frage zu dem Artikel\/der Abbildung 4445CB\">Kontakt<\/a>?<br \/>\n<span class=\"schlagwort\">Medizin \u2013 Psychologie \/ Medicine \u2013 Psychology, Pharmakologie &#8211; Pharmazie \/ Pharmakology &#8211; Pharmacy<\/span><\/p>\n<div class=\"shariff shariff-align-left shariff-widget-align-left\"><div class=\"ShariffHeadline\"><hr><\/div><ul class=\"shariff-buttons theme-round orientation-horizontal buttonsize-medium\"><li class=\"shariff-button facebook shariff-nocustomcolor\" style=\"background-color:#4273c8\"><a href=\"https:\/\/www.facebook.com\/sharer\/sharer.php?u=https%3A%2F%2Fwww.eosbooks.ch%2Fen%2Fprodukt%2Ftissot-samuel-a-d-saemmtliche-zur-arztneykunst-gehoerige-schriften%2F\" title=\"Bei Facebook teilen\" aria-label=\"Bei Facebook teilen\" role=\"button\" rel=\"nofollow\" class=\"shariff-link\" style=\"; background-color:#3b5998; color:#fff\" target=\"_blank\"><span class=\"shariff-icon\" style=\"\"><svg width=\"32px\" height=\"20px\" xmlns=\"http:\/\/www.w3.org\/2000\/svg\" viewBox=\"0 0 18 32\"><path fill=\"#3b5998\" d=\"M17.1 0.2v4.7h-2.8q-1.5 0-2.1 0.6t-0.5 1.9v3.4h5.2l-0.7 5.3h-4.5v13.6h-5.5v-13.6h-4.5v-5.3h4.5v-3.9q0-3.3 1.9-5.2t5-1.8q2.6 0 4.1 0.2z\"\/><\/svg><\/span><\/a><\/li><li class=\"shariff-button twitter shariff-nocustomcolor\" style=\"background-color:#595959\"><a href=\"https:\/\/twitter.com\/share?url=https%3A%2F%2Fwww.eosbooks.ch%2Fen%2Fprodukt%2Ftissot-samuel-a-d-saemmtliche-zur-arztneykunst-gehoerige-schriften%2F&text=Tissot%2C%20Samuel%20A.D.%3A%20%20S%C3%A4mmtliche%20zur%20Arztneykunst%20geh%C3%B6rige%20Schriften%2C\" title=\"Bei X teilen\" aria-label=\"Bei X teilen\" role=\"button\" rel=\"noopener nofollow\" class=\"shariff-link\" style=\"; background-color:#000; color:#fff\" target=\"_blank\"><span class=\"shariff-icon\" style=\"\"><svg width=\"32px\" height=\"20px\" xmlns=\"http:\/\/www.w3.org\/2000\/svg\" viewBox=\"0 0 24 24\"><path fill=\"#000\" d=\"M14.258 10.152L23.176 0h-2.113l-7.747 8.813L7.133 0H0l9.352 13.328L0 23.973h2.113l8.176-9.309 6.531 9.309h7.133zm-2.895 3.293l-.949-1.328L2.875 1.56h3.246l6.086 8.523.945 1.328 7.91 11.078h-3.246zm0 0\"\/><\/svg><\/span><\/a><\/li><li class=\"shariff-button linkedin shariff-nocustomcolor\" style=\"background-color:#1488bf\"><a href=\"https:\/\/www.linkedin.com\/sharing\/share-offsite\/?url=https%3A%2F%2Fwww.eosbooks.ch%2Fen%2Fprodukt%2Ftissot-samuel-a-d-saemmtliche-zur-arztneykunst-gehoerige-schriften%2F\" title=\"Bei LinkedIn teilen\" aria-label=\"Bei LinkedIn teilen\" role=\"button\" rel=\"noopener nofollow\" class=\"shariff-link\" style=\"; background-color:#0077b5; color:#fff\" target=\"_blank\"><span class=\"shariff-icon\" style=\"\"><svg width=\"32px\" height=\"20px\" xmlns=\"http:\/\/www.w3.org\/2000\/svg\" viewBox=\"0 0 27 32\"><path fill=\"#0077b5\" d=\"M6.2 11.2v17.7h-5.9v-17.7h5.9zM6.6 5.7q0 1.3-0.9 2.2t-2.4 0.9h0q-1.5 0-2.4-0.9t-0.9-2.2 0.9-2.2 2.4-0.9 2.4 0.9 0.9 2.2zM27.4 18.7v10.1h-5.9v-9.5q0-1.9-0.7-2.9t-2.3-1.1q-1.1 0-1.9 0.6t-1.2 1.5q-0.2 0.5-0.2 1.4v9.9h-5.9q0-7.1 0-11.6t0-5.3l0-0.9h5.9v2.6h0q0.4-0.6 0.7-1t1-0.9 1.6-0.8 2-0.3q3 0 4.9 2t1.9 6z\"\/><\/svg><\/span><\/a><\/li><\/ul><\/div>","protected":false},"excerpt":{"rendered":"<p>Tissot, Samuel A.D.: \u00a0S\u00e4mmtliche zur Arztneykunst geh\u00f6rige Schriften, nach den neuesten von dem Verfasser selbst verbesserten und vermehrten Originalausgaben aus dem Franz\u00f6sischen und Lateinischen \u00fcbersetzt und mit einigen Anmerkungen begleitet von Johann Christian Kerstens. Leipzig, Friedrich Gotthold Jacob\u00e4e und Sohn, 1784. 3. Auflage. 6 (von 7) B\u00e4nden. 8\u00b0. Halblederb\u00e4nde der Zeit mit R\u00fcckenschild und verblasster [&hellip;]<\/p>\n","protected":false},"featured_media":0,"comment_status":"closed","ping_status":"closed","template":"","meta":[],"product_brand":[],"product_cat":[792],"product_tag":[],"class_list":{"0":"post-52243","1":"product","2":"type-product","3":"status-publish","5":"product_cat-medizin-psychologie-medicine-psychology","7":"first","8":"instock","9":"taxable","10":"shipping-taxable","11":"purchasable","12":"product-type-simple"},"aioseo_notices":[],"_links":{"self":[{"href":"https:\/\/www.eosbooks.ch\/en\/wp-json\/wp\/v2\/product\/52243","targetHints":{"allow":["GET"]}}],"collection":[{"href":"https:\/\/www.eosbooks.ch\/en\/wp-json\/wp\/v2\/product"}],"about":[{"href":"https:\/\/www.eosbooks.ch\/en\/wp-json\/wp\/v2\/types\/product"}],"replies":[{"embeddable":true,"href":"https:\/\/www.eosbooks.ch\/en\/wp-json\/wp\/v2\/comments?post=52243"}],"wp:attachment":[{"href":"https:\/\/www.eosbooks.ch\/en\/wp-json\/wp\/v2\/media?parent=52243"}],"wp:term":[{"taxonomy":"product_brand","embeddable":true,"href":"https:\/\/www.eosbooks.ch\/en\/wp-json\/wp\/v2\/product_brand?post=52243"},{"taxonomy":"product_cat","embeddable":true,"href":"https:\/\/www.eosbooks.ch\/en\/wp-json\/wp\/v2\/product_cat?post=52243"},{"taxonomy":"product_tag","embeddable":true,"href":"https:\/\/www.eosbooks.ch\/en\/wp-json\/wp\/v2\/product_tag?post=52243"}],"curies":[{"name":"wp","href":"https:\/\/api.w.org\/{rel}","templated":true}]}}