{"id":52224,"date":"2026-04-21T12:28:19","date_gmt":"2026-04-21T10:28:19","guid":{"rendered":"http:\/\/eosbooks.ch.w015255e.kasserver.com\/produkt\/strahl-moritz-hermann-der-mensch-nach-seiner-leiblichen-und-geistigen-natur\/"},"modified":"2026-04-21T12:28:19","modified_gmt":"2026-04-21T10:28:19","slug":"strahl-moritz-hermann-der-mensch-nach-seiner-leiblichen-und-geistigen-natur","status":"publish","type":"product","link":"https:\/\/www.eosbooks.ch\/en\/produkt\/strahl-moritz-hermann-der-mensch-nach-seiner-leiblichen-und-geistigen-natur\/","title":{"rendered":"Strahl, Moritz (Hermann):  Der Mensch nach seiner leiblichen und geistigen Natur,"},"content":{"rendered":"<p><span class=\"autor\"> Strahl, Moritz (Hermann): <\/span>\u00a0<span class=\"titel\" style=\"font-size: 1em\">Der Mensch nach seiner leiblichen und geistigen Natur,<\/span><span style=\"font-size: 1em\"> im gesunden wie im kranken Zustande. Ein Lehr- und H\u00fclfsbuch f\u00fcr h\u00f6her gebildete St\u00e4nde, enthaltend eine sorgf\u00e4ltige Beschreibung und Abbildung s\u00e4mmtlicher Organe (&#8230; der) Wechselwirkung des Leibes und der Seele (&#8230;) der wichtigsten und h\u00e4ufigsten Krankheiten (&#8230; einer) Di\u00e4tetik. Leipzig, F. Volkmar, 1835-1838. 1. u. 2. (v. 3) Lieferungen des 1. Bd. (v. 3 Bdn.) in 2 Bdn. 8\u00b0. VII, 96 S.; S. 97-176, XVI S. Mit 4 (dv. 1 kol.) lithogr. gef. Tafeln (von insges. 5 f\u00fcr alle Lieferungen). Orig.-Hefte restauriert.<\/span><\/p>\n<p class=\"kommentar1\">Hirsch V, 556-557. &#8211; Einzige Ausgabe des in Teillieferungen erschienenen und an Laien gerichtete Werk des dt. Arztes Moritz Hermann Strahl (geb. 1800, publizierte bis zu seinem \u00dcbertritt vom Judentum zum Christentum unter dem Namen Moritz Schlesinger). Er war u.a. Verwalter von zwei Cholera-Lazarethen in Danzig u. publizierte \u00fcber seine dort gemachten Erfahrungen. &#8220;Seine folgenden Schriften geh\u00f6rten gr\u00f6sstentheils der popul\u00e4r-med. Literatur an und waren dazu bestimmt, das gr\u00f6ssere Publicum mit seiner Behandlungsweise der Unterleibskrankheiten, bestehend in der Anwendung von ihm empfohlener alo\u00ebtischer Pillen, mit denen ein \u00e4usserst schwunghaftes Handelsgesch\u00e4ft betrieben wurde, bekannt zu machen&#8221; (Hirsch). Das vorliegende Werk ist eine leichtverst\u00e4ndliche allgemeinmedizinische Abhandlung; seine Tafeln zeigen Skelette, das Blut- u. Nervensystem. Der 1. Bd. in 3 Lieferungen umfasste insgesamt 192 Seiten. &#8211; Es fehlt die Tafel mit den weibl. u. m\u00e4nnl. Geschlechtsorganen. &#8211; Mit  Fehlstellen, fachm\u00e4nnisch restauriert. Stellenweise stockfleckig.<\/p>\n<p>+ Wichtig: F\u00fcr unsere Kunden in der EU erfolgt der Versand alle 14 Tage verzollt ab Deutschland \/ Postbank-Konto in Deutschland vorhanden +<\/p>\n<p>Frage zu diesem Artikel\/der Abbildung &#8211; <a href=\"mailto:orders@eosbooks.ch?subject=Eine Frage zu dem Artikel\/der Abbildung 5931BB\">Kontakt<\/a>?<br \/>\n<span class=\"schlagwort\">Medizin \u2013 Psychologie \/ Medicine \u2013 Psychology, Anatomie \/ Anatomy, Di\u00e4tetik \/ Dietetics, Physiologie \/ Physiology<\/span><\/p>\n<div class=\"shariff shariff-align-left shariff-widget-align-left\"><div class=\"ShariffHeadline\"><hr><\/div><ul class=\"shariff-buttons theme-round orientation-horizontal buttonsize-medium\"><li class=\"shariff-button facebook shariff-nocustomcolor\" style=\"background-color:#4273c8\"><a href=\"https:\/\/www.facebook.com\/sharer\/sharer.php?u=https%3A%2F%2Fwww.eosbooks.ch%2Fen%2Fprodukt%2Fstrahl-moritz-hermann-der-mensch-nach-seiner-leiblichen-und-geistigen-natur%2F\" title=\"Bei Facebook teilen\" aria-label=\"Bei Facebook teilen\" role=\"button\" rel=\"nofollow\" class=\"shariff-link\" style=\"; background-color:#3b5998; color:#fff\" target=\"_blank\"><span class=\"shariff-icon\" style=\"\"><svg width=\"32px\" height=\"20px\" xmlns=\"http:\/\/www.w3.org\/2000\/svg\" viewBox=\"0 0 18 32\"><path fill=\"#3b5998\" d=\"M17.1 0.2v4.7h-2.8q-1.5 0-2.1 0.6t-0.5 1.9v3.4h5.2l-0.7 5.3h-4.5v13.6h-5.5v-13.6h-4.5v-5.3h4.5v-3.9q0-3.3 1.9-5.2t5-1.8q2.6 0 4.1 0.2z\"\/><\/svg><\/span><\/a><\/li><li class=\"shariff-button twitter shariff-nocustomcolor\" style=\"background-color:#595959\"><a href=\"https:\/\/twitter.com\/share?url=https%3A%2F%2Fwww.eosbooks.ch%2Fen%2Fprodukt%2Fstrahl-moritz-hermann-der-mensch-nach-seiner-leiblichen-und-geistigen-natur%2F&text=Strahl%2C%20Moritz%20%28Hermann%29%3A%20%20Der%20Mensch%20nach%20seiner%20leiblichen%20und%20geistigen%20Natur%2C\" title=\"Bei X teilen\" aria-label=\"Bei X teilen\" role=\"button\" rel=\"noopener nofollow\" class=\"shariff-link\" style=\"; background-color:#000; color:#fff\" target=\"_blank\"><span class=\"shariff-icon\" style=\"\"><svg width=\"32px\" height=\"20px\" xmlns=\"http:\/\/www.w3.org\/2000\/svg\" viewBox=\"0 0 24 24\"><path fill=\"#000\" d=\"M14.258 10.152L23.176 0h-2.113l-7.747 8.813L7.133 0H0l9.352 13.328L0 23.973h2.113l8.176-9.309 6.531 9.309h7.133zm-2.895 3.293l-.949-1.328L2.875 1.56h3.246l6.086 8.523.945 1.328 7.91 11.078h-3.246zm0 0\"\/><\/svg><\/span><\/a><\/li><li class=\"shariff-button linkedin shariff-nocustomcolor\" style=\"background-color:#1488bf\"><a href=\"https:\/\/www.linkedin.com\/sharing\/share-offsite\/?url=https%3A%2F%2Fwww.eosbooks.ch%2Fen%2Fprodukt%2Fstrahl-moritz-hermann-der-mensch-nach-seiner-leiblichen-und-geistigen-natur%2F\" title=\"Bei LinkedIn teilen\" aria-label=\"Bei LinkedIn teilen\" role=\"button\" rel=\"noopener nofollow\" class=\"shariff-link\" style=\"; background-color:#0077b5; color:#fff\" target=\"_blank\"><span class=\"shariff-icon\" style=\"\"><svg width=\"32px\" height=\"20px\" xmlns=\"http:\/\/www.w3.org\/2000\/svg\" viewBox=\"0 0 27 32\"><path fill=\"#0077b5\" d=\"M6.2 11.2v17.7h-5.9v-17.7h5.9zM6.6 5.7q0 1.3-0.9 2.2t-2.4 0.9h0q-1.5 0-2.4-0.9t-0.9-2.2 0.9-2.2 2.4-0.9 2.4 0.9 0.9 2.2zM27.4 18.7v10.1h-5.9v-9.5q0-1.9-0.7-2.9t-2.3-1.1q-1.1 0-1.9 0.6t-1.2 1.5q-0.2 0.5-0.2 1.4v9.9h-5.9q0-7.1 0-11.6t0-5.3l0-0.9h5.9v2.6h0q0.4-0.6 0.7-1t1-0.9 1.6-0.8 2-0.3q3 0 4.9 2t1.9 6z\"\/><\/svg><\/span><\/a><\/li><\/ul><\/div>","protected":false},"excerpt":{"rendered":"<p>Strahl, Moritz (Hermann): \u00a0Der Mensch nach seiner leiblichen und geistigen Natur, im gesunden wie im kranken Zustande. Ein Lehr- und H\u00fclfsbuch f\u00fcr h\u00f6her gebildete St\u00e4nde, enthaltend eine sorgf\u00e4ltige Beschreibung und Abbildung s\u00e4mmtlicher Organe (&#8230; der) Wechselwirkung des Leibes und der Seele (&#8230;) der wichtigsten und h\u00e4ufigsten Krankheiten (&#8230; einer) Di\u00e4tetik. Leipzig, F. Volkmar, 1835-1838. 1. [&hellip;]<\/p>\n","protected":false},"featured_media":0,"comment_status":"closed","ping_status":"closed","template":"","meta":[],"product_brand":[],"product_cat":[792],"product_tag":[],"class_list":{"0":"post-52224","1":"product","2":"type-product","3":"status-publish","5":"product_cat-medizin-psychologie-medicine-psychology","7":"first","8":"instock","9":"taxable","10":"shipping-taxable","11":"purchasable","12":"product-type-simple"},"aioseo_notices":[],"_links":{"self":[{"href":"https:\/\/www.eosbooks.ch\/en\/wp-json\/wp\/v2\/product\/52224","targetHints":{"allow":["GET"]}}],"collection":[{"href":"https:\/\/www.eosbooks.ch\/en\/wp-json\/wp\/v2\/product"}],"about":[{"href":"https:\/\/www.eosbooks.ch\/en\/wp-json\/wp\/v2\/types\/product"}],"replies":[{"embeddable":true,"href":"https:\/\/www.eosbooks.ch\/en\/wp-json\/wp\/v2\/comments?post=52224"}],"wp:attachment":[{"href":"https:\/\/www.eosbooks.ch\/en\/wp-json\/wp\/v2\/media?parent=52224"}],"wp:term":[{"taxonomy":"product_brand","embeddable":true,"href":"https:\/\/www.eosbooks.ch\/en\/wp-json\/wp\/v2\/product_brand?post=52224"},{"taxonomy":"product_cat","embeddable":true,"href":"https:\/\/www.eosbooks.ch\/en\/wp-json\/wp\/v2\/product_cat?post=52224"},{"taxonomy":"product_tag","embeddable":true,"href":"https:\/\/www.eosbooks.ch\/en\/wp-json\/wp\/v2\/product_tag?post=52224"}],"curies":[{"name":"wp","href":"https:\/\/api.w.org\/{rel}","templated":true}]}}