{"id":51886,"date":"2026-04-28T12:27:18","date_gmt":"2026-04-28T10:27:18","guid":{"rendered":"http:\/\/eosbooks.ch.w015255e.kasserver.com\/produkt\/hoffmann-friedrich-politischer-medicus-oder-klugheits-regeln-nach-welchen-ein-junger-medicus-seine-studia-und-lebensart-einrichten-soll-wenn-er-sich-will-beruehmt-machen-auch-geschwinde-eine-gl\/"},"modified":"2026-04-28T12:27:18","modified_gmt":"2026-04-28T10:27:18","slug":"hoffmann-friedrich-politischer-medicus-oder-klugheits-regeln","status":"publish","type":"product","link":"https:\/\/www.eosbooks.ch\/en\/produkt\/hoffmann-friedrich-politischer-medicus-oder-klugheits-regeln\/","title":{"rendered":"Hoffmann, Friedrich:  Politischer Medicus, oder Klugheits-Regeln,"},"content":{"rendered":"<p><span class=\"autor\"> Hoffmann, Friedrich: <\/span>\u00a0<span class=\"titel\" style=\"font-size: 1em\">Politischer Medicus, oder Klugheits-Regeln,<\/span><span style=\"font-size: 1em\"> Nach welchen ein junger Medicus seine Studia und Lebensart einrichten soll, wenn er sich will ber\u00fchmt machen, auch geschwinde eine gl\u00fcckliche Praxin zu erlangen und zu erhalten begehret. In das Deutsche \u00fcbersetzt von Johann Moritz Auerbach. Zweyte vermehrte Auflage. &#8211; (Vorgebunden) &#8211; Kn\u00f6r, Ludewig Wilh. von: Vade Mecum Medicum, Oder: medicinisches Hand-Buch, Darinnen eine kurzgefasste Methode aller Krankheiten, und wie solche zu curiren, sammt denen darzu geh\u00f6rigen Formuln vor Augen geleget wird. Leipzig, bey Friedrich Lankischens Erben (und: Naumburg, bey Christian Friedrich Gessner) 1753 und 1757. 2 Titel in 1 Band. Klein-8\u00b0. 204 S., 20 n.n. S. Register; 4 n.n. Bl., 154 S., 6 n.n. S. Index. Halblederband der Zeit mit R\u00fcckenschild.<\/span><\/p>\n<p class=\"kommentar1\">Beide Titel nicht bei Blake. &#8211; Wellcome 3, 285 (f\u00fcr Hofmanns lateinische Erstausgabe von 1746). &#8211; Sehr seltene Verhaltensregeln f\u00fcr Mediziner in der Praxis und in der Gesellschaft. Die erste deutsche Ausgabe erschien beim gleichen Verleger 1752. &#8211; Das &#8220;Vade Mecum&#8221; von Kn\u00f6r ist eine pharmazeutische Rezeptsammlung, mit einem Vorwort und aus dem Nachlass herausgegeben von Christian Theodor Wachter. Kn\u00f6r wurde durch seine &#8220;Venus \u00e0 la mode&#8221; ber\u00fchmt, eine 1717 erschienene Sammlung von Mitteln gegen Geschlechtskrankheiten. &#8211; Einband an den Aussen- und Innenkanten mit Wurmspuren. Durchgehend etwas gebr\u00e4unt und stockfleckig. &#8211; Selten.<\/p>\n<p>+ Wichtig: F\u00fcr unsere Kunden in der EU erfolgt der Versand alle 14 Tage verzollt ab Deutschland \/ Postbank-Konto in Deutschland vorhanden +<\/p>\n<p>Frage zu diesem Artikel\/der Abbildung &#8211; <a href=\"mailto:orders@eosbooks.ch?subject=Eine Frage zu dem Artikel\/der Abbildung 35100DB\">Kontakt<\/a>?<br \/>\n<span class=\"schlagwort\">Medizin \u2013 Psychologie \/ Medicine \u2013 Psychology<\/span><\/p>\n<div class=\"shariff shariff-align-left shariff-widget-align-left\"><div class=\"ShariffHeadline\"><hr><\/div><ul class=\"shariff-buttons theme-round orientation-horizontal buttonsize-medium\"><li class=\"shariff-button facebook shariff-nocustomcolor\" style=\"background-color:#4273c8\"><a href=\"https:\/\/www.facebook.com\/sharer\/sharer.php?u=https%3A%2F%2Fwww.eosbooks.ch%2Fen%2Fprodukt%2Fhoffmann-friedrich-politischer-medicus-oder-klugheits-regeln%2F\" title=\"Bei Facebook teilen\" aria-label=\"Bei Facebook teilen\" role=\"button\" rel=\"nofollow\" class=\"shariff-link\" style=\"; background-color:#3b5998; color:#fff\" target=\"_blank\"><span class=\"shariff-icon\" style=\"\"><svg width=\"32px\" height=\"20px\" xmlns=\"http:\/\/www.w3.org\/2000\/svg\" viewBox=\"0 0 18 32\"><path fill=\"#3b5998\" d=\"M17.1 0.2v4.7h-2.8q-1.5 0-2.1 0.6t-0.5 1.9v3.4h5.2l-0.7 5.3h-4.5v13.6h-5.5v-13.6h-4.5v-5.3h4.5v-3.9q0-3.3 1.9-5.2t5-1.8q2.6 0 4.1 0.2z\"\/><\/svg><\/span><\/a><\/li><li class=\"shariff-button twitter shariff-nocustomcolor\" style=\"background-color:#595959\"><a href=\"https:\/\/twitter.com\/share?url=https%3A%2F%2Fwww.eosbooks.ch%2Fen%2Fprodukt%2Fhoffmann-friedrich-politischer-medicus-oder-klugheits-regeln%2F&text=Hoffmann%2C%20Friedrich%3A%20%20Politischer%20Medicus%2C%20oder%20Klugheits-Regeln%2C\" title=\"Bei X teilen\" aria-label=\"Bei X teilen\" role=\"button\" rel=\"noopener nofollow\" class=\"shariff-link\" style=\"; background-color:#000; color:#fff\" target=\"_blank\"><span class=\"shariff-icon\" style=\"\"><svg width=\"32px\" height=\"20px\" xmlns=\"http:\/\/www.w3.org\/2000\/svg\" viewBox=\"0 0 24 24\"><path fill=\"#000\" d=\"M14.258 10.152L23.176 0h-2.113l-7.747 8.813L7.133 0H0l9.352 13.328L0 23.973h2.113l8.176-9.309 6.531 9.309h7.133zm-2.895 3.293l-.949-1.328L2.875 1.56h3.246l6.086 8.523.945 1.328 7.91 11.078h-3.246zm0 0\"\/><\/svg><\/span><\/a><\/li><li class=\"shariff-button linkedin shariff-nocustomcolor\" style=\"background-color:#1488bf\"><a href=\"https:\/\/www.linkedin.com\/sharing\/share-offsite\/?url=https%3A%2F%2Fwww.eosbooks.ch%2Fen%2Fprodukt%2Fhoffmann-friedrich-politischer-medicus-oder-klugheits-regeln%2F\" title=\"Bei LinkedIn teilen\" aria-label=\"Bei LinkedIn teilen\" role=\"button\" rel=\"noopener nofollow\" class=\"shariff-link\" style=\"; background-color:#0077b5; color:#fff\" target=\"_blank\"><span class=\"shariff-icon\" style=\"\"><svg width=\"32px\" height=\"20px\" xmlns=\"http:\/\/www.w3.org\/2000\/svg\" viewBox=\"0 0 27 32\"><path fill=\"#0077b5\" d=\"M6.2 11.2v17.7h-5.9v-17.7h5.9zM6.6 5.7q0 1.3-0.9 2.2t-2.4 0.9h0q-1.5 0-2.4-0.9t-0.9-2.2 0.9-2.2 2.4-0.9 2.4 0.9 0.9 2.2zM27.4 18.7v10.1h-5.9v-9.5q0-1.9-0.7-2.9t-2.3-1.1q-1.1 0-1.9 0.6t-1.2 1.5q-0.2 0.5-0.2 1.4v9.9h-5.9q0-7.1 0-11.6t0-5.3l0-0.9h5.9v2.6h0q0.4-0.6 0.7-1t1-0.9 1.6-0.8 2-0.3q3 0 4.9 2t1.9 6z\"\/><\/svg><\/span><\/a><\/li><\/ul><\/div>","protected":false},"excerpt":{"rendered":"<p>Hoffmann, Friedrich: \u00a0Politischer Medicus, oder Klugheits-Regeln, Nach welchen ein junger Medicus seine Studia und Lebensart einrichten soll, wenn er sich will ber\u00fchmt machen, auch geschwinde eine gl\u00fcckliche Praxin zu erlangen und zu erhalten begehret. In das Deutsche \u00fcbersetzt von Johann Moritz Auerbach. Zweyte vermehrte Auflage. &#8211; (Vorgebunden) &#8211; Kn\u00f6r, Ludewig Wilh. von: Vade Mecum Medicum, [&hellip;]<\/p>\n","protected":false},"featured_media":0,"comment_status":"closed","ping_status":"closed","template":"","meta":[],"product_brand":[],"product_cat":[792],"product_tag":[],"class_list":{"0":"post-51886","1":"product","2":"type-product","3":"status-publish","5":"product_cat-medizin-psychologie-medicine-psychology","7":"first","8":"instock","9":"taxable","10":"shipping-taxable","11":"purchasable","12":"product-type-simple"},"aioseo_notices":[],"_links":{"self":[{"href":"https:\/\/www.eosbooks.ch\/en\/wp-json\/wp\/v2\/product\/51886","targetHints":{"allow":["GET"]}}],"collection":[{"href":"https:\/\/www.eosbooks.ch\/en\/wp-json\/wp\/v2\/product"}],"about":[{"href":"https:\/\/www.eosbooks.ch\/en\/wp-json\/wp\/v2\/types\/product"}],"replies":[{"embeddable":true,"href":"https:\/\/www.eosbooks.ch\/en\/wp-json\/wp\/v2\/comments?post=51886"}],"wp:attachment":[{"href":"https:\/\/www.eosbooks.ch\/en\/wp-json\/wp\/v2\/media?parent=51886"}],"wp:term":[{"taxonomy":"product_brand","embeddable":true,"href":"https:\/\/www.eosbooks.ch\/en\/wp-json\/wp\/v2\/product_brand?post=51886"},{"taxonomy":"product_cat","embeddable":true,"href":"https:\/\/www.eosbooks.ch\/en\/wp-json\/wp\/v2\/product_cat?post=51886"},{"taxonomy":"product_tag","embeddable":true,"href":"https:\/\/www.eosbooks.ch\/en\/wp-json\/wp\/v2\/product_tag?post=51886"}],"curies":[{"name":"wp","href":"https:\/\/api.w.org\/{rel}","templated":true}]}}