{"id":51838,"date":"2026-04-14T10:28:56","date_gmt":"2026-04-14T08:28:56","guid":{"rendered":"http:\/\/eosbooks.ch.w015255e.kasserver.com\/produkt\/haller-albrecht-von-sur-la-formation-du-coeur-dans-le-poulet-sur-loeil-sur-la-structure-du-jaune-c-2\/"},"modified":"2026-04-14T10:28:56","modified_gmt":"2026-04-14T08:28:56","slug":"haller-albrecht-von-sur-la-formation-du-coeur-dans-le-poulet-sur-loeil-sur-la-structure-du-jaune-c","status":"publish","type":"product","link":"https:\/\/www.eosbooks.ch\/en\/produkt\/haller-albrecht-von-sur-la-formation-du-coeur-dans-le-poulet-sur-loeil-sur-la-structure-du-jaune-c\/","title":{"rendered":"Haller, Albrecht von:  Sur la formation du coeur dans le poulet, sur l&#8217;oeil; sur la structure du jaune &#038;c."},"content":{"rendered":"<p><span class=\"autor\"> Haller, Albrecht von: <\/span>\u00a0<span class=\"titel\" style=\"font-size: 1em\">Sur la formation du coeur dans le poulet, sur l&#8217;oeil; sur la structure du jaune &#038;c.<\/span><span style=\"font-size: 1em\">  Lausanne, Marc-Mich. Bousquet 1758. 2 B\u00e4nde. 8\u00b0. 3 n.n. Bl., 472 S.; 4 n.n. Bl., 366 S. mit einer gestochenen Tafel in Band 2. Mamorierte Kalbslederb\u00e4nde der Zeit mit blindgepr\u00e4gter Deckelfiletierung, je zwei roten R\u00fcckenschildern und reicher floraler R\u00fcckenvergoldung.<\/span><\/p>\n<p class=\"kommentar1\">Bibliographia Halleriana 902. &#8211; Lundsgaard 128 &#8211; Blake 196. &#8211; Erste Ausgabe der viel diskutierten Schrift zur Embryologie. &#8211; Neben seiner Wichtigkeit in der Geschichte der Entwicklungstheorien ist der Text auch exemplarisch f\u00fcr Hallers Erkenntnistheorie und seine theologische Einstellung. &#8220;Die Embryologie ist der Bereich, in dem der gl\u00e4ubige Naturforscher Haller mit einer grundlegenden Denkstruktur der Aufkl\u00e4rung &#8211; dem Neospinozismus in Konflikt geriet. Seine Studien waren darauf ausgerichtet, experimentelle \u201aBeweise&#8217; der Pr\u00e4existenz des F\u00f6tus im m\u00fctterlichen Ei zu erbringen und damit seine Idee des moralischen Menschen gegen den Neospinozismus zu verteidigen.&#8221; (Simone de Angelis). &#8211; Exmplar auf gutem Papier mit 3 (davon 2 wiederholten) Exlibris von Bernhard Tscharner, Theophil Studer und Bernhard Studer. &#8211; Einband schwach berieben. &#8211; Dekorativ gebunden.<\/p>\n<p>+ Wichtig: F\u00fcr unsere Kunden in der EU erfolgt der Versand alle 14 Tage verzollt ab Deutschland \/ Postbank-Konto in Deutschland vorhanden +<\/p>\n<p>Frage zu diesem Artikel\/der Abbildung &#8211; <a href=\"mailto:orders@eosbooks.ch?subject=Eine Frage zu dem Artikel\/der Abbildung 31570AB\">Kontakt<\/a>?<br \/>\n<span class=\"schlagwort\">Medizin \u2013 Psychologie \/ Medicine \u2013 Psychology, Naturwissenschaften \/ Natural Sciences<\/span><\/p>\n<div class=\"shariff shariff-align-left shariff-widget-align-left\"><div class=\"ShariffHeadline\"><hr><\/div><ul class=\"shariff-buttons theme-round orientation-horizontal buttonsize-medium\"><li class=\"shariff-button facebook shariff-nocustomcolor\" style=\"background-color:#4273c8\"><a href=\"https:\/\/www.facebook.com\/sharer\/sharer.php?u=https%3A%2F%2Fwww.eosbooks.ch%2Fen%2Fprodukt%2Fhaller-albrecht-von-sur-la-formation-du-coeur-dans-le-poulet-sur-loeil-sur-la-structure-du-jaune-c%2F\" title=\"Bei Facebook teilen\" aria-label=\"Bei Facebook teilen\" role=\"button\" rel=\"nofollow\" class=\"shariff-link\" style=\"; background-color:#3b5998; color:#fff\" target=\"_blank\"><span class=\"shariff-icon\" style=\"\"><svg width=\"32px\" height=\"20px\" xmlns=\"http:\/\/www.w3.org\/2000\/svg\" viewBox=\"0 0 18 32\"><path fill=\"#3b5998\" d=\"M17.1 0.2v4.7h-2.8q-1.5 0-2.1 0.6t-0.5 1.9v3.4h5.2l-0.7 5.3h-4.5v13.6h-5.5v-13.6h-4.5v-5.3h4.5v-3.9q0-3.3 1.9-5.2t5-1.8q2.6 0 4.1 0.2z\"\/><\/svg><\/span><\/a><\/li><li class=\"shariff-button twitter shariff-nocustomcolor\" style=\"background-color:#595959\"><a href=\"https:\/\/twitter.com\/share?url=https%3A%2F%2Fwww.eosbooks.ch%2Fen%2Fprodukt%2Fhaller-albrecht-von-sur-la-formation-du-coeur-dans-le-poulet-sur-loeil-sur-la-structure-du-jaune-c%2F&text=Haller%2C%20Albrecht%20von%3A%20%20Sur%20la%20formation%20du%20coeur%20dans%20le%20poulet%2C%20sur%20l%E2%80%99oeil%3B%20sur%20la%20structure%20du%20jaune%20%26c.\" title=\"Bei X teilen\" aria-label=\"Bei X teilen\" role=\"button\" rel=\"noopener nofollow\" class=\"shariff-link\" style=\"; background-color:#000; color:#fff\" target=\"_blank\"><span class=\"shariff-icon\" style=\"\"><svg width=\"32px\" height=\"20px\" xmlns=\"http:\/\/www.w3.org\/2000\/svg\" viewBox=\"0 0 24 24\"><path fill=\"#000\" d=\"M14.258 10.152L23.176 0h-2.113l-7.747 8.813L7.133 0H0l9.352 13.328L0 23.973h2.113l8.176-9.309 6.531 9.309h7.133zm-2.895 3.293l-.949-1.328L2.875 1.56h3.246l6.086 8.523.945 1.328 7.91 11.078h-3.246zm0 0\"\/><\/svg><\/span><\/a><\/li><li class=\"shariff-button linkedin shariff-nocustomcolor\" style=\"background-color:#1488bf\"><a href=\"https:\/\/www.linkedin.com\/sharing\/share-offsite\/?url=https%3A%2F%2Fwww.eosbooks.ch%2Fen%2Fprodukt%2Fhaller-albrecht-von-sur-la-formation-du-coeur-dans-le-poulet-sur-loeil-sur-la-structure-du-jaune-c%2F\" title=\"Bei LinkedIn teilen\" aria-label=\"Bei LinkedIn teilen\" role=\"button\" rel=\"noopener nofollow\" class=\"shariff-link\" style=\"; background-color:#0077b5; color:#fff\" target=\"_blank\"><span class=\"shariff-icon\" style=\"\"><svg width=\"32px\" height=\"20px\" xmlns=\"http:\/\/www.w3.org\/2000\/svg\" viewBox=\"0 0 27 32\"><path fill=\"#0077b5\" d=\"M6.2 11.2v17.7h-5.9v-17.7h5.9zM6.6 5.7q0 1.3-0.9 2.2t-2.4 0.9h0q-1.5 0-2.4-0.9t-0.9-2.2 0.9-2.2 2.4-0.9 2.4 0.9 0.9 2.2zM27.4 18.7v10.1h-5.9v-9.5q0-1.9-0.7-2.9t-2.3-1.1q-1.1 0-1.9 0.6t-1.2 1.5q-0.2 0.5-0.2 1.4v9.9h-5.9q0-7.1 0-11.6t0-5.3l0-0.9h5.9v2.6h0q0.4-0.6 0.7-1t1-0.9 1.6-0.8 2-0.3q3 0 4.9 2t1.9 6z\"\/><\/svg><\/span><\/a><\/li><\/ul><\/div>","protected":false},"excerpt":{"rendered":"<p>Haller, Albrecht von: \u00a0Sur la formation du coeur dans le poulet, sur l&#8217;oeil; sur la structure du jaune &#038;c. Lausanne, Marc-Mich. Bousquet 1758. 2 B\u00e4nde. 8\u00b0. 3 n.n. Bl., 472 S.; 4 n.n. Bl., 366 S. mit einer gestochenen Tafel in Band 2. Mamorierte Kalbslederb\u00e4nde der Zeit mit blindgepr\u00e4gter Deckelfiletierung, je zwei roten R\u00fcckenschildern und [&hellip;]<\/p>\n","protected":false},"featured_media":0,"comment_status":"closed","ping_status":"closed","template":"","meta":[],"product_brand":[],"product_cat":[792],"product_tag":[],"class_list":{"0":"post-51838","1":"product","2":"type-product","3":"status-publish","5":"product_cat-medizin-psychologie-medicine-psychology","7":"first","8":"instock","9":"taxable","10":"shipping-taxable","11":"purchasable","12":"product-type-simple"},"aioseo_notices":[],"_links":{"self":[{"href":"https:\/\/www.eosbooks.ch\/en\/wp-json\/wp\/v2\/product\/51838","targetHints":{"allow":["GET"]}}],"collection":[{"href":"https:\/\/www.eosbooks.ch\/en\/wp-json\/wp\/v2\/product"}],"about":[{"href":"https:\/\/www.eosbooks.ch\/en\/wp-json\/wp\/v2\/types\/product"}],"replies":[{"embeddable":true,"href":"https:\/\/www.eosbooks.ch\/en\/wp-json\/wp\/v2\/comments?post=51838"}],"wp:attachment":[{"href":"https:\/\/www.eosbooks.ch\/en\/wp-json\/wp\/v2\/media?parent=51838"}],"wp:term":[{"taxonomy":"product_brand","embeddable":true,"href":"https:\/\/www.eosbooks.ch\/en\/wp-json\/wp\/v2\/product_brand?post=51838"},{"taxonomy":"product_cat","embeddable":true,"href":"https:\/\/www.eosbooks.ch\/en\/wp-json\/wp\/v2\/product_cat?post=51838"},{"taxonomy":"product_tag","embeddable":true,"href":"https:\/\/www.eosbooks.ch\/en\/wp-json\/wp\/v2\/product_tag?post=51838"}],"curies":[{"name":"wp","href":"https:\/\/api.w.org\/{rel}","templated":true}]}}