{"id":51834,"date":"2026-04-14T10:28:56","date_gmt":"2026-04-14T08:28:56","guid":{"rendered":"http:\/\/eosbooks.ch.w015255e.kasserver.com\/produkt\/haller-albrecht-von-grundriss-der-physiologie-fuer-vorlesungen-mit-den-verbesserungen-von-wrisberg-soemmering-und-meckel-umgearbeitet-von-heinrich-maria-von-levelling-d-jueng\/"},"modified":"2026-04-14T10:28:56","modified_gmt":"2026-04-14T08:28:56","slug":"haller-albrecht-von-grundriss-der-physiologie-fuer-vorlesungen-mit-den-verbesserungen-von-wrisberg-soemmering-und-meckel-umgearbeitet-von-heinrich-maria-von-levelling-d-jueng","status":"publish","type":"product","link":"https:\/\/www.eosbooks.ch\/en\/produkt\/haller-albrecht-von-grundriss-der-physiologie-fuer-vorlesungen-mit-den-verbesserungen-von-wrisberg-soemmering-und-meckel-umgearbeitet-von-heinrich-maria-von-levelling-d-jueng\/","title":{"rendered":"Haller, Albrecht von:  Grundriss der Physiologie f\u00fcr Vorlesungen mit den Verbesserungen von Wrisberg, S\u00f6mmering, und Meckel &#8211; umgearbeitet von Heinrich Maria von Levelling d. J\u00fcng."},"content":{"rendered":"<p><span class=\"autor\"> Haller, Albrecht von: <\/span>\u00a0<span class=\"titel\" style=\"font-size: 1em\">Grundriss der Physiologie f\u00fcr Vorlesungen mit den Verbesserungen von Wrisberg, S\u00f6mmering, und Meckel &#8211; umgearbeitet von Heinrich Maria von Levelling d. J\u00fcng.<\/span><span style=\"font-size: 1em\">  Erlangen, in der Waltherschen Buchhandlung 1795-1796. 2 B\u00e4nde. 8\u00b0. XXXII, 524 S.; 4 n.n. Bl., S. 525-864, 2 n.n. Bl. Anzeigen. Geflammte Halblederb\u00e4nde der Zeit mit roten und gr\u00fcnen goldgepr\u00e4gten R\u00fcckenschildern und etwas R\u00fcckenvergoldung.<\/span><\/p>\n<p class=\"kommentar1\">Blake 195. &#8211; Bibliographia Halleriana 405. &#8211; Lundsgaard 483. &#8211; Erste von Levelling bearbeitete und kommentierte Ausgabe nach der Ausgabe bei Haude und Spener von 1788. Levelling erg\u00e4nzte die Kommentare von S\u00f6mmerig und Merckel und flocht sie zusammen mit seinen eigenen Anmerkungen in den Text von Haller ein. Mit den verschiedenen Vorworten Hallers zu den Ausgaben von von 1747, 1751 und 1765. &#8211; Papier stellenweise stockfleckig. Vors\u00e4tze mit dem Besitzerstempel des &#8220;Cantons-Physicus Dr. Kottmann, Solothurn&#8221;. &#8211; In guten Einb\u00e4nden.<\/p>\n<p>+ Wichtig: F\u00fcr unsere Kunden in der EU erfolgt der Versand alle 14 Tage verzollt ab Deutschland \/ Postbank-Konto in Deutschland vorhanden +<\/p>\n<p>Frage zu diesem Artikel\/der Abbildung &#8211; <a href=\"mailto:orders@eosbooks.ch?subject=Eine Frage zu dem Artikel\/der Abbildung 35117DB\">Kontakt<\/a>?<br \/>\n<span class=\"schlagwort\">Medizin \u2013 Psychologie \/ Medicine \u2013 Psychology, Physiologie \/ Physiology<\/span><\/p>\n<div class=\"shariff shariff-align-left shariff-widget-align-left\"><div class=\"ShariffHeadline\"><hr><\/div><ul class=\"shariff-buttons theme-round orientation-horizontal buttonsize-medium\"><li class=\"shariff-button facebook shariff-nocustomcolor\" style=\"background-color:#4273c8\"><a href=\"https:\/\/www.facebook.com\/sharer\/sharer.php?u=https%3A%2F%2Fwww.eosbooks.ch%2Fen%2Fprodukt%2Fhaller-albrecht-von-grundriss-der-physiologie-fuer-vorlesungen-mit-den-verbesserungen-von-wrisberg-soemmering-und-meckel-umgearbeitet-von-heinrich-maria-von-levelling-d-jueng%2F\" title=\"Bei Facebook teilen\" aria-label=\"Bei Facebook teilen\" role=\"button\" rel=\"nofollow\" class=\"shariff-link\" style=\"; background-color:#3b5998; color:#fff\" target=\"_blank\"><span class=\"shariff-icon\" style=\"\"><svg width=\"32px\" height=\"20px\" xmlns=\"http:\/\/www.w3.org\/2000\/svg\" viewBox=\"0 0 18 32\"><path fill=\"#3b5998\" d=\"M17.1 0.2v4.7h-2.8q-1.5 0-2.1 0.6t-0.5 1.9v3.4h5.2l-0.7 5.3h-4.5v13.6h-5.5v-13.6h-4.5v-5.3h4.5v-3.9q0-3.3 1.9-5.2t5-1.8q2.6 0 4.1 0.2z\"\/><\/svg><\/span><\/a><\/li><li class=\"shariff-button twitter shariff-nocustomcolor\" style=\"background-color:#595959\"><a href=\"https:\/\/twitter.com\/share?url=https%3A%2F%2Fwww.eosbooks.ch%2Fen%2Fprodukt%2Fhaller-albrecht-von-grundriss-der-physiologie-fuer-vorlesungen-mit-den-verbesserungen-von-wrisberg-soemmering-und-meckel-umgearbeitet-von-heinrich-maria-von-levelling-d-jueng%2F&text=Haller%2C%20Albrecht%20von%3A%20%20Grundriss%20der%20Physiologie%20f%C3%BCr%20Vorlesungen%20mit%20den%20Verbesserungen%20von%20Wrisberg%2C%20S%C3%B6mmering%2C%20und%20Meckel%20%E2%80%93%20umgearbeitet%20von%20Heinrich%20Maria%20von%20Levelling%20d.%20J%C3%BCng.\" title=\"Bei X teilen\" aria-label=\"Bei X teilen\" role=\"button\" rel=\"noopener nofollow\" class=\"shariff-link\" style=\"; background-color:#000; color:#fff\" target=\"_blank\"><span class=\"shariff-icon\" style=\"\"><svg width=\"32px\" height=\"20px\" xmlns=\"http:\/\/www.w3.org\/2000\/svg\" viewBox=\"0 0 24 24\"><path fill=\"#000\" d=\"M14.258 10.152L23.176 0h-2.113l-7.747 8.813L7.133 0H0l9.352 13.328L0 23.973h2.113l8.176-9.309 6.531 9.309h7.133zm-2.895 3.293l-.949-1.328L2.875 1.56h3.246l6.086 8.523.945 1.328 7.91 11.078h-3.246zm0 0\"\/><\/svg><\/span><\/a><\/li><li class=\"shariff-button linkedin shariff-nocustomcolor\" style=\"background-color:#1488bf\"><a href=\"https:\/\/www.linkedin.com\/sharing\/share-offsite\/?url=https%3A%2F%2Fwww.eosbooks.ch%2Fen%2Fprodukt%2Fhaller-albrecht-von-grundriss-der-physiologie-fuer-vorlesungen-mit-den-verbesserungen-von-wrisberg-soemmering-und-meckel-umgearbeitet-von-heinrich-maria-von-levelling-d-jueng%2F\" title=\"Bei LinkedIn teilen\" aria-label=\"Bei LinkedIn teilen\" role=\"button\" rel=\"noopener nofollow\" class=\"shariff-link\" style=\"; background-color:#0077b5; color:#fff\" target=\"_blank\"><span class=\"shariff-icon\" style=\"\"><svg width=\"32px\" height=\"20px\" xmlns=\"http:\/\/www.w3.org\/2000\/svg\" viewBox=\"0 0 27 32\"><path fill=\"#0077b5\" d=\"M6.2 11.2v17.7h-5.9v-17.7h5.9zM6.6 5.7q0 1.3-0.9 2.2t-2.4 0.9h0q-1.5 0-2.4-0.9t-0.9-2.2 0.9-2.2 2.4-0.9 2.4 0.9 0.9 2.2zM27.4 18.7v10.1h-5.9v-9.5q0-1.9-0.7-2.9t-2.3-1.1q-1.1 0-1.9 0.6t-1.2 1.5q-0.2 0.5-0.2 1.4v9.9h-5.9q0-7.1 0-11.6t0-5.3l0-0.9h5.9v2.6h0q0.4-0.6 0.7-1t1-0.9 1.6-0.8 2-0.3q3 0 4.9 2t1.9 6z\"\/><\/svg><\/span><\/a><\/li><\/ul><\/div>","protected":false},"excerpt":{"rendered":"<p>Haller, Albrecht von: \u00a0Grundriss der Physiologie f\u00fcr Vorlesungen mit den Verbesserungen von Wrisberg, S\u00f6mmering, und Meckel &#8211; umgearbeitet von Heinrich Maria von Levelling d. J\u00fcng. Erlangen, in der Waltherschen Buchhandlung 1795-1796. 2 B\u00e4nde. 8\u00b0. XXXII, 524 S.; 4 n.n. Bl., S. 525-864, 2 n.n. Bl. Anzeigen. Geflammte Halblederb\u00e4nde der Zeit mit roten und gr\u00fcnen goldgepr\u00e4gten [&hellip;]<\/p>\n","protected":false},"featured_media":0,"comment_status":"closed","ping_status":"closed","template":"","meta":[],"product_brand":[],"product_cat":[792],"product_tag":[],"class_list":{"0":"post-51834","1":"product","2":"type-product","3":"status-publish","5":"product_cat-medizin-psychologie-medicine-psychology","7":"first","8":"instock","9":"taxable","10":"shipping-taxable","11":"purchasable","12":"product-type-simple"},"aioseo_notices":[],"_links":{"self":[{"href":"https:\/\/www.eosbooks.ch\/en\/wp-json\/wp\/v2\/product\/51834","targetHints":{"allow":["GET"]}}],"collection":[{"href":"https:\/\/www.eosbooks.ch\/en\/wp-json\/wp\/v2\/product"}],"about":[{"href":"https:\/\/www.eosbooks.ch\/en\/wp-json\/wp\/v2\/types\/product"}],"replies":[{"embeddable":true,"href":"https:\/\/www.eosbooks.ch\/en\/wp-json\/wp\/v2\/comments?post=51834"}],"wp:attachment":[{"href":"https:\/\/www.eosbooks.ch\/en\/wp-json\/wp\/v2\/media?parent=51834"}],"wp:term":[{"taxonomy":"product_brand","embeddable":true,"href":"https:\/\/www.eosbooks.ch\/en\/wp-json\/wp\/v2\/product_brand?post=51834"},{"taxonomy":"product_cat","embeddable":true,"href":"https:\/\/www.eosbooks.ch\/en\/wp-json\/wp\/v2\/product_cat?post=51834"},{"taxonomy":"product_tag","embeddable":true,"href":"https:\/\/www.eosbooks.ch\/en\/wp-json\/wp\/v2\/product_tag?post=51834"}],"curies":[{"name":"wp","href":"https:\/\/api.w.org\/{rel}","templated":true}]}}