{"id":51828,"date":"2026-03-31T10:28:35","date_gmt":"2026-03-31T08:28:35","guid":{"rendered":"http:\/\/eosbooks.ch.w015255e.kasserver.com\/produkt\/haen-anton-de-ratio-medendi\/"},"modified":"2026-03-31T10:28:35","modified_gmt":"2026-03-31T08:28:35","slug":"haen-anton-de-ratio-medendi","status":"publish","type":"product","link":"https:\/\/www.eosbooks.ch\/en\/produkt\/haen-anton-de-ratio-medendi\/","title":{"rendered":"Ha\u00ebn, Anton de:  Ratio medendi"},"content":{"rendered":"<p><span class=\"autor\"> Ha\u00ebn, Anton de: <\/span>\u00a0<span class=\"titel\" style=\"font-size: 1em\">Ratio medendi<\/span><span style=\"font-size: 1em\"> in nosocomio practico &#8230; Wien, Johann Thomas Trattner und (Band 5-14) Hermann Joseph Kr\u00fcckten,  1759-1770 14 (von 15) in 7 B\u00e4nden.  8\u00b0.  Interimspappb\u00e4nde der Zeit.<\/span><\/p>\n<p class=\"kommentar1\">Hirsch III, 9. &#8211; Blake 192. &#8211; Wellcome III, 189. &#8211; Garrison-M. 3878. &#8211; Band eins und zwei in zweiter Auflage, Band drei, f\u00fcnf und sechs in dritter Auflage, Rest in erster Ausgabe. Ohne den 1773 erschienenen 15. Band. De Ha\u00ebn (1704-1776) war Sch\u00fcler von Boerhaave und arbeitete mit Van Swieten  zusammen bevor er 1756  Professor in Wien wurde. Obwohl er in seinen Schriften immer wieder die Erfolge der Magie und die Existenz der Geister beschreibt, f\u00fchrte er gleichzeitig das Thermometer in Wien ein. Das vorliegende Hauptwerk ist eine Sammlung von Fallgeschichten aus seiner Erfahrung an der Wiener Klinik. Sie gibt eine \u00dcbersicht \u00fcber das gesamte klinische Wissen seiner Zeit. In Band sechs Seite 284 &#8220;Haen mentioned amenorrhoea in connection with pituitary tumour&#8221; (Garrison-M.). &#8211; Umschlag des ersten Bandes besch\u00e4digt.  (Sprache: Lateinisch \/ Latin)<\/p>\n<p>+ Wichtig: F\u00fcr unsere Kunden in der EU erfolgt der Versand alle 14 Tage verzollt ab Deutschland \/ Postbank-Konto in Deutschland vorhanden +<\/p>\n<p>Frage zu diesem Artikel\/der Abbildung &#8211; <a href=\"mailto:orders@eosbooks.ch?subject=Eine Frage zu dem Artikel\/der Abbildung 40496DB\">Kontakt<\/a>?<br \/>\n<span class=\"schlagwort\">Medizin \u2013 Psychologie \/ Medicine \u2013 Psychology<\/span><\/p>\n<div class=\"shariff shariff-align-flex-start shariff-widget-align-flex-start\"><div class=\"ShariffHeadline\"><hr><\/div><ul class=\"shariff-buttons theme-round orientation-horizontal buttonsize-medium\"><li class=\"shariff-button facebook shariff-nocustomcolor\" style=\"background-color:#4273c8\"><a href=\"https:\/\/www.facebook.com\/sharer\/sharer.php?u=https%3A%2F%2Fwww.eosbooks.ch%2Fen%2Fprodukt%2Fhaen-anton-de-ratio-medendi%2F\" title=\"Bei Facebook teilen\" aria-label=\"Bei Facebook teilen\" role=\"button\" rel=\"nofollow\" class=\"shariff-link\" style=\"; background-color:#3b5998; color:#fff\" target=\"_blank\"><span class=\"shariff-icon\" style=\"\"><svg width=\"32px\" height=\"20px\" xmlns=\"http:\/\/www.w3.org\/2000\/svg\" viewBox=\"0 0 18 32\"><path fill=\"#3b5998\" d=\"M17.1 0.2v4.7h-2.8q-1.5 0-2.1 0.6t-0.5 1.9v3.4h5.2l-0.7 5.3h-4.5v13.6h-5.5v-13.6h-4.5v-5.3h4.5v-3.9q0-3.3 1.9-5.2t5-1.8q2.6 0 4.1 0.2z\"\/><\/svg><\/span><\/a><\/li><li class=\"shariff-button twitter shariff-nocustomcolor\" style=\"background-color:#595959\"><a href=\"https:\/\/twitter.com\/share?url=https%3A%2F%2Fwww.eosbooks.ch%2Fen%2Fprodukt%2Fhaen-anton-de-ratio-medendi%2F&text=Ha%C3%ABn%2C%20Anton%20de%3A%20%20Ratio%20medendi\" title=\"Bei X teilen\" aria-label=\"Bei X teilen\" role=\"button\" rel=\"noopener nofollow\" class=\"shariff-link\" style=\"; background-color:#000; color:#fff\" target=\"_blank\"><span class=\"shariff-icon\" style=\"\"><svg width=\"32px\" height=\"20px\" xmlns=\"http:\/\/www.w3.org\/2000\/svg\" viewBox=\"0 0 24 24\"><path fill=\"#000\" d=\"M14.258 10.152L23.176 0h-2.113l-7.747 8.813L7.133 0H0l9.352 13.328L0 23.973h2.113l8.176-9.309 6.531 9.309h7.133zm-2.895 3.293l-.949-1.328L2.875 1.56h3.246l6.086 8.523.945 1.328 7.91 11.078h-3.246zm0 0\"\/><\/svg><\/span><\/a><\/li><li class=\"shariff-button linkedin shariff-nocustomcolor\" style=\"background-color:#1488bf\"><a href=\"https:\/\/www.linkedin.com\/sharing\/share-offsite\/?url=https%3A%2F%2Fwww.eosbooks.ch%2Fen%2Fprodukt%2Fhaen-anton-de-ratio-medendi%2F\" title=\"Bei LinkedIn teilen\" aria-label=\"Bei LinkedIn teilen\" role=\"button\" rel=\"noopener nofollow\" class=\"shariff-link\" style=\"; background-color:#0077b5; color:#fff\" target=\"_blank\"><span class=\"shariff-icon\" style=\"\"><svg width=\"32px\" height=\"20px\" xmlns=\"http:\/\/www.w3.org\/2000\/svg\" viewBox=\"0 0 27 32\"><path fill=\"#0077b5\" d=\"M6.2 11.2v17.7h-5.9v-17.7h5.9zM6.6 5.7q0 1.3-0.9 2.2t-2.4 0.9h0q-1.5 0-2.4-0.9t-0.9-2.2 0.9-2.2 2.4-0.9 2.4 0.9 0.9 2.2zM27.4 18.7v10.1h-5.9v-9.5q0-1.9-0.7-2.9t-2.3-1.1q-1.1 0-1.9 0.6t-1.2 1.5q-0.2 0.5-0.2 1.4v9.9h-5.9q0-7.1 0-11.6t0-5.3l0-0.9h5.9v2.6h0q0.4-0.6 0.7-1t1-0.9 1.6-0.8 2-0.3q3 0 4.9 2t1.9 6z\"\/><\/svg><\/span><\/a><\/li><\/ul><\/div>","protected":false},"excerpt":{"rendered":"<p>Ha\u00ebn, Anton de: \u00a0Ratio medendi in nosocomio practico &#8230; Wien, Johann Thomas Trattner und (Band 5-14) Hermann Joseph Kr\u00fcckten, 1759-1770 14 (von 15) in 7 B\u00e4nden. 8\u00b0. Interimspappb\u00e4nde der Zeit. Hirsch III, 9. &#8211; Blake 192. &#8211; Wellcome III, 189. &#8211; Garrison-M. 3878. &#8211; Band eins und zwei in zweiter Auflage, Band drei, f\u00fcnf und [&hellip;]<\/p>\n","protected":false},"featured_media":9721957,"comment_status":"closed","ping_status":"closed","template":"","meta":[],"product_brand":[],"product_cat":[792],"product_tag":[],"class_list":{"0":"post-51828","1":"product","2":"type-product","3":"status-publish","4":"has-post-thumbnail","6":"product_cat-medizin-psychologie-medicine-psychology","8":"first","9":"instock","10":"taxable","11":"shipping-taxable","12":"purchasable","13":"product-type-simple"},"aioseo_notices":[],"aioseo_head":"\n\t\t<!-- All in One SEO Pro 4.8.9 - aioseo.com -->\n\t<meta name=\"description\" content=\"Ha\u00ebn, Anton de: Ratio medendi in nosocomio practico ... Wien, Johann Thomas Trattner und (Band 5-14) Hermann Joseph Kr\u00fcckten, 1759-1770 14 (von 15) in 7 B\u00e4nden. 8\u00b0. Interimspappb\u00e4nde der Zeit. Hirsch III, 9. - Blake 192. - Wellcome III, 189. - Garrison-M. 3878. - Band eins und zwei in zweiter Auflage, Band drei, f\u00fcnf und\" \/>\n\t<meta name=\"robots\" content=\"max-image-preview:large\" \/>\n\t<meta name=\"google-site-verification\" content=\"PCk8OeKBqQd6e-_PfoQFKNo77skySIZQg4CjJ2YBj2Y\" \/>\n\t<link rel=\"canonical\" href=\"https:\/\/www.eosbooks.ch\/en\/produkt\/haen-anton-de-ratio-medendi\/\" \/>\n\t<meta name=\"generator\" content=\"All in One SEO Pro (AIOSEO) 4.8.9\" \/>\n\t\t<meta property=\"og:locale\" content=\"en_US\" \/>\n\t\t<meta property=\"og:site_name\" content=\"EOS BUCHANTIQUARIAT BENZ EOS BUCHANTIQUARIAT BENZ -\" \/>\n\t\t<meta property=\"og:type\" content=\"article\" \/>\n\t\t<meta property=\"og:title\" content=\"Ha\u00ebn, Anton de: Ratio medendi - EOS BUCHANTIQUARIAT BENZ\" \/>\n\t\t<meta property=\"og:description\" content=\"Ha\u00ebn, Anton de: Ratio medendi in nosocomio practico ... Wien, Johann Thomas Trattner und (Band 5-14) Hermann Joseph Kr\u00fcckten, 1759-1770 14 (von 15) in 7 B\u00e4nden. 8\u00b0. Interimspappb\u00e4nde der Zeit. Hirsch III, 9. - Blake 192. - Wellcome III, 189. - Garrison-M. 3878. - Band eins und zwei in zweiter Auflage, Band drei, f\u00fcnf und\" \/>\n\t\t<meta property=\"og:url\" content=\"https:\/\/www.eosbooks.ch\/en\/produkt\/haen-anton-de-ratio-medendi\/\" \/>\n\t\t<meta property=\"article:published_time\" content=\"2026-03-31T08:28:35+00:00\" \/>\n\t\t<meta property=\"article:modified_time\" content=\"2026-03-31T08:28:35+00:00\" \/>\n\t\t<meta property=\"article:publisher\" content=\"https:\/\/www.facebook.com\/eos.buchantiquariatbenz\" \/>\n\t\t<meta name=\"twitter:card\" content=\"summary_large_image\" \/>\n\t\t<meta name=\"twitter:site\" content=\"@BenzEos\" \/>\n\t\t<meta name=\"twitter:title\" content=\"Ha\u00ebn, Anton de: Ratio medendi - EOS BUCHANTIQUARIAT BENZ\" \/>\n\t\t<meta name=\"twitter:description\" content=\"Ha\u00ebn, Anton de: Ratio medendi in nosocomio practico ... Wien, Johann Thomas Trattner und (Band 5-14) Hermann Joseph Kr\u00fcckten, 1759-1770 14 (von 15) in 7 B\u00e4nden. 8\u00b0. Interimspappb\u00e4nde der Zeit. Hirsch III, 9. - Blake 192. - Wellcome III, 189. - Garrison-M. 3878. - Band eins und zwei in zweiter Auflage, Band drei, f\u00fcnf und\" \/>\n\t\t<script type=\"application\/ld+json\" class=\"aioseo-schema\">\n\t\t\t{\"@context\":\"https:\\\/\\\/schema.org\",\"@graph\":[{\"@type\":\"BreadcrumbList\",\"@id\":\"https:\\\/\\\/www.eosbooks.ch\\\/en\\\/produkt\\\/haen-anton-de-ratio-medendi\\\/#breadcrumblist\",\"itemListElement\":[{\"@type\":\"ListItem\",\"@id\":\"https:\\\/\\\/www.eosbooks.ch\\\/en\\\/#listItem\",\"position\":1,\"name\":\"Home\",\"item\":\"https:\\\/\\\/www.eosbooks.ch\\\/en\\\/\",\"nextItem\":{\"@type\":\"ListItem\",\"@id\":\"https:\\\/\\\/www.eosbooks.ch\\\/en\\\/store-2\\\/#listItem\",\"name\":\"Store\"}},{\"@type\":\"ListItem\",\"@id\":\"https:\\\/\\\/www.eosbooks.ch\\\/en\\\/store-2\\\/#listItem\",\"position\":2,\"name\":\"Store\",\"item\":\"https:\\\/\\\/www.eosbooks.ch\\\/en\\\/store-2\\\/\",\"nextItem\":{\"@type\":\"ListItem\",\"@id\":\"https:\\\/\\\/www.eosbooks.ch\\\/en\\\/produkt-kategorie\\\/medizin-psychologie-medicine-psychology\\\/#listItem\",\"name\":\"Medizin \\u2013 Psychologie \\\/ Medicine \\u2013 Psychology\"},\"previousItem\":{\"@type\":\"ListItem\",\"@id\":\"https:\\\/\\\/www.eosbooks.ch\\\/en\\\/#listItem\",\"name\":\"Home\"}},{\"@type\":\"ListItem\",\"@id\":\"https:\\\/\\\/www.eosbooks.ch\\\/en\\\/produkt-kategorie\\\/medizin-psychologie-medicine-psychology\\\/#listItem\",\"position\":3,\"name\":\"Medizin \\u2013 Psychologie \\\/ Medicine \\u2013 Psychology\",\"item\":\"https:\\\/\\\/www.eosbooks.ch\\\/en\\\/produkt-kategorie\\\/medizin-psychologie-medicine-psychology\\\/\",\"nextItem\":{\"@type\":\"ListItem\",\"@id\":\"https:\\\/\\\/www.eosbooks.ch\\\/en\\\/produkt\\\/haen-anton-de-ratio-medendi\\\/#listItem\",\"name\":\"Ha\\u00ebn, Anton de:  Ratio medendi\"},\"previousItem\":{\"@type\":\"ListItem\",\"@id\":\"https:\\\/\\\/www.eosbooks.ch\\\/en\\\/store-2\\\/#listItem\",\"name\":\"Store\"}},{\"@type\":\"ListItem\",\"@id\":\"https:\\\/\\\/www.eosbooks.ch\\\/en\\\/produkt\\\/haen-anton-de-ratio-medendi\\\/#listItem\",\"position\":4,\"name\":\"Ha\\u00ebn, Anton de:  Ratio medendi\",\"previousItem\":{\"@type\":\"ListItem\",\"@id\":\"https:\\\/\\\/www.eosbooks.ch\\\/en\\\/produkt-kategorie\\\/medizin-psychologie-medicine-psychology\\\/#listItem\",\"name\":\"Medizin \\u2013 Psychologie \\\/ Medicine \\u2013 Psychology\"}}]},{\"@type\":\"ItemPage\",\"@id\":\"https:\\\/\\\/www.eosbooks.ch\\\/en\\\/produkt\\\/haen-anton-de-ratio-medendi\\\/#itempage\",\"url\":\"https:\\\/\\\/www.eosbooks.ch\\\/en\\\/produkt\\\/haen-anton-de-ratio-medendi\\\/\",\"name\":\"Ha\\u00ebn, Anton de: Ratio medendi - EOS BUCHANTIQUARIAT BENZ\",\"description\":\"Ha\\u00ebn, Anton de: Ratio medendi in nosocomio practico ... Wien, Johann Thomas Trattner und (Band 5-14) Hermann Joseph Kr\\u00fcckten, 1759-1770 14 (von 15) in 7 B\\u00e4nden. 8\\u00b0. Interimspappb\\u00e4nde der Zeit. Hirsch III, 9. - Blake 192. - Wellcome III, 189. - Garrison-M. 3878. - Band eins und zwei in zweiter Auflage, Band drei, f\\u00fcnf und\",\"inLanguage\":\"en-US\",\"isPartOf\":{\"@id\":\"https:\\\/\\\/www.eosbooks.ch\\\/en\\\/#website\"},\"breadcrumb\":{\"@id\":\"https:\\\/\\\/www.eosbooks.ch\\\/en\\\/produkt\\\/haen-anton-de-ratio-medendi\\\/#breadcrumblist\"},\"image\":{\"@type\":\"ImageObject\",\"url\":\"https:\\\/\\\/www.eosbooks.ch\\\/wp-content\\\/uploads\\\/2026\\\/03\\\/40496DB.jpg\",\"@id\":\"https:\\\/\\\/www.eosbooks.ch\\\/en\\\/produkt\\\/haen-anton-de-ratio-medendi\\\/#mainImage\",\"width\":345,\"height\":550,\"caption\":\"Ha\\u00ebn, Anton de: -Ratio medendi\"},\"primaryImageOfPage\":{\"@id\":\"https:\\\/\\\/www.eosbooks.ch\\\/en\\\/produkt\\\/haen-anton-de-ratio-medendi\\\/#mainImage\"},\"datePublished\":\"2026-03-31T10:28:35+02:00\",\"dateModified\":\"2026-03-31T10:28:35+02:00\"},{\"@type\":\"Organization\",\"@id\":\"https:\\\/\\\/www.eosbooks.ch\\\/en\\\/#organization\",\"name\":\"EOS BUCHANTIQUARIAT BENZ\",\"description\":\"Antiquariat in Z\\u00fcrich\",\"url\":\"https:\\\/\\\/www.eosbooks.ch\\\/en\\\/\",\"email\":\"gertrud@eosbooks.ch\",\"telephone\":\"+41442615750\",\"foundingDate\":\"1985-10-01\",\"numberOfEmployees\":{\"@type\":\"QuantitativeValue\",\"value\":3},\"logo\":{\"@type\":\"ImageObject\",\"url\":\"https:\\\/\\\/www.eosbooks.ch\\\/wp-content\\\/uploads\\\/2024\\\/12\\\/logo.jpg\",\"@id\":\"https:\\\/\\\/www.eosbooks.ch\\\/en\\\/produkt\\\/haen-anton-de-ratio-medendi\\\/#organizationLogo\",\"width\":318,\"height\":325,\"caption\":\"EOS Buchantquariat Benz \\u2013 Antiquariat Z\\u00fcrich\"},\"image\":{\"@id\":\"https:\\\/\\\/www.eosbooks.ch\\\/en\\\/produkt\\\/haen-anton-de-ratio-medendi\\\/#organizationLogo\"},\"sameAs\":[\"https:\\\/\\\/www.facebook.com\\\/eos.buchantiquariatbenz\",\"https:\\\/\\\/x.com\\\/BenzEos\",\"https:\\\/\\\/www.instagram.com\\\/eosbuchantiquariatbenz\\\/\",\"https:\\\/\\\/www.linkedin.com\\\/company\\\/eos-buchantiquariat-benz\\\/\"]},{\"@type\":\"WebPage\",\"@id\":\"https:\\\/\\\/www.eosbooks.ch\\\/en\\\/produkt\\\/haen-anton-de-ratio-medendi\\\/#webpage\",\"url\":\"https:\\\/\\\/www.eosbooks.ch\\\/en\\\/produkt\\\/haen-anton-de-ratio-medendi\\\/\",\"name\":\"Ha\\u00ebn, Anton de: Ratio medendi - EOS BUCHANTIQUARIAT BENZ\",\"description\":\"Ha\\u00ebn, Anton de: Ratio medendi in nosocomio practico ... Wien, Johann Thomas Trattner und (Band 5-14) Hermann Joseph Kr\\u00fcckten, 1759-1770 14 (von 15) in 7 B\\u00e4nden. 8\\u00b0. Interimspappb\\u00e4nde der Zeit. Hirsch III, 9. - Blake 192. - Wellcome III, 189. - Garrison-M. 3878. - Band eins und zwei in zweiter Auflage, Band drei, f\\u00fcnf und\",\"inLanguage\":\"en-US\",\"isPartOf\":{\"@id\":\"https:\\\/\\\/www.eosbooks.ch\\\/en\\\/#website\"},\"breadcrumb\":{\"@id\":\"https:\\\/\\\/www.eosbooks.ch\\\/en\\\/produkt\\\/haen-anton-de-ratio-medendi\\\/#breadcrumblist\"},\"image\":{\"@type\":\"ImageObject\",\"url\":\"https:\\\/\\\/www.eosbooks.ch\\\/wp-content\\\/uploads\\\/2026\\\/03\\\/40496DB.jpg\",\"@id\":\"https:\\\/\\\/www.eosbooks.ch\\\/en\\\/produkt\\\/haen-anton-de-ratio-medendi\\\/#mainImage\",\"width\":345,\"height\":550,\"caption\":\"Ha\\u00ebn, Anton de: -Ratio medendi\"},\"primaryImageOfPage\":{\"@id\":\"https:\\\/\\\/www.eosbooks.ch\\\/en\\\/produkt\\\/haen-anton-de-ratio-medendi\\\/#mainImage\"},\"datePublished\":\"2026-03-31T10:28:35+02:00\",\"dateModified\":\"2026-03-31T10:28:35+02:00\"},{\"@type\":\"WebSite\",\"@id\":\"https:\\\/\\\/www.eosbooks.ch\\\/en\\\/#website\",\"url\":\"https:\\\/\\\/www.eosbooks.ch\\\/en\\\/\",\"name\":\"EOS BUCHANTIQUARIAT BENZ\",\"alternateName\":\"Antiquariat in Z\\u00fcrich\",\"inLanguage\":\"en-US\",\"publisher\":{\"@id\":\"https:\\\/\\\/www.eosbooks.ch\\\/en\\\/#organization\"}}]}\n\t\t<\/script>\n\t\t<!-- All in One SEO Pro -->\r\n\t\t<title>Ha\u00ebn, Anton de: Ratio medendi - EOS BUCHANTIQUARIAT BENZ<\/title>\n\n","aioseo_head_json":{"title":"Ha\u00ebn, Anton de: Ratio medendi - EOS BUCHANTIQUARIAT BENZ","description":"Ha\u00ebn, Anton de: Ratio medendi in nosocomio practico ... Wien, Johann Thomas Trattner und (Band 5-14) Hermann Joseph Kr\u00fcckten, 1759-1770 14 (von 15) in 7 B\u00e4nden. 8\u00b0. Interimspappb\u00e4nde der Zeit. Hirsch III, 9. - Blake 192. - Wellcome III, 189. - Garrison-M. 3878. - Band eins und zwei in zweiter Auflage, Band drei, f\u00fcnf und","canonical_url":"https:\/\/www.eosbooks.ch\/en\/produkt\/haen-anton-de-ratio-medendi\/","robots":"max-image-preview:large","keywords":"","webmasterTools":{"google-site-verification":"PCk8OeKBqQd6e-_PfoQFKNo77skySIZQg4CjJ2YBj2Y","miscellaneous":""},"schema":{"@context":"https:\/\/schema.org","@graph":[{"@type":"BreadcrumbList","@id":"https:\/\/www.eosbooks.ch\/en\/produkt\/haen-anton-de-ratio-medendi\/#breadcrumblist","itemListElement":[{"@type":"ListItem","@id":"https:\/\/www.eosbooks.ch\/en\/#listItem","position":1,"name":"Home","item":"https:\/\/www.eosbooks.ch\/en\/","nextItem":{"@type":"ListItem","@id":"https:\/\/www.eosbooks.ch\/en\/store-2\/#listItem","name":"Store"}},{"@type":"ListItem","@id":"https:\/\/www.eosbooks.ch\/en\/store-2\/#listItem","position":2,"name":"Store","item":"https:\/\/www.eosbooks.ch\/en\/store-2\/","nextItem":{"@type":"ListItem","@id":"https:\/\/www.eosbooks.ch\/en\/produkt-kategorie\/medizin-psychologie-medicine-psychology\/#listItem","name":"Medizin \u2013 Psychologie \/ Medicine \u2013 Psychology"},"previousItem":{"@type":"ListItem","@id":"https:\/\/www.eosbooks.ch\/en\/#listItem","name":"Home"}},{"@type":"ListItem","@id":"https:\/\/www.eosbooks.ch\/en\/produkt-kategorie\/medizin-psychologie-medicine-psychology\/#listItem","position":3,"name":"Medizin \u2013 Psychologie \/ Medicine \u2013 Psychology","item":"https:\/\/www.eosbooks.ch\/en\/produkt-kategorie\/medizin-psychologie-medicine-psychology\/","nextItem":{"@type":"ListItem","@id":"https:\/\/www.eosbooks.ch\/en\/produkt\/haen-anton-de-ratio-medendi\/#listItem","name":"Ha\u00ebn, Anton de:  Ratio medendi"},"previousItem":{"@type":"ListItem","@id":"https:\/\/www.eosbooks.ch\/en\/store-2\/#listItem","name":"Store"}},{"@type":"ListItem","@id":"https:\/\/www.eosbooks.ch\/en\/produkt\/haen-anton-de-ratio-medendi\/#listItem","position":4,"name":"Ha\u00ebn, Anton de:  Ratio medendi","previousItem":{"@type":"ListItem","@id":"https:\/\/www.eosbooks.ch\/en\/produkt-kategorie\/medizin-psychologie-medicine-psychology\/#listItem","name":"Medizin \u2013 Psychologie \/ Medicine \u2013 Psychology"}}]},{"@type":"ItemPage","@id":"https:\/\/www.eosbooks.ch\/en\/produkt\/haen-anton-de-ratio-medendi\/#itempage","url":"https:\/\/www.eosbooks.ch\/en\/produkt\/haen-anton-de-ratio-medendi\/","name":"Ha\u00ebn, Anton de: Ratio medendi - EOS BUCHANTIQUARIAT BENZ","description":"Ha\u00ebn, Anton de: Ratio medendi in nosocomio practico ... Wien, Johann Thomas Trattner und (Band 5-14) Hermann Joseph Kr\u00fcckten, 1759-1770 14 (von 15) in 7 B\u00e4nden. 8\u00b0. Interimspappb\u00e4nde der Zeit. Hirsch III, 9. - Blake 192. - Wellcome III, 189. - Garrison-M. 3878. - Band eins und zwei in zweiter Auflage, Band drei, f\u00fcnf und","inLanguage":"en-US","isPartOf":{"@id":"https:\/\/www.eosbooks.ch\/en\/#website"},"breadcrumb":{"@id":"https:\/\/www.eosbooks.ch\/en\/produkt\/haen-anton-de-ratio-medendi\/#breadcrumblist"},"image":{"@type":"ImageObject","url":"https:\/\/www.eosbooks.ch\/wp-content\/uploads\/2026\/03\/40496DB.jpg","@id":"https:\/\/www.eosbooks.ch\/en\/produkt\/haen-anton-de-ratio-medendi\/#mainImage","width":345,"height":550,"caption":"Ha\u00ebn, Anton de: -Ratio medendi"},"primaryImageOfPage":{"@id":"https:\/\/www.eosbooks.ch\/en\/produkt\/haen-anton-de-ratio-medendi\/#mainImage"},"datePublished":"2026-03-31T10:28:35+02:00","dateModified":"2026-03-31T10:28:35+02:00"},{"@type":"Organization","@id":"https:\/\/www.eosbooks.ch\/en\/#organization","name":"EOS BUCHANTIQUARIAT BENZ","description":"Antiquariat in Z\u00fcrich","url":"https:\/\/www.eosbooks.ch\/en\/","email":"gertrud@eosbooks.ch","telephone":"+41442615750","foundingDate":"1985-10-01","numberOfEmployees":{"@type":"QuantitativeValue","value":3},"logo":{"@type":"ImageObject","url":"https:\/\/www.eosbooks.ch\/wp-content\/uploads\/2024\/12\/logo.jpg","@id":"https:\/\/www.eosbooks.ch\/en\/produkt\/haen-anton-de-ratio-medendi\/#organizationLogo","width":318,"height":325,"caption":"EOS Buchantquariat Benz \u2013 Antiquariat Z\u00fcrich"},"image":{"@id":"https:\/\/www.eosbooks.ch\/en\/produkt\/haen-anton-de-ratio-medendi\/#organizationLogo"},"sameAs":["https:\/\/www.facebook.com\/eos.buchantiquariatbenz","https:\/\/x.com\/BenzEos","https:\/\/www.instagram.com\/eosbuchantiquariatbenz\/","https:\/\/www.linkedin.com\/company\/eos-buchantiquariat-benz\/"]},{"@type":"WebPage","@id":"https:\/\/www.eosbooks.ch\/en\/produkt\/haen-anton-de-ratio-medendi\/#webpage","url":"https:\/\/www.eosbooks.ch\/en\/produkt\/haen-anton-de-ratio-medendi\/","name":"Ha\u00ebn, Anton de: Ratio medendi - EOS BUCHANTIQUARIAT BENZ","description":"Ha\u00ebn, Anton de: Ratio medendi in nosocomio practico ... Wien, Johann Thomas Trattner und (Band 5-14) Hermann Joseph Kr\u00fcckten, 1759-1770 14 (von 15) in 7 B\u00e4nden. 8\u00b0. Interimspappb\u00e4nde der Zeit. Hirsch III, 9. - Blake 192. - Wellcome III, 189. - Garrison-M. 3878. - Band eins und zwei in zweiter Auflage, Band drei, f\u00fcnf und","inLanguage":"en-US","isPartOf":{"@id":"https:\/\/www.eosbooks.ch\/en\/#website"},"breadcrumb":{"@id":"https:\/\/www.eosbooks.ch\/en\/produkt\/haen-anton-de-ratio-medendi\/#breadcrumblist"},"image":{"@type":"ImageObject","url":"https:\/\/www.eosbooks.ch\/wp-content\/uploads\/2026\/03\/40496DB.jpg","@id":"https:\/\/www.eosbooks.ch\/en\/produkt\/haen-anton-de-ratio-medendi\/#mainImage","width":345,"height":550,"caption":"Ha\u00ebn, Anton de: -Ratio medendi"},"primaryImageOfPage":{"@id":"https:\/\/www.eosbooks.ch\/en\/produkt\/haen-anton-de-ratio-medendi\/#mainImage"},"datePublished":"2026-03-31T10:28:35+02:00","dateModified":"2026-03-31T10:28:35+02:00"},{"@type":"WebSite","@id":"https:\/\/www.eosbooks.ch\/en\/#website","url":"https:\/\/www.eosbooks.ch\/en\/","name":"EOS BUCHANTIQUARIAT BENZ","alternateName":"Antiquariat in Z\u00fcrich","inLanguage":"en-US","publisher":{"@id":"https:\/\/www.eosbooks.ch\/en\/#organization"}}]},"og:locale":"en_US","og:site_name":"EOS BUCHANTIQUARIAT BENZ EOS BUCHANTIQUARIAT BENZ -","og:type":"article","og:title":"Ha\u00ebn, Anton de: Ratio medendi - EOS BUCHANTIQUARIAT BENZ","og:description":"Ha\u00ebn, Anton de: Ratio medendi in nosocomio practico ... Wien, Johann Thomas Trattner und (Band 5-14) Hermann Joseph Kr\u00fcckten, 1759-1770 14 (von 15) in 7 B\u00e4nden. 8\u00b0. Interimspappb\u00e4nde der Zeit. Hirsch III, 9. - Blake 192. - Wellcome III, 189. - Garrison-M. 3878. - Band eins und zwei in zweiter Auflage, Band drei, f\u00fcnf und","og:url":"https:\/\/www.eosbooks.ch\/en\/produkt\/haen-anton-de-ratio-medendi\/","article:published_time":"2026-03-31T08:28:35+00:00","article:modified_time":"2026-03-31T08:28:35+00:00","article:publisher":"https:\/\/www.facebook.com\/eos.buchantiquariatbenz","twitter:card":"summary_large_image","twitter:site":"@BenzEos","twitter:title":"Ha\u00ebn, Anton de: Ratio medendi - EOS BUCHANTIQUARIAT BENZ","twitter:description":"Ha\u00ebn, Anton de: Ratio medendi in nosocomio practico ... Wien, Johann Thomas Trattner und (Band 5-14) Hermann Joseph Kr\u00fcckten, 1759-1770 14 (von 15) in 7 B\u00e4nden. 8\u00b0. Interimspappb\u00e4nde der Zeit. Hirsch III, 9. - Blake 192. - Wellcome III, 189. - Garrison-M. 3878. - Band eins und zwei in zweiter Auflage, Band drei, f\u00fcnf und"},"aioseo_meta_data":{"post_id":"51828","title":null,"description":null,"keywords":null,"keyphrases":null,"primary_term":null,"canonical_url":null,"og_title":null,"og_description":null,"og_object_type":"default","og_image_type":"default","og_image_url":null,"og_image_width":null,"og_image_height":null,"og_image_custom_url":null,"og_image_custom_fields":null,"og_video":null,"og_custom_url":null,"og_article_section":null,"og_article_tags":null,"twitter_use_og":false,"twitter_card":"default","twitter_image_type":"default","twitter_image_url":null,"twitter_image_custom_url":null,"twitter_image_custom_fields":null,"twitter_title":null,"twitter_description":null,"schema":{"blockGraphs":[],"customGraphs":[],"default":{"data":{"Article":[],"Course":[],"Dataset":[],"FAQPage":[],"Movie":[],"Person":[],"Product":[],"ProductReview":[],"Car":[],"Recipe":[],"Service":[],"SoftwareApplication":[],"WebPage":[]},"graphName":"","isEnabled":true},"graphs":[]},"schema_type":"default","schema_type_options":null,"pillar_content":false,"robots_default":true,"robots_noindex":false,"robots_noarchive":false,"robots_nosnippet":false,"robots_nofollow":false,"robots_noimageindex":false,"robots_noodp":false,"robots_notranslate":false,"robots_max_snippet":null,"robots_max_videopreview":null,"robots_max_imagepreview":"large","priority":null,"frequency":null,"local_seo":null,"seo_analyzer_scan_date":"2026-04-03 11:36:47","breadcrumb_settings":null,"limit_modified_date":false,"reviewed_by":null,"open_ai":null,"ai":null,"created":"2022-11-15 13:23:36","updated":"2026-04-03 11:36:47"},"aioseo_breadcrumb":"<div class=\"aioseo-breadcrumbs\"><span class=\"aioseo-breadcrumb\">\n\t<a href=\"https:\/\/www.eosbooks.ch\/en\/\" title=\"Home\">Home<\/a>\n<\/span><span class=\"aioseo-breadcrumb-separator\">&raquo;<\/span><span class=\"aioseo-breadcrumb\">\n\t<a href=\"https:\/\/www.eosbooks.ch\/en\/store-2\/\" title=\"Store\">Store<\/a>\n<\/span><span class=\"aioseo-breadcrumb-separator\">&raquo;<\/span><span class=\"aioseo-breadcrumb\">\n\t<a href=\"https:\/\/www.eosbooks.ch\/en\/produkt-kategorie\/medizin-psychologie-medicine-psychology\/\" title=\"Medizin \u2013 Psychologie \/ Medicine \u2013 Psychology\">Medizin \u2013 Psychologie \/ Medicine \u2013 Psychology<\/a>\n<\/span><span class=\"aioseo-breadcrumb-separator\">&raquo;<\/span><span class=\"aioseo-breadcrumb\">\n\tHa\u00ebn, Anton de:  Ratio medendi\n<\/span><\/div>","aioseo_breadcrumb_json":[{"label":"Home","link":"https:\/\/www.eosbooks.ch\/en\/"},{"label":"Store","link":"https:\/\/www.eosbooks.ch\/en\/store-2\/"},{"label":"Medizin \u2013 Psychologie \/ Medicine \u2013 Psychology","link":"https:\/\/www.eosbooks.ch\/en\/produkt-kategorie\/medizin-psychologie-medicine-psychology\/"},{"label":"Ha\u00ebn, Anton de:  Ratio medendi","link":"https:\/\/www.eosbooks.ch\/en\/produkt\/haen-anton-de-ratio-medendi\/"}],"_links":{"self":[{"href":"https:\/\/www.eosbooks.ch\/en\/wp-json\/wp\/v2\/product\/51828","targetHints":{"allow":["GET"]}}],"collection":[{"href":"https:\/\/www.eosbooks.ch\/en\/wp-json\/wp\/v2\/product"}],"about":[{"href":"https:\/\/www.eosbooks.ch\/en\/wp-json\/wp\/v2\/types\/product"}],"replies":[{"embeddable":true,"href":"https:\/\/www.eosbooks.ch\/en\/wp-json\/wp\/v2\/comments?post=51828"}],"wp:featuredmedia":[{"embeddable":true,"href":"https:\/\/www.eosbooks.ch\/en\/wp-json\/wp\/v2\/media\/9721957"}],"wp:attachment":[{"href":"https:\/\/www.eosbooks.ch\/en\/wp-json\/wp\/v2\/media?parent=51828"}],"wp:term":[{"taxonomy":"product_brand","embeddable":true,"href":"https:\/\/www.eosbooks.ch\/en\/wp-json\/wp\/v2\/product_brand?post=51828"},{"taxonomy":"product_cat","embeddable":true,"href":"https:\/\/www.eosbooks.ch\/en\/wp-json\/wp\/v2\/product_cat?post=51828"},{"taxonomy":"product_tag","embeddable":true,"href":"https:\/\/www.eosbooks.ch\/en\/wp-json\/wp\/v2\/product_tag?post=51828"}],"curies":[{"name":"wp","href":"https:\/\/api.w.org\/{rel}","templated":true}]}}