{"id":51692,"date":"2026-04-21T08:28:52","date_gmt":"2026-04-21T06:28:52","guid":{"rendered":"http:\/\/eosbooks.ch.w015255e.kasserver.com\/produkt\/canstatts-jahresbericht-ueber-die-fortschritte-der-gesammten-medicin-in-allen-laendern-im-jahre-1862\/"},"modified":"2026-04-21T08:28:52","modified_gmt":"2026-04-21T06:28:52","slug":"canstatts-jahresbericht-ueber-die-fortschritte-der-gesammten-medicin-in-allen-laendern-im-jahre-1862","status":"publish","type":"product","link":"https:\/\/www.eosbooks.ch\/en\/produkt\/canstatts-jahresbericht-ueber-die-fortschritte-der-gesammten-medicin-in-allen-laendern-im-jahre-1862\/","title":{"rendered":"Canstatt&#8217;s Jahresbericht \u00fcber die Fortschritte der gesammten Medicin in allen L\u00e4ndern im Jahre 1862."},"content":{"rendered":"<p><span class=\"autor\">  <\/span>\u00a0<span class=\"titel\" style=\"font-size: 1em\">Canstatt&#8217;s Jahresbericht \u00fcber die Fortschritte der gesammten Medicin in allen L\u00e4ndern im Jahre 1862.<\/span><span style=\"font-size: 1em\"> Redigirt von Scherer, Virchow und Eisenmann. I. Band: Physiologische Wissenschaften. &#8211; II. Band: Allgemeine Pathologie. &#8211; III. Band: Specielle oder Local-Pathologie. &#8211; IV Band: Specielle Nosologie. &#8211; V. Band: Heilmittellehre. &#8211; VI. Band: Thierheilkunde. &#8211; VII. Band: Staats-Arzneikunde. W\u00fcrzburg, Stahel, 1863. 7 in 2 Bdn. Gr.-8\u00b0. 225 S., 159 S., 316 S.; 393 S., 268 S., 72 S. XXXI S. (Register). Mit 1 gef. Tafel. Halblederb\u00e4nde der Zeit (berieben und bestossen).<\/span><\/p>\n<p class=\"kommentar1\">2 Sammelb\u00e4nde mit folgenden Beitr\u00e4gen: Band I: Fick, Adolf: Bericht \u00fcber die Leistungen in der physiologischen Physik. Witzig: Bericht \u00fcber die Leistungen in der speziellen Anatomie. &#8211; Valentin, G.: Bericht \u00fcber die Leistungen in der Physiologie. &#8211; Scherer: Bericht \u00fcber die Leistungen in der physiologischen Chemie. &#8211; Haeser, Heinrich: Bericht \u00fcber die Leistungen in der Geschichte der Medicin und der epidemischen Krankheiten. &#8211; Haeser, Heinrich: Bericht \u00fcber die Leistungen in der Geschichte der Medicin und der epidemischen Krankheiten. &#8211; Grohe, F.: Bericht \u00fcber die Leistungen in der pathologischen Anatomie. &#8211; Scherer: Bericht \u00fcber die Leistungen in der pathologischen Chemie. &#8211; Friedreich, Nikolaus: Bericht \u00fcber die Leistungen in der medicinischen Diagnostik. &#8211; Eisenmann: Bericht \u00fcber die Leistungen in der allgemeinen Therapie. &#8211; Seitz, Franz: Bericht \u00fcber die Leistungen in der medicinischen Geographie. &#8211; Westphal, Carl Friedrich Otto: Bericht \u00fcber die Leistungen in der Psychiatrie. &#8211; Eisenmann: Bericht \u00fcber die Leistungen in der Pathologie des Nervensystems. &#8211; Schweigger: Bericht \u00fcber die Leistungen in der Ophthalmologie. &#8211; Frank, M.: Bericht \u00fcber die Leistungen in der Ohrenheilkunde. &#8211; Gleitsmann: Bericht \u00fcber die Leistungen in der Pathologie des Bewegungsapparates. &#8211; Klinger: Bericht \u00fcber die Leistungen in der Pathologie der Kreislaufsorgene. &#8211; Ders.: Bericht \u00fcber die Leistungen in der Pathologie der Respirationsorgane. &#8211; Albrecht, Ed.:  Bericht \u00fcber die Leistungen der Zahnheilkunde. &#8211; Gueterbock, L.: Bericht \u00fcber die Leistungen in der Pathologie der Harn- und m\u00e4nnlichen Geschlechtsorgane. &#8211; Hartmann: Bericht \u00fcber die Leistungen i.d. Pathologie d. Verdauungsorgane. &#8211; Klinger: Bericht \u00fcber die Leistungen in der Dermatologie. &#8211;  Band II: Foerster: Bericht \u00fcber die Leistungen im Gebiete der Bildungsfehler u. Foetalkrankheiten. &#8211; Gleitsmann: Bericht \u00fcber die Leistungen in der Orthop\u00e4dik. &#8211; Eisenmann: Bericht \u00fcber die Leistungen in der Pathologie und Therapie der acuten Krankheiten. &#8211; Frommann, Carl: Bericht \u00fcber die Leistungen im Gebiete der chronischen, dyscrasischen und endemischen Krankheiten. &#8211; Erlach, von: Bericht \u00fcber die Leistungen in der Lehre von den syphilitischen Krankheiten. &#8211; Grohe, F.: Bericht \u00fcber dei Leistungen in der Lehre von den Geschw\u00fclsten. &#8211; Ritter, Bernhard: Bericht \u00fcber die Leistungen in der Pathologie der auf den Menschen \u00fcbertragbaren Thierkrankheiten. &#8211; Will, Friedrich: Bericht \u00fcber die Leistungen in der Lehre von den Ento- Epizoe, Ento- und Epiphyten. &#8211; Veit, Gustav: Bericht \u00fcber die Leistungen in der Physiologie und Pathologie der weiblichen Sexualorgane (Gyn\u00e4kologie). &#8211; L\u00f6schner: Bericht \u00fcber die Leistungen im Gebiete der Kinderkrankheiten. &#8211; Bardeleben, A.: Bericht \u00fcber die Leistungen im Gebiete der mechanischen Krankheiten mit besonderer Ber\u00fccksichtigung der Kriegsheilkunde. &#8211; Spielberg: Bericht \u00fcber die Leistungen in der Geburtsh\u00fclfe. &#8211; Wiggers: Bericht \u00fcber die Leistungen in der Pharmacognosie und Pharmacie. &#8211; Clarus, Julius: Bericht \u00fcber die Leistungen in der Pharmakodynamik und Toxikologie. &#8211; Eisenmann: Bericht \u00fcber die Leistungen in der therapeutischen Physik. &#8211; Eulenburg: Bericht \u00fcber die Leistungen in der Heilgymnastik. &#8211; Loeschner: Bericht \u00fcber die Leistungen im Gebiete der Quellenlehre. &#8211; Sprengler: Bericht \u00fcber die Leistungen im Gebiete der operativen Chirurgie, Verband- und Instrumenten-Lehre. Mit 1 gef. Tafel. &#8211; Hering: Bericht \u00fcber die Leistungen in der Thierheilkunde. &#8211; Birkmeyer: Bericht \u00fcber die Leistungen in der Gesundheitspflege. &#8211; Schneider, Sigmund A.J.: Bericht \u00fcber die Leistungen in der gerichtlichen Medicin.<\/p>\n<p>+ Wichtig: F\u00fcr unsere Kunden in der EU erfolgt der Versand alle 14 Tage verzollt ab Deutschland \/ Postbank-Konto in Deutschland vorhanden +<\/p>\n<p>Frage zu diesem Artikel\/der Abbildung &#8211; <a href=\"mailto:orders@eosbooks.ch?subject=Eine Frage zu dem Artikel\/der Abbildung 445DB\">Kontakt<\/a>?<br \/>\n<span class=\"schlagwort\">Medizin \u2013 Psychologie \/ Medicine \u2013 Psychology, Physiologie \/ Physiology<\/span><\/p>\n<div class=\"shariff shariff-align-left shariff-widget-align-left\"><div class=\"ShariffHeadline\"><hr><\/div><ul class=\"shariff-buttons theme-round orientation-horizontal buttonsize-medium\"><li class=\"shariff-button facebook shariff-nocustomcolor\" style=\"background-color:#4273c8\"><a href=\"https:\/\/www.facebook.com\/sharer\/sharer.php?u=https%3A%2F%2Fwww.eosbooks.ch%2Fen%2Fprodukt%2Fcanstatts-jahresbericht-ueber-die-fortschritte-der-gesammten-medicin-in-allen-laendern-im-jahre-1862%2F\" title=\"Bei Facebook teilen\" aria-label=\"Bei Facebook teilen\" role=\"button\" rel=\"nofollow\" class=\"shariff-link\" style=\"; background-color:#3b5998; color:#fff\" target=\"_blank\"><span class=\"shariff-icon\" style=\"\"><svg width=\"32px\" height=\"20px\" xmlns=\"http:\/\/www.w3.org\/2000\/svg\" viewBox=\"0 0 18 32\"><path fill=\"#3b5998\" d=\"M17.1 0.2v4.7h-2.8q-1.5 0-2.1 0.6t-0.5 1.9v3.4h5.2l-0.7 5.3h-4.5v13.6h-5.5v-13.6h-4.5v-5.3h4.5v-3.9q0-3.3 1.9-5.2t5-1.8q2.6 0 4.1 0.2z\"\/><\/svg><\/span><\/a><\/li><li class=\"shariff-button twitter shariff-nocustomcolor\" style=\"background-color:#595959\"><a href=\"https:\/\/twitter.com\/share?url=https%3A%2F%2Fwww.eosbooks.ch%2Fen%2Fprodukt%2Fcanstatts-jahresbericht-ueber-die-fortschritte-der-gesammten-medicin-in-allen-laendern-im-jahre-1862%2F&text=Canstatt%E2%80%99s%20Jahresbericht%20%C3%BCber%20die%20Fortschritte%20der%20gesammten%20Medicin%20in%20allen%20L%C3%A4ndern%20im%20Jahre%201862.\" title=\"Bei X teilen\" aria-label=\"Bei X teilen\" role=\"button\" rel=\"noopener nofollow\" class=\"shariff-link\" style=\"; background-color:#000; color:#fff\" target=\"_blank\"><span class=\"shariff-icon\" style=\"\"><svg width=\"32px\" height=\"20px\" xmlns=\"http:\/\/www.w3.org\/2000\/svg\" viewBox=\"0 0 24 24\"><path fill=\"#000\" d=\"M14.258 10.152L23.176 0h-2.113l-7.747 8.813L7.133 0H0l9.352 13.328L0 23.973h2.113l8.176-9.309 6.531 9.309h7.133zm-2.895 3.293l-.949-1.328L2.875 1.56h3.246l6.086 8.523.945 1.328 7.91 11.078h-3.246zm0 0\"\/><\/svg><\/span><\/a><\/li><li class=\"shariff-button linkedin shariff-nocustomcolor\" style=\"background-color:#1488bf\"><a href=\"https:\/\/www.linkedin.com\/sharing\/share-offsite\/?url=https%3A%2F%2Fwww.eosbooks.ch%2Fen%2Fprodukt%2Fcanstatts-jahresbericht-ueber-die-fortschritte-der-gesammten-medicin-in-allen-laendern-im-jahre-1862%2F\" title=\"Bei LinkedIn teilen\" aria-label=\"Bei LinkedIn teilen\" role=\"button\" rel=\"noopener nofollow\" class=\"shariff-link\" style=\"; background-color:#0077b5; color:#fff\" target=\"_blank\"><span class=\"shariff-icon\" style=\"\"><svg width=\"32px\" height=\"20px\" xmlns=\"http:\/\/www.w3.org\/2000\/svg\" viewBox=\"0 0 27 32\"><path fill=\"#0077b5\" d=\"M6.2 11.2v17.7h-5.9v-17.7h5.9zM6.6 5.7q0 1.3-0.9 2.2t-2.4 0.9h0q-1.5 0-2.4-0.9t-0.9-2.2 0.9-2.2 2.4-0.9 2.4 0.9 0.9 2.2zM27.4 18.7v10.1h-5.9v-9.5q0-1.9-0.7-2.9t-2.3-1.1q-1.1 0-1.9 0.6t-1.2 1.5q-0.2 0.5-0.2 1.4v9.9h-5.9q0-7.1 0-11.6t0-5.3l0-0.9h5.9v2.6h0q0.4-0.6 0.7-1t1-0.9 1.6-0.8 2-0.3q3 0 4.9 2t1.9 6z\"\/><\/svg><\/span><\/a><\/li><\/ul><\/div>","protected":false},"excerpt":{"rendered":"<p>\u00a0Canstatt&#8217;s Jahresbericht \u00fcber die Fortschritte der gesammten Medicin in allen L\u00e4ndern im Jahre 1862. Redigirt von Scherer, Virchow und Eisenmann. I. Band: Physiologische Wissenschaften. &#8211; II. Band: Allgemeine Pathologie. &#8211; III. Band: Specielle oder Local-Pathologie. &#8211; IV Band: Specielle Nosologie. &#8211; V. Band: Heilmittellehre. &#8211; VI. Band: Thierheilkunde. &#8211; VII. Band: Staats-Arzneikunde. W\u00fcrzburg, Stahel, 1863. [&hellip;]<\/p>\n","protected":false},"featured_media":0,"comment_status":"closed","ping_status":"closed","template":"","meta":[],"product_brand":[],"product_cat":[792],"product_tag":[],"class_list":{"0":"post-51692","1":"product","2":"type-product","3":"status-publish","5":"product_cat-medizin-psychologie-medicine-psychology","7":"first","8":"instock","9":"taxable","10":"shipping-taxable","11":"purchasable","12":"product-type-simple"},"aioseo_notices":[],"_links":{"self":[{"href":"https:\/\/www.eosbooks.ch\/en\/wp-json\/wp\/v2\/product\/51692","targetHints":{"allow":["GET"]}}],"collection":[{"href":"https:\/\/www.eosbooks.ch\/en\/wp-json\/wp\/v2\/product"}],"about":[{"href":"https:\/\/www.eosbooks.ch\/en\/wp-json\/wp\/v2\/types\/product"}],"replies":[{"embeddable":true,"href":"https:\/\/www.eosbooks.ch\/en\/wp-json\/wp\/v2\/comments?post=51692"}],"wp:attachment":[{"href":"https:\/\/www.eosbooks.ch\/en\/wp-json\/wp\/v2\/media?parent=51692"}],"wp:term":[{"taxonomy":"product_brand","embeddable":true,"href":"https:\/\/www.eosbooks.ch\/en\/wp-json\/wp\/v2\/product_brand?post=51692"},{"taxonomy":"product_cat","embeddable":true,"href":"https:\/\/www.eosbooks.ch\/en\/wp-json\/wp\/v2\/product_cat?post=51692"},{"taxonomy":"product_tag","embeddable":true,"href":"https:\/\/www.eosbooks.ch\/en\/wp-json\/wp\/v2\/product_tag?post=51692"}],"curies":[{"name":"wp","href":"https:\/\/api.w.org\/{rel}","templated":true}]}}