{"id":51557,"date":"2026-04-14T10:27:16","date_gmt":"2026-04-14T08:27:16","guid":{"rendered":"http:\/\/eosbooks.ch.w015255e.kasserver.com\/produkt\/15-franz-publikationen\/"},"modified":"2026-04-14T10:27:16","modified_gmt":"2026-04-14T08:27:16","slug":"konvolut-15-franz-publikationen","status":"publish","type":"product","link":"https:\/\/www.eosbooks.ch\/en\/produkt\/konvolut-15-franz-publikationen\/","title":{"rendered":"Konvolut. \u2013 15 franz. Publikationen."},"content":{"rendered":"<p>Westschweiz u. Westeuropa. \u2013<span class=\"autor\">  <\/span>\u00a0<span class=\"titel\" style=\"font-size: 1em\">Konvolut. \u2013 15 franz. Publikationen.<\/span><span style=\"font-size: 1em\">   8\u00b0. Hefte bzw. Orig.-Broschuren.<\/span><\/p>\n<p class=\"kommentar1\">Lagerheim, G. de: Contributions \u00e0 la flore mycologique de Portugal. 15 S. = Extr. do &#8220;Bol. da Soc. Brot&#8221;, VIII &#8211; 1890. &#8211; Ders.: Notes sur quelques ur\u00e9din\u00e9es de l&#8217;herbier de Westendorp. 5 S. Belgien 1889. &#8211; Ders.: Contributions \u00e0 la flore mycologique des environs de Montpellier. 11 S. = Extrait du &#8220;bulletin de la societ\u00e9 mycologique de France&#8221;, tome XV. &#8211; Cruchet, Paul: Note sur deux nouveaux parasites du Polygonum alpinum L. 3 S. 1908. &#8211;  Ders.: Micromyc\u00e8tes nouveaux r\u00e9colt\u00e9s en Valais du 19 au 22 juillet 1909. S. 469-475. = &#8220;Bulletin de la Soci\u00e9t\u00e9 Vaudoise des Sciences Naturelles&#8221;, 45. Bd. Nr. 167. &#8211; Ders.: Contribution \u00e0 l&#8217;\u00e9tude de la Flore cryptogamique du canton du Tessin. S. 329-339. = &#8220;Bulletin de la Soci\u00e9t\u00e9 Vaudoise des Sciences Naturelles&#8221;, 45. Bd. Nr. 166. &#8211; Fischer, Eduard: Observations sur les Ur\u00e9din\u00e9es. Monographie des Tub\u00e9rac\u00e9es. 4 S. &#8211; Ders.: Contributions \u00e0 l&#8217;\u00e9tude du genre Coleosporium. 1894. &#8211; Ders.: (Berne) E. F. parle de &#8220;la biologie du genre Gymnosporangium des Ur\u00e9din\u00e9es&#8221;. 3 S. &#8211; Ders.: Dans l&#8217;assembl\u00e9e g\u00e9n\u00e9rale, E. F. de Berne a pr\u00e9sent\u00e9 les r\u00e9sultats des recherches de K. Leist, sur l&#8217;influence qu&#8217;exerce le climat alpin sur la structure des feuilles des plantes. 5 S. 1888. &#8211; Eriksson, Jakob: Comment nommer les formes biologiques des esp\u00e8ces de champignons parasites? Motion present\u00e9e au congr\u00e8s international de botanique \u00e0 Bruxelles 1910. 18 S. Lund 1909. &#8211; Corboz, F.: Flora Aclensis. Contributions \u00e0 l&#8217;\u00e9tude des plantes de la Flore Suisse croissant sur le territoire de la commune d&#8217;Aclens et dans ses environs imm\u00e9diats. S. 49-60. = &#8220;Bull. Soc. Vaud. Sc. Nat.&#8221;, Bd. 35, 131. &#8211; Saccardo, A.: Fungi aliquot Brasilienses Phyllogeni. 6 S. Mit 2 Tafeln. = &#8220;Bull. Soc. roy. bot. Belg.&#8221;, Bd. 35. 1896. (Mit handschr. Widm. des Verf.). &#8211; Roze, M.: La rouille du chrysanth\u00e8me des Indes ou chrysanthemum indicum L. (Puccinia chrysanthemi). 5 S. = Extr. du &#8220;Journ.  de la Soc. nationale d&#8217;Horticulture de France&#8221;, 1900. &#8211; Eberhardt, Albert: Contribution \u00e0 l&#8217;\u00e9tude de cystopus candidus l\u00e9v. 58 S. Mit 1 doppelblattgr. Tafel. = &#8220;Diss. der Uni. Bern&#8221;, Jena, G. Fischer, 1904. (Mit handschr. Widm. des Verf.).<\/p>\n<p>+ Wichtig: F\u00fcr unsere Kunden in der EU erfolgt der Versand alle 14 Tage verzollt ab Deutschland \/ Postbank-Konto in Deutschland vorhanden +<\/p>\n<p>Frage zu diesem Artikel\/der Abbildung &#8211; <a href=\"mailto:orders@eosbooks.ch?subject=Eine Frage zu dem Artikel\/der Abbildung 26851AB\">Kontakt<\/a>?<br \/>\n<span class=\"schlagwort\">Naturwissenschaften \/ Natural History, Botanik \/ Botany, Pilze &#8211; Mykologie \/ Fungi &#8211; Mycology<\/span><\/p>\n<div class=\"shariff shariff-align-left shariff-widget-align-left\"><div class=\"ShariffHeadline\"><hr><\/div><ul class=\"shariff-buttons theme-round orientation-horizontal buttonsize-medium\"><li class=\"shariff-button facebook shariff-nocustomcolor\" style=\"background-color:#4273c8\"><a href=\"https:\/\/www.facebook.com\/sharer\/sharer.php?u=https%3A%2F%2Fwww.eosbooks.ch%2Fen%2Fprodukt%2Fkonvolut-15-franz-publikationen%2F\" title=\"Bei Facebook teilen\" aria-label=\"Bei Facebook teilen\" role=\"button\" rel=\"nofollow\" class=\"shariff-link\" style=\"; background-color:#3b5998; color:#fff\" target=\"_blank\"><span class=\"shariff-icon\" style=\"\"><svg width=\"32px\" height=\"20px\" xmlns=\"http:\/\/www.w3.org\/2000\/svg\" viewBox=\"0 0 18 32\"><path fill=\"#3b5998\" d=\"M17.1 0.2v4.7h-2.8q-1.5 0-2.1 0.6t-0.5 1.9v3.4h5.2l-0.7 5.3h-4.5v13.6h-5.5v-13.6h-4.5v-5.3h4.5v-3.9q0-3.3 1.9-5.2t5-1.8q2.6 0 4.1 0.2z\"\/><\/svg><\/span><\/a><\/li><li class=\"shariff-button twitter shariff-nocustomcolor\" style=\"background-color:#595959\"><a href=\"https:\/\/twitter.com\/share?url=https%3A%2F%2Fwww.eosbooks.ch%2Fen%2Fprodukt%2Fkonvolut-15-franz-publikationen%2F&text=Konvolut.%20%E2%80%93%2015%20franz.%20Publikationen.\" title=\"Bei X teilen\" aria-label=\"Bei X teilen\" role=\"button\" rel=\"noopener nofollow\" class=\"shariff-link\" style=\"; background-color:#000; color:#fff\" target=\"_blank\"><span class=\"shariff-icon\" style=\"\"><svg width=\"32px\" height=\"20px\" xmlns=\"http:\/\/www.w3.org\/2000\/svg\" viewBox=\"0 0 24 24\"><path fill=\"#000\" d=\"M14.258 10.152L23.176 0h-2.113l-7.747 8.813L7.133 0H0l9.352 13.328L0 23.973h2.113l8.176-9.309 6.531 9.309h7.133zm-2.895 3.293l-.949-1.328L2.875 1.56h3.246l6.086 8.523.945 1.328 7.91 11.078h-3.246zm0 0\"\/><\/svg><\/span><\/a><\/li><li class=\"shariff-button linkedin shariff-nocustomcolor\" style=\"background-color:#1488bf\"><a href=\"https:\/\/www.linkedin.com\/sharing\/share-offsite\/?url=https%3A%2F%2Fwww.eosbooks.ch%2Fen%2Fprodukt%2Fkonvolut-15-franz-publikationen%2F\" title=\"Bei LinkedIn teilen\" aria-label=\"Bei LinkedIn teilen\" role=\"button\" rel=\"noopener nofollow\" class=\"shariff-link\" style=\"; background-color:#0077b5; color:#fff\" target=\"_blank\"><span class=\"shariff-icon\" style=\"\"><svg width=\"32px\" height=\"20px\" xmlns=\"http:\/\/www.w3.org\/2000\/svg\" viewBox=\"0 0 27 32\"><path fill=\"#0077b5\" d=\"M6.2 11.2v17.7h-5.9v-17.7h5.9zM6.6 5.7q0 1.3-0.9 2.2t-2.4 0.9h0q-1.5 0-2.4-0.9t-0.9-2.2 0.9-2.2 2.4-0.9 2.4 0.9 0.9 2.2zM27.4 18.7v10.1h-5.9v-9.5q0-1.9-0.7-2.9t-2.3-1.1q-1.1 0-1.9 0.6t-1.2 1.5q-0.2 0.5-0.2 1.4v9.9h-5.9q0-7.1 0-11.6t0-5.3l0-0.9h5.9v2.6h0q0.4-0.6 0.7-1t1-0.9 1.6-0.8 2-0.3q3 0 4.9 2t1.9 6z\"\/><\/svg><\/span><\/a><\/li><\/ul><\/div>","protected":false},"excerpt":{"rendered":"<p>Westschweiz u. Westeuropa. \u2013 \u00a0Konvolut. \u2013 15 franz. Publikationen. 8\u00b0. Hefte bzw. Orig.-Broschuren. Lagerheim, G. de: Contributions \u00e0 la flore mycologique de Portugal. 15 S. = Extr. do &#8220;Bol. da Soc. Brot&#8221;, VIII &#8211; 1890. &#8211; Ders.: Notes sur quelques ur\u00e9din\u00e9es de l&#8217;herbier de Westendorp. 5 S. Belgien 1889. &#8211; Ders.: Contributions \u00e0 la flore [&hellip;]<\/p>\n","protected":false},"featured_media":0,"comment_status":"closed","ping_status":"closed","template":"","meta":[],"product_brand":[],"product_cat":[790],"product_tag":[],"class_list":{"0":"post-51557","1":"product","2":"type-product","3":"status-publish","5":"product_cat-naturwissenschaften-natural-history","7":"first","8":"instock","9":"taxable","10":"shipping-taxable","11":"purchasable","12":"product-type-simple"},"aioseo_notices":[],"_links":{"self":[{"href":"https:\/\/www.eosbooks.ch\/en\/wp-json\/wp\/v2\/product\/51557","targetHints":{"allow":["GET"]}}],"collection":[{"href":"https:\/\/www.eosbooks.ch\/en\/wp-json\/wp\/v2\/product"}],"about":[{"href":"https:\/\/www.eosbooks.ch\/en\/wp-json\/wp\/v2\/types\/product"}],"replies":[{"embeddable":true,"href":"https:\/\/www.eosbooks.ch\/en\/wp-json\/wp\/v2\/comments?post=51557"}],"wp:attachment":[{"href":"https:\/\/www.eosbooks.ch\/en\/wp-json\/wp\/v2\/media?parent=51557"}],"wp:term":[{"taxonomy":"product_brand","embeddable":true,"href":"https:\/\/www.eosbooks.ch\/en\/wp-json\/wp\/v2\/product_brand?post=51557"},{"taxonomy":"product_cat","embeddable":true,"href":"https:\/\/www.eosbooks.ch\/en\/wp-json\/wp\/v2\/product_cat?post=51557"},{"taxonomy":"product_tag","embeddable":true,"href":"https:\/\/www.eosbooks.ch\/en\/wp-json\/wp\/v2\/product_tag?post=51557"}],"curies":[{"name":"wp","href":"https:\/\/api.w.org\/{rel}","templated":true}]}}