{"id":51473,"date":"2026-04-28T08:28:59","date_gmt":"2026-04-28T06:28:59","guid":{"rendered":"http:\/\/eosbooks.ch.w015255e.kasserver.com\/produkt\/9-beitraege-zur-westeuropaeischen-mykologie\/"},"modified":"2026-04-28T08:28:59","modified_gmt":"2026-04-28T06:28:59","slug":"konvolut-9-beitraege-zur-westeuropaeischen-mykologie","status":"publish","type":"product","link":"https:\/\/www.eosbooks.ch\/en\/produkt\/konvolut-9-beitraege-zur-westeuropaeischen-mykologie\/","title":{"rendered":"Konvolut. \u2013 9 Beitr\u00e4ge zur westeurop\u00e4ischen Mykologie."},"content":{"rendered":"<p>Tschechien. \u2013<span class=\"autor\">  <\/span>\u00a0<span class=\"titel\" style=\"font-size: 1em\">Konvolut. \u2013 9 Beitr\u00e4ge zur westeurop\u00e4ischen Mykologie.<\/span><span style=\"font-size: 1em\">   Orig.-Hefte.<\/span><\/p>\n<p class=\"kommentar1\">Bubak, Frantisek (Franz): Einige neue oder kritische Uromyces-Arten. Prag, 1902. 23 S. = Separatdruck aus den Sitzungsberichten der &#8220;k\u00f6nigl. b\u00f6hm. Ges. der Wissenschaften in Prag&#8221;. &#8212; Ders.: Zwei neue, Monocotylen bewohnende Pilze. (Prag), 1903. S. 255-256. = Separat-Abdruck aus &#8220;Annales Mycologici&#8221;, Vol. I, No. 3. &#8212; Ders.: Ueber eine ungew\u00f6hnlich ausgebreitete Infektion der Zuckerr\u00fcbe durch Wurzelbrand (Rhizoctonia violacea). Prag, Nagel, 1903. 5 S. = Separat-Abdruck aus der &#8220;Zeitschrift zur Zuckerindustrie in B\u00f6hmen&#8221;, Heft 8. &#8212; Ders.: O rezich, kter\u00e9 cizopasi na nekter\u00fdch Rubiaceich. Prag, 1898. 23 S. = Vestnik &#8220;Kral. Cesk\u00e9 Spolecnosti nauk., Trida mathematicko &#8211; prirodovedecka&#8221;. &#8212; Ders.: Ueber die Puccinien vom Typus der Puccinia Anemones virginianae Schweinitz. Prag, 1901. 11 S. Mit 1 gef. Tafel. = &#8220;Separatabdruck aus den Sitzungsberichten der k\u00f6nigl. b\u00f6hm. Ges. der Wissensch. in Prag&#8221;. &#8212; Ders.: Ueber einige Umbelliferen-bewohnende Puccinen. Prag, 1900. 8 S. Mit 1 gef. Tafel. = Separatdruck aus den Sitzungsberichten der &#8220;k\u00f6nigl. b\u00f6hm. Ges. der Wissenschaften in Prag&#8221;. &#8212; Ders.: Ueber die Uredineen welche in  Europa auf Crepis-Arten vorkommen. M\u00e4hren, 1898. S. 119-124. &#8212; Ders.: Neue oder kritische Pilze. Burg, Hopfer, 1906. S. 105-124. Mit 1 Textillustr. = Separat-Abdruck aus &#8220;Annales Mycologici&#8221; vol. IV, No. 2. &#8212; Ders. u. Kabat, J.E.: Mykologische Beitr\u00e4ge I. Prag, 1903. 5 S. = Separatdruck aus den Sitzungsberichten der &#8220;k\u00f6nigl. b\u00f6hm. Ges. der Wissenschaften in Prag&#8221;. &#8212; Alle Umschl\u00e4ge mit einer Sammlungs-Nr. Zum Teil etwas stockfleckig.<\/p>\n<p>+ Wichtig: F\u00fcr unsere Kunden in der EU erfolgt der Versand alle 14 Tage verzollt ab Deutschland \/ Postbank-Konto in Deutschland vorhanden +<\/p>\n<p>Frage zu diesem Artikel\/der Abbildung &#8211; <a href=\"mailto:orders@eosbooks.ch?subject=Eine Frage zu dem Artikel\/der Abbildung 26790AB\">Kontakt<\/a>?<br \/>\n<span class=\"schlagwort\">Naturwissenschaften \/ Natural History, Botanik \/ Botany, Pilze &#8211; Mykologie \/ Fungi &#8211; Mycology<\/span><\/p>\n<div class=\"shariff shariff-align-left shariff-widget-align-left\"><div class=\"ShariffHeadline\"><hr><\/div><ul class=\"shariff-buttons theme-round orientation-horizontal buttonsize-medium\"><li class=\"shariff-button facebook shariff-nocustomcolor\" style=\"background-color:#4273c8\"><a href=\"https:\/\/www.facebook.com\/sharer\/sharer.php?u=https%3A%2F%2Fwww.eosbooks.ch%2Fen%2Fprodukt%2Fkonvolut-9-beitraege-zur-westeuropaeischen-mykologie%2F\" title=\"Bei Facebook teilen\" aria-label=\"Bei Facebook teilen\" role=\"button\" rel=\"nofollow\" class=\"shariff-link\" style=\"; background-color:#3b5998; color:#fff\" target=\"_blank\"><span class=\"shariff-icon\" style=\"\"><svg width=\"32px\" height=\"20px\" xmlns=\"http:\/\/www.w3.org\/2000\/svg\" viewBox=\"0 0 18 32\"><path fill=\"#3b5998\" d=\"M17.1 0.2v4.7h-2.8q-1.5 0-2.1 0.6t-0.5 1.9v3.4h5.2l-0.7 5.3h-4.5v13.6h-5.5v-13.6h-4.5v-5.3h4.5v-3.9q0-3.3 1.9-5.2t5-1.8q2.6 0 4.1 0.2z\"\/><\/svg><\/span><\/a><\/li><li class=\"shariff-button twitter shariff-nocustomcolor\" style=\"background-color:#595959\"><a href=\"https:\/\/twitter.com\/share?url=https%3A%2F%2Fwww.eosbooks.ch%2Fen%2Fprodukt%2Fkonvolut-9-beitraege-zur-westeuropaeischen-mykologie%2F&text=Konvolut.%20%E2%80%93%209%20Beitr%C3%A4ge%20zur%20westeurop%C3%A4ischen%20Mykologie.\" title=\"Bei X teilen\" aria-label=\"Bei X teilen\" role=\"button\" rel=\"noopener nofollow\" class=\"shariff-link\" style=\"; background-color:#000; color:#fff\" target=\"_blank\"><span class=\"shariff-icon\" style=\"\"><svg width=\"32px\" height=\"20px\" xmlns=\"http:\/\/www.w3.org\/2000\/svg\" viewBox=\"0 0 24 24\"><path fill=\"#000\" d=\"M14.258 10.152L23.176 0h-2.113l-7.747 8.813L7.133 0H0l9.352 13.328L0 23.973h2.113l8.176-9.309 6.531 9.309h7.133zm-2.895 3.293l-.949-1.328L2.875 1.56h3.246l6.086 8.523.945 1.328 7.91 11.078h-3.246zm0 0\"\/><\/svg><\/span><\/a><\/li><li class=\"shariff-button linkedin shariff-nocustomcolor\" style=\"background-color:#1488bf\"><a href=\"https:\/\/www.linkedin.com\/sharing\/share-offsite\/?url=https%3A%2F%2Fwww.eosbooks.ch%2Fen%2Fprodukt%2Fkonvolut-9-beitraege-zur-westeuropaeischen-mykologie%2F\" title=\"Bei LinkedIn teilen\" aria-label=\"Bei LinkedIn teilen\" role=\"button\" rel=\"noopener nofollow\" class=\"shariff-link\" style=\"; background-color:#0077b5; color:#fff\" target=\"_blank\"><span class=\"shariff-icon\" style=\"\"><svg width=\"32px\" height=\"20px\" xmlns=\"http:\/\/www.w3.org\/2000\/svg\" viewBox=\"0 0 27 32\"><path fill=\"#0077b5\" d=\"M6.2 11.2v17.7h-5.9v-17.7h5.9zM6.6 5.7q0 1.3-0.9 2.2t-2.4 0.9h0q-1.5 0-2.4-0.9t-0.9-2.2 0.9-2.2 2.4-0.9 2.4 0.9 0.9 2.2zM27.4 18.7v10.1h-5.9v-9.5q0-1.9-0.7-2.9t-2.3-1.1q-1.1 0-1.9 0.6t-1.2 1.5q-0.2 0.5-0.2 1.4v9.9h-5.9q0-7.1 0-11.6t0-5.3l0-0.9h5.9v2.6h0q0.4-0.6 0.7-1t1-0.9 1.6-0.8 2-0.3q3 0 4.9 2t1.9 6z\"\/><\/svg><\/span><\/a><\/li><\/ul><\/div>","protected":false},"excerpt":{"rendered":"<p>Tschechien. \u2013 \u00a0Konvolut. \u2013 9 Beitr\u00e4ge zur westeurop\u00e4ischen Mykologie. Orig.-Hefte. Bubak, Frantisek (Franz): Einige neue oder kritische Uromyces-Arten. Prag, 1902. 23 S. = Separatdruck aus den Sitzungsberichten der &#8220;k\u00f6nigl. b\u00f6hm. Ges. der Wissenschaften in Prag&#8221;. &#8212; Ders.: Zwei neue, Monocotylen bewohnende Pilze. (Prag), 1903. S. 255-256. = Separat-Abdruck aus &#8220;Annales Mycologici&#8221;, Vol. I, No. 3. [&hellip;]<\/p>\n","protected":false},"featured_media":0,"comment_status":"closed","ping_status":"closed","template":"","meta":[],"product_brand":[],"product_cat":[790],"product_tag":[],"class_list":{"0":"post-51473","1":"product","2":"type-product","3":"status-publish","5":"product_cat-naturwissenschaften-natural-history","7":"first","8":"instock","9":"taxable","10":"shipping-taxable","11":"purchasable","12":"product-type-simple"},"aioseo_notices":[],"_links":{"self":[{"href":"https:\/\/www.eosbooks.ch\/en\/wp-json\/wp\/v2\/product\/51473","targetHints":{"allow":["GET"]}}],"collection":[{"href":"https:\/\/www.eosbooks.ch\/en\/wp-json\/wp\/v2\/product"}],"about":[{"href":"https:\/\/www.eosbooks.ch\/en\/wp-json\/wp\/v2\/types\/product"}],"replies":[{"embeddable":true,"href":"https:\/\/www.eosbooks.ch\/en\/wp-json\/wp\/v2\/comments?post=51473"}],"wp:attachment":[{"href":"https:\/\/www.eosbooks.ch\/en\/wp-json\/wp\/v2\/media?parent=51473"}],"wp:term":[{"taxonomy":"product_brand","embeddable":true,"href":"https:\/\/www.eosbooks.ch\/en\/wp-json\/wp\/v2\/product_brand?post=51473"},{"taxonomy":"product_cat","embeddable":true,"href":"https:\/\/www.eosbooks.ch\/en\/wp-json\/wp\/v2\/product_cat?post=51473"},{"taxonomy":"product_tag","embeddable":true,"href":"https:\/\/www.eosbooks.ch\/en\/wp-json\/wp\/v2\/product_tag?post=51473"}],"curies":[{"name":"wp","href":"https:\/\/api.w.org\/{rel}","templated":true}]}}