{"id":50768,"date":"2026-04-28T06:28:36","date_gmt":"2026-04-28T04:28:36","guid":{"rendered":"http:\/\/eosbooks.ch.w015255e.kasserver.com\/produkt\/hochheimer-carl-august-friedrich-allgemeines-oekonomisch-chemisch-technologisches-haus-und-kunstbuch-oder-sammlung-ausgesuchter-vorschriften-zum-gebrauch-fuer-haus-und-landwirthe-professioniste\/"},"modified":"2026-04-28T06:28:36","modified_gmt":"2026-04-28T04:28:36","slug":"hochheimer-carl-august-friedrich-allgemeines-oekonomisch-chemisch-technologisches-haus-und-kunstbuch","status":"publish","type":"product","link":"https:\/\/www.eosbooks.ch\/en\/produkt\/hochheimer-carl-august-friedrich-allgemeines-oekonomisch-chemisch-technologisches-haus-und-kunstbuch\/","title":{"rendered":"Hochheimer, Carl August Friedrich:  Allgemeines \u00f6konomisch-chemisch-technologisches Haus- und Kunstbuch,"},"content":{"rendered":"<p><span class=\"autor\"> Hochheimer, Carl August Friedrich: <\/span>\u00a0<span class=\"titel\" style=\"font-size: 1em\">Allgemeines \u00f6konomisch-chemisch-technologisches Haus- und Kunstbuch,<\/span><span style=\"font-size: 1em\"> oder Sammlung ausgesuchter Vorschriften zum Gebrauch f\u00fcr Haus- und Landwirthe, Professionisten, K\u00fcnstler und Kunstliebhaber. Zweyte vermehrte ud verbesserte Auflage von J.C. Hoffmann. (Dritter Teil: Fortgesetzt und mit einer Vorrede von J.C. Hoffmann). Frankfurt und Leipzig. (O. Dr.). 1800-1801. 3 B\u00e4nde (von 6?). 8\u00b0. XXX, 630 S.; XVI, 512 S. mit 4 mehrfach gefalteten gestochenen Tafeln; XVI, 632 S. Sch\u00f6ne Halblederb\u00e4nde der Zeit mit roten und gr\u00fcnen goldgepr\u00e4gten R\u00fcckenschildern und R\u00fcckenvergoldung.<\/span><\/p>\n<p class=\"kommentar1\">Weiss 1630. &#8211; Schiessl 289, 293-296 (andere Auflagen). &#8211; Engelmann, Bibliotheca Mechanico-Technologia 155 (ebenso). &#8211; Unberechtigter Nachdruck der 2. Auflage bei Voss u.a. 1799-1800. 1803 bis 1812 erschienen nochmals 3 B\u00e4nde. Jeder Band ist jedoch in sich abgeschlossen. &#8211; Eine der erfolgreichsten Sammlungen von \u00fcber 1400 Rezepturen und Anleitungen aus allen Bereichen: Pharmacie, Chemie, K\u00fcche, Haushalt, Landwirtschaft, Weinbau, Handwerk, Materialbearbeitung. Der komplette Ratgeber der Goethe-Zeit. Ausgaben des erfolgreichen Ratgebers wurden unter dem Namen von Hochheimer bis in die Mitte des 19. Jahrhunderts nachgedruckt und waren schon damals f\u00fcr den Buchhandel \u00e4usserst ertragreich. &#8211; Vors\u00e4tze mit altem Besitzerstempel des &#8220;Cantons-Physicus Dr. Kottmann, Solothurn&#8221;. &#8211; Sehr sch\u00f6nes Exemplar in dekorativen Einb\u00e4nden, so sch\u00f6n selten.<\/p>\n<p>+ Wichtig: F\u00fcr unsere Kunden in der EU erfolgt der Versand alle 14 Tage verzollt ab Deutschland \/ Postbank-Konto in Deutschland vorhanden +<\/p>\n<p>Frage zu diesem Artikel\/der Abbildung &#8211; <a href=\"mailto:orders@eosbooks.ch?subject=Eine Frage zu dem Artikel\/der Abbildung 35105DB\">Kontakt<\/a>?<br \/>\n<span class=\"schlagwort\">Naturwissenschaften \/ Natural History, Agrikultur &#8211; Landwirtschaft \/ Agriculture, Berufe + Handwerk \/ Arts and crafts, Hausv\u00e4terliteratur \/ Domestic economy, Kochb\u00fccher \/ Cookery books, Pharmakologie &#8211; Pharmazie \/ Pharmakology &#8211; Pharmacy<\/span><\/p>\n<div class=\"shariff shariff-align-left shariff-widget-align-left\"><div class=\"ShariffHeadline\"><hr><\/div><ul class=\"shariff-buttons theme-round orientation-horizontal buttonsize-medium\"><li class=\"shariff-button facebook shariff-nocustomcolor\" style=\"background-color:#4273c8\"><a href=\"https:\/\/www.facebook.com\/sharer\/sharer.php?u=https%3A%2F%2Fwww.eosbooks.ch%2Fen%2Fprodukt%2Fhochheimer-carl-august-friedrich-allgemeines-oekonomisch-chemisch-technologisches-haus-und-kunstbuch%2F\" title=\"Bei Facebook teilen\" aria-label=\"Bei Facebook teilen\" role=\"button\" rel=\"nofollow\" class=\"shariff-link\" style=\"; background-color:#3b5998; color:#fff\" target=\"_blank\"><span class=\"shariff-icon\" style=\"\"><svg width=\"32px\" height=\"20px\" xmlns=\"http:\/\/www.w3.org\/2000\/svg\" viewBox=\"0 0 18 32\"><path fill=\"#3b5998\" d=\"M17.1 0.2v4.7h-2.8q-1.5 0-2.1 0.6t-0.5 1.9v3.4h5.2l-0.7 5.3h-4.5v13.6h-5.5v-13.6h-4.5v-5.3h4.5v-3.9q0-3.3 1.9-5.2t5-1.8q2.6 0 4.1 0.2z\"\/><\/svg><\/span><\/a><\/li><li class=\"shariff-button twitter shariff-nocustomcolor\" style=\"background-color:#595959\"><a href=\"https:\/\/twitter.com\/share?url=https%3A%2F%2Fwww.eosbooks.ch%2Fen%2Fprodukt%2Fhochheimer-carl-august-friedrich-allgemeines-oekonomisch-chemisch-technologisches-haus-und-kunstbuch%2F&text=Hochheimer%2C%20Carl%20August%20Friedrich%3A%20%20Allgemeines%20%C3%B6konomisch-chemisch-technologisches%20Haus-%20und%20Kunstbuch%2C\" title=\"Bei X teilen\" aria-label=\"Bei X teilen\" role=\"button\" rel=\"noopener nofollow\" class=\"shariff-link\" style=\"; background-color:#000; color:#fff\" target=\"_blank\"><span class=\"shariff-icon\" style=\"\"><svg width=\"32px\" height=\"20px\" xmlns=\"http:\/\/www.w3.org\/2000\/svg\" viewBox=\"0 0 24 24\"><path fill=\"#000\" d=\"M14.258 10.152L23.176 0h-2.113l-7.747 8.813L7.133 0H0l9.352 13.328L0 23.973h2.113l8.176-9.309 6.531 9.309h7.133zm-2.895 3.293l-.949-1.328L2.875 1.56h3.246l6.086 8.523.945 1.328 7.91 11.078h-3.246zm0 0\"\/><\/svg><\/span><\/a><\/li><li class=\"shariff-button linkedin shariff-nocustomcolor\" style=\"background-color:#1488bf\"><a href=\"https:\/\/www.linkedin.com\/sharing\/share-offsite\/?url=https%3A%2F%2Fwww.eosbooks.ch%2Fen%2Fprodukt%2Fhochheimer-carl-august-friedrich-allgemeines-oekonomisch-chemisch-technologisches-haus-und-kunstbuch%2F\" title=\"Bei LinkedIn teilen\" aria-label=\"Bei LinkedIn teilen\" role=\"button\" rel=\"noopener nofollow\" class=\"shariff-link\" style=\"; background-color:#0077b5; color:#fff\" target=\"_blank\"><span class=\"shariff-icon\" style=\"\"><svg width=\"32px\" height=\"20px\" xmlns=\"http:\/\/www.w3.org\/2000\/svg\" viewBox=\"0 0 27 32\"><path fill=\"#0077b5\" d=\"M6.2 11.2v17.7h-5.9v-17.7h5.9zM6.6 5.7q0 1.3-0.9 2.2t-2.4 0.9h0q-1.5 0-2.4-0.9t-0.9-2.2 0.9-2.2 2.4-0.9 2.4 0.9 0.9 2.2zM27.4 18.7v10.1h-5.9v-9.5q0-1.9-0.7-2.9t-2.3-1.1q-1.1 0-1.9 0.6t-1.2 1.5q-0.2 0.5-0.2 1.4v9.9h-5.9q0-7.1 0-11.6t0-5.3l0-0.9h5.9v2.6h0q0.4-0.6 0.7-1t1-0.9 1.6-0.8 2-0.3q3 0 4.9 2t1.9 6z\"\/><\/svg><\/span><\/a><\/li><\/ul><\/div>","protected":false},"excerpt":{"rendered":"<p>Hochheimer, Carl August Friedrich: \u00a0Allgemeines \u00f6konomisch-chemisch-technologisches Haus- und Kunstbuch, oder Sammlung ausgesuchter Vorschriften zum Gebrauch f\u00fcr Haus- und Landwirthe, Professionisten, K\u00fcnstler und Kunstliebhaber. Zweyte vermehrte ud verbesserte Auflage von J.C. Hoffmann. (Dritter Teil: Fortgesetzt und mit einer Vorrede von J.C. Hoffmann). Frankfurt und Leipzig. (O. Dr.). 1800-1801. 3 B\u00e4nde (von 6?). 8\u00b0. XXX, 630 S.; [&hellip;]<\/p>\n","protected":false},"featured_media":0,"comment_status":"closed","ping_status":"closed","template":"","meta":[],"product_brand":[],"product_cat":[790],"product_tag":[],"class_list":{"0":"post-50768","1":"product","2":"type-product","3":"status-publish","5":"product_cat-naturwissenschaften-natural-history","7":"first","8":"instock","9":"taxable","10":"shipping-taxable","11":"purchasable","12":"product-type-simple"},"aioseo_notices":[],"_links":{"self":[{"href":"https:\/\/www.eosbooks.ch\/en\/wp-json\/wp\/v2\/product\/50768","targetHints":{"allow":["GET"]}}],"collection":[{"href":"https:\/\/www.eosbooks.ch\/en\/wp-json\/wp\/v2\/product"}],"about":[{"href":"https:\/\/www.eosbooks.ch\/en\/wp-json\/wp\/v2\/types\/product"}],"replies":[{"embeddable":true,"href":"https:\/\/www.eosbooks.ch\/en\/wp-json\/wp\/v2\/comments?post=50768"}],"wp:attachment":[{"href":"https:\/\/www.eosbooks.ch\/en\/wp-json\/wp\/v2\/media?parent=50768"}],"wp:term":[{"taxonomy":"product_brand","embeddable":true,"href":"https:\/\/www.eosbooks.ch\/en\/wp-json\/wp\/v2\/product_brand?post=50768"},{"taxonomy":"product_cat","embeddable":true,"href":"https:\/\/www.eosbooks.ch\/en\/wp-json\/wp\/v2\/product_cat?post=50768"},{"taxonomy":"product_tag","embeddable":true,"href":"https:\/\/www.eosbooks.ch\/en\/wp-json\/wp\/v2\/product_tag?post=50768"}],"curies":[{"name":"wp","href":"https:\/\/api.w.org\/{rel}","templated":true}]}}