{"id":50550,"date":"2026-05-05T04:27:10","date_gmt":"2026-05-05T02:27:10","guid":{"rendered":"http:\/\/eosbooks.ch.w015255e.kasserver.com\/produkt\/fischer-eduard-16-mykologische-schriften\/"},"modified":"2026-05-05T04:27:10","modified_gmt":"2026-05-05T02:27:10","slug":"fischer-eduard-16-mykologische-schriften","status":"publish","type":"product","link":"https:\/\/www.eosbooks.ch\/en\/produkt\/fischer-eduard-16-mykologische-schriften\/","title":{"rendered":"Fischer, Eduard:  16 mykologische Schriften."},"content":{"rendered":"<p><span class=\"autor\"> Fischer, Eduard: <\/span>\u00a0<span class=\"titel\" style=\"font-size: 1em\">16 mykologische Schriften.<\/span><span style=\"font-size: 1em\">   8\u00b0. Orig.-Brosch. bzw. -Hefte (z.T. mit Gebrauchsspuren).<\/span><\/p>\n<p class=\"kommentar1\">Beitr\u00e4ge zur Biologie der Uredineen. 18 S. Jena, G. Fischer, 1912.  = Abdruck aus &#8220;Mycologisches Centrallblatt&#8221;, 1. Bd.&#8211; Etude exp\u00e9rimentale de quelques Ur\u00e9din\u00e9es de la r\u00e9gion m\u00e9diteran\u00e9enne. S. 190-197. Alger, 1928. = Extrait du &#8220;Bulletin de la Soci\u00e9t\u00e9 d&#8217;Histoire Naturelle&#8221; de l&#8217;Afrique du Nord&#8221;, 18. Bd. &#8212; Studien zur Biologie von Gymnosporangium juniperinum. Zweite Mitteilung. S. 753-764. Jena, G. Fischer, 1910. = Abdruck aus der &#8220;Zeitschrift f\u00fcr Botanik&#8221;, 2. Jg., Heft 12. &#8212; Der Speziesbegriff und die Frage der Spezies-Entstehung bei den parasitischen Pilzen. Gen\u00e8ve, 1917. = Vortrag gehalten an der 98. Jahresvers. der schw. naturforsch. Ges., 1916 in Schuls. &#8212; Die Rolle der Pilze als Feinde einiger unserer Kulturgew\u00e4chse. 29 S. Mit 2 Tafeln. (Aarau, Sauerl\u00e4nder, 1891). = Separatabdruck aus dem &#8220;Garten&#8221;. &#8212; Die Wirtwechsel des Aecidium elatinum (Weisstannen-Hexenbesen). 1 S. = (Separatdruck aus der schw. Zeitschr. f\u00fcr Forstwesen, 1904). &#8212; Die Teleutosporen zu Aecidium Actaeae. &#8211; Beobachtungen \u00fcber Puccinia Buxi. (und) St\u00e4ger, Rob.: Vorl\u00e4ufige Mittheilung \u00fcber Impfversuche mit Gramineen-bewohnenden Claviceps-Arten. 4 S. = Separatdruck &#8220;Botanisches Centralblatt&#8221;, Bd. 53. No. 3. &#8212; Die biologischen Arten der parasitischen Pilze und die Entstehung neuer Formen im Pflanzenreich. S. 49-62. = Atti della Societa Elvetica delle Scineze Naturali adunata in Locarno&#8221;, 2-5 sept. 1903. &#8212; Lassen sich aus dem Vorkommen gleicher oder verwandter Parasiten auf verschiedenen Wirten R\u00fcckschl\u00fcsse auf die Verwandtschaft der letzteren ziehen ?. S. 487-490. = Sonderabdruck aus dem &#8220;Zoologischen Anzeiger&#8221;, Bd. 43, Nr. 11. &#8212; Ein neuer Astragalus bewohnender Uromyces aus dem Wallis und einige andere Beobachtungen \u00fcber die Walliser Uredineen-Flora. 7 S. Mit 1 Abb. = Tirage \u00e0 part du &#8220;Bulletin de la Soci\u00e9t\u00e9 Murithienne&#8221;, Fasc. 38, 1914. Pilze (inkl. Flechten). S. 49-79. = Separatabdruck aus &#8220;Berichte der Schw. Bot. Ges.&#8221;, Heft 14\/15, Jg. 1915\/16. &#8212; Separatabdruck aus den Verhandlungen der Schw. Naturforsch. Ges. 93. Jahresversammlung, Basel. Bd. I. 2 S. &#8212; (3) Sitzungs-Berichte der &#8220;Bernischen Botanischen Gesellschaft &#8221; aus de(n) Jahr(en) 1908, 1928 u. 1929. Je 1-2 S. &#8212; (2) Protokollausz(\u00fc)g(e) (der) Sitzung(en) vom 2. Juni 1917 (u.) vom 13. April 1918. = Sonderabdruck aus den Mitteilungen der &#8220;Naturforsch. Ges. in Bern&#8221;. &#8212; Bemerkungen \u00fcber die Tuberaceengattungen Gyrocratera und Hydnotrya. S. 48-51. = Sonderabdruck aus &#8220;Hedwigia&#8221;, Bd. 34, 1900.<\/p>\n<p>+ Wichtig: F\u00fcr unsere Kunden in der EU erfolgt der Versand alle 14 Tage verzollt ab Deutschland \/ Postbank-Konto in Deutschland vorhanden +<\/p>\n<p>Frage zu diesem Artikel\/der Abbildung &#8211; <a href=\"mailto:orders@eosbooks.ch?subject=Eine Frage zu dem Artikel\/der Abbildung 26826AB\">Kontakt<\/a>?<br \/>\n<span class=\"schlagwort\">Naturwissenschaften \/ Natural History, Botanik \/ Botany, Pilze &#8211; Mykologie \/ Fungi &#8211; Mycology<\/span><\/p>\n<div class=\"shariff shariff-align-left shariff-widget-align-left\"><div class=\"ShariffHeadline\"><hr><\/div><ul class=\"shariff-buttons theme-round orientation-horizontal buttonsize-medium\"><li class=\"shariff-button facebook shariff-nocustomcolor\" style=\"background-color:#4273c8\"><a href=\"https:\/\/www.facebook.com\/sharer\/sharer.php?u=https%3A%2F%2Fwww.eosbooks.ch%2Fen%2Fprodukt%2Ffischer-eduard-16-mykologische-schriften%2F\" title=\"Bei Facebook teilen\" aria-label=\"Bei Facebook teilen\" role=\"button\" rel=\"nofollow\" class=\"shariff-link\" style=\"; background-color:#3b5998; color:#fff\" target=\"_blank\"><span class=\"shariff-icon\" style=\"\"><svg width=\"32px\" height=\"20px\" xmlns=\"http:\/\/www.w3.org\/2000\/svg\" viewBox=\"0 0 18 32\"><path fill=\"#3b5998\" d=\"M17.1 0.2v4.7h-2.8q-1.5 0-2.1 0.6t-0.5 1.9v3.4h5.2l-0.7 5.3h-4.5v13.6h-5.5v-13.6h-4.5v-5.3h4.5v-3.9q0-3.3 1.9-5.2t5-1.8q2.6 0 4.1 0.2z\"\/><\/svg><\/span><\/a><\/li><li class=\"shariff-button twitter shariff-nocustomcolor\" style=\"background-color:#595959\"><a href=\"https:\/\/twitter.com\/share?url=https%3A%2F%2Fwww.eosbooks.ch%2Fen%2Fprodukt%2Ffischer-eduard-16-mykologische-schriften%2F&text=Fischer%2C%20Eduard%3A%20%2016%20mykologische%20Schriften.\" title=\"Bei X teilen\" aria-label=\"Bei X teilen\" role=\"button\" rel=\"noopener nofollow\" class=\"shariff-link\" style=\"; background-color:#000; color:#fff\" target=\"_blank\"><span class=\"shariff-icon\" style=\"\"><svg width=\"32px\" height=\"20px\" xmlns=\"http:\/\/www.w3.org\/2000\/svg\" viewBox=\"0 0 24 24\"><path fill=\"#000\" d=\"M14.258 10.152L23.176 0h-2.113l-7.747 8.813L7.133 0H0l9.352 13.328L0 23.973h2.113l8.176-9.309 6.531 9.309h7.133zm-2.895 3.293l-.949-1.328L2.875 1.56h3.246l6.086 8.523.945 1.328 7.91 11.078h-3.246zm0 0\"\/><\/svg><\/span><\/a><\/li><li class=\"shariff-button linkedin shariff-nocustomcolor\" style=\"background-color:#1488bf\"><a href=\"https:\/\/www.linkedin.com\/sharing\/share-offsite\/?url=https%3A%2F%2Fwww.eosbooks.ch%2Fen%2Fprodukt%2Ffischer-eduard-16-mykologische-schriften%2F\" title=\"Bei LinkedIn teilen\" aria-label=\"Bei LinkedIn teilen\" role=\"button\" rel=\"noopener nofollow\" class=\"shariff-link\" style=\"; background-color:#0077b5; color:#fff\" target=\"_blank\"><span class=\"shariff-icon\" style=\"\"><svg width=\"32px\" height=\"20px\" xmlns=\"http:\/\/www.w3.org\/2000\/svg\" viewBox=\"0 0 27 32\"><path fill=\"#0077b5\" d=\"M6.2 11.2v17.7h-5.9v-17.7h5.9zM6.6 5.7q0 1.3-0.9 2.2t-2.4 0.9h0q-1.5 0-2.4-0.9t-0.9-2.2 0.9-2.2 2.4-0.9 2.4 0.9 0.9 2.2zM27.4 18.7v10.1h-5.9v-9.5q0-1.9-0.7-2.9t-2.3-1.1q-1.1 0-1.9 0.6t-1.2 1.5q-0.2 0.5-0.2 1.4v9.9h-5.9q0-7.1 0-11.6t0-5.3l0-0.9h5.9v2.6h0q0.4-0.6 0.7-1t1-0.9 1.6-0.8 2-0.3q3 0 4.9 2t1.9 6z\"\/><\/svg><\/span><\/a><\/li><\/ul><\/div>","protected":false},"excerpt":{"rendered":"<p>Fischer, Eduard: \u00a016 mykologische Schriften. 8\u00b0. Orig.-Brosch. bzw. -Hefte (z.T. mit Gebrauchsspuren). Beitr\u00e4ge zur Biologie der Uredineen. 18 S. Jena, G. Fischer, 1912. = Abdruck aus &#8220;Mycologisches Centrallblatt&#8221;, 1. Bd.&#8211; Etude exp\u00e9rimentale de quelques Ur\u00e9din\u00e9es de la r\u00e9gion m\u00e9diteran\u00e9enne. S. 190-197. Alger, 1928. = Extrait du &#8220;Bulletin de la Soci\u00e9t\u00e9 d&#8217;Histoire Naturelle&#8221; de l&#8217;Afrique du [&hellip;]<\/p>\n","protected":false},"featured_media":0,"comment_status":"closed","ping_status":"closed","template":"","meta":[],"product_brand":[],"product_cat":[790],"product_tag":[],"class_list":{"0":"post-50550","1":"product","2":"type-product","3":"status-publish","5":"product_cat-naturwissenschaften-natural-history","7":"first","8":"instock","9":"taxable","10":"shipping-taxable","11":"purchasable","12":"product-type-simple"},"aioseo_notices":[],"_links":{"self":[{"href":"https:\/\/www.eosbooks.ch\/en\/wp-json\/wp\/v2\/product\/50550","targetHints":{"allow":["GET"]}}],"collection":[{"href":"https:\/\/www.eosbooks.ch\/en\/wp-json\/wp\/v2\/product"}],"about":[{"href":"https:\/\/www.eosbooks.ch\/en\/wp-json\/wp\/v2\/types\/product"}],"replies":[{"embeddable":true,"href":"https:\/\/www.eosbooks.ch\/en\/wp-json\/wp\/v2\/comments?post=50550"}],"wp:attachment":[{"href":"https:\/\/www.eosbooks.ch\/en\/wp-json\/wp\/v2\/media?parent=50550"}],"wp:term":[{"taxonomy":"product_brand","embeddable":true,"href":"https:\/\/www.eosbooks.ch\/en\/wp-json\/wp\/v2\/product_brand?post=50550"},{"taxonomy":"product_cat","embeddable":true,"href":"https:\/\/www.eosbooks.ch\/en\/wp-json\/wp\/v2\/product_cat?post=50550"},{"taxonomy":"product_tag","embeddable":true,"href":"https:\/\/www.eosbooks.ch\/en\/wp-json\/wp\/v2\/product_tag?post=50550"}],"curies":[{"name":"wp","href":"https:\/\/api.w.org\/{rel}","templated":true}]}}