{"id":50370,"date":"2026-04-21T04:28:44","date_gmt":"2026-04-21T02:28:44","guid":{"rendered":"http:\/\/eosbooks.ch.w015255e.kasserver.com\/produkt\/castelnau-francois-histoire-naturelle-des-insectes-coleopteres\/"},"modified":"2026-04-21T04:28:44","modified_gmt":"2026-04-21T02:28:44","slug":"castelnau-francois-histoire-naturelle-des-insectes-coleopteres","status":"publish","type":"product","link":"https:\/\/www.eosbooks.ch\/en\/produkt\/castelnau-francois-histoire-naturelle-des-insectes-coleopteres\/","title":{"rendered":"Castelnau, (Fran\u00e7ois):  Histoire naturelle des insectes col\u00e9opt\u00e8res."},"content":{"rendered":"<p><span class=\"autor\"> Castelnau, (Fran\u00e7ois): <\/span>\u00a0<span class=\"titel\" style=\"font-size: 1em\">Histoire naturelle des insectes col\u00e9opt\u00e8res.<\/span><span style=\"font-size: 1em\"> Par M.  le Comte de Castelnau. Avec une introduction&#8230; par M. Brull\u00e9. Paris, P. Dum\u00e9nil, 1840. 2 B\u00e4nde. 8\u00b0. CXXV, 323 S., Tafeln Nrn. 1\u201314 und 1\u201319; 563 S., Tafeln Nrn. 20\u201357, alle im sch\u00f6nen Kolorit der Zeit. Roter Halblederband aus der Zeit mit R\u00fcckenvergoldung und rotem Deckelbezug.<\/span><\/p>\n<p class=\"kommentar1\">Nissen (ZBI) 838. \u2013 \u00abHistoire naturelle des animaux articul\u00e9s, Annelides, Crustac\u00e9s, Arachnides, Myriapodes et Insectes\u00bb von Fran\u00e7ois Louis Nomper de Caumont de Laporte de Castelnau (London 1810 oder 1812\u20131880 Melbourne). Die vorliegenden B\u00e4nde 1 und 2 aus diesem umfangreichen Werk zur Gattung der Gliedertiere umfassen den ausf\u00fchrlichen Text von A. Brul\u00e9 zur Anatomie und Physiologie, sowie den Text zur weltweit gr\u00f6ssten Ordnung aus der Klasse der Insekten, der K\u00e4fer (Coleoptera) von Castelnau. \u2013 Tafeln leicht gebr\u00e4unt, Text zum Teil leicht stockfleckig. Einband etwas berieben, Ecken bestossen.  (Sprache: Franz\u00f6sisch \/ Fran\u00e7ais \/ French)<\/p>\n<p>+ Wichtig: F\u00fcr unsere Kunden in der EU erfolgt der Versand alle 14 Tage verzollt ab Deutschland \/ Postbank-Konto in Deutschland vorhanden +<\/p>\n<p>Frage zu diesem Artikel\/der Abbildung &#8211; <a href=\"mailto:orders@eosbooks.ch?subject=Eine Frage zu dem Artikel\/der Abbildung 2341CB\">Kontakt<\/a>?<br \/>\n<span class=\"schlagwort\">Naturwissenschaften \/ Natural History, Insekten &#8211; Entomologie \/ Insects &#8211; Entomology, Zoologie \/ Zoology<\/span><\/p>\n<div class=\"shariff shariff-align-left shariff-widget-align-left\"><div class=\"ShariffHeadline\"><hr><\/div><ul class=\"shariff-buttons theme-round orientation-horizontal buttonsize-medium\"><li class=\"shariff-button facebook shariff-nocustomcolor\" style=\"background-color:#4273c8\"><a href=\"https:\/\/www.facebook.com\/sharer\/sharer.php?u=https%3A%2F%2Fwww.eosbooks.ch%2Fen%2Fprodukt%2Fcastelnau-francois-histoire-naturelle-des-insectes-coleopteres%2F\" title=\"Bei Facebook teilen\" aria-label=\"Bei Facebook teilen\" role=\"button\" rel=\"nofollow\" class=\"shariff-link\" style=\"; background-color:#3b5998; color:#fff\" target=\"_blank\"><span class=\"shariff-icon\" style=\"\"><svg width=\"32px\" height=\"20px\" xmlns=\"http:\/\/www.w3.org\/2000\/svg\" viewBox=\"0 0 18 32\"><path fill=\"#3b5998\" d=\"M17.1 0.2v4.7h-2.8q-1.5 0-2.1 0.6t-0.5 1.9v3.4h5.2l-0.7 5.3h-4.5v13.6h-5.5v-13.6h-4.5v-5.3h4.5v-3.9q0-3.3 1.9-5.2t5-1.8q2.6 0 4.1 0.2z\"\/><\/svg><\/span><\/a><\/li><li class=\"shariff-button twitter shariff-nocustomcolor\" style=\"background-color:#595959\"><a href=\"https:\/\/twitter.com\/share?url=https%3A%2F%2Fwww.eosbooks.ch%2Fen%2Fprodukt%2Fcastelnau-francois-histoire-naturelle-des-insectes-coleopteres%2F&text=Castelnau%2C%20%28Fran%C3%A7ois%29%3A%20%20Histoire%20naturelle%20des%20insectes%20col%C3%A9opt%C3%A8res.\" title=\"Bei X teilen\" aria-label=\"Bei X teilen\" role=\"button\" rel=\"noopener nofollow\" class=\"shariff-link\" style=\"; background-color:#000; color:#fff\" target=\"_blank\"><span class=\"shariff-icon\" style=\"\"><svg width=\"32px\" height=\"20px\" xmlns=\"http:\/\/www.w3.org\/2000\/svg\" viewBox=\"0 0 24 24\"><path fill=\"#000\" d=\"M14.258 10.152L23.176 0h-2.113l-7.747 8.813L7.133 0H0l9.352 13.328L0 23.973h2.113l8.176-9.309 6.531 9.309h7.133zm-2.895 3.293l-.949-1.328L2.875 1.56h3.246l6.086 8.523.945 1.328 7.91 11.078h-3.246zm0 0\"\/><\/svg><\/span><\/a><\/li><li class=\"shariff-button linkedin shariff-nocustomcolor\" style=\"background-color:#1488bf\"><a href=\"https:\/\/www.linkedin.com\/sharing\/share-offsite\/?url=https%3A%2F%2Fwww.eosbooks.ch%2Fen%2Fprodukt%2Fcastelnau-francois-histoire-naturelle-des-insectes-coleopteres%2F\" title=\"Bei LinkedIn teilen\" aria-label=\"Bei LinkedIn teilen\" role=\"button\" rel=\"noopener nofollow\" class=\"shariff-link\" style=\"; background-color:#0077b5; color:#fff\" target=\"_blank\"><span class=\"shariff-icon\" style=\"\"><svg width=\"32px\" height=\"20px\" xmlns=\"http:\/\/www.w3.org\/2000\/svg\" viewBox=\"0 0 27 32\"><path fill=\"#0077b5\" d=\"M6.2 11.2v17.7h-5.9v-17.7h5.9zM6.6 5.7q0 1.3-0.9 2.2t-2.4 0.9h0q-1.5 0-2.4-0.9t-0.9-2.2 0.9-2.2 2.4-0.9 2.4 0.9 0.9 2.2zM27.4 18.7v10.1h-5.9v-9.5q0-1.9-0.7-2.9t-2.3-1.1q-1.1 0-1.9 0.6t-1.2 1.5q-0.2 0.5-0.2 1.4v9.9h-5.9q0-7.1 0-11.6t0-5.3l0-0.9h5.9v2.6h0q0.4-0.6 0.7-1t1-0.9 1.6-0.8 2-0.3q3 0 4.9 2t1.9 6z\"\/><\/svg><\/span><\/a><\/li><\/ul><\/div>","protected":false},"excerpt":{"rendered":"<p>Castelnau, (Fran\u00e7ois): \u00a0Histoire naturelle des insectes col\u00e9opt\u00e8res. Par M. le Comte de Castelnau. Avec une introduction&#8230; par M. Brull\u00e9. Paris, P. Dum\u00e9nil, 1840. 2 B\u00e4nde. 8\u00b0. CXXV, 323 S., Tafeln Nrn. 1\u201314 und 1\u201319; 563 S., Tafeln Nrn. 20\u201357, alle im sch\u00f6nen Kolorit der Zeit. Roter Halblederband aus der Zeit mit R\u00fcckenvergoldung und rotem Deckelbezug. [&hellip;]<\/p>\n","protected":false},"featured_media":9733087,"comment_status":"closed","ping_status":"closed","template":"","meta":[],"product_brand":[],"product_cat":[790],"product_tag":[],"class_list":{"0":"post-50370","1":"product","2":"type-product","3":"status-publish","4":"has-post-thumbnail","6":"product_cat-naturwissenschaften-natural-history","8":"first","9":"instock","10":"taxable","11":"shipping-taxable","12":"purchasable","13":"product-type-simple"},"aioseo_notices":[],"_links":{"self":[{"href":"https:\/\/www.eosbooks.ch\/en\/wp-json\/wp\/v2\/product\/50370","targetHints":{"allow":["GET"]}}],"collection":[{"href":"https:\/\/www.eosbooks.ch\/en\/wp-json\/wp\/v2\/product"}],"about":[{"href":"https:\/\/www.eosbooks.ch\/en\/wp-json\/wp\/v2\/types\/product"}],"replies":[{"embeddable":true,"href":"https:\/\/www.eosbooks.ch\/en\/wp-json\/wp\/v2\/comments?post=50370"}],"wp:featuredmedia":[{"embeddable":true,"href":"https:\/\/www.eosbooks.ch\/en\/wp-json\/wp\/v2\/media\/9733087"}],"wp:attachment":[{"href":"https:\/\/www.eosbooks.ch\/en\/wp-json\/wp\/v2\/media?parent=50370"}],"wp:term":[{"taxonomy":"product_brand","embeddable":true,"href":"https:\/\/www.eosbooks.ch\/en\/wp-json\/wp\/v2\/product_brand?post=50370"},{"taxonomy":"product_cat","embeddable":true,"href":"https:\/\/www.eosbooks.ch\/en\/wp-json\/wp\/v2\/product_cat?post=50370"},{"taxonomy":"product_tag","embeddable":true,"href":"https:\/\/www.eosbooks.ch\/en\/wp-json\/wp\/v2\/product_tag?post=50370"}],"curies":[{"name":"wp","href":"https:\/\/api.w.org\/{rel}","templated":true}]}}