{"id":50056,"date":"2026-04-14T04:28:43","date_gmt":"2026-04-14T02:28:43","guid":{"rendered":"http:\/\/eosbooks.ch.w015255e.kasserver.com\/produkt\/swift-jonathan-voyages-de-gulliver-a-lilliput-et-a-brobdingnag\/"},"modified":"2026-04-14T04:28:43","modified_gmt":"2026-04-14T02:28:43","slug":"swift-jonathan-voyages-de-gulliver-a-lilliput-et-a-brobdingnag","status":"publish","type":"product","link":"https:\/\/www.eosbooks.ch\/en\/produkt\/swift-jonathan-voyages-de-gulliver-a-lilliput-et-a-brobdingnag\/","title":{"rendered":"Swift, (Jonathan):  Voyages de Gulliver \u00e0 Lilliput et \u00e0 Brobdingnag."},"content":{"rendered":"<p><span class=\"autor\"> Swift, (Jonathan): <\/span>\u00a0<span class=\"titel\" style=\"font-size: 1em\">Voyages de Gulliver \u00e0 Lilliput et \u00e0 Brobdingnag.<\/span><span style=\"font-size: 1em\">  Paris, Hachette, (ca. 1920). 4\u00b0. (4) 167 (1) S. Mit 1 farb., mont. Frontispiz, 18 farb., mont. Tafeln sowie zahlreichen Textillustrationen von R.G. Mossa Orig.-Pappband mit R\u00fccken- u. Deckelvergoldung u. textilen Schliessen (angestaubt u. gbr\u00e4unt).<\/span><\/p>\n<p class=\"kommentar1\">Limited and numbered copy No. 303 of 500 Ex. &#8211; &#8220;Eine der bittersten und menschenfeindlichsten Satiren der Weltliteratur ist durch merkw\u00fcrdige Ironie bei der Nachwelt zum beliebten Jugendbuch geworden &#8211; nicht infolge eines Missverst\u00e4ndnisses ihrer satirischen Ambitionen, sondern infolge ihrer literarischen Qualit\u00e4ten. &#8211; Swift greift auf die seit Lukan \u00fcberlieferte, von Defoes Robinson Crusoe wieder aufgenommene Form des imagin\u00e4ren Reiseromans in Ichform zur\u00fcck, verdichtet dessen fabulierfreudige Phantastik durch eine bis ins kleinste Detail durchdachte Genauigkeit der Schilderung und schafft dadurch ein in sich schl\u00fcssiges Bezugssystem, das im Zusammenhang mit der Einfachheit der Darstellung und der konkreten, sinnenhaften und sinnhaltigen Bildlichkeit als System auch Bestand hat, wenn die F\u00fclle der versteckten Anspielungen auf zeitgen\u00f6ssische Verh\u00e4ltnisse im einzelnen nicht mehr ohne weiteres erkennbar bleibt. Der eigentliche und entscheidende Kunstgriff seiner h\u00f6chst originellen Verbindung von Phantastischem und Wirklichem liegt jedoch darin, dass nicht etwa das Wunderbare, Anormale und Absonderliche als das eigentlich Groteske erscheinen, sondern umgekehrt die menschliche Wirklichkeit und die Verh\u00e4ltnisse der Menschenwelt aus der Sicht interessierter, doch unbeteiligt aussenstehender Beobachter in ihrer grotesken Unsinnigkeit aufgezeigt werden (&#8230;). (Wilpert II, Werke, 514). &#8211; Die ersten 50 S. mit gr\u00f6sserem Wasserfleck im Fusssteg. &#8211; Vord. Einbanddeckel mit Wasserfleck am Fuss. Schliessen ersetzt. (Sprache: Franz\u00f6sisch \/ Fran\u00e7ais \/ French)<\/p>\n<p>+ Wichtig: F\u00fcr unsere Kunden in der EU erfolgt der Versand alle 14 Tage verzollt ab Deutschland \/ Postbank-Konto in Deutschland vorhanden +<\/p>\n<p>Frage zu diesem Artikel\/der Abbildung &#8211; <a href=\"mailto:orders@eosbooks.ch?subject=Eine Frage zu dem Artikel\/der Abbildung 3674BB\">Kontakt<\/a>?<br \/>\n<span class=\"schlagwort\">Kinderb\u00fccher \/ Children books, Literatur \/ Literature, Englische Literatur \/ English literature, Illustrierte Literatur + Kunst \/ Illustrated literature + Artbooks, Literatur \/ Literature<\/span><\/p>\n<div class=\"shariff shariff-align-left shariff-widget-align-left\"><div class=\"ShariffHeadline\"><hr><\/div><ul class=\"shariff-buttons theme-round orientation-horizontal buttonsize-medium\"><li class=\"shariff-button facebook shariff-nocustomcolor\" style=\"background-color:#4273c8\"><a href=\"https:\/\/www.facebook.com\/sharer\/sharer.php?u=https%3A%2F%2Fwww.eosbooks.ch%2Fen%2Fprodukt%2Fswift-jonathan-voyages-de-gulliver-a-lilliput-et-a-brobdingnag%2F\" title=\"Bei Facebook teilen\" aria-label=\"Bei Facebook teilen\" role=\"button\" rel=\"nofollow\" class=\"shariff-link\" style=\"; background-color:#3b5998; color:#fff\" target=\"_blank\"><span class=\"shariff-icon\" style=\"\"><svg width=\"32px\" height=\"20px\" xmlns=\"http:\/\/www.w3.org\/2000\/svg\" viewBox=\"0 0 18 32\"><path fill=\"#3b5998\" d=\"M17.1 0.2v4.7h-2.8q-1.5 0-2.1 0.6t-0.5 1.9v3.4h5.2l-0.7 5.3h-4.5v13.6h-5.5v-13.6h-4.5v-5.3h4.5v-3.9q0-3.3 1.9-5.2t5-1.8q2.6 0 4.1 0.2z\"\/><\/svg><\/span><\/a><\/li><li class=\"shariff-button twitter shariff-nocustomcolor\" style=\"background-color:#595959\"><a href=\"https:\/\/twitter.com\/share?url=https%3A%2F%2Fwww.eosbooks.ch%2Fen%2Fprodukt%2Fswift-jonathan-voyages-de-gulliver-a-lilliput-et-a-brobdingnag%2F&text=Swift%2C%20%28Jonathan%29%3A%20%20Voyages%20de%20Gulliver%20%C3%A0%20Lilliput%20et%20%C3%A0%20Brobdingnag.\" title=\"Bei X teilen\" aria-label=\"Bei X teilen\" role=\"button\" rel=\"noopener nofollow\" class=\"shariff-link\" style=\"; background-color:#000; color:#fff\" target=\"_blank\"><span class=\"shariff-icon\" style=\"\"><svg width=\"32px\" height=\"20px\" xmlns=\"http:\/\/www.w3.org\/2000\/svg\" viewBox=\"0 0 24 24\"><path fill=\"#000\" d=\"M14.258 10.152L23.176 0h-2.113l-7.747 8.813L7.133 0H0l9.352 13.328L0 23.973h2.113l8.176-9.309 6.531 9.309h7.133zm-2.895 3.293l-.949-1.328L2.875 1.56h3.246l6.086 8.523.945 1.328 7.91 11.078h-3.246zm0 0\"\/><\/svg><\/span><\/a><\/li><li class=\"shariff-button linkedin shariff-nocustomcolor\" style=\"background-color:#1488bf\"><a href=\"https:\/\/www.linkedin.com\/sharing\/share-offsite\/?url=https%3A%2F%2Fwww.eosbooks.ch%2Fen%2Fprodukt%2Fswift-jonathan-voyages-de-gulliver-a-lilliput-et-a-brobdingnag%2F\" title=\"Bei LinkedIn teilen\" aria-label=\"Bei LinkedIn teilen\" role=\"button\" rel=\"noopener nofollow\" class=\"shariff-link\" style=\"; background-color:#0077b5; color:#fff\" target=\"_blank\"><span class=\"shariff-icon\" style=\"\"><svg width=\"32px\" height=\"20px\" xmlns=\"http:\/\/www.w3.org\/2000\/svg\" viewBox=\"0 0 27 32\"><path fill=\"#0077b5\" d=\"M6.2 11.2v17.7h-5.9v-17.7h5.9zM6.6 5.7q0 1.3-0.9 2.2t-2.4 0.9h0q-1.5 0-2.4-0.9t-0.9-2.2 0.9-2.2 2.4-0.9 2.4 0.9 0.9 2.2zM27.4 18.7v10.1h-5.9v-9.5q0-1.9-0.7-2.9t-2.3-1.1q-1.1 0-1.9 0.6t-1.2 1.5q-0.2 0.5-0.2 1.4v9.9h-5.9q0-7.1 0-11.6t0-5.3l0-0.9h5.9v2.6h0q0.4-0.6 0.7-1t1-0.9 1.6-0.8 2-0.3q3 0 4.9 2t1.9 6z\"\/><\/svg><\/span><\/a><\/li><\/ul><\/div>","protected":false},"excerpt":{"rendered":"<p>Swift, (Jonathan): \u00a0Voyages de Gulliver \u00e0 Lilliput et \u00e0 Brobdingnag. Paris, Hachette, (ca. 1920). 4\u00b0. (4) 167 (1) S. Mit 1 farb., mont. Frontispiz, 18 farb., mont. Tafeln sowie zahlreichen Textillustrationen von R.G. Mossa Orig.-Pappband mit R\u00fccken- u. Deckelvergoldung u. textilen Schliessen (angestaubt u. gbr\u00e4unt). Limited and numbered copy No. 303 of 500 Ex. &#8211; [&hellip;]<\/p>\n","protected":false},"featured_media":9729160,"comment_status":"closed","ping_status":"closed","template":"","meta":[],"product_brand":[],"product_cat":[1055,786],"product_tag":[],"class_list":{"0":"post-50056","1":"product","2":"type-product","3":"status-publish","4":"has-post-thumbnail","6":"product_cat-kinderbuecher-children-books","7":"product_cat-literatur-literature","9":"first","10":"instock","11":"taxable","12":"shipping-taxable","13":"purchasable","14":"product-type-simple"},"aioseo_notices":[],"_links":{"self":[{"href":"https:\/\/www.eosbooks.ch\/en\/wp-json\/wp\/v2\/product\/50056","targetHints":{"allow":["GET"]}}],"collection":[{"href":"https:\/\/www.eosbooks.ch\/en\/wp-json\/wp\/v2\/product"}],"about":[{"href":"https:\/\/www.eosbooks.ch\/en\/wp-json\/wp\/v2\/types\/product"}],"replies":[{"embeddable":true,"href":"https:\/\/www.eosbooks.ch\/en\/wp-json\/wp\/v2\/comments?post=50056"}],"wp:featuredmedia":[{"embeddable":true,"href":"https:\/\/www.eosbooks.ch\/en\/wp-json\/wp\/v2\/media\/9729160"}],"wp:attachment":[{"href":"https:\/\/www.eosbooks.ch\/en\/wp-json\/wp\/v2\/media?parent=50056"}],"wp:term":[{"taxonomy":"product_brand","embeddable":true,"href":"https:\/\/www.eosbooks.ch\/en\/wp-json\/wp\/v2\/product_brand?post=50056"},{"taxonomy":"product_cat","embeddable":true,"href":"https:\/\/www.eosbooks.ch\/en\/wp-json\/wp\/v2\/product_cat?post=50056"},{"taxonomy":"product_tag","embeddable":true,"href":"https:\/\/www.eosbooks.ch\/en\/wp-json\/wp\/v2\/product_tag?post=50056"}],"curies":[{"name":"wp","href":"https:\/\/api.w.org\/{rel}","templated":true}]}}