{"id":3583384,"date":"2026-04-28T12:28:55","date_gmt":"2026-04-28T10:28:55","guid":{"rendered":"https:\/\/www.eosbooks.ch\/produkt\/smellie-wilhelm-sammlung-anatomischer-tafeln-nebst-einer-erklaerung-derselben-und-einem-kurzen-begriff-der-hebammenkunst\/"},"modified":"2026-04-28T12:28:55","modified_gmt":"2026-04-28T10:28:55","slug":"smellie-wilhelm-sammlung-anatomischer-tafeln-nebst-einer-erklaerung-derselben-und-einem-kurzen-begriff-der-hebammenkunst","status":"publish","type":"product","link":"https:\/\/www.eosbooks.ch\/en\/produkt\/smellie-wilhelm-sammlung-anatomischer-tafeln-nebst-einer-erklaerung-derselben-und-einem-kurzen-begriff-der-hebammenkunst\/","title":{"rendered":"Smellie, Wilhelm:  Sammlung anatomischer Tafeln nebst einer Erkl\u00e4rung derselben und einem kurzen Begriff der Hebammenkunst"},"content":{"rendered":"<p><span class=\"autor\"> Smellie, Wilhelm: <\/span>\u00a0<span class=\"titel\" style=\"font-size: 1em\">Sammlung anatomischer Tafeln nebst einer Erkl\u00e4rung derselben und einem kurzen Begriff der Hebammenkunst<\/span><span style=\"font-size: 1em\"> wodurch die von ihm herausgegebene Abhandlung der Hebammenkunst und seine Sammlungen verschiedener Wahrnehmungen erl\u00e4utert werden. Aus dem Englischen \u00fcbersetzt von Georg Leonhard Huth. Und in Kupfer gestochen und verlegt von Johann Leonhardt Seeligmann. \u2013 Tabulae anatomicae &#8230; N\u00fcrnberg, bey Johann Josef Fleischmann, 1758. Gr.-Folio. Titel, 41 S. Mit 39 gestochenen Tafeln. Etwas sp\u00e4terer Halblederband mit goldgepr\u00e4gtem R\u00fcckenschild und wenig R\u00fcckenvergoldung.<\/span><\/p>\n<p class=\"kommentar1\">Hirsch-H. V, 306. \u2013 Blake 420. \u2013 Erste deutsche Ausgabe mit deutsch-lateinischem Paralleltext. \u00abMit Recht gilt Smellie als der Vater der nat\u00fcrlichen Geburtshilfe &#8230; Seinen Anschauungen entsprechend stellt er das Leben der Mutter weit h\u00f6her als das der Frucht &#8230;\u00bb. Und zum vorliegenden Buch: \u00abEin ausgezeichnetes Werk, classische Zeichnungen von meisterhafter Ausf\u00fchrungen, die den strengsten Wissenschaften sowie den k\u00fcnstlerischen Anforderungen entsprechen\u00bb (Hirsch-H.). Smellie, \u00fcber dessen Herkunft nur wenig bekannt ist, gilt als der wichtigste englische Geburtshelfer. Er wurde vor allem durch seine Erkenntnisse in der Geburtsmechanik bekannt. \u2013 Titelblatt alt gestempelt und mit alt hinterlegtem gr\u00f6sserem Eckausriss (minimaler Textverlust). Alle Tafeln durchgehend fingerfleckig, mit vereinzelten kleinen Einrissen an den R\u00e4ndern. Mit kleinem Besitzerstempel \u00abW. Pfeilsticker\u00bb auf den Innendeckeln. Auf starkes B\u00fcttenpapier gedruckt. Einband beschabt und bestossen. \u2013 Resum\u00e9: First German edition, parallel with German and Latin text. &#8220;Smellie contributed more to the fundamentals of obstetrics than virtually any individual&#8221; (Garrison &#038; Morten). The 39 plates carefully new engraved for the German edition. Later half calf with gilt spine label (bumped and rubbed). Titel stamped and with tears. Plates with finger stains and some small tears. Endpaper with owner stamp \u00abW. Pfeilsticker\u00bb.<\/p>\n<p>+ Wichtig: F\u00fcr unsere Kunden in der EU erfolgt der Versand alle 14 Tage verzollt ab Deutschland \/ Postbank-Konto in Deutschland vorhanden +<\/p>\n<p>Frage zu diesem Artikel\/der Abbildung &#8211; <a href=\"mailto:orders@eosbooks.ch?subject=Eine Frage zu dem Artikel\/der Abbildung 40192DB\">Kontakt<\/a>?<br \/>\n<span class=\"schlagwort\">Medizin \u2013 Psychologie \/ Medicine \u2013 Psychology, Gyn\u00e4kologie &#8211; Geburtshilfe \/ Gynaecology &#8211; Obstetric<\/span><\/p>\n<div class=\"shariff shariff-align-left shariff-widget-align-left\"><div class=\"ShariffHeadline\"><hr><\/div><ul class=\"shariff-buttons theme-round orientation-horizontal buttonsize-medium\"><li class=\"shariff-button facebook shariff-nocustomcolor\" style=\"background-color:#4273c8\"><a href=\"https:\/\/www.facebook.com\/sharer\/sharer.php?u=https%3A%2F%2Fwww.eosbooks.ch%2Fen%2Fprodukt%2Fsmellie-wilhelm-sammlung-anatomischer-tafeln-nebst-einer-erklaerung-derselben-und-einem-kurzen-begriff-der-hebammenkunst%2F\" title=\"Bei Facebook teilen\" aria-label=\"Bei Facebook teilen\" role=\"button\" rel=\"nofollow\" class=\"shariff-link\" style=\"; background-color:#3b5998; color:#fff\" target=\"_blank\"><span class=\"shariff-icon\" style=\"\"><svg width=\"32px\" height=\"20px\" xmlns=\"http:\/\/www.w3.org\/2000\/svg\" viewBox=\"0 0 18 32\"><path fill=\"#3b5998\" d=\"M17.1 0.2v4.7h-2.8q-1.5 0-2.1 0.6t-0.5 1.9v3.4h5.2l-0.7 5.3h-4.5v13.6h-5.5v-13.6h-4.5v-5.3h4.5v-3.9q0-3.3 1.9-5.2t5-1.8q2.6 0 4.1 0.2z\"\/><\/svg><\/span><\/a><\/li><li class=\"shariff-button twitter shariff-nocustomcolor\" style=\"background-color:#595959\"><a href=\"https:\/\/twitter.com\/share?url=https%3A%2F%2Fwww.eosbooks.ch%2Fen%2Fprodukt%2Fsmellie-wilhelm-sammlung-anatomischer-tafeln-nebst-einer-erklaerung-derselben-und-einem-kurzen-begriff-der-hebammenkunst%2F&text=Smellie%2C%20Wilhelm%3A%20%20Sammlung%20anatomischer%20Tafeln%20nebst%20einer%20Erkl%C3%A4rung%20derselben%20und%20einem%20kurzen%20Begriff%20der%20Hebammenkunst\" title=\"Bei X teilen\" aria-label=\"Bei X teilen\" role=\"button\" rel=\"noopener nofollow\" class=\"shariff-link\" style=\"; background-color:#000; color:#fff\" target=\"_blank\"><span class=\"shariff-icon\" style=\"\"><svg width=\"32px\" height=\"20px\" xmlns=\"http:\/\/www.w3.org\/2000\/svg\" viewBox=\"0 0 24 24\"><path fill=\"#000\" d=\"M14.258 10.152L23.176 0h-2.113l-7.747 8.813L7.133 0H0l9.352 13.328L0 23.973h2.113l8.176-9.309 6.531 9.309h7.133zm-2.895 3.293l-.949-1.328L2.875 1.56h3.246l6.086 8.523.945 1.328 7.91 11.078h-3.246zm0 0\"\/><\/svg><\/span><\/a><\/li><li class=\"shariff-button linkedin shariff-nocustomcolor\" style=\"background-color:#1488bf\"><a href=\"https:\/\/www.linkedin.com\/sharing\/share-offsite\/?url=https%3A%2F%2Fwww.eosbooks.ch%2Fen%2Fprodukt%2Fsmellie-wilhelm-sammlung-anatomischer-tafeln-nebst-einer-erklaerung-derselben-und-einem-kurzen-begriff-der-hebammenkunst%2F\" title=\"Bei LinkedIn teilen\" aria-label=\"Bei LinkedIn teilen\" role=\"button\" rel=\"noopener nofollow\" class=\"shariff-link\" style=\"; background-color:#0077b5; color:#fff\" target=\"_blank\"><span class=\"shariff-icon\" style=\"\"><svg width=\"32px\" height=\"20px\" xmlns=\"http:\/\/www.w3.org\/2000\/svg\" viewBox=\"0 0 27 32\"><path fill=\"#0077b5\" d=\"M6.2 11.2v17.7h-5.9v-17.7h5.9zM6.6 5.7q0 1.3-0.9 2.2t-2.4 0.9h0q-1.5 0-2.4-0.9t-0.9-2.2 0.9-2.2 2.4-0.9 2.4 0.9 0.9 2.2zM27.4 18.7v10.1h-5.9v-9.5q0-1.9-0.7-2.9t-2.3-1.1q-1.1 0-1.9 0.6t-1.2 1.5q-0.2 0.5-0.2 1.4v9.9h-5.9q0-7.1 0-11.6t0-5.3l0-0.9h5.9v2.6h0q0.4-0.6 0.7-1t1-0.9 1.6-0.8 2-0.3q3 0 4.9 2t1.9 6z\"\/><\/svg><\/span><\/a><\/li><\/ul><\/div>","protected":false},"excerpt":{"rendered":"<p>Smellie, Wilhelm: \u00a0Sammlung anatomischer Tafeln nebst einer Erkl\u00e4rung derselben und einem kurzen Begriff der Hebammenkunst wodurch die von ihm herausgegebene Abhandlung der Hebammenkunst und seine Sammlungen verschiedener Wahrnehmungen erl\u00e4utert werden. Aus dem Englischen \u00fcbersetzt von Georg Leonhard Huth. Und in Kupfer gestochen und verlegt von Johann Leonhardt Seeligmann. \u2013 Tabulae anatomicae &#8230; N\u00fcrnberg, bey Johann [&hellip;]<\/p>\n","protected":false},"featured_media":9737563,"comment_status":"closed","ping_status":"closed","template":"","meta":[],"product_brand":[],"product_cat":[792],"product_tag":[],"class_list":{"0":"post-3583384","1":"product","2":"type-product","3":"status-publish","4":"has-post-thumbnail","6":"product_cat-medizin-psychologie-medicine-psychology","8":"first","9":"instock","10":"taxable","11":"shipping-taxable","12":"purchasable","13":"product-type-simple"},"aioseo_notices":[],"_links":{"self":[{"href":"https:\/\/www.eosbooks.ch\/en\/wp-json\/wp\/v2\/product\/3583384","targetHints":{"allow":["GET"]}}],"collection":[{"href":"https:\/\/www.eosbooks.ch\/en\/wp-json\/wp\/v2\/product"}],"about":[{"href":"https:\/\/www.eosbooks.ch\/en\/wp-json\/wp\/v2\/types\/product"}],"replies":[{"embeddable":true,"href":"https:\/\/www.eosbooks.ch\/en\/wp-json\/wp\/v2\/comments?post=3583384"}],"wp:featuredmedia":[{"embeddable":true,"href":"https:\/\/www.eosbooks.ch\/en\/wp-json\/wp\/v2\/media\/9737563"}],"wp:attachment":[{"href":"https:\/\/www.eosbooks.ch\/en\/wp-json\/wp\/v2\/media?parent=3583384"}],"wp:term":[{"taxonomy":"product_brand","embeddable":true,"href":"https:\/\/www.eosbooks.ch\/en\/wp-json\/wp\/v2\/product_brand?post=3583384"},{"taxonomy":"product_cat","embeddable":true,"href":"https:\/\/www.eosbooks.ch\/en\/wp-json\/wp\/v2\/product_cat?post=3583384"},{"taxonomy":"product_tag","embeddable":true,"href":"https:\/\/www.eosbooks.ch\/en\/wp-json\/wp\/v2\/product_tag?post=3583384"}],"curies":[{"name":"wp","href":"https:\/\/api.w.org\/{rel}","templated":true}]}}