{"id":3258333,"date":"2026-04-14T14:27:23","date_gmt":"2026-04-14T12:27:23","guid":{"rendered":"https:\/\/www.eosbooks.ch\/produkt\/venel-jean-andre-nouveaux-secours-pour-les-corps-arretes-dans-loesophage\/"},"modified":"2026-04-14T14:27:24","modified_gmt":"2026-04-14T12:27:24","slug":"venel-jean-andre-nouveaux-secours-pour-les-corps-arretes-dans-loesophage","status":"publish","type":"product","link":"https:\/\/www.eosbooks.ch\/en\/produkt\/venel-jean-andre-nouveaux-secours-pour-les-corps-arretes-dans-loesophage\/","title":{"rendered":"Venel, Jean-Andr\u00e9:  Nouveaux secours. Pour les Corps arr\u00e9t\u00e9s dans l&#8217;oesophage,"},"content":{"rendered":"<p><span class=\"autor\"> Venel, Jean-Andr\u00e9: <\/span>\u00a0<span class=\"titel\" style=\"font-size: 1em\">Nouveaux secours. Pour les Corps arr\u00e9t\u00e9s dans l&#8217;oesophage,<\/span><span style=\"font-size: 1em\"> ou description de quatre instrumens plus propres qu&#8217;aucun des anciens moyens \u00e0 retirer ces corps par la Bouche. Invent\u00e9s par Mr. Venel, chirurgien \u00e0 Orbe. Lausanne, Fran\u00e7ois Grasset, 1769. 8\u00b0. 42, (6) S. Mit einer gefalteten Tafel. Sp\u00e4terer Halbleinenband.<\/span><\/p>\n<p class=\"kommentar1\">Hirsch-H\u00fcbotter V, 725. \u2013 Erste Ausgabe. Der Schweizer Arzt Jean Andr\u00e9 Venel (1740\u20131791), absolvierte die \u00abChirurg. Lehre bei Fran\u00e7ois-David Cabanis in Genf, Weiterbildungsaufenthalte in Montpellier, Paris und Strassburg. Chirurg in Orbe und Yverdon, 1770-75 im Dienst des Gf. Potocki. 1778 er\u00f6ffnete V. in Yverdon die erste Hebammenschule der Schweiz. Danach wandte er sich dem jungen Gebiet der Orthop\u00e4die zu, gr\u00fcndete 1780 das weltweit erste orthop\u00e4d. Spital in der Abbaye von Orbe und erwarb sich den unbestrittenen Titel eines \u2039Vaters der Orthop\u00e4die\u203a.\u00bb (e-HLS). \u2013 Die gefaltete Tafel lose. \u2013 R\u00e9sum\u00e9:  First edition. The Swiss physician Jean Andr\u00e9 Venel (1740-1791). Studies surgery with Fran\u00e7ois-David Cabanis in Geneva, further training in Montpellier, Paris and Strasbourg. Surgeon in Orbe and Yverdon, 1770-75 in the service of Gf. Potocki. In 1778 Venel opened the first midwifery school in Switzerland in Yverdon. He then turned to the young field of orthopaedics, founded the world&#8217;s first orthopaedic hospital in the Abbaye of Orbe in 1780 and earned the undisputed title of &#8216;father of orthopaedics&#8217;. \u2013 Later half cloth binding. 42, (6) pages. With 1 folded plate. (Sprache: Franz\u00f6sisch \/ Fran\u00e7ais \/ French)<\/p>\n<p><b>Links:<\/b> <a href=\"https:\/\/hls-dhs-dss.ch\/de\/articles\/014719\/2013-02-21\" target=\"_blank\">Historisches Lexikon der Schweiz<\/a> \u2013 <a href=\"https:\/\/www.deutsche-digitale-bibliothek.de\/person\/gnd\/118767941\" target=\"_blank\">Deutsche digitale Bibliothek<\/a><\/p>\n<p>+ Wichtig: F\u00fcr unsere Kunden in der EU erfolgt der Versand alle 14 Tage verzollt ab Deutschland \/ Postbank-Konto in Deutschland vorhanden +<\/p>\n<p>Frage zu diesem Artikel\/der Abbildung &#8211; <a href=\"mailto:orders@eosbooks.ch?subject=Eine Frage zu dem Artikel\/der Abbildung 31219AB\">Kontakt<\/a>?<br \/>\n<span class=\"schlagwort\">Medizin \u2013 Psychologie \/ Medicine \u2013 Psychology, Chirurgie \/ Surgery, Chirurgische Instrumente \/ Surgical instruments, Orthop\u00e4die \/ Orthopadic<\/span><\/p>\n<div class=\"shariff shariff-align-left shariff-widget-align-left\"><div class=\"ShariffHeadline\"><hr><\/div><ul class=\"shariff-buttons theme-round orientation-horizontal buttonsize-medium\"><li class=\"shariff-button facebook shariff-nocustomcolor\" style=\"background-color:#4273c8\"><a href=\"https:\/\/www.facebook.com\/sharer\/sharer.php?u=https%3A%2F%2Fwww.eosbooks.ch%2Fen%2Fprodukt%2Fvenel-jean-andre-nouveaux-secours-pour-les-corps-arretes-dans-loesophage%2F\" title=\"Bei Facebook teilen\" aria-label=\"Bei Facebook teilen\" role=\"button\" rel=\"nofollow\" class=\"shariff-link\" style=\"; background-color:#3b5998; color:#fff\" target=\"_blank\"><span class=\"shariff-icon\" style=\"\"><svg width=\"32px\" height=\"20px\" xmlns=\"http:\/\/www.w3.org\/2000\/svg\" viewBox=\"0 0 18 32\"><path fill=\"#3b5998\" d=\"M17.1 0.2v4.7h-2.8q-1.5 0-2.1 0.6t-0.5 1.9v3.4h5.2l-0.7 5.3h-4.5v13.6h-5.5v-13.6h-4.5v-5.3h4.5v-3.9q0-3.3 1.9-5.2t5-1.8q2.6 0 4.1 0.2z\"\/><\/svg><\/span><\/a><\/li><li class=\"shariff-button twitter shariff-nocustomcolor\" style=\"background-color:#595959\"><a href=\"https:\/\/twitter.com\/share?url=https%3A%2F%2Fwww.eosbooks.ch%2Fen%2Fprodukt%2Fvenel-jean-andre-nouveaux-secours-pour-les-corps-arretes-dans-loesophage%2F&text=Venel%2C%20Jean-Andr%C3%A9%3A%20%20Nouveaux%20secours.%20Pour%20les%20Corps%20arr%C3%A9t%C3%A9s%20dans%20l%E2%80%99oesophage%2C\" title=\"Bei X teilen\" aria-label=\"Bei X teilen\" role=\"button\" rel=\"noopener nofollow\" class=\"shariff-link\" style=\"; background-color:#000; color:#fff\" target=\"_blank\"><span class=\"shariff-icon\" style=\"\"><svg width=\"32px\" height=\"20px\" xmlns=\"http:\/\/www.w3.org\/2000\/svg\" viewBox=\"0 0 24 24\"><path fill=\"#000\" d=\"M14.258 10.152L23.176 0h-2.113l-7.747 8.813L7.133 0H0l9.352 13.328L0 23.973h2.113l8.176-9.309 6.531 9.309h7.133zm-2.895 3.293l-.949-1.328L2.875 1.56h3.246l6.086 8.523.945 1.328 7.91 11.078h-3.246zm0 0\"\/><\/svg><\/span><\/a><\/li><li class=\"shariff-button linkedin shariff-nocustomcolor\" style=\"background-color:#1488bf\"><a href=\"https:\/\/www.linkedin.com\/sharing\/share-offsite\/?url=https%3A%2F%2Fwww.eosbooks.ch%2Fen%2Fprodukt%2Fvenel-jean-andre-nouveaux-secours-pour-les-corps-arretes-dans-loesophage%2F\" title=\"Bei LinkedIn teilen\" aria-label=\"Bei LinkedIn teilen\" role=\"button\" rel=\"noopener nofollow\" class=\"shariff-link\" style=\"; background-color:#0077b5; color:#fff\" target=\"_blank\"><span class=\"shariff-icon\" style=\"\"><svg width=\"32px\" height=\"20px\" xmlns=\"http:\/\/www.w3.org\/2000\/svg\" viewBox=\"0 0 27 32\"><path fill=\"#0077b5\" d=\"M6.2 11.2v17.7h-5.9v-17.7h5.9zM6.6 5.7q0 1.3-0.9 2.2t-2.4 0.9h0q-1.5 0-2.4-0.9t-0.9-2.2 0.9-2.2 2.4-0.9 2.4 0.9 0.9 2.2zM27.4 18.7v10.1h-5.9v-9.5q0-1.9-0.7-2.9t-2.3-1.1q-1.1 0-1.9 0.6t-1.2 1.5q-0.2 0.5-0.2 1.4v9.9h-5.9q0-7.1 0-11.6t0-5.3l0-0.9h5.9v2.6h0q0.4-0.6 0.7-1t1-0.9 1.6-0.8 2-0.3q3 0 4.9 2t1.9 6z\"\/><\/svg><\/span><\/a><\/li><\/ul><\/div>","protected":false},"excerpt":{"rendered":"<p>Venel, Jean-Andr\u00e9: \u00a0Nouveaux secours. Pour les Corps arr\u00e9t\u00e9s dans l&#8217;oesophage, ou description de quatre instrumens plus propres qu&#8217;aucun des anciens moyens \u00e0 retirer ces corps par la Bouche. Invent\u00e9s par Mr. Venel, chirurgien \u00e0 Orbe. Lausanne, Fran\u00e7ois Grasset, 1769. 8\u00b0. 42, (6) S. Mit einer gefalteten Tafel. Sp\u00e4terer Halbleinenband. Hirsch-H\u00fcbotter V, 725. \u2013 Erste Ausgabe. [&hellip;]<\/p>\n","protected":false},"featured_media":9729858,"comment_status":"closed","ping_status":"closed","template":"","meta":[],"product_brand":[],"product_cat":[792],"product_tag":[],"class_list":{"0":"post-3258333","1":"product","2":"type-product","3":"status-publish","4":"has-post-thumbnail","6":"product_cat-medizin-psychologie-medicine-psychology","8":"first","9":"instock","10":"taxable","11":"shipping-taxable","12":"purchasable","13":"product-type-simple"},"aioseo_notices":[],"_links":{"self":[{"href":"https:\/\/www.eosbooks.ch\/en\/wp-json\/wp\/v2\/product\/3258333","targetHints":{"allow":["GET"]}}],"collection":[{"href":"https:\/\/www.eosbooks.ch\/en\/wp-json\/wp\/v2\/product"}],"about":[{"href":"https:\/\/www.eosbooks.ch\/en\/wp-json\/wp\/v2\/types\/product"}],"replies":[{"embeddable":true,"href":"https:\/\/www.eosbooks.ch\/en\/wp-json\/wp\/v2\/comments?post=3258333"}],"wp:featuredmedia":[{"embeddable":true,"href":"https:\/\/www.eosbooks.ch\/en\/wp-json\/wp\/v2\/media\/9729858"}],"wp:attachment":[{"href":"https:\/\/www.eosbooks.ch\/en\/wp-json\/wp\/v2\/media?parent=3258333"}],"wp:term":[{"taxonomy":"product_brand","embeddable":true,"href":"https:\/\/www.eosbooks.ch\/en\/wp-json\/wp\/v2\/product_brand?post=3258333"},{"taxonomy":"product_cat","embeddable":true,"href":"https:\/\/www.eosbooks.ch\/en\/wp-json\/wp\/v2\/product_cat?post=3258333"},{"taxonomy":"product_tag","embeddable":true,"href":"https:\/\/www.eosbooks.ch\/en\/wp-json\/wp\/v2\/product_tag?post=3258333"}],"curies":[{"name":"wp","href":"https:\/\/api.w.org\/{rel}","templated":true}]}}