{"id":3250561,"date":"2026-04-28T18:27:35","date_gmt":"2026-04-28T16:27:35","guid":{"rendered":"https:\/\/www.eosbooks.ch\/produkt\/mauriac-francois-handschr-brief-an-einen-freund\/"},"modified":"2026-04-28T18:27:35","modified_gmt":"2026-04-28T16:27:35","slug":"mauriac-francois-handschr-brief-an-einen-freund","status":"publish","type":"product","link":"https:\/\/www.eosbooks.ch\/en\/produkt\/mauriac-francois-handschr-brief-an-einen-freund\/","title":{"rendered":"Mauriac, Fran\u00e7ois:  Handschr. Brief an einen Freund."},"content":{"rendered":"<p><span class=\"autor\"> Mauriac, Fran\u00e7ois: <\/span>\u00a0<span class=\"titel\" style=\"font-size: 1em\">Handschr. Brief an einen Freund.<\/span><span style=\"font-size: 1em\">  Paris, 20. Nov. 1913. A5, gefaltet. 32 Zeilen.<\/span><\/p>\n<p class=\"kommentar1\">Fran\u00e7ois Mauric (1885\u20131790), fanz. Schriftsteller. \u2013 Auszug: \u00abJ&#8217;habite comme vous Passy. Il y a beaucoup de ciel dans mes fen\u00eatres et quelques arbres. J&#8217;ai une femme qui embellit, organise et ennoblit ma vie\u00bb Il l&#8217;invite: \u00ab vous nour parlerez de l&#8217;Italie o\u00f9 j&#8217;ai laiss\u00e9 moi-m\u00eame und peu de mon coeur. Mais, je tends chaque jour un peu plus \u00e0 ne plus \u00e9tablir ma joie sur des horizons, sur des \u00e9motions du dehors \u2013 \u00abHier \u00e0 Tristan, je sentais que je n&#8217;aimais plus le mal quedonne cette musique mortelle. Il ne faut plus aimer sa fi\u00e8vre, il ne faut plus aimer souffrier de bonheur demande beaucoup de courage &#8211; mais quand on l&#8217;a, on ne regrette rien \u2013 pas m\u00eame les vieilles peins d&#8217;un temps o\u00f9 l&#8217;on \u00e9tait plus jeune et tout seul\u00bb. (Sprache: Franz\u00f6sisch \/ Fran\u00e7ais \/ French)<\/p>\n<p><b>Links:<\/b> <a href=\"https:\/\/de.wikipedia.org\/wiki\/Fran%C3%A7ois_Mauriac\" target=\"_blank\">Wikipedia<\/a><\/p>\n<p>+ Wichtig: F\u00fcr unsere Kunden in der EU erfolgt der Versand alle 14 Tage verzollt ab Deutschland \/ Postbank-Konto in Deutschland vorhanden +<\/p>\n<p>Frage zu diesem Artikel\/der Abbildung &#8211; <a href=\"mailto:orders@eosbooks.ch?subject=Eine Frage zu dem Artikel\/der Abbildung 31218AB\">Kontakt<\/a>?<br \/>\n<span class=\"schlagwort\">Literatur \/ Literature, Autograph &#8211; Handschrift \/ Autograph &#8211; Manuscript, Franz\u00f6sische Literatur \/ French literature<\/span><\/p>\n<div class=\"shariff shariff-align-left shariff-widget-align-left\"><div class=\"ShariffHeadline\"><hr><\/div><ul class=\"shariff-buttons theme-round orientation-horizontal buttonsize-medium\"><li class=\"shariff-button facebook shariff-nocustomcolor\" style=\"background-color:#4273c8\"><a href=\"https:\/\/www.facebook.com\/sharer\/sharer.php?u=https%3A%2F%2Fwww.eosbooks.ch%2Fen%2Fprodukt%2Fmauriac-francois-handschr-brief-an-einen-freund%2F\" title=\"Bei Facebook teilen\" aria-label=\"Bei Facebook teilen\" role=\"button\" rel=\"nofollow\" class=\"shariff-link\" style=\"; background-color:#3b5998; color:#fff\" target=\"_blank\"><span class=\"shariff-icon\" style=\"\"><svg width=\"32px\" height=\"20px\" xmlns=\"http:\/\/www.w3.org\/2000\/svg\" viewBox=\"0 0 18 32\"><path fill=\"#3b5998\" d=\"M17.1 0.2v4.7h-2.8q-1.5 0-2.1 0.6t-0.5 1.9v3.4h5.2l-0.7 5.3h-4.5v13.6h-5.5v-13.6h-4.5v-5.3h4.5v-3.9q0-3.3 1.9-5.2t5-1.8q2.6 0 4.1 0.2z\"\/><\/svg><\/span><\/a><\/li><li class=\"shariff-button twitter shariff-nocustomcolor\" style=\"background-color:#595959\"><a href=\"https:\/\/twitter.com\/share?url=https%3A%2F%2Fwww.eosbooks.ch%2Fen%2Fprodukt%2Fmauriac-francois-handschr-brief-an-einen-freund%2F&text=Mauriac%2C%20Fran%C3%A7ois%3A%20%20Handschr.%20Brief%20an%20einen%20Freund.\" title=\"Bei X teilen\" aria-label=\"Bei X teilen\" role=\"button\" rel=\"noopener nofollow\" class=\"shariff-link\" style=\"; background-color:#000; color:#fff\" target=\"_blank\"><span class=\"shariff-icon\" style=\"\"><svg width=\"32px\" height=\"20px\" xmlns=\"http:\/\/www.w3.org\/2000\/svg\" viewBox=\"0 0 24 24\"><path fill=\"#000\" d=\"M14.258 10.152L23.176 0h-2.113l-7.747 8.813L7.133 0H0l9.352 13.328L0 23.973h2.113l8.176-9.309 6.531 9.309h7.133zm-2.895 3.293l-.949-1.328L2.875 1.56h3.246l6.086 8.523.945 1.328 7.91 11.078h-3.246zm0 0\"\/><\/svg><\/span><\/a><\/li><li class=\"shariff-button linkedin shariff-nocustomcolor\" style=\"background-color:#1488bf\"><a href=\"https:\/\/www.linkedin.com\/sharing\/share-offsite\/?url=https%3A%2F%2Fwww.eosbooks.ch%2Fen%2Fprodukt%2Fmauriac-francois-handschr-brief-an-einen-freund%2F\" title=\"Bei LinkedIn teilen\" aria-label=\"Bei LinkedIn teilen\" role=\"button\" rel=\"noopener nofollow\" class=\"shariff-link\" style=\"; background-color:#0077b5; color:#fff\" target=\"_blank\"><span class=\"shariff-icon\" style=\"\"><svg width=\"32px\" height=\"20px\" xmlns=\"http:\/\/www.w3.org\/2000\/svg\" viewBox=\"0 0 27 32\"><path fill=\"#0077b5\" d=\"M6.2 11.2v17.7h-5.9v-17.7h5.9zM6.6 5.7q0 1.3-0.9 2.2t-2.4 0.9h0q-1.5 0-2.4-0.9t-0.9-2.2 0.9-2.2 2.4-0.9 2.4 0.9 0.9 2.2zM27.4 18.7v10.1h-5.9v-9.5q0-1.9-0.7-2.9t-2.3-1.1q-1.1 0-1.9 0.6t-1.2 1.5q-0.2 0.5-0.2 1.4v9.9h-5.9q0-7.1 0-11.6t0-5.3l0-0.9h5.9v2.6h0q0.4-0.6 0.7-1t1-0.9 1.6-0.8 2-0.3q3 0 4.9 2t1.9 6z\"\/><\/svg><\/span><\/a><\/li><\/ul><\/div>","protected":false},"excerpt":{"rendered":"<p>Mauriac, Fran\u00e7ois: \u00a0Handschr. Brief an einen Freund. Paris, 20. Nov. 1913. A5, gefaltet. 32 Zeilen. Fran\u00e7ois Mauric (1885\u20131790), fanz. Schriftsteller. \u2013 Auszug: \u00abJ&#8217;habite comme vous Passy. Il y a beaucoup de ciel dans mes fen\u00eatres et quelques arbres. J&#8217;ai une femme qui embellit, organise et ennoblit ma vie\u00bb Il l&#8217;invite: \u00ab vous nour parlerez de [&hellip;]<\/p>\n","protected":false},"featured_media":9737888,"comment_status":"closed","ping_status":"closed","template":"","meta":[],"product_brand":[],"product_cat":[786],"product_tag":[],"class_list":{"0":"post-3250561","1":"product","2":"type-product","3":"status-publish","4":"has-post-thumbnail","6":"product_cat-literatur-literature","8":"first","9":"instock","10":"taxable","11":"shipping-taxable","12":"purchasable","13":"product-type-simple"},"aioseo_notices":[],"_links":{"self":[{"href":"https:\/\/www.eosbooks.ch\/en\/wp-json\/wp\/v2\/product\/3250561","targetHints":{"allow":["GET"]}}],"collection":[{"href":"https:\/\/www.eosbooks.ch\/en\/wp-json\/wp\/v2\/product"}],"about":[{"href":"https:\/\/www.eosbooks.ch\/en\/wp-json\/wp\/v2\/types\/product"}],"replies":[{"embeddable":true,"href":"https:\/\/www.eosbooks.ch\/en\/wp-json\/wp\/v2\/comments?post=3250561"}],"wp:featuredmedia":[{"embeddable":true,"href":"https:\/\/www.eosbooks.ch\/en\/wp-json\/wp\/v2\/media\/9737888"}],"wp:attachment":[{"href":"https:\/\/www.eosbooks.ch\/en\/wp-json\/wp\/v2\/media?parent=3250561"}],"wp:term":[{"taxonomy":"product_brand","embeddable":true,"href":"https:\/\/www.eosbooks.ch\/en\/wp-json\/wp\/v2\/product_brand?post=3250561"},{"taxonomy":"product_cat","embeddable":true,"href":"https:\/\/www.eosbooks.ch\/en\/wp-json\/wp\/v2\/product_cat?post=3250561"},{"taxonomy":"product_tag","embeddable":true,"href":"https:\/\/www.eosbooks.ch\/en\/wp-json\/wp\/v2\/product_tag?post=3250561"}],"curies":[{"name":"wp","href":"https:\/\/api.w.org\/{rel}","templated":true}]}}