{"id":2639710,"date":"2026-04-29T18:28:56","date_gmt":"2026-04-29T16:28:56","guid":{"rendered":"https:\/\/www.eosbooks.ch\/produkt\/curtius-rufus-quintus-de-rebus-gestis-alexandri-magni-macedonum-regis-macedonum-opus-ita-demum-emendatum-atque\/"},"modified":"2026-04-29T18:28:56","modified_gmt":"2026-04-29T16:28:56","slug":"curtius-rufus-quintus-de-rebus-gestis-alexandri-magni-macedonum-regis-macedonum-opus-ita-demum-emendatum-atque","status":"publish","type":"product","link":"https:\/\/www.eosbooks.ch\/en\/produkt\/curtius-rufus-quintus-de-rebus-gestis-alexandri-magni-macedonum-regis-macedonum-opus-ita-demum-emendatum-atque\/","title":{"rendered":"Curtius Rufus, Quintus:  De rebus gestis Alexandri Magni Macedonum Regis Macedonum opus, ita demum emendatum atque&#8230;"},"content":{"rendered":"<p><span class=\"autor\"> Curtius Rufus, Quintus: <\/span>\u00a0<span class=\"titel\" style=\"font-size: 1em\">De rebus gestis Alexandri Magni Macedonum Regis Macedonum opus, ita demum emendatum atque&#8230;<\/span><span style=\"font-size: 1em\"> Accesserunt enim antehac nunquam uisa, duorum in principio liborum&#8230; Basel, Froben, 1545. 4\u00b0. (3) Bl.,  171 S., (6) Bl. (Register und Druckermarke). Mit ganzs. Frontispiz und Wappenholzschnitt. Pergamentband der Zeit mit handschrftlichem R\u00fcckentitel.<\/span><\/p>\n<p class=\"kommentar1\">Adams C 3123. \u2013 VD16, C 6466. \u2013 H\u00e4ufig aufgelegter Text der vollst\u00e4ndigen Geschichte Alexander des Grossen, verfasst vom r\u00f6mischen Historiker Quintus Curtius Rufus. \u2013 Montierte Bibliotheksetikette auf dem festen Vorsatz. Trotz Gebrauchspuren gutes Exemplar. Vorder Vorsatz und das erste Blatt mit Eckausriss (ca. 8 cm). Pergamentbezug fleckig. (Sprache: Lateinisch \/ Latin)<\/p>\n<p>+ Wichtig: F\u00fcr unsere Kunden in der EU erfolgt der Versand alle 14 Tage verzollt ab Deutschland \/ Postbank-Konto in Deutschland vorhanden +<\/p>\n<p>Frage zu diesem Artikel\/der Abbildung &#8211; <a href=\"mailto:orders@eosbooks.ch?subject=Eine Frage zu dem Artikel\/der Abbildung 31061AB\">Kontakt<\/a>?<br \/>\n<span class=\"schlagwort\">Geschichte \/ History, Alte Drucke (vor 1600) \/ Early books and prints, Deutschland \/ Germany<\/span><\/p>\n<div class=\"shariff shariff-align-left shariff-widget-align-left\"><div class=\"ShariffHeadline\"><hr><\/div><ul class=\"shariff-buttons theme-round orientation-horizontal buttonsize-medium\"><li class=\"shariff-button facebook shariff-nocustomcolor\" style=\"background-color:#4273c8\"><a href=\"https:\/\/www.facebook.com\/sharer\/sharer.php?u=https%3A%2F%2Fwww.eosbooks.ch%2Fen%2Fprodukt%2Fcurtius-rufus-quintus-de-rebus-gestis-alexandri-magni-macedonum-regis-macedonum-opus-ita-demum-emendatum-atque%2F\" title=\"Bei Facebook teilen\" aria-label=\"Bei Facebook teilen\" role=\"button\" rel=\"nofollow\" class=\"shariff-link\" style=\"; background-color:#3b5998; color:#fff\" target=\"_blank\"><span class=\"shariff-icon\" style=\"\"><svg width=\"32px\" height=\"20px\" xmlns=\"http:\/\/www.w3.org\/2000\/svg\" viewBox=\"0 0 18 32\"><path fill=\"#3b5998\" d=\"M17.1 0.2v4.7h-2.8q-1.5 0-2.1 0.6t-0.5 1.9v3.4h5.2l-0.7 5.3h-4.5v13.6h-5.5v-13.6h-4.5v-5.3h4.5v-3.9q0-3.3 1.9-5.2t5-1.8q2.6 0 4.1 0.2z\"\/><\/svg><\/span><\/a><\/li><li class=\"shariff-button twitter shariff-nocustomcolor\" style=\"background-color:#595959\"><a href=\"https:\/\/twitter.com\/share?url=https%3A%2F%2Fwww.eosbooks.ch%2Fen%2Fprodukt%2Fcurtius-rufus-quintus-de-rebus-gestis-alexandri-magni-macedonum-regis-macedonum-opus-ita-demum-emendatum-atque%2F&text=Curtius%20Rufus%2C%20Quintus%3A%20%20De%20rebus%20gestis%20Alexandri%20Magni%20Macedonum%20Regis%20Macedonum%20opus%2C%20ita%20demum%20emendatum%20atque%E2%80%A6\" title=\"Bei X teilen\" aria-label=\"Bei X teilen\" role=\"button\" rel=\"noopener nofollow\" class=\"shariff-link\" style=\"; background-color:#000; color:#fff\" target=\"_blank\"><span class=\"shariff-icon\" style=\"\"><svg width=\"32px\" height=\"20px\" xmlns=\"http:\/\/www.w3.org\/2000\/svg\" viewBox=\"0 0 24 24\"><path fill=\"#000\" d=\"M14.258 10.152L23.176 0h-2.113l-7.747 8.813L7.133 0H0l9.352 13.328L0 23.973h2.113l8.176-9.309 6.531 9.309h7.133zm-2.895 3.293l-.949-1.328L2.875 1.56h3.246l6.086 8.523.945 1.328 7.91 11.078h-3.246zm0 0\"\/><\/svg><\/span><\/a><\/li><li class=\"shariff-button linkedin shariff-nocustomcolor\" style=\"background-color:#1488bf\"><a href=\"https:\/\/www.linkedin.com\/sharing\/share-offsite\/?url=https%3A%2F%2Fwww.eosbooks.ch%2Fen%2Fprodukt%2Fcurtius-rufus-quintus-de-rebus-gestis-alexandri-magni-macedonum-regis-macedonum-opus-ita-demum-emendatum-atque%2F\" title=\"Bei LinkedIn teilen\" aria-label=\"Bei LinkedIn teilen\" role=\"button\" rel=\"noopener nofollow\" class=\"shariff-link\" style=\"; background-color:#0077b5; color:#fff\" target=\"_blank\"><span class=\"shariff-icon\" style=\"\"><svg width=\"32px\" height=\"20px\" xmlns=\"http:\/\/www.w3.org\/2000\/svg\" viewBox=\"0 0 27 32\"><path fill=\"#0077b5\" d=\"M6.2 11.2v17.7h-5.9v-17.7h5.9zM6.6 5.7q0 1.3-0.9 2.2t-2.4 0.9h0q-1.5 0-2.4-0.9t-0.9-2.2 0.9-2.2 2.4-0.9 2.4 0.9 0.9 2.2zM27.4 18.7v10.1h-5.9v-9.5q0-1.9-0.7-2.9t-2.3-1.1q-1.1 0-1.9 0.6t-1.2 1.5q-0.2 0.5-0.2 1.4v9.9h-5.9q0-7.1 0-11.6t0-5.3l0-0.9h5.9v2.6h0q0.4-0.6 0.7-1t1-0.9 1.6-0.8 2-0.3q3 0 4.9 2t1.9 6z\"\/><\/svg><\/span><\/a><\/li><\/ul><\/div>","protected":false},"excerpt":{"rendered":"<p>Curtius Rufus, Quintus: \u00a0De rebus gestis Alexandri Magni Macedonum Regis Macedonum opus, ita demum emendatum atque&#8230; Accesserunt enim antehac nunquam uisa, duorum in principio liborum&#8230; Basel, Froben, 1545. 4\u00b0. (3) Bl., 171 S., (6) Bl. (Register und Druckermarke). Mit ganzs. Frontispiz und Wappenholzschnitt. Pergamentband der Zeit mit handschrftlichem R\u00fcckentitel. Adams C 3123. \u2013 VD16, C [&hellip;]<\/p>\n","protected":false},"featured_media":9739939,"comment_status":"closed","ping_status":"closed","template":"","meta":[],"product_brand":[],"product_cat":[793],"product_tag":[],"class_list":{"0":"post-2639710","1":"product","2":"type-product","3":"status-publish","4":"has-post-thumbnail","6":"product_cat-geschichte-history","8":"first","9":"instock","10":"taxable","11":"shipping-taxable","12":"purchasable","13":"product-type-simple"},"aioseo_notices":[],"_links":{"self":[{"href":"https:\/\/www.eosbooks.ch\/en\/wp-json\/wp\/v2\/product\/2639710","targetHints":{"allow":["GET"]}}],"collection":[{"href":"https:\/\/www.eosbooks.ch\/en\/wp-json\/wp\/v2\/product"}],"about":[{"href":"https:\/\/www.eosbooks.ch\/en\/wp-json\/wp\/v2\/types\/product"}],"replies":[{"embeddable":true,"href":"https:\/\/www.eosbooks.ch\/en\/wp-json\/wp\/v2\/comments?post=2639710"}],"wp:featuredmedia":[{"embeddable":true,"href":"https:\/\/www.eosbooks.ch\/en\/wp-json\/wp\/v2\/media\/9739939"}],"wp:attachment":[{"href":"https:\/\/www.eosbooks.ch\/en\/wp-json\/wp\/v2\/media?parent=2639710"}],"wp:term":[{"taxonomy":"product_brand","embeddable":true,"href":"https:\/\/www.eosbooks.ch\/en\/wp-json\/wp\/v2\/product_brand?post=2639710"},{"taxonomy":"product_cat","embeddable":true,"href":"https:\/\/www.eosbooks.ch\/en\/wp-json\/wp\/v2\/product_cat?post=2639710"},{"taxonomy":"product_tag","embeddable":true,"href":"https:\/\/www.eosbooks.ch\/en\/wp-json\/wp\/v2\/product_tag?post=2639710"}],"curies":[{"name":"wp","href":"https:\/\/api.w.org\/{rel}","templated":true}]}}