{"id":1742450,"date":"2026-04-15T18:27:22","date_gmt":"2026-04-15T16:27:22","guid":{"rendered":"https:\/\/www.eosbooks.ch\/produkt\/nonnotte-claude-francois-philosophisches-lexikon-der-religion-worinnen-alle-von-den-unglaeubigen-angefochtene-religionspunkte-festgesetzet-und-alle-einwuerfe-derselben-beantwortet-werden\/"},"modified":"2026-04-15T18:27:22","modified_gmt":"2026-04-15T16:27:22","slug":"nonnotte-claude-francois-philosophisches-lexikon-der-religion-worinnen-alle-von-den-unglaeubigen-angefochtene-religionspunkte-festgesetzet-und-alle-einwuerfe-derselben-beantwortet-werden","status":"publish","type":"product","link":"https:\/\/www.eosbooks.ch\/en\/produkt\/nonnotte-claude-francois-philosophisches-lexikon-der-religion-worinnen-alle-von-den-unglaeubigen-angefochtene-religionspunkte-festgesetzet-und-alle-einwuerfe-derselben-beantwortet-werden\/","title":{"rendered":"Nonnotte, (Claude Fran\u00e7ois):  Philosophisches Lexikon der Religion, worinnen alle von den Ungl\u00e4ubigen angefochtene Religionspunkte festgesetzet, und alle Einw\u00fcrfe derselben beantwortet werden."},"content":{"rendered":"<p><span class=\"autor\"> Nonnotte, (Claude Fran\u00e7ois): <\/span>\u00a0<span class=\"titel\" style=\"font-size: 1em\">Philosophisches Lexikon der Religion, worinnen alle von den Ungl\u00e4ubigen angefochtene Religionspunkte festgesetzet, und alle Einw\u00fcrfe derselben beantwortet werden.<\/span><span style=\"font-size: 1em\"> Aus dem Franz\u00f6sischen des Herrn Abtes Nonnotte (von Johann Christoph von Zabuesnig). Augsburg,  Gebr. Veith, 1783. 2 Bde. 8\u00b0. LXXXVII (1) S., 686 S., (1) Bl.; (2) Bl., 784 S. Mit gest. Titelvignette (wiederholt) von Joh. Jos. St\u00f6rchlin nach J. E. Nilson (cf. Th\/B 32\/94). Marmor. Lederband der Zeit, R\u00fccken reich vergoldet mit rotem und gr\u00fcnem R&#8217;schildchen, goldgepr. Supralibros  auf Vorder- und R\u00fcckendeckeln.<\/span><\/p>\n<p class=\"kommentar1\">De Backer\/Sommervogel Bd. V, S. 1805. Nr. 5. &#8211; Alphabetisch angeordnetes Nachschlagewerk mit Beitr\u00e4gen von &#8220;Aberglauben&#8221; bis &#8220;Wunderthaten&#8221;, verfasst von dem Jesuiten Claude Fran\u00e7ois Nonnotte (1711-1793). Die franz\u00f6sische Erstausgabe des &#8220;Dictionnaire philosophique de la Religion&#8221; datiert von 1772, die erste deutsche Ausgabe erschien 1775. Sie enth\u00e4lt einen lobenden Brief von Papst Clemens XIV. an den Verfasser in Latein und \u00dcbersetzung, datiert 1772. Nonnotte war ein erkl\u00e4rter Gegner Voltaires, das vorliegende Werk ist eine Reaktion auf dessen &#8220;Dictionnaire philosophique portatif&#8221;; sein wohl bekanntester Titel ist &#8220;Les erreurs de Voltaire&#8221;. &#8211; Mit 2 Exlibris (Medaillon mit den zwei Raben des Meinrad, umgeben vom Motto &#8220;Incitamentum, Diligentia et Praemium&#8221;, datiert 1792, gestochen von Jakob Josef Weidmann (1768-1829) aus Einsiedeln (cf. Th\/B 35, 273), wiederholt als Deckelvignetten (ohne Text). &#8211; Sch\u00f6nes, sauberes Exemplar. &#8211; Drei kleine L\u00e4suren auf den Deckeln von Bd. 2.<\/p>\n<p>+ Wichtig: F\u00fcr unsere Kunden in der EU erfolgt der Versand alle 14 Tage verzollt ab Deutschland \/ Postbank-Konto in Deutschland vorhanden +<\/p>\n<p>Frage zu diesem Artikel\/der Abbildung &#8211; <a href=\"mailto:orders@eosbooks.ch?subject=Eine Frage zu dem Artikel\/der Abbildung 7622BB\">Kontakt<\/a>?<br \/>\n<span class=\"schlagwort\">Theologie \u2013 Religionen \/ Theology \u2013 Religions, Philosophie \/ Philosophy, Religionsphilosophie \/ Philosophy of religion, Theologie + andere Religionen \/ Theology and other religions<\/span><\/p>\n<div class=\"shariff shariff-align-left shariff-widget-align-left\"><div class=\"ShariffHeadline\"><hr><\/div><ul class=\"shariff-buttons theme-round orientation-horizontal buttonsize-medium\"><li class=\"shariff-button facebook shariff-nocustomcolor\" style=\"background-color:#4273c8\"><a href=\"https:\/\/www.facebook.com\/sharer\/sharer.php?u=https%3A%2F%2Fwww.eosbooks.ch%2Fen%2Fprodukt%2Fnonnotte-claude-francois-philosophisches-lexikon-der-religion-worinnen-alle-von-den-unglaeubigen-angefochtene-religionspunkte-festgesetzet-und-alle-einwuerfe-derselben-beantwortet-werden%2F\" title=\"Bei Facebook teilen\" aria-label=\"Bei Facebook teilen\" role=\"button\" rel=\"nofollow\" class=\"shariff-link\" style=\"; background-color:#3b5998; color:#fff\" target=\"_blank\"><span class=\"shariff-icon\" style=\"\"><svg width=\"32px\" height=\"20px\" xmlns=\"http:\/\/www.w3.org\/2000\/svg\" viewBox=\"0 0 18 32\"><path fill=\"#3b5998\" d=\"M17.1 0.2v4.7h-2.8q-1.5 0-2.1 0.6t-0.5 1.9v3.4h5.2l-0.7 5.3h-4.5v13.6h-5.5v-13.6h-4.5v-5.3h4.5v-3.9q0-3.3 1.9-5.2t5-1.8q2.6 0 4.1 0.2z\"\/><\/svg><\/span><\/a><\/li><li class=\"shariff-button twitter shariff-nocustomcolor\" style=\"background-color:#595959\"><a href=\"https:\/\/twitter.com\/share?url=https%3A%2F%2Fwww.eosbooks.ch%2Fen%2Fprodukt%2Fnonnotte-claude-francois-philosophisches-lexikon-der-religion-worinnen-alle-von-den-unglaeubigen-angefochtene-religionspunkte-festgesetzet-und-alle-einwuerfe-derselben-beantwortet-werden%2F&text=Nonnotte%2C%20%28Claude%20Fran%C3%A7ois%29%3A%20%20Philosophisches%20Lexikon%20der%20Religion%2C%20worinnen%20alle%20von%20den%20Ungl%C3%A4ubigen%20angefochtene%20Religionspunkte%20festgesetzet%2C%20und%20alle%20Einw%C3%BCrfe%20derselben%20beantwortet%20werden.\" title=\"Bei X teilen\" aria-label=\"Bei X teilen\" role=\"button\" rel=\"noopener nofollow\" class=\"shariff-link\" style=\"; background-color:#000; color:#fff\" target=\"_blank\"><span class=\"shariff-icon\" style=\"\"><svg width=\"32px\" height=\"20px\" xmlns=\"http:\/\/www.w3.org\/2000\/svg\" viewBox=\"0 0 24 24\"><path fill=\"#000\" d=\"M14.258 10.152L23.176 0h-2.113l-7.747 8.813L7.133 0H0l9.352 13.328L0 23.973h2.113l8.176-9.309 6.531 9.309h7.133zm-2.895 3.293l-.949-1.328L2.875 1.56h3.246l6.086 8.523.945 1.328 7.91 11.078h-3.246zm0 0\"\/><\/svg><\/span><\/a><\/li><li class=\"shariff-button linkedin shariff-nocustomcolor\" style=\"background-color:#1488bf\"><a href=\"https:\/\/www.linkedin.com\/sharing\/share-offsite\/?url=https%3A%2F%2Fwww.eosbooks.ch%2Fen%2Fprodukt%2Fnonnotte-claude-francois-philosophisches-lexikon-der-religion-worinnen-alle-von-den-unglaeubigen-angefochtene-religionspunkte-festgesetzet-und-alle-einwuerfe-derselben-beantwortet-werden%2F\" title=\"Bei LinkedIn teilen\" aria-label=\"Bei LinkedIn teilen\" role=\"button\" rel=\"noopener nofollow\" class=\"shariff-link\" style=\"; background-color:#0077b5; color:#fff\" target=\"_blank\"><span class=\"shariff-icon\" style=\"\"><svg width=\"32px\" height=\"20px\" xmlns=\"http:\/\/www.w3.org\/2000\/svg\" viewBox=\"0 0 27 32\"><path fill=\"#0077b5\" d=\"M6.2 11.2v17.7h-5.9v-17.7h5.9zM6.6 5.7q0 1.3-0.9 2.2t-2.4 0.9h0q-1.5 0-2.4-0.9t-0.9-2.2 0.9-2.2 2.4-0.9 2.4 0.9 0.9 2.2zM27.4 18.7v10.1h-5.9v-9.5q0-1.9-0.7-2.9t-2.3-1.1q-1.1 0-1.9 0.6t-1.2 1.5q-0.2 0.5-0.2 1.4v9.9h-5.9q0-7.1 0-11.6t0-5.3l0-0.9h5.9v2.6h0q0.4-0.6 0.7-1t1-0.9 1.6-0.8 2-0.3q3 0 4.9 2t1.9 6z\"\/><\/svg><\/span><\/a><\/li><\/ul><\/div>","protected":false},"excerpt":{"rendered":"<p>Nonnotte, (Claude Fran\u00e7ois): \u00a0Philosophisches Lexikon der Religion, worinnen alle von den Ungl\u00e4ubigen angefochtene Religionspunkte festgesetzet, und alle Einw\u00fcrfe derselben beantwortet werden. Aus dem Franz\u00f6sischen des Herrn Abtes Nonnotte (von Johann Christoph von Zabuesnig). Augsburg, Gebr. Veith, 1783. 2 Bde. 8\u00b0. LXXXVII (1) S., 686 S., (1) Bl.; (2) Bl., 784 S. Mit gest. Titelvignette (wiederholt) [&hellip;]<\/p>\n","protected":false},"featured_media":9732422,"comment_status":"closed","ping_status":"closed","template":"","meta":[],"product_brand":[],"product_cat":[791],"product_tag":[],"class_list":{"0":"post-1742450","1":"product","2":"type-product","3":"status-publish","4":"has-post-thumbnail","6":"product_cat-theologie-religionen-theology-religions","8":"first","9":"instock","10":"taxable","11":"shipping-taxable","12":"purchasable","13":"product-type-simple"},"aioseo_notices":[],"_links":{"self":[{"href":"https:\/\/www.eosbooks.ch\/en\/wp-json\/wp\/v2\/product\/1742450","targetHints":{"allow":["GET"]}}],"collection":[{"href":"https:\/\/www.eosbooks.ch\/en\/wp-json\/wp\/v2\/product"}],"about":[{"href":"https:\/\/www.eosbooks.ch\/en\/wp-json\/wp\/v2\/types\/product"}],"replies":[{"embeddable":true,"href":"https:\/\/www.eosbooks.ch\/en\/wp-json\/wp\/v2\/comments?post=1742450"}],"wp:featuredmedia":[{"embeddable":true,"href":"https:\/\/www.eosbooks.ch\/en\/wp-json\/wp\/v2\/media\/9732422"}],"wp:attachment":[{"href":"https:\/\/www.eosbooks.ch\/en\/wp-json\/wp\/v2\/media?parent=1742450"}],"wp:term":[{"taxonomy":"product_brand","embeddable":true,"href":"https:\/\/www.eosbooks.ch\/en\/wp-json\/wp\/v2\/product_brand?post=1742450"},{"taxonomy":"product_cat","embeddable":true,"href":"https:\/\/www.eosbooks.ch\/en\/wp-json\/wp\/v2\/product_cat?post=1742450"},{"taxonomy":"product_tag","embeddable":true,"href":"https:\/\/www.eosbooks.ch\/en\/wp-json\/wp\/v2\/product_tag?post=1742450"}],"curies":[{"name":"wp","href":"https:\/\/api.w.org\/{rel}","templated":true}]}}